{"id":878,"date":"2026-02-04T02:57:29","date_gmt":"2026-02-04T02:57:29","guid":{"rendered":"https:\/\/www.fenxifiber.com\/?post_type=product&#038;p=878"},"modified":"2026-02-05T02:34:33","modified_gmt":"2026-02-05T02:34:33","slug":"lc-upc-2-0mm-duplex-singlemode","status":"publish","type":"product","link":"https:\/\/www.fenxifiber.com\/de\/product\/lc-upc-2-0mm-duplex-singlemode\/","title":{"rendered":"LC UPC 2.0mm Duplex Singlemode Glasfaserstecker"},"content":{"rendered":"<h3 data-start=\"765\" data-end=\"832\">Duplex-Struktur - Senden und Empfangen bleiben immer gepaart<\/h3>\n<p data-start=\"834\" data-end=\"1008\">Single-Mode-Systeme sind abh\u00e4ngig von <strong data-start=\"864\" data-end=\"895\">pr\u00e4zise bidirektionale Pfade<\/strong>.<br data-start=\"896\" data-end=\"899\" \/>Mit dem Duplex-LC-Geh\u00e4use bleiben beide Fasern miteinander verriegelt, was Verwechslungen beim Anschlie\u00dfen verhindert:<\/p>\n<ul data-start=\"1010\" data-end=\"1106\">\n<li data-start=\"1010\" data-end=\"1029\">\n<p data-start=\"1012\" data-end=\"1029\">Schalter \u2194 Schalter<\/p>\n<\/li>\n<li data-start=\"1030\" data-end=\"1049\">\n<p data-start=\"1032\" data-end=\"1049\">Kreuzschiene \u2194 Kreuzschiene<\/p>\n<\/li>\n<li data-start=\"1050\" data-end=\"1078\">\n<p data-start=\"1052\" data-end=\"1078\">OLT \u2194 Verteilerrahmen<\/p>\n<\/li>\n<li data-start=\"1079\" data-end=\"1106\">\n<p data-start=\"1081\" data-end=\"1106\">Server \u2194 Speichersystem<\/p>\n<\/li>\n<\/ul>\n<p data-start=\"1108\" data-end=\"1172\">Selbst w\u00e4hrend der Wartung bleibt die Verbindung organisiert und nachvollziehbar.<\/p>\n<hr data-start=\"1174\" data-end=\"1177\" \/>\n<h3 data-start=\"1179\" data-end=\"1231\">Warum 2,0 mm der Standard f\u00fcr aktive Ger\u00e4te ist<\/h3>\n<p data-start=\"1233\" data-end=\"1319\">Der 2,0 mm Mantel ist die <strong data-start=\"1257\" data-end=\"1283\">Gleichgewichtspunkt der Industrie<\/strong> zwischen Flexibilit\u00e4t und Schutz.<\/p>\n<div class=\"TyagGW_tableContainer\">\n<div class=\"group TyagGW_tableWrapper flex flex-col-reverse w-fit\" tabindex=\"-1\">\n<table class=\"w-fit min-w-(--thread-content-width)\" data-start=\"1321\" data-end=\"1555\">\n<thead data-start=\"1321\" data-end=\"1364\">\n<tr data-start=\"1321\" data-end=\"1364\">\n<th class=\"\" data-start=\"1321\" data-end=\"1335\" data-col-size=\"sm\">Gr\u00f6\u00dfe der Jacke<\/th>\n<th class=\"\" data-start=\"1335\" data-end=\"1364\" data-col-size=\"md\">Verhalten in realen Netzen<\/th>\n<\/tr>\n<\/thead>\n<tbody data-start=\"1407\" data-end=\"1555\">\n<tr data-start=\"1407\" data-end=\"1448\">\n<td data-start=\"1407\" data-end=\"1415\" data-col-size=\"sm\">0,9 mm<\/td>\n<td data-start=\"1415\" data-end=\"1448\" data-col-size=\"md\">Zu anf\u00e4llig f\u00fcr Live-Patching<\/td>\n<\/tr>\n<tr data-start=\"1449\" data-end=\"1512\">\n<td data-start=\"1449\" data-end=\"1461\" data-col-size=\"sm\"><strong data-start=\"1451\" data-end=\"1460\">2,0 mm<\/strong><\/td>\n<td data-col-size=\"md\" data-start=\"1461\" data-end=\"1512\"><strong data-start=\"1463\" data-end=\"1510\">Perfekt f\u00fcr Schalter, Schalttafeln und Transceiver<\/strong><\/td>\n<\/tr>\n<tr data-start=\"1513\" data-end=\"1555\">\n<td data-start=\"1513\" data-end=\"1521\" data-col-size=\"sm\">3,0 mm<\/td>\n<td data-col-size=\"md\" data-start=\"1521\" data-end=\"1555\">\u00dcberdimensioniert f\u00fcr Rack-Anschl\u00fcsse<\/td>\n<\/tr>\n<\/tbody>\n<\/table>\n<\/div>\n<\/div>\n<p data-start=\"1557\" data-end=\"1664\">Es l\u00e4sst sich leicht hinter LC-Adaptern biegen und sch\u00fctzt die Faser dennoch vor Mikrokr\u00fcmmungen und Handhabungsstress.<\/p>\n<hr data-start=\"1666\" data-end=\"1669\" \/>\n<h3 data-start=\"1671\" data-end=\"1696\">Optische Leistung<\/h3>\n<div class=\"TyagGW_tableContainer\">\n<div class=\"group TyagGW_tableWrapper flex flex-col-reverse w-fit\" tabindex=\"-1\">\n<table class=\"w-fit min-w-(--thread-content-width)\" data-start=\"1698\" data-end=\"1945\">\n<thead data-start=\"1698\" data-end=\"1727\">\n<tr data-start=\"1698\" data-end=\"1727\">\n<th class=\"\" data-start=\"1698\" data-end=\"1710\" data-col-size=\"sm\">Parameter<\/th>\n<th class=\"\" data-start=\"1710\" data-end=\"1727\" data-col-size=\"sm\">Typischer Wert<\/th>\n<\/tr>\n<\/thead>\n<tbody data-start=\"1757\" data-end=\"1945\">\n<tr data-start=\"1757\" data-end=\"1794\">\n<td data-start=\"1757\" data-end=\"1770\" data-col-size=\"sm\">Faser-Typ<\/td>\n<td data-start=\"1770\" data-end=\"1794\" data-col-size=\"sm\">Einzelmode 9\/125 \u00b5m<\/td>\n<\/tr>\n<tr data-start=\"1795\" data-end=\"1813\">\n<td data-start=\"1795\" data-end=\"1806\" data-col-size=\"sm\">Endfl\u00e4che<\/td>\n<td data-start=\"1806\" data-end=\"1813\" data-col-size=\"sm\">UPC<\/td>\n<\/tr>\n<tr data-start=\"1814\" data-end=\"1844\">\n<td data-start=\"1814\" data-end=\"1831\" data-col-size=\"sm\">Einf\u00fcgungsd\u00e4mpfung<\/td>\n<td data-start=\"1831\" data-end=\"1844\" data-col-size=\"sm\">\u2264 0,30 dB<\/td>\n<\/tr>\n<tr data-start=\"1845\" data-end=\"1870\">\n<td data-start=\"1845\" data-end=\"1859\" data-col-size=\"sm\">R\u00fcckflussd\u00e4mpfung<\/td>\n<td data-start=\"1859\" data-end=\"1870\" data-col-size=\"sm\">\u2265 50 dB<\/td>\n<\/tr>\n<tr data-start=\"1871\" data-end=\"1913\">\n<td data-start=\"1871\" data-end=\"1895\" data-col-size=\"sm\">Betriebswellenl\u00e4ngen<\/td>\n<td data-start=\"1895\" data-end=\"1913\" data-col-size=\"sm\">1310 \/ 1550 nm<\/td>\n<\/tr>\n<tr data-start=\"1914\" data-end=\"1945\">\n<td data-start=\"1914\" data-end=\"1927\" data-col-size=\"sm\">Dauerhaftigkeit<\/td>\n<td data-start=\"1927\" data-end=\"1945\" data-col-size=\"sm\">\u2265 1000 Paarungen<\/td>\n<\/tr>\n<\/tbody>\n<\/table>\n<\/div>\n<\/div>\n<p data-start=\"1947\" data-end=\"2037\">Diese Werte unterst\u00fctzen <strong data-start=\"1968\" data-end=\"2011\">Ethernet, SDH, DWDM und Zugangsnetze<\/strong> mit langfristiger Stabilit\u00e4t.<\/p>\n<hr data-start=\"2039\" data-end=\"2042\" \/>\n<h3 data-start=\"2044\" data-end=\"2082\">Technik im Inneren des Steckers<\/h3>\n<div class=\"TyagGW_tableContainer\">\n<div class=\"group TyagGW_tableWrapper flex flex-col-reverse w-fit\" tabindex=\"-1\">\n<table class=\"w-fit min-w-(--thread-content-width)\" data-start=\"2084\" data-end=\"2348\">\n<thead data-start=\"2084\" data-end=\"2099\">\n<tr data-start=\"2084\" data-end=\"2099\">\n<th class=\"\" data-start=\"2084\" data-end=\"2091\" data-col-size=\"sm\">Teil<\/th>\n<th class=\"\" data-start=\"2091\" data-end=\"2099\" data-col-size=\"sm\">Rolle<\/th>\n<\/tr>\n<\/thead>\n<tbody data-start=\"2116\" data-end=\"2348\">\n<tr data-start=\"2116\" data-end=\"2180\">\n<td data-start=\"2116\" data-end=\"2142\" data-col-size=\"sm\">1,25 mm Zirkoniumdioxid-H\u00fclse<\/td>\n<td data-start=\"2142\" data-end=\"2180\" data-col-size=\"sm\">H\u00e4lt den Faserkern perfekt ausgerichtet<\/td>\n<\/tr>\n<tr data-start=\"2181\" data-end=\"2234\">\n<td data-start=\"2181\" data-end=\"2204\" data-col-size=\"sm\">UPC-Pr\u00e4zisionspolitur<\/td>\n<td data-col-size=\"sm\" data-start=\"2204\" data-end=\"2234\">Reduziert Fresnel-Reflexion<\/td>\n<\/tr>\n<tr data-start=\"2235\" data-end=\"2284\">\n<td data-start=\"2235\" data-end=\"2253\" data-col-size=\"sm\">Duplex LC-Verriegelung<\/td>\n<td data-start=\"2253\" data-end=\"2284\" data-col-size=\"sm\">Beh\u00e4lt die Tx\/Rx-Orientierung bei<\/td>\n<\/tr>\n<tr data-start=\"2285\" data-end=\"2348\">\n<td data-start=\"2285\" data-end=\"2312\" data-col-size=\"sm\">2,0-mm-Zugentlastungsmanschette<\/td>\n<td data-col-size=\"sm\" data-start=\"2312\" data-end=\"2348\">Verhindert Biege- und Zugsch\u00e4den<\/td>\n<\/tr>\n<\/tbody>\n<\/table>\n<\/div>\n<\/div>\n<hr data-start=\"2350\" data-end=\"2353\" \/>\n<h3 data-start=\"2355\" data-end=\"2377\">Fachliche Fragen und Antworten<\/h3>\n<p data-start=\"2379\" data-end=\"2562\"><strong data-start=\"2379\" data-end=\"2445\">Kann LC UPC Duplex f\u00fcr Langstrecken-Singlemode-Verbindungen verwendet werden?<\/strong><br data-start=\"2445\" data-end=\"2448\" \/>Ja. Es wird h\u00e4ufig verwendet in <strong data-start=\"2474\" data-end=\"2515\">Backbone-, Metro- und Rechenzentrumsverbindungen<\/strong> wo geringe Verluste und stabile Steckverbindungen erforderlich sind.<\/p>\n<p data-start=\"2564\" data-end=\"2714\"><strong data-start=\"2564\" data-end=\"2604\">Ist UPC mit APC-Adaptern kompatibel?<\/strong><br data-start=\"2604\" data-end=\"2607\" \/>Nein. UPC darf nur mit UPC verbunden werden. Eine Vermischung von UPC und APC besch\u00e4digt die Aderendh\u00fclsen und beeintr\u00e4chtigt die Leistung.<\/p>\n<p data-start=\"2716\" data-end=\"2886\"><strong data-start=\"2716\" data-end=\"2772\">Warum wird Duplex gegen\u00fcber zwei Simplex-Verbindungen bevorzugt?<\/strong><br data-start=\"2772\" data-end=\"2775\" \/>Duplex gew\u00e4hrleistet <strong data-start=\"2790\" data-end=\"2860\">korrekte Polarit\u00e4t, schnellere Installation und sauberes Kabelmanagement<\/strong> in beruflichen Netzwerken.<\/p>","protected":false},"excerpt":{"rendered":"<p data-start=\"175\" data-end=\"539\">In modernen optischen Netzen sind die meisten Verbindungen keine Langstreckenverbindungen - sie sind <strong data-start=\"243\" data-end=\"284\">kurz, h\u00e4ufig und stark vernetzt<\/strong>.<br data-start=\"285\" data-end=\"288\" \/>In Rechenzentren, Zentralb\u00fcros und Ger\u00e4ter\u00e4umen werden st\u00e4ndig Glasfasern eingesteckt, entfernt und umverlegt.<br data-start=\"408\" data-end=\"411\" \/>Die <strong data-start=\"415\" data-end=\"449\">LC UPC 2.0mm Duplex Singlemode<\/strong> Steckverbinder ist genau f\u00fcr diese Art von <strong data-start=\"497\" data-end=\"538\">eine Umgebung mit hoher Dichte und vielen Ver\u00e4nderungen<\/strong>.<\/p>\n<p data-start=\"541\" data-end=\"758\">Seine <strong data-start=\"545\" data-end=\"563\">LC-Formfaktor<\/strong> verdoppelt die Anschlussdichte im Vergleich zu SC-Steckern, w\u00e4hrend die <strong data-start=\"624\" data-end=\"649\">UPC polierte Stirnfl\u00e4che<\/strong> gew\u00e4hrleistet <strong data-start=\"658\" data-end=\"708\">geringe Einf\u00fcgungsd\u00e4mpfung und stabile optische Kopplung<\/strong> f\u00fcr 1310 nm und 1550 nm Singlemode-\u00dcbertragung.<\/p>","protected":false},"featured_media":879,"comment_status":"open","ping_status":"closed","template":"","meta":[],"product_brand":[],"product_cat":[49],"product_tag":[],"class_list":{"0":"post-878","1":"product","2":"type-product","3":"status-publish","4":"has-post-thumbnail","6":"product_cat-lc-duplex-connectors-single-modemultimode","8":"first","9":"instock","10":"shipping-taxable","11":"product-type-simple"},"_links":{"self":[{"href":"https:\/\/www.fenxifiber.com\/de\/wp-json\/wp\/v2\/product\/878","targetHints":{"allow":["GET"]}}],"collection":[{"href":"https:\/\/www.fenxifiber.com\/de\/wp-json\/wp\/v2\/product"}],"about":[{"href":"https:\/\/www.fenxifiber.com\/de\/wp-json\/wp\/v2\/types\/product"}],"replies":[{"embeddable":true,"href":"https:\/\/www.fenxifiber.com\/de\/wp-json\/wp\/v2\/comments?post=878"}],"wp:featuredmedia":[{"embeddable":true,"href":"https:\/\/www.fenxifiber.com\/de\/wp-json\/wp\/v2\/media\/879"}],"wp:attachment":[{"href":"https:\/\/www.fenxifiber.com\/de\/wp-json\/wp\/v2\/media?parent=878"}],"wp:term":[{"taxonomy":"product_brand","embeddable":true,"href":"https:\/\/www.fenxifiber.com\/de\/wp-json\/wp\/v2\/product_brand?post=878"},{"taxonomy":"product_cat","embeddable":true,"href":"https:\/\/www.fenxifiber.com\/de\/wp-json\/wp\/v2\/product_cat?post=878"},{"taxonomy":"product_tag","embeddable":true,"href":"https:\/\/www.fenxifiber.com\/de\/wp-json\/wp\/v2\/product_tag?post=878"}],"curies":[{"name":"wp","href":"https:\/\/api.w.org\/{rel}","templated":true}]}}