{"id":880,"date":"2026-02-04T02:58:35","date_gmt":"2026-02-04T02:58:35","guid":{"rendered":"https:\/\/www.fenxifiber.com\/?post_type=product&#038;p=880"},"modified":"2026-02-05T02:35:56","modified_gmt":"2026-02-05T02:35:56","slug":"lc-upc-2-0mm-duplex-multimode","status":"publish","type":"product","link":"https:\/\/www.fenxifiber.com\/de\/product\/lc-upc-2-0mm-duplex-multimode\/","title":{"rendered":"LC UPC 2.0mm Duplex Multimode Glasfaserstecker"},"content":{"rendered":"<h3 data-start=\"714\" data-end=\"772\">Duplex-Multimode - gebaut f\u00fcr bidirektionalen Datenfluss<\/h3>\n<p data-start=\"774\" data-end=\"963\">Multimode-Transceiver erfordern immer <strong data-start=\"812\" data-end=\"848\">zwei Fasern: Senden und Empfangen<\/strong>.<br data-start=\"849\" data-end=\"852\" \/>Durch die Duplex-LC-Struktur bleiben sie miteinander verriegelt, was eine Verpolung verhindert und das Patchen im Inneren vereinfacht:<\/p>\n<ul data-start=\"965\" data-end=\"1053\">\n<li data-start=\"965\" data-end=\"981\">\n<p data-start=\"967\" data-end=\"981\">Server-Racks<\/p>\n<\/li>\n<li data-start=\"982\" data-end=\"999\">\n<p data-start=\"984\" data-end=\"999\">Rahmen wechseln<\/p>\n<\/li>\n<li data-start=\"1000\" data-end=\"1020\">\n<p data-start=\"1002\" data-end=\"1020\">Speicher-Netzwerke<\/p>\n<\/li>\n<li data-start=\"1021\" data-end=\"1053\">\n<p data-start=\"1023\" data-end=\"1053\">Industrielle Ethernet-Schr\u00e4nke<\/p>\n<\/li>\n<\/ul>\n<p data-start=\"1055\" data-end=\"1144\">In Umgebungen mit hoher Packungsdichte erm\u00f6glicht LC-Duplex <strong data-start=\"1102\" data-end=\"1126\">die doppelte Anzahl der Ports<\/strong> von SC-Steckern.<\/p>\n<hr data-start=\"1146\" data-end=\"1149\" \/>\n<h3 data-start=\"1151\" data-end=\"1193\">2,0 mm Mantel - flexibel und doch zuverl\u00e4ssig<\/h3>\n<div class=\"TyagGW_tableContainer\">\n<div class=\"group TyagGW_tableWrapper flex flex-col-reverse w-fit\" tabindex=\"-1\">\n<table class=\"w-fit min-w-(--thread-content-width)\" data-start=\"1195\" data-end=\"1372\">\n<thead data-start=\"1195\" data-end=\"1228\">\n<tr data-start=\"1195\" data-end=\"1228\">\n<th class=\"\" data-start=\"1195\" data-end=\"1208\" data-col-size=\"sm\">Kabelgr\u00f6\u00dfe<\/th>\n<th class=\"\" data-start=\"1208\" data-end=\"1228\" data-col-size=\"sm\">Was es bringt<\/th>\n<\/tr>\n<\/thead>\n<tbody data-start=\"1261\" data-end=\"1372\">\n<tr data-start=\"1261\" data-end=\"1290\">\n<td data-start=\"1261\" data-end=\"1269\" data-col-size=\"sm\">0,9 mm<\/td>\n<td data-start=\"1269\" data-end=\"1290\" data-col-size=\"sm\">Splei\u00dfen, zerbrechlich<\/td>\n<\/tr>\n<tr data-start=\"1291\" data-end=\"1346\">\n<td data-start=\"1291\" data-end=\"1303\" data-col-size=\"sm\"><strong data-start=\"1293\" data-end=\"1302\">2,0 mm<\/strong><\/td>\n<td data-start=\"1303\" data-end=\"1346\" data-col-size=\"sm\"><strong data-start=\"1305\" data-end=\"1344\">Live-Patching, Transceiver, Panels<\/strong><\/td>\n<\/tr>\n<tr data-start=\"1347\" data-end=\"1372\">\n<td data-start=\"1347\" data-end=\"1355\" data-col-size=\"sm\">3,0 mm<\/td>\n<td data-start=\"1355\" data-end=\"1372\" data-col-size=\"sm\">Schweres Routing<\/td>\n<\/tr>\n<\/tbody>\n<\/table>\n<\/div>\n<\/div>\n<p data-start=\"1374\" data-end=\"1517\">Das 2,0-mm-Kabel ist optimiert f\u00fcr <strong data-start=\"1407\" data-end=\"1462\">h\u00e4ufiges Verstopfen und enge Verlegung hinter LC-Ports<\/strong>, und ist damit der Industriestandard f\u00fcr aktive Ger\u00e4te.<\/p>\n<hr data-start=\"1519\" data-end=\"1522\" \/>\n<h3 data-start=\"1524\" data-end=\"1559\">Optische Multimode-Leistung<\/h3>\n<div class=\"TyagGW_tableContainer\">\n<div class=\"group TyagGW_tableWrapper flex flex-col-reverse w-fit\" tabindex=\"-1\">\n<table class=\"w-fit min-w-(--thread-content-width)\" data-start=\"1561\" data-end=\"1841\">\n<thead data-start=\"1561\" data-end=\"1590\">\n<tr data-start=\"1561\" data-end=\"1590\">\n<th class=\"\" data-start=\"1561\" data-end=\"1573\" data-col-size=\"sm\">Parameter<\/th>\n<th class=\"\" data-start=\"1573\" data-end=\"1590\" data-col-size=\"sm\">Typischer Wert<\/th>\n<\/tr>\n<\/thead>\n<tbody data-start=\"1620\" data-end=\"1841\">\n<tr data-start=\"1620\" data-end=\"1662\">\n<td data-start=\"1620\" data-end=\"1633\" data-col-size=\"sm\">Faser-Typ<\/td>\n<td data-start=\"1633\" data-end=\"1662\" data-col-size=\"sm\">OM2 \/ OM3 \/ OM4 Multimode<\/td>\n<\/tr>\n<tr data-start=\"1663\" data-end=\"1703\">\n<td data-start=\"1663\" data-end=\"1675\" data-col-size=\"sm\">Kerngr\u00f6\u00dfe<\/td>\n<td data-start=\"1675\" data-end=\"1703\" data-col-size=\"sm\">50\/125 \u00b5m oder 62,5\/125 \u00b5m<\/td>\n<\/tr>\n<tr data-start=\"1704\" data-end=\"1720\">\n<td data-start=\"1704\" data-end=\"1713\" data-col-size=\"sm\">Polnisch<\/td>\n<td data-start=\"1713\" data-end=\"1720\" data-col-size=\"sm\">UPC<\/td>\n<\/tr>\n<tr data-start=\"1721\" data-end=\"1751\">\n<td data-start=\"1721\" data-end=\"1738\" data-col-size=\"sm\">Einf\u00fcgungsd\u00e4mpfung<\/td>\n<td data-start=\"1738\" data-end=\"1751\" data-col-size=\"sm\">\u2264 0,30 dB<\/td>\n<\/tr>\n<tr data-start=\"1752\" data-end=\"1777\">\n<td data-start=\"1752\" data-end=\"1766\" data-col-size=\"sm\">R\u00fcckflussd\u00e4mpfung<\/td>\n<td data-start=\"1766\" data-end=\"1777\" data-col-size=\"sm\">\u2265 35 dB<\/td>\n<\/tr>\n<tr data-start=\"1778\" data-end=\"1809\">\n<td data-start=\"1778\" data-end=\"1792\" data-col-size=\"sm\">Wellenl\u00e4ngen<\/td>\n<td data-start=\"1792\" data-end=\"1809\" data-col-size=\"sm\">850 \/ 1300 nm<\/td>\n<\/tr>\n<tr data-start=\"1810\" data-end=\"1841\">\n<td data-start=\"1810\" data-end=\"1823\" data-col-size=\"sm\">Dauerhaftigkeit<\/td>\n<td data-start=\"1823\" data-end=\"1841\" data-col-size=\"sm\">\u2265 1000 Paarungen<\/td>\n<\/tr>\n<\/tbody>\n<\/table>\n<\/div>\n<\/div>\n<p data-start=\"1843\" data-end=\"1929\">Diese Spezifikationen unterst\u00fctzen <strong data-start=\"1872\" data-end=\"1928\">Ethernet-, SAN- und optische Kurzstrecken-Verbindungen<\/strong>.<\/p>\n<hr data-start=\"1931\" data-end=\"1934\" \/>\n<h3 data-start=\"1936\" data-end=\"1962\">Im Inneren des Steckers<\/h3>\n<div class=\"TyagGW_tableContainer\">\n<div class=\"group TyagGW_tableWrapper flex flex-col-reverse w-fit\" tabindex=\"-1\">\n<table class=\"w-fit min-w-(--thread-content-width)\" data-start=\"1964\" data-end=\"2216\">\n<thead data-start=\"1964\" data-end=\"1988\">\n<tr data-start=\"1964\" data-end=\"1988\">\n<th class=\"\" data-start=\"1964\" data-end=\"1976\" data-col-size=\"sm\">Komponente<\/th>\n<th class=\"\" data-start=\"1976\" data-end=\"1988\" data-col-size=\"sm\">Funktion<\/th>\n<\/tr>\n<\/thead>\n<tbody data-start=\"2012\" data-end=\"2216\">\n<tr data-start=\"2012\" data-end=\"2064\">\n<td data-start=\"2012\" data-end=\"2037\" data-col-size=\"sm\">1,25 mm Keramik-Ferrule<\/td>\n<td data-start=\"2037\" data-end=\"2064\" data-col-size=\"sm\">Pr\u00e4zise Faserausrichtung<\/td>\n<\/tr>\n<tr data-start=\"2065\" data-end=\"2119\">\n<td data-start=\"2065\" data-end=\"2089\" data-col-size=\"sm\">UPC polierte Stirnfl\u00e4che<\/td>\n<td data-start=\"2089\" data-end=\"2119\" data-col-size=\"sm\">Reduziert Fresnel-Reflexion<\/td>\n<\/tr>\n<tr data-start=\"2120\" data-end=\"2161\">\n<td data-start=\"2120\" data-end=\"2137\" data-col-size=\"sm\">Duplex LC-Klemme<\/td>\n<td data-start=\"2137\" data-end=\"2161\" data-col-size=\"sm\">H\u00e4lt die Tx\/Rx in Ordnung<\/td>\n<\/tr>\n<tr data-start=\"2162\" data-end=\"2216\">\n<td data-start=\"2162\" data-end=\"2189\" data-col-size=\"sm\">2,0-mm-Zugentlastungsmanschette<\/td>\n<td data-start=\"2189\" data-end=\"2216\" data-col-size=\"sm\">Verhindert Biegesch\u00e4den<\/td>\n<\/tr>\n<\/tbody>\n<\/table>\n<\/div>\n<\/div>\n<hr data-start=\"2218\" data-end=\"2221\" \/>\n<h3 data-start=\"2223\" data-end=\"2245\">Fachliche Fragen und Antworten<\/h3>\n<p data-start=\"2247\" data-end=\"2404\"><strong data-start=\"2247\" data-end=\"2297\">Ist Multimode f\u00fcr Langstreckenverbindungen geeignet?<\/strong><br data-start=\"2297\" data-end=\"2300\" \/>Nein. Multimode ist optimiert f\u00fcr <strong data-start=\"2331\" data-end=\"2361\">kurze und mittlere Entfernungen<\/strong> z. B. in Geb\u00e4uden und Rechenzentren.<\/p>\n<p data-start=\"2406\" data-end=\"2549\"><strong data-start=\"2406\" data-end=\"2462\">Kann dieser LC UPC-Stecker mit APC-Adaptern verwendet werden?<\/strong><br data-start=\"2462\" data-end=\"2465\" \/>Nein. UPC und APC d\u00fcrfen nicht gemischt werden - die Endfl\u00e4chen sind unterschiedlich und werden besch\u00e4digt.<\/p>\n<p data-start=\"2551\" data-end=\"2743\"><strong data-start=\"2551\" data-end=\"2595\">Warum LC-Duplex anstelle von Simplex?<\/strong><br data-start=\"2595\" data-end=\"2598\" \/>Da Ethernet und optische Module eine <strong data-start=\"2643\" data-end=\"2667\">bidirektionale \u00dcbertragung<\/strong>, und Duplex-Verbindungen gew\u00e4hrleisten <strong data-start=\"2698\" data-end=\"2742\">korrekte Polarit\u00e4t und schnellere Installation<\/strong>.<\/p>","protected":false},"excerpt":{"rendered":"<p data-start=\"162\" data-end=\"539\">Die <strong data-start=\"166\" data-end=\"221\">LC UPC 2.0mm Duplex Multimode Glasfaserstecker<\/strong> ist konzipiert f\u00fcr <strong data-start=\"238\" data-end=\"296\">optische Verbindungen mit hoher Bandbreite und kurzen bis mittleren Entfernungen<\/strong> in Rechenzentren, Unternehmensnetzen und industriellen Kontrollsystemen.<br data-start=\"369\" data-end=\"372\" \/>Multimode-Faser wird gew\u00e4hlt, wenn <strong data-start=\"404\" data-end=\"444\">Geschwindigkeit, Stabilit\u00e4t und Kosteneffizienz<\/strong> Dieser LC-Duplex-Steckverbinder bietet genau dieses Gleichgewicht.<\/p>\n<p data-start=\"541\" data-end=\"707\">Mit <strong data-start=\"546\" data-end=\"574\">UPC polierte LC Aderendh\u00fclsen<\/strong>, gew\u00e4hrleistet sie <strong data-start=\"587\" data-end=\"636\">enger physischer Kontakt und geringe Einf\u00fcgungsd\u00e4mpfung<\/strong>, und damit ideal f\u00fcr <strong data-start=\"658\" data-end=\"706\">10G, 40G und 100G optische Multimode-Kan\u00e4le<\/strong>.<\/p>","protected":false},"featured_media":881,"comment_status":"open","ping_status":"closed","template":"","meta":[],"product_brand":[],"product_cat":[49],"product_tag":[],"class_list":{"0":"post-880","1":"product","2":"type-product","3":"status-publish","4":"has-post-thumbnail","6":"product_cat-lc-duplex-connectors-single-modemultimode","8":"first","9":"instock","10":"shipping-taxable","11":"product-type-simple"},"_links":{"self":[{"href":"https:\/\/www.fenxifiber.com\/de\/wp-json\/wp\/v2\/product\/880","targetHints":{"allow":["GET"]}}],"collection":[{"href":"https:\/\/www.fenxifiber.com\/de\/wp-json\/wp\/v2\/product"}],"about":[{"href":"https:\/\/www.fenxifiber.com\/de\/wp-json\/wp\/v2\/types\/product"}],"replies":[{"embeddable":true,"href":"https:\/\/www.fenxifiber.com\/de\/wp-json\/wp\/v2\/comments?post=880"}],"wp:featuredmedia":[{"embeddable":true,"href":"https:\/\/www.fenxifiber.com\/de\/wp-json\/wp\/v2\/media\/881"}],"wp:attachment":[{"href":"https:\/\/www.fenxifiber.com\/de\/wp-json\/wp\/v2\/media?parent=880"}],"wp:term":[{"taxonomy":"product_brand","embeddable":true,"href":"https:\/\/www.fenxifiber.com\/de\/wp-json\/wp\/v2\/product_brand?post=880"},{"taxonomy":"product_cat","embeddable":true,"href":"https:\/\/www.fenxifiber.com\/de\/wp-json\/wp\/v2\/product_cat?post=880"},{"taxonomy":"product_tag","embeddable":true,"href":"https:\/\/www.fenxifiber.com\/de\/wp-json\/wp\/v2\/product_tag?post=880"}],"curies":[{"name":"wp","href":"https:\/\/api.w.org\/{rel}","templated":true}]}}