{"id":892,"date":"2026-02-04T03:04:47","date_gmt":"2026-02-04T03:04:47","guid":{"rendered":"https:\/\/www.fenxifiber.com\/?post_type=product&#038;p=892"},"modified":"2026-02-05T02:22:27","modified_gmt":"2026-02-05T02:22:27","slug":"lc-apc-0-9mm-simplex-singlemode","status":"publish","type":"product","link":"https:\/\/www.fenxifiber.com\/de\/product\/lc-apc-0-9mm-simplex-singlemode\/","title":{"rendered":"LC APC 0,9mm Simplex-Single-Mode-Stecker"},"content":{"rendered":"<h3 data-start=\"694\" data-end=\"741\">Warum LC + APC die bevorzugte Kombination ist<\/h3>\n<p data-start=\"743\" data-end=\"943\">LC-Steckverbinder sind bekannt f\u00fcr ihre <strong data-start=\"777\" data-end=\"823\">geringer Platzbedarf und sicherer Verriegelungsmechanismus<\/strong>, w\u00e4hrend das APC-Polieren Folgendes liefert <strong data-start=\"854\" data-end=\"891\">au\u00dfergew\u00f6hnlich geringe R\u00fcckreflexion<\/strong>.<br data-start=\"892\" data-end=\"895\" \/>Gemeinsam bilden sie ein Verbindungselement, das die Arbeit unterst\u00fctzt:<\/p>\n<ul data-start=\"945\" data-end=\"1083\">\n<li data-start=\"945\" data-end=\"974\">\n<p data-start=\"947\" data-end=\"974\">Patch-Panels mit hoher Packungsdichte<\/p>\n<\/li>\n<li data-start=\"975\" data-end=\"1017\">\n<p data-start=\"977\" data-end=\"1017\">Singlemode-\u00dcbertragung \u00fcber gro\u00dfe Entfernungen<\/p>\n<\/li>\n<li data-start=\"1018\" data-end=\"1052\">\n<p data-start=\"1020\" data-end=\"1052\">Empfindliche optische Transceiver<\/p>\n<\/li>\n<li data-start=\"1053\" data-end=\"1083\">\n<p data-start=\"1055\" data-end=\"1083\">Stabile FTTH-Signalqualit\u00e4t<\/p>\n<\/li>\n<\/ul>\n<p data-start=\"1085\" data-end=\"1189\">Aus diesem Grund werden LC APC-Steckverbinder zum Standard in der <strong data-start=\"1140\" data-end=\"1188\">moderne Glasfasernetze f\u00fcr Zugang und Rechenzentren<\/strong>.<\/p>\n<hr data-start=\"1191\" data-end=\"1194\" \/>\n<h3 data-start=\"1196\" data-end=\"1239\">Konzipiert f\u00fcr 0,9 mm dichte Pufferfasern<\/h3>\n<div class=\"TyagGW_tableContainer\">\n<div class=\"group TyagGW_tableWrapper flex flex-col-reverse w-fit\" tabindex=\"-1\">\n<table class=\"w-fit min-w-(--thread-content-width)\" data-start=\"1241\" data-end=\"1393\">\n<thead data-start=\"1241\" data-end=\"1277\">\n<tr data-start=\"1241\" data-end=\"1277\">\n<th class=\"\" data-start=\"1241\" data-end=\"1254\" data-col-size=\"sm\">Kabel Typ<\/th>\n<th class=\"\" data-start=\"1254\" data-end=\"1277\" data-col-size=\"md\">Typische Anwendung<\/th>\n<\/tr>\n<\/thead>\n<tbody data-start=\"1313\" data-end=\"1393\">\n<tr data-start=\"1313\" data-end=\"1393\">\n<td data-start=\"1313\" data-end=\"1338\" data-col-size=\"sm\"><strong data-start=\"1315\" data-end=\"1337\">0,9 mm enger Puffer<\/strong><\/td>\n<td data-col-size=\"md\" data-start=\"1338\" data-end=\"1393\">Pigtails, Ger\u00e4tebr\u00fccken, interne Faserverlegung<\/td>\n<\/tr>\n<\/tbody>\n<\/table>\n<\/div>\n<\/div>\n<p data-start=\"1395\" data-end=\"1519\">Diese Gr\u00f6\u00dfe erm\u00f6glicht es <strong data-start=\"1416\" data-end=\"1474\">kompaktes Routing innerhalb von ODFs, ONTs und optischen Modulen<\/strong>, ohne Abstriche bei der mechanischen Zuverl\u00e4ssigkeit.<\/p>\n<hr data-start=\"1521\" data-end=\"1524\" \/>\n<h3 data-start=\"1526\" data-end=\"1551\">Optische Leistung<\/h3>\n<div class=\"TyagGW_tableContainer\">\n<div class=\"group TyagGW_tableWrapper flex flex-col-reverse w-fit\" tabindex=\"-1\">\n<table class=\"w-fit min-w-(--thread-content-width)\" data-start=\"1553\" data-end=\"1824\">\n<thead data-start=\"1553\" data-end=\"1582\">\n<tr data-start=\"1553\" data-end=\"1582\">\n<th class=\"\" data-start=\"1553\" data-end=\"1565\" data-col-size=\"sm\">Parameter<\/th>\n<th class=\"\" data-start=\"1565\" data-end=\"1582\" data-col-size=\"sm\">Typischer Wert<\/th>\n<\/tr>\n<\/thead>\n<tbody data-start=\"1611\" data-end=\"1824\">\n<tr data-start=\"1611\" data-end=\"1650\">\n<td data-start=\"1611\" data-end=\"1624\" data-col-size=\"sm\">Faser-Typ<\/td>\n<td data-col-size=\"sm\" data-start=\"1624\" data-end=\"1650\">Monomode (9\/125 \u00b5m)<\/td>\n<\/tr>\n<tr data-start=\"1651\" data-end=\"1684\">\n<td data-start=\"1651\" data-end=\"1665\" data-col-size=\"sm\">Polnischer Typ<\/td>\n<td data-col-size=\"sm\" data-start=\"1665\" data-end=\"1684\">APC (8\u00b0 abgewinkelt)<\/td>\n<\/tr>\n<tr data-start=\"1685\" data-end=\"1715\">\n<td data-start=\"1685\" data-end=\"1702\" data-col-size=\"sm\">Einf\u00fcged\u00e4mpfung<\/td>\n<td data-col-size=\"sm\" data-start=\"1702\" data-end=\"1715\">\u2264 0,30 dB<\/td>\n<\/tr>\n<tr data-start=\"1716\" data-end=\"1741\">\n<td data-start=\"1716\" data-end=\"1730\" data-col-size=\"sm\">R\u00fcckflussd\u00e4mpfung<\/td>\n<td data-col-size=\"sm\" data-start=\"1730\" data-end=\"1741\">\u2265 60 dB<\/td>\n<\/tr>\n<tr data-start=\"1742\" data-end=\"1786\">\n<td data-start=\"1742\" data-end=\"1765\" data-col-size=\"sm\">Betriebswellenl\u00e4nge<\/td>\n<td data-col-size=\"sm\" data-start=\"1765\" data-end=\"1786\">1310 nm \/ 1550 nm<\/td>\n<\/tr>\n<tr data-start=\"1787\" data-end=\"1824\">\n<td data-start=\"1787\" data-end=\"1807\" data-col-size=\"sm\">Dauerhaftigkeit der Paarung<\/td>\n<td data-col-size=\"sm\" data-start=\"1807\" data-end=\"1824\">\u2265 1000 Zyklen<\/td>\n<\/tr>\n<\/tbody>\n<\/table>\n<\/div>\n<\/div>\n<p data-start=\"1826\" data-end=\"1947\">Diese Eigenschaften machen es geeignet f\u00fcr <strong data-start=\"1869\" data-end=\"1909\">PON, FTTH, CATV und Langstreckenverbindungen<\/strong> wo die Kontrolle der Reflexion entscheidend ist.<\/p>\n<hr data-start=\"1949\" data-end=\"1952\" \/>\n<h3 data-start=\"1954\" data-end=\"1992\">Mechanische und strukturelle Planung<\/h3>\n<div class=\"TyagGW_tableContainer\">\n<div class=\"group TyagGW_tableWrapper flex flex-col-reverse w-fit\" tabindex=\"-1\">\n<table class=\"w-fit min-w-(--thread-content-width)\" data-start=\"1994\" data-end=\"2253\">\n<thead data-start=\"1994\" data-end=\"2018\">\n<tr data-start=\"1994\" data-end=\"2018\">\n<th class=\"\" data-start=\"1994\" data-end=\"2001\" data-col-size=\"sm\">Artikel<\/th>\n<th class=\"\" data-start=\"2001\" data-end=\"2018\" data-col-size=\"sm\">Spezifikation<\/th>\n<\/tr>\n<\/thead>\n<tbody data-start=\"2045\" data-end=\"2253\">\n<tr data-start=\"2045\" data-end=\"2076\">\n<td data-start=\"2045\" data-end=\"2062\" data-col-size=\"sm\">Stecker Typ<\/td>\n<td data-start=\"2062\" data-end=\"2076\" data-col-size=\"sm\">LC Simplex<\/td>\n<\/tr>\n<tr data-start=\"2077\" data-end=\"2099\">\n<td data-start=\"2077\" data-end=\"2090\" data-col-size=\"sm\">Faser Gr\u00f6\u00dfe<\/td>\n<td data-start=\"2090\" data-end=\"2099\" data-col-size=\"sm\">0,9 mm<\/td>\n<\/tr>\n<tr data-start=\"2100\" data-end=\"2137\">\n<td data-start=\"2100\" data-end=\"2110\" data-col-size=\"sm\">Aderendh\u00fclse<\/td>\n<td data-start=\"2110\" data-end=\"2137\" data-col-size=\"sm\">1,25 mm Zirkoniumdioxid-Keramik<\/td>\n<\/tr>\n<tr data-start=\"2138\" data-end=\"2177\">\n<td data-start=\"2138\" data-end=\"2156\" data-col-size=\"sm\">Verriegelungssystem<\/td>\n<td data-start=\"2156\" data-end=\"2177\" data-col-size=\"sm\">RJ-Stil LC-Verriegelung<\/td>\n<\/tr>\n<tr data-start=\"2178\" data-end=\"2210\">\n<td data-start=\"2178\" data-end=\"2189\" data-col-size=\"sm\">Endfl\u00e4che<\/td>\n<td data-start=\"2189\" data-end=\"2210\" data-col-size=\"sm\">APC abgewinkelte Politur<\/td>\n<\/tr>\n<tr data-start=\"2211\" data-end=\"2253\">\n<td data-start=\"2211\" data-end=\"2235\" data-col-size=\"sm\">Betriebstemperatur<\/td>\n<td data-start=\"2235\" data-end=\"2253\" data-col-size=\"sm\">-40\u00b0C bis +75\u00b0C<\/td>\n<\/tr>\n<\/tbody>\n<\/table>\n<\/div>\n<\/div>\n<p data-start=\"2255\" data-end=\"2393\">Die <strong data-start=\"2259\" data-end=\"2271\">LC-Verriegelung<\/strong> erm\u00f6glicht eine schnelle Push-Pull-Verbindung, w\u00e4hrend die <strong data-start=\"2317\" data-end=\"2336\">Keramik-H\u00fclse<\/strong> gew\u00e4hrleistet eine pr\u00e4zise Faserausrichtung und langfristige Stabilit\u00e4t.<\/p>\n<hr data-start=\"2395\" data-end=\"2398\" \/>\n<h3 data-start=\"2400\" data-end=\"2444\">Wo dieser Stecker typischerweise verwendet wird<\/h3>\n<ul data-start=\"2446\" data-end=\"2662\">\n<li data-start=\"2446\" data-end=\"2477\">\n<p data-start=\"2448\" data-end=\"2477\">FTTH- und PON-Teilnehmeranschl\u00fcsse<\/p>\n<\/li>\n<li data-start=\"2478\" data-end=\"2506\">\n<p data-start=\"2480\" data-end=\"2506\">Patchfelder f\u00fcr Rechenzentren<\/p>\n<\/li>\n<li data-start=\"2507\" data-end=\"2534\">\n<p data-start=\"2509\" data-end=\"2534\">ODF-Rahmen mit hoher Dichte<\/p>\n<\/li>\n<li data-start=\"2535\" data-end=\"2585\">\n<p data-start=\"2537\" data-end=\"2585\">Optische Transceiver (SFP, GPON, XG-PON, usw.)<\/p>\n<\/li>\n<li data-start=\"2586\" data-end=\"2620\">\n<p data-start=\"2588\" data-end=\"2620\">CATV- und RF-\u00fcber-Glasfaser-Systeme<\/p>\n<\/li>\n<li data-start=\"2621\" data-end=\"2662\">\n<p data-start=\"2623\" data-end=\"2662\">Optische Test- und \u00dcberwachungsger\u00e4te<\/p>\n<\/li>\n<\/ul>\n<hr data-start=\"2664\" data-end=\"2667\" \/>\n<h2 data-start=\"2669\" data-end=\"2690\">Fachliche Fragen und Antworten<\/h2>\n<p data-start=\"2692\" data-end=\"2929\"><strong data-start=\"2692\" data-end=\"2745\">Q1: Warum APC statt UPC f\u00fcr LC-Steckverbinder verwenden?<\/strong><br data-start=\"2745\" data-end=\"2748\" \/>APC-Polieren bietet viel <strong data-start=\"2776\" data-end=\"2807\">h\u00f6here R\u00fcckflussd\u00e4mpfung (\u226560 dB)<\/strong>, was wichtig ist f\u00fcr <strong data-start=\"2832\" data-end=\"2882\">PON, CATV und Singlemode-Verbindungen \u00fcber gro\u00dfe Entfernungen<\/strong> wo reflektiertes Licht die Leistung beeintr\u00e4chtigen kann.<\/p>\n<hr data-start=\"2931\" data-end=\"2934\" \/>\n<p data-start=\"2936\" data-end=\"3099\"><strong data-start=\"2936\" data-end=\"2973\">F2: Kann LC APC mit LC UPC verbunden werden?<\/strong><br data-start=\"2973\" data-end=\"2976\" \/>Nein. APC und UPC haben unterschiedliche Stirnfl\u00e4chengeometrien. Ihre Paarung verursacht <strong data-start=\"3047\" data-end=\"3098\">hohe Einf\u00fcgungsd\u00e4mpfung und m\u00f6gliche Besch\u00e4digung der Aderendh\u00fclse<\/strong>.<\/p>\n<hr data-start=\"3101\" data-end=\"3104\" \/>\n<p data-start=\"3106\" data-end=\"3325\"><strong data-start=\"3106\" data-end=\"3156\">F3: Ist 0,9 mm f\u00fcr Au\u00dfenkabel geeignet?<\/strong><br data-start=\"3156\" data-end=\"3159\" \/>0,9 mm wird haupts\u00e4chlich verwendet f\u00fcr <strong data-start=\"3184\" data-end=\"3225\">Pigtails und Ger\u00e4tebr\u00fccken f\u00fcr den Innenbereich<\/strong>. FTTH-Au\u00dfenkabel verwenden normalerweise <strong data-start=\"3265\" data-end=\"3291\">2,0 mm oder 3,0 mm Mantel<\/strong> mit verst\u00e4rkten Festigkeitstr\u00e4gern.<\/p>","protected":false},"excerpt":{"rendered":"<h3 data-start=\"156\" data-end=\"206\">Kleiner Stecker, gro\u00dfe optische Leistung<\/h3>\n<p data-start=\"208\" data-end=\"384\">Die <strong data-start=\"212\" data-end=\"258\">LC APC 0,9mm Simplex-Single-Mode-Stecker<\/strong> ist konzipiert f\u00fcr moderne <strong data-start=\"282\" data-end=\"313\">Glasfasernetze mit hoher Dichte<\/strong>, wo der Platz begrenzt ist, aber die optische Leistung nicht beeintr\u00e4chtigt werden darf.<\/p>\n<p data-start=\"386\" data-end=\"687\">Mit seinem <strong data-start=\"395\" data-end=\"421\">kompakter LC-Formfaktor<\/strong> und <strong data-start=\"426\" data-end=\"448\">APC-Winkelh\u00fclse<\/strong>, Dieser Steckverbinder wird h\u00e4ufig verwendet in <strong data-start=\"483\" data-end=\"572\">FTTH-Zugangsnetze, Rechenzentren, PON-Systeme und hochpr\u00e4zise optische Ger\u00e4te<\/strong>. Die <strong data-start=\"578\" data-end=\"607\">0,9-mm-Design mit engem Puffer<\/strong> macht es ideal f\u00fcr <strong data-start=\"627\" data-end=\"686\">Pigtails, Ger\u00e4tebr\u00fccken und interne Ger\u00e4teverkabelung<\/strong>.<\/p>","protected":false},"featured_media":893,"comment_status":"open","ping_status":"closed","template":"","meta":[],"product_brand":[],"product_cat":[50],"product_tag":[],"class_list":{"0":"post-892","1":"product","2":"type-product","3":"status-publish","4":"has-post-thumbnail","6":"product_cat-lc-simplex-connectors-single-modemultimode","8":"first","9":"instock","10":"shipping-taxable","11":"product-type-simple"},"_links":{"self":[{"href":"https:\/\/www.fenxifiber.com\/de\/wp-json\/wp\/v2\/product\/892","targetHints":{"allow":["GET"]}}],"collection":[{"href":"https:\/\/www.fenxifiber.com\/de\/wp-json\/wp\/v2\/product"}],"about":[{"href":"https:\/\/www.fenxifiber.com\/de\/wp-json\/wp\/v2\/types\/product"}],"replies":[{"embeddable":true,"href":"https:\/\/www.fenxifiber.com\/de\/wp-json\/wp\/v2\/comments?post=892"}],"wp:featuredmedia":[{"embeddable":true,"href":"https:\/\/www.fenxifiber.com\/de\/wp-json\/wp\/v2\/media\/893"}],"wp:attachment":[{"href":"https:\/\/www.fenxifiber.com\/de\/wp-json\/wp\/v2\/media?parent=892"}],"wp:term":[{"taxonomy":"product_brand","embeddable":true,"href":"https:\/\/www.fenxifiber.com\/de\/wp-json\/wp\/v2\/product_brand?post=892"},{"taxonomy":"product_cat","embeddable":true,"href":"https:\/\/www.fenxifiber.com\/de\/wp-json\/wp\/v2\/product_cat?post=892"},{"taxonomy":"product_tag","embeddable":true,"href":"https:\/\/www.fenxifiber.com\/de\/wp-json\/wp\/v2\/product_tag?post=892"}],"curies":[{"name":"wp","href":"https:\/\/api.w.org\/{rel}","templated":true}]}}