{"id":894,"date":"2026-02-04T03:05:58","date_gmt":"2026-02-04T03:05:58","guid":{"rendered":"https:\/\/www.fenxifiber.com\/?post_type=product&#038;p=894"},"modified":"2026-02-05T02:23:02","modified_gmt":"2026-02-05T02:23:02","slug":"lc-apc-2-0mm-simplex-singlemode","status":"publish","type":"product","link":"https:\/\/www.fenxifiber.com\/de\/product\/lc-apc-2-0mm-simplex-singlemode\/","title":{"rendered":"LC APC 2.0mm Simplex Single-Mode Stecker"},"content":{"rendered":"<h3 data-start=\"767\" data-end=\"803\">Warum 2,0 mm der FTTH-Standard ist<\/h3>\n<p data-start=\"805\" data-end=\"1013\">FTTH- und Zugangsnetze erfordern Glasfaserkabel, die Biegen, Ziehen und h\u00e4ufiges Umstecken aushalten.<br data-start=\"912\" data-end=\"915\" \/>Die <strong data-start=\"919\" data-end=\"935\">2,0 mm Mantel<\/strong> bietet das richtige Gleichgewicht zwischen <strong data-start=\"971\" data-end=\"1012\">Flexibilit\u00e4t und mechanischer Schutz<\/strong>.<\/p>\n<div class=\"TyagGW_tableContainer\">\n<div class=\"group TyagGW_tableWrapper flex flex-col-reverse w-fit\" tabindex=\"-1\">\n<table class=\"w-fit min-w-(--thread-content-width)\" data-start=\"1015\" data-end=\"1168\">\n<thead data-start=\"1015\" data-end=\"1043\">\n<tr data-start=\"1015\" data-end=\"1043\">\n<th class=\"\" data-start=\"1015\" data-end=\"1028\" data-col-size=\"sm\">Kabel Gr\u00f6\u00dfe<\/th>\n<th class=\"\" data-start=\"1028\" data-end=\"1043\" data-col-size=\"sm\">Typische Verwendung<\/th>\n<\/tr>\n<\/thead>\n<tbody data-start=\"1072\" data-end=\"1168\">\n<tr data-start=\"1072\" data-end=\"1114\">\n<td data-start=\"1072\" data-end=\"1084\" data-col-size=\"sm\"><strong data-start=\"1074\" data-end=\"1083\">0,9 mm<\/strong><\/td>\n<td data-col-size=\"sm\" data-start=\"1084\" data-end=\"1114\">Pigtails, Innenausstattung<\/td>\n<\/tr>\n<tr data-start=\"1115\" data-end=\"1168\">\n<td data-start=\"1115\" data-end=\"1127\" data-col-size=\"sm\"><strong data-start=\"1117\" data-end=\"1126\">2,0 mm<\/strong><\/td>\n<td data-col-size=\"sm\" data-start=\"1127\" data-end=\"1168\">FTTH-Jumper, Wandsteckdosen, ONT-Kabel<\/td>\n<\/tr>\n<\/tbody>\n<\/table>\n<\/div>\n<\/div>\n<p data-start=\"1170\" data-end=\"1248\">Damit ist die LC APC 2.0mm Version ideal f\u00fcr <strong data-start=\"1216\" data-end=\"1247\">Glasfaserverbindungen auf der letzten Meile<\/strong>.<\/p>\n<hr data-start=\"1250\" data-end=\"1253\" \/>\n<h3 data-start=\"1255\" data-end=\"1306\">Optische Leistung f\u00fcr PON und Zugangsnetze<\/h3>\n<div class=\"TyagGW_tableContainer\">\n<div class=\"group TyagGW_tableWrapper flex flex-col-reverse w-fit\" tabindex=\"-1\">\n<table class=\"w-fit min-w-(--thread-content-width)\" data-start=\"1308\" data-end=\"1574\">\n<thead data-start=\"1308\" data-end=\"1337\">\n<tr data-start=\"1308\" data-end=\"1337\">\n<th class=\"\" data-start=\"1308\" data-end=\"1320\" data-col-size=\"sm\">Parameter<\/th>\n<th class=\"\" data-start=\"1320\" data-end=\"1337\" data-col-size=\"sm\">Typischer Wert<\/th>\n<\/tr>\n<\/thead>\n<tbody data-start=\"1367\" data-end=\"1574\">\n<tr data-start=\"1367\" data-end=\"1406\">\n<td data-start=\"1367\" data-end=\"1380\" data-col-size=\"sm\">Faser-Typ<\/td>\n<td data-col-size=\"sm\" data-start=\"1380\" data-end=\"1406\">Monomode (9\/125 \u00b5m)<\/td>\n<\/tr>\n<tr data-start=\"1407\" data-end=\"1440\">\n<td data-start=\"1407\" data-end=\"1421\" data-col-size=\"sm\">Polnischer Typ<\/td>\n<td data-col-size=\"sm\" data-start=\"1421\" data-end=\"1440\">APC (8\u00b0 abgewinkelt)<\/td>\n<\/tr>\n<tr data-start=\"1441\" data-end=\"1471\">\n<td data-start=\"1441\" data-end=\"1458\" data-col-size=\"sm\">Einf\u00fcged\u00e4mpfung<\/td>\n<td data-col-size=\"sm\" data-start=\"1458\" data-end=\"1471\">\u2264 0,30 dB<\/td>\n<\/tr>\n<tr data-start=\"1472\" data-end=\"1497\">\n<td data-start=\"1472\" data-end=\"1486\" data-col-size=\"sm\">R\u00fcckflussd\u00e4mpfung<\/td>\n<td data-col-size=\"sm\" data-start=\"1486\" data-end=\"1497\">\u2265 60 dB<\/td>\n<\/tr>\n<tr data-start=\"1498\" data-end=\"1542\">\n<td data-start=\"1498\" data-end=\"1521\" data-col-size=\"sm\">Betriebswellenl\u00e4nge<\/td>\n<td data-col-size=\"sm\" data-start=\"1521\" data-end=\"1542\">1310 nm \/ 1550 nm<\/td>\n<\/tr>\n<tr data-start=\"1543\" data-end=\"1574\">\n<td data-start=\"1543\" data-end=\"1557\" data-col-size=\"sm\">Paarungsleben<\/td>\n<td data-col-size=\"sm\" data-start=\"1557\" data-end=\"1574\">\u2265 1000 Zyklen<\/td>\n<\/tr>\n<\/tbody>\n<\/table>\n<\/div>\n<\/div>\n<p data-start=\"1576\" data-end=\"1653\">Die hohe R\u00fcckflussd\u00e4mpfung gew\u00e4hrleistet <strong data-start=\"1605\" data-end=\"1652\">stabile GPON-, XG-PON- und CATV-Signalqualit\u00e4t<\/strong>.<\/p>\n<hr data-start=\"1655\" data-end=\"1658\" \/>\n<h3 data-start=\"1660\" data-end=\"1686\">Mechanische Struktur<\/h3>\n<div class=\"TyagGW_tableContainer\">\n<div class=\"group TyagGW_tableWrapper flex flex-col-reverse w-fit\" tabindex=\"-1\">\n<table class=\"w-fit min-w-(--thread-content-width)\" data-start=\"1688\" data-end=\"1978\">\n<thead data-start=\"1688\" data-end=\"1712\">\n<tr data-start=\"1688\" data-end=\"1712\">\n<th class=\"\" data-start=\"1688\" data-end=\"1695\" data-col-size=\"sm\">Artikel<\/th>\n<th class=\"\" data-start=\"1695\" data-end=\"1712\" data-col-size=\"sm\">Spezifikation<\/th>\n<\/tr>\n<\/thead>\n<tbody data-start=\"1738\" data-end=\"1978\">\n<tr data-start=\"1738\" data-end=\"1769\">\n<td data-start=\"1738\" data-end=\"1755\" data-col-size=\"sm\">Stecker Typ<\/td>\n<td data-col-size=\"sm\" data-start=\"1755\" data-end=\"1769\">LC Simplex<\/td>\n<\/tr>\n<tr data-start=\"1770\" data-end=\"1792\">\n<td data-start=\"1770\" data-end=\"1783\" data-col-size=\"sm\">Kabel Gr\u00f6\u00dfe<\/td>\n<td data-col-size=\"sm\" data-start=\"1783\" data-end=\"1792\">2,0 mm<\/td>\n<\/tr>\n<tr data-start=\"1793\" data-end=\"1830\">\n<td data-start=\"1793\" data-end=\"1803\" data-col-size=\"sm\">Aderendh\u00fclse<\/td>\n<td data-col-size=\"sm\" data-start=\"1803\" data-end=\"1830\">1,25 mm Zirkoniumdioxid-Keramik<\/td>\n<\/tr>\n<tr data-start=\"1831\" data-end=\"1871\">\n<td data-start=\"1831\" data-end=\"1849\" data-col-size=\"sm\">Verriegelungssystem<\/td>\n<td data-col-size=\"sm\" data-start=\"1849\" data-end=\"1871\">LC-Push-Pull-Verriegelung<\/td>\n<\/tr>\n<tr data-start=\"1872\" data-end=\"1904\">\n<td data-start=\"1872\" data-end=\"1883\" data-col-size=\"sm\">Endfl\u00e4che<\/td>\n<td data-start=\"1883\" data-end=\"1904\" data-col-size=\"sm\">APC abgewinkelte Politur<\/td>\n<\/tr>\n<tr data-start=\"1905\" data-end=\"1947\">\n<td data-start=\"1905\" data-end=\"1929\" data-col-size=\"sm\">Betriebstemperatur<\/td>\n<td data-col-size=\"sm\" data-start=\"1929\" data-end=\"1947\">-40\u00b0C bis +75\u00b0C<\/td>\n<\/tr>\n<tr data-start=\"1948\" data-end=\"1978\">\n<td data-start=\"1948\" data-end=\"1967\" data-col-size=\"sm\">Zugfestigkeit<\/td>\n<td data-col-size=\"sm\" data-start=\"1967\" data-end=\"1978\">\u2265 100 N<\/td>\n<\/tr>\n<\/tbody>\n<\/table>\n<\/div>\n<\/div>\n<p data-start=\"1980\" data-end=\"2083\">Die <strong data-start=\"1984\" data-end=\"2003\">LC-Verschluss-Design<\/strong> erm\u00f6glicht eine schnelle Verbindung in dichten Panels und h\u00e4lt die Faser sicher verschlossen.<\/p>\n<hr data-start=\"2085\" data-end=\"2088\" \/>\n<h3 data-start=\"2090\" data-end=\"2116\">Typische Anwendungen<\/h3>\n<p data-start=\"2118\" data-end=\"2151\">Dieser Stecker ist weit verbreitet in:<\/p>\n<ul data-start=\"2153\" data-end=\"2331\">\n<li data-start=\"2153\" data-end=\"2194\">\n<p data-start=\"2155\" data-end=\"2194\">FTTH-Wandsteckdosen und ONT-Anschl\u00fcsse<\/p>\n<\/li>\n<li data-start=\"2195\" data-end=\"2221\">\n<p data-start=\"2197\" data-end=\"2221\">PON-Verteilerk\u00e4sten<\/p>\n<\/li>\n<li data-start=\"2222\" data-end=\"2244\">\n<p data-start=\"2224\" data-end=\"2244\">Glasfaser-Patch-Panels<\/p>\n<\/li>\n<li data-start=\"2245\" data-end=\"2275\">\n<p data-start=\"2247\" data-end=\"2275\">Zugang zu Netzwerk-Patchkabeln<\/p>\n<\/li>\n<li data-start=\"2276\" data-end=\"2306\">\n<p data-start=\"2278\" data-end=\"2306\">CATV- und RF-\u00fcber-Glasfaser-Verbindungen<\/p>\n<\/li>\n<li data-start=\"2307\" data-end=\"2331\">\n<p data-start=\"2309\" data-end=\"2331\">Optische Testjumper<\/p>\n<\/li>\n<\/ul>\n<hr data-start=\"2333\" data-end=\"2336\" \/>\n<h2 data-start=\"2338\" data-end=\"2359\">Fachliche Fragen und Antworten<\/h2>\n<p data-start=\"2361\" data-end=\"2520\"><strong data-start=\"2361\" data-end=\"2410\">Q1: Kann LC APC 2.0mm in Rechenzentren verwendet werden?<\/strong><br data-start=\"2410\" data-end=\"2413\" \/>Ja. Es funktioniert gut in <strong data-start=\"2435\" data-end=\"2468\">Singlemode-Rechenzentrumsverbindungen<\/strong>, insbesondere wenn <strong data-start=\"2487\" data-end=\"2519\">eine hohe R\u00fcckflussd\u00e4mpfung erforderlich ist<\/strong>.<\/p>\n<hr data-start=\"2522\" data-end=\"2525\" \/>\n<p data-start=\"2527\" data-end=\"2706\"><strong data-start=\"2527\" data-end=\"2588\">F2: Ist 2,0 mm stark genug f\u00fcr kundenseitige FTTH-Kabel?<\/strong><br data-start=\"2588\" data-end=\"2591\" \/>Ja. 2,0 mm ist der <strong data-start=\"2609\" data-end=\"2647\">Standardgr\u00f6\u00dfe f\u00fcr FTTH-Patchkabel<\/strong>, und bietet gute Flexibilit\u00e4t bei zuverl\u00e4ssiger Zugfestigkeit.<\/p>\n<hr data-start=\"2708\" data-end=\"2711\" \/>\n<p data-start=\"2713\" data-end=\"2849\"><strong data-start=\"2713\" data-end=\"2750\">F3: Kann LC APC mit LC UPC verbunden werden?<\/strong><br data-start=\"2750\" data-end=\"2753\" \/>Nein. APC und UPC d\u00fcrfen nicht gemischt werden. Andernfalls werden <strong data-start=\"2808\" data-end=\"2848\">hoher optischer Verlust und Besch\u00e4digung der Aderendh\u00fclse<\/strong>.<\/p>","protected":false},"excerpt":{"rendered":"<h3 data-start=\"128\" data-end=\"173\">F\u00fcr echte FTTH- und Glasfaserarbeiten vor Ort gemacht<\/h3>\n<p data-start=\"175\" data-end=\"381\">Die <strong data-start=\"179\" data-end=\"225\">LC APC 2.0mm Simplex Single-Mode Stecker<\/strong> ist konzipiert f\u00fcr <strong data-start=\"242\" data-end=\"302\">Vor-Ort-Glasfaserabschluss und FTTH-Drop-Kabelkonfektionen<\/strong>, wobei beide <strong data-start=\"315\" data-end=\"358\">optische Qualit\u00e4t und mechanische Festigkeit<\/strong> sind ebenso wichtig.<\/p>\n<p data-start=\"383\" data-end=\"620\">Im Vergleich zu 0,9-mm-Pigtail-Steckern ist der <strong data-start=\"427\" data-end=\"453\">2,0 mm ummantelte Version<\/strong> bietet <strong data-start=\"463\" data-end=\"510\">wesentlich bessere Zugentlastung und Zugfestigkeit<\/strong>, und damit geeignet f\u00fcr <strong data-start=\"535\" data-end=\"619\">Wandsteckdosen, ONU-Anschl\u00fcsse, Verteilerk\u00e4sten und kundenseitige Glasfaserverbindungen<\/strong>.<\/p>\n<p data-start=\"622\" data-end=\"760\">Mit <strong data-start=\"627\" data-end=\"651\">APC-Winkelpolieren<\/strong> und die <strong data-start=\"660\" data-end=\"681\">kompaktes LC-Format<\/strong>, liefert dieser Anschluss <strong data-start=\"707\" data-end=\"759\">saubere Signale in hochdichten Glasfaserumgebungen<\/strong>.<\/p>","protected":false},"featured_media":895,"comment_status":"open","ping_status":"closed","template":"","meta":[],"product_brand":[],"product_cat":[50],"product_tag":[],"class_list":{"0":"post-894","1":"product","2":"type-product","3":"status-publish","4":"has-post-thumbnail","6":"product_cat-lc-simplex-connectors-single-modemultimode","8":"first","9":"instock","10":"shipping-taxable","11":"product-type-simple"},"_links":{"self":[{"href":"https:\/\/www.fenxifiber.com\/de\/wp-json\/wp\/v2\/product\/894","targetHints":{"allow":["GET"]}}],"collection":[{"href":"https:\/\/www.fenxifiber.com\/de\/wp-json\/wp\/v2\/product"}],"about":[{"href":"https:\/\/www.fenxifiber.com\/de\/wp-json\/wp\/v2\/types\/product"}],"replies":[{"embeddable":true,"href":"https:\/\/www.fenxifiber.com\/de\/wp-json\/wp\/v2\/comments?post=894"}],"wp:featuredmedia":[{"embeddable":true,"href":"https:\/\/www.fenxifiber.com\/de\/wp-json\/wp\/v2\/media\/895"}],"wp:attachment":[{"href":"https:\/\/www.fenxifiber.com\/de\/wp-json\/wp\/v2\/media?parent=894"}],"wp:term":[{"taxonomy":"product_brand","embeddable":true,"href":"https:\/\/www.fenxifiber.com\/de\/wp-json\/wp\/v2\/product_brand?post=894"},{"taxonomy":"product_cat","embeddable":true,"href":"https:\/\/www.fenxifiber.com\/de\/wp-json\/wp\/v2\/product_cat?post=894"},{"taxonomy":"product_tag","embeddable":true,"href":"https:\/\/www.fenxifiber.com\/de\/wp-json\/wp\/v2\/product_tag?post=894"}],"curies":[{"name":"wp","href":"https:\/\/api.w.org\/{rel}","templated":true}]}}