{"id":896,"date":"2026-02-04T03:07:12","date_gmt":"2026-02-04T03:07:12","guid":{"rendered":"https:\/\/www.fenxifiber.com\/?post_type=product&#038;p=896"},"modified":"2026-02-05T02:23:47","modified_gmt":"2026-02-05T02:23:47","slug":"lc-apc-3-0mm-simplex-singlemode","status":"publish","type":"product","link":"https:\/\/www.fenxifiber.com\/de\/product\/lc-apc-3-0mm-simplex-singlemode\/","title":{"rendered":"LC APC 3.0mm Simplex Single-Mode Stecker"},"content":{"rendered":"<h3 data-start=\"920\" data-end=\"962\">Warum 3,0 mm in Zugangsnetzen wichtig ist<\/h3>\n<div class=\"TyagGW_tableContainer\">\n<div class=\"group TyagGW_tableWrapper flex flex-col-reverse w-fit\" tabindex=\"-1\">\n<table class=\"w-fit min-w-(--thread-content-width)\" data-start=\"964\" data-end=\"1255\">\n<thead data-start=\"964\" data-end=\"1017\">\n<tr data-start=\"964\" data-end=\"1017\">\n<th class=\"\" data-start=\"964\" data-end=\"981\" data-col-size=\"sm\">Kabel-Durchmesser<\/th>\n<th class=\"\" data-start=\"981\" data-end=\"1002\" data-col-size=\"sm\">Mechanischer Nutzen<\/th>\n<th class=\"\" data-start=\"1002\" data-end=\"1017\" data-col-size=\"sm\">Typische Verwendung<\/th>\n<\/tr>\n<\/thead>\n<tbody data-start=\"1071\" data-end=\"1255\">\n<tr data-start=\"1071\" data-end=\"1114\">\n<td data-start=\"1071\" data-end=\"1079\" data-col-size=\"sm\">0,9 mm<\/td>\n<td data-start=\"1079\" data-end=\"1093\" data-col-size=\"sm\">Leichtgewicht<\/td>\n<td data-start=\"1093\" data-end=\"1114\" data-col-size=\"sm\">Interne Pigtails<\/td>\n<\/tr>\n<tr data-start=\"1115\" data-end=\"1164\">\n<td data-start=\"1115\" data-end=\"1123\" data-col-size=\"sm\">2,0 mm<\/td>\n<td data-start=\"1123\" data-end=\"1143\" data-col-size=\"sm\">Flexibel und stark<\/td>\n<td data-col-size=\"sm\" data-start=\"1143\" data-end=\"1164\">FTTH-Innenkabel<\/td>\n<\/tr>\n<tr data-start=\"1165\" data-end=\"1255\">\n<td data-start=\"1165\" data-end=\"1177\" data-col-size=\"sm\"><strong data-start=\"1167\" data-end=\"1176\">3,0 mm<\/strong><\/td>\n<td data-col-size=\"sm\" data-start=\"1177\" data-end=\"1215\"><strong data-start=\"1179\" data-end=\"1214\">Hohe Zug- und Quetschfestigkeit<\/strong><\/td>\n<td data-col-size=\"sm\" data-start=\"1215\" data-end=\"1255\"><strong data-start=\"1217\" data-end=\"1253\">Faserverbindungen f\u00fcr den Au\u00dfenbereich und die Industrie<\/strong><\/td>\n<\/tr>\n<\/tbody>\n<\/table>\n<\/div>\n<\/div>\n<p data-start=\"1257\" data-end=\"1375\">Das 3,0-mm-Design sch\u00fctzt die Fasern vor <strong data-start=\"1295\" data-end=\"1353\">Installationsstress, ungewolltes Ziehen und Vibrationen<\/strong> bei Feldeins\u00e4tzen.<\/p>\n<hr data-start=\"1377\" data-end=\"1380\" \/>\n<h3 data-start=\"1382\" data-end=\"1407\">Optische Leistung<\/h3>\n<div class=\"TyagGW_tableContainer\">\n<div class=\"group TyagGW_tableWrapper flex flex-col-reverse w-fit\" tabindex=\"-1\">\n<table class=\"w-fit min-w-(--thread-content-width)\" data-start=\"1409\" data-end=\"1689\">\n<thead data-start=\"1409\" data-end=\"1438\">\n<tr data-start=\"1409\" data-end=\"1438\">\n<th class=\"\" data-start=\"1409\" data-end=\"1421\" data-col-size=\"sm\">Parameter<\/th>\n<th class=\"\" data-start=\"1421\" data-end=\"1438\" data-col-size=\"sm\">Spezifikation<\/th>\n<\/tr>\n<\/thead>\n<tbody data-start=\"1468\" data-end=\"1689\">\n<tr data-start=\"1468\" data-end=\"1505\">\n<td data-start=\"1468\" data-end=\"1481\" data-col-size=\"sm\">Faser-Typ<\/td>\n<td data-start=\"1481\" data-end=\"1505\" data-col-size=\"sm\">Einzelmode 9\/125 \u00b5m<\/td>\n<\/tr>\n<tr data-start=\"1506\" data-end=\"1532\">\n<td data-start=\"1506\" data-end=\"1520\" data-col-size=\"sm\">Polnischer Typ<\/td>\n<td data-start=\"1520\" data-end=\"1532\" data-col-size=\"sm\">APC (8\u00b0)<\/td>\n<\/tr>\n<tr data-start=\"1533\" data-end=\"1563\">\n<td data-start=\"1533\" data-end=\"1550\" data-col-size=\"sm\">Einf\u00fcged\u00e4mpfung<\/td>\n<td data-start=\"1550\" data-end=\"1563\" data-col-size=\"sm\">\u2264 0,30 dB<\/td>\n<\/tr>\n<tr data-start=\"1564\" data-end=\"1589\">\n<td data-start=\"1564\" data-end=\"1578\" data-col-size=\"sm\">R\u00fcckflussd\u00e4mpfung<\/td>\n<td data-start=\"1578\" data-end=\"1589\" data-col-size=\"sm\">\u2265 60 dB<\/td>\n<\/tr>\n<tr data-start=\"1590\" data-end=\"1622\">\n<td data-start=\"1590\" data-end=\"1604\" data-col-size=\"sm\">Wellenl\u00e4ngen<\/td>\n<td data-start=\"1604\" data-end=\"1622\" data-col-size=\"sm\">1310 \/ 1550 nm<\/td>\n<\/tr>\n<tr data-start=\"1623\" data-end=\"1651\">\n<td data-start=\"1623\" data-end=\"1639\" data-col-size=\"sm\">Reproduzierbarkeit<\/td>\n<td data-start=\"1639\" data-end=\"1651\" data-col-size=\"sm\">\u2264 0,1 dB<\/td>\n<\/tr>\n<tr data-start=\"1652\" data-end=\"1689\">\n<td data-start=\"1652\" data-end=\"1665\" data-col-size=\"sm\">Dauerhaftigkeit<\/td>\n<td data-start=\"1665\" data-end=\"1689\" data-col-size=\"sm\">\u2265 1000 Steckzyklen<\/td>\n<\/tr>\n<\/tbody>\n<\/table>\n<\/div>\n<\/div>\n<p data-start=\"1691\" data-end=\"1787\">Diese Werte entsprechen den Anforderungen von <strong data-start=\"1729\" data-end=\"1786\">GPON, XG-PON, FTTx, CATV und Telekommunikations-Backbone-Systeme<\/strong>.<\/p>\n<hr data-start=\"1789\" data-end=\"1792\" \/>\n<h3 data-start=\"1794\" data-end=\"1830\">Mechanische und strukturelle Planung<\/h3>\n<div class=\"TyagGW_tableContainer\">\n<div class=\"group TyagGW_tableWrapper flex flex-col-reverse w-fit\" tabindex=\"-1\">\n<table class=\"w-fit min-w-(--thread-content-width)\" data-start=\"1832\" data-end=\"2146\">\n<thead data-start=\"1832\" data-end=\"1857\">\n<tr data-start=\"1832\" data-end=\"1857\">\n<th class=\"\" data-start=\"1832\" data-end=\"1842\" data-col-size=\"sm\">Merkmal<\/th>\n<th class=\"\" data-start=\"1842\" data-end=\"1857\" data-col-size=\"sm\">Beschreibung<\/th>\n<\/tr>\n<\/thead>\n<tbody data-start=\"1883\" data-end=\"2146\">\n<tr data-start=\"1883\" data-end=\"1916\">\n<td data-start=\"1883\" data-end=\"1902\" data-col-size=\"sm\">Stecker Format<\/td>\n<td data-start=\"1902\" data-end=\"1916\" data-col-size=\"sm\">LC Simplex<\/td>\n<\/tr>\n<tr data-start=\"1917\" data-end=\"1939\">\n<td data-start=\"1917\" data-end=\"1930\" data-col-size=\"sm\">Kabel Gr\u00f6\u00dfe<\/td>\n<td data-start=\"1930\" data-end=\"1939\" data-col-size=\"sm\">3,0 mm<\/td>\n<\/tr>\n<tr data-start=\"1940\" data-end=\"1977\">\n<td data-start=\"1940\" data-end=\"1950\" data-col-size=\"sm\">Aderendh\u00fclse<\/td>\n<td data-start=\"1950\" data-end=\"1977\" data-col-size=\"sm\">1,25 mm Zirkoniumdioxid-Keramik<\/td>\n<\/tr>\n<tr data-start=\"1978\" data-end=\"2011\">\n<td data-start=\"1978\" data-end=\"1988\" data-col-size=\"sm\">Geh\u00e4use<\/td>\n<td data-start=\"1988\" data-end=\"2011\" data-col-size=\"sm\">Hochschlagfestes Polymer<\/td>\n<\/tr>\n<tr data-start=\"2012\" data-end=\"2046\">\n<td data-start=\"2012\" data-end=\"2019\" data-col-size=\"sm\">Boot<\/td>\n<td data-start=\"2019\" data-end=\"2046\" data-col-size=\"sm\">Lange Zugentlastungsmanschette<\/td>\n<\/tr>\n<tr data-start=\"2047\" data-end=\"2079\">\n<td data-start=\"2047\" data-end=\"2057\" data-col-size=\"sm\">Verriegelung<\/td>\n<td data-col-size=\"sm\" data-start=\"2057\" data-end=\"2079\">LC-Push-Pull-Verriegelung<\/td>\n<\/tr>\n<tr data-start=\"2080\" data-end=\"2115\">\n<td data-start=\"2080\" data-end=\"2097\" data-col-size=\"sm\">Betriebstemperatur<\/td>\n<td data-col-size=\"sm\" data-start=\"2097\" data-end=\"2115\">-40\u00b0C bis +75\u00b0C<\/td>\n<\/tr>\n<tr data-start=\"2116\" data-end=\"2146\">\n<td data-start=\"2116\" data-end=\"2135\" data-col-size=\"sm\">Zugfestigkeit<\/td>\n<td data-col-size=\"sm\" data-start=\"2135\" data-end=\"2146\">\u2265 120 N<\/td>\n<\/tr>\n<\/tbody>\n<\/table>\n<\/div>\n<\/div>\n<p data-start=\"2148\" data-end=\"2289\">Die <strong data-start=\"2152\" data-end=\"2182\">lange Stiefel und dicke Jacke<\/strong> absorbieren die Zugkraft und verhindern die Mikroverformung, so dass die optische Leistung auf Dauer stabil bleibt.<\/p>\n<hr data-start=\"2291\" data-end=\"2294\" \/>\n<h3 data-start=\"2296\" data-end=\"2330\">Wo dieser Anschluss verwendet wird<\/h3>\n<p data-start=\"2332\" data-end=\"2380\">Der LC APC 3.0mm Simplex Stecker ist ideal f\u00fcr:<\/p>\n<ul data-start=\"2382\" data-end=\"2580\">\n<li data-start=\"2382\" data-end=\"2410\">\n<p data-start=\"2384\" data-end=\"2410\">FTTH-Au\u00dfenkabel<\/p>\n<\/li>\n<li data-start=\"2411\" data-end=\"2442\">\n<p data-start=\"2413\" data-end=\"2442\">Glasfaserverteilerschr\u00e4nke<\/p>\n<\/li>\n<li data-start=\"2443\" data-end=\"2468\">\n<p data-start=\"2445\" data-end=\"2468\">Telekommunikations-Basisstationen<\/p>\n<\/li>\n<li data-start=\"2469\" data-end=\"2504\">\n<p data-start=\"2471\" data-end=\"2504\">Industrielle Ethernet-Glasfaserverbindungen<\/p>\n<\/li>\n<li data-start=\"2505\" data-end=\"2539\">\n<p data-start=\"2507\" data-end=\"2539\">CATV- und RF-\u00fcber-Glasfaser-Systeme<\/p>\n<\/li>\n<li data-start=\"2540\" data-end=\"2580\">\n<p data-start=\"2542\" data-end=\"2580\">Optische Pr\u00fcfkabel f\u00fcr den Einsatz in der Praxis<\/p>\n<\/li>\n<\/ul>\n<hr data-start=\"2582\" data-end=\"2585\" \/>\n<h2 data-start=\"2587\" data-end=\"2608\">Fachliche Fragen und Antworten<\/h2>\n<p data-start=\"2610\" data-end=\"2800\"><strong data-start=\"2610\" data-end=\"2662\">Q1: Wann sollte ich 3,0 mm anstelle von 2,0 mm w\u00e4hlen?<\/strong><br data-start=\"2662\" data-end=\"2665\" \/>Verwenden Sie <strong data-start=\"2669\" data-end=\"2678\">3,0 mm<\/strong> wenn das Kabel <strong data-start=\"2702\" data-end=\"2752\">gezogen, h\u00e4ufig gebogen oder im Freien installiert werden<\/strong>. Es bietet einen viel besseren mechanischen Schutz.<\/p>\n<hr data-start=\"2802\" data-end=\"2805\" \/>\n<p data-start=\"2807\" data-end=\"2949\"><strong data-start=\"2807\" data-end=\"2851\">F2: Ist LC APC f\u00fcr PON-Netze erforderlich?<\/strong><br data-start=\"2851\" data-end=\"2854\" \/>Ja. Die meisten <strong data-start=\"2864\" data-end=\"2897\">GPON, XG-PON und CATV-Systeme<\/strong> erfordern APC-Stecker, um Signalreflexionen zu verringern.<\/p>\n<hr data-start=\"2951\" data-end=\"2954\" \/>\n<p data-start=\"2956\" data-end=\"3114\"><strong data-start=\"2956\" data-end=\"3005\">F3: K\u00f6nnen LC APC 3.0mm in Patchpanels verwendet werden?<\/strong><br data-start=\"3005\" data-end=\"3008\" \/>Ja. Er passt auf Standard-LC-Adapter und -Panels, bietet aber <strong data-start=\"3065\" data-end=\"3094\">st\u00e4rkerer Kabelschutz<\/strong> als d\u00fcnnere Schn\u00fcre.<\/p>","protected":false},"excerpt":{"rendered":"<h3 data-start=\"259\" data-end=\"319\">Gebaut f\u00fcr raue Umgebungen und langfristige Zuverl\u00e4ssigkeit<\/h3>\n<p data-start=\"321\" data-end=\"528\">Die <strong data-start=\"325\" data-end=\"371\">LC APC 3,0mm Simplex-Single-Mode-Stecker<\/strong> ist konzipiert f\u00fcr <strong data-start=\"388\" data-end=\"456\">FTTH-Au\u00dfenleitungen, Telekommunikationsschr\u00e4nke und industrielle Glasfaserverbindungen<\/strong> wo der mechanische Schutz ebenso wichtig ist wie die optische Leistung.<\/p>\n<p data-start=\"530\" data-end=\"773\">W\u00e4hrend bei 2,0-mm-Steckern die Flexibilit\u00e4t im Vordergrund steht, ist der <strong data-start=\"579\" data-end=\"595\">3,0 mm Mantel<\/strong> liefert <strong data-start=\"605\" data-end=\"670\">zus\u00e4tzliche Zugfestigkeit, Quetschfestigkeit und Biegeschutz<\/strong>, und ist damit die bevorzugte Wahl f\u00fcr <strong data-start=\"707\" data-end=\"772\">Verbindungskabel, Patchkabel f\u00fcr den Au\u00dfenbereich und Glasfaserleitungen f\u00fcr Basisstationen<\/strong>.<\/p>\n<p data-start=\"775\" data-end=\"913\">Mit seinem <strong data-start=\"784\" data-end=\"805\">APC abgewinkelte Politur<\/strong>, Dieser Anschluss minimiert die R\u00fcckreflexion - eine wichtige Voraussetzung f\u00fcr <strong data-start=\"872\" data-end=\"912\">PON-, CATV- und RF-\u00fcber-Glasfaser-Systeme<\/strong>.<\/p>","protected":false},"featured_media":897,"comment_status":"open","ping_status":"closed","template":"","meta":[],"product_brand":[],"product_cat":[50],"product_tag":[],"class_list":{"0":"post-896","1":"product","2":"type-product","3":"status-publish","4":"has-post-thumbnail","6":"product_cat-lc-simplex-connectors-single-modemultimode","8":"first","9":"instock","10":"shipping-taxable","11":"product-type-simple"},"_links":{"self":[{"href":"https:\/\/www.fenxifiber.com\/de\/wp-json\/wp\/v2\/product\/896","targetHints":{"allow":["GET"]}}],"collection":[{"href":"https:\/\/www.fenxifiber.com\/de\/wp-json\/wp\/v2\/product"}],"about":[{"href":"https:\/\/www.fenxifiber.com\/de\/wp-json\/wp\/v2\/types\/product"}],"replies":[{"embeddable":true,"href":"https:\/\/www.fenxifiber.com\/de\/wp-json\/wp\/v2\/comments?post=896"}],"wp:featuredmedia":[{"embeddable":true,"href":"https:\/\/www.fenxifiber.com\/de\/wp-json\/wp\/v2\/media\/897"}],"wp:attachment":[{"href":"https:\/\/www.fenxifiber.com\/de\/wp-json\/wp\/v2\/media?parent=896"}],"wp:term":[{"taxonomy":"product_brand","embeddable":true,"href":"https:\/\/www.fenxifiber.com\/de\/wp-json\/wp\/v2\/product_brand?post=896"},{"taxonomy":"product_cat","embeddable":true,"href":"https:\/\/www.fenxifiber.com\/de\/wp-json\/wp\/v2\/product_cat?post=896"},{"taxonomy":"product_tag","embeddable":true,"href":"https:\/\/www.fenxifiber.com\/de\/wp-json\/wp\/v2\/product_tag?post=896"}],"curies":[{"name":"wp","href":"https:\/\/api.w.org\/{rel}","templated":true}]}}