{"id":898,"date":"2026-02-04T03:08:46","date_gmt":"2026-02-04T03:08:46","guid":{"rendered":"https:\/\/www.fenxifiber.com\/?post_type=product&#038;p=898"},"modified":"2026-02-05T02:24:15","modified_gmt":"2026-02-05T02:24:15","slug":"lc-upc-0-9mm-simplex-singlemode","status":"publish","type":"product","link":"https:\/\/www.fenxifiber.com\/de\/product\/lc-upc-0-9mm-simplex-singlemode\/","title":{"rendered":"LC UPC 0,9 mm Simplex-Single-Mode-Stecker"},"content":{"rendered":"<h3 data-start=\"793\" data-end=\"829\">Warum 0,9 mm f\u00fcr Pigtails verwendet wird<\/h3>\n<div class=\"TyagGW_tableContainer\">\n<div class=\"group TyagGW_tableWrapper flex flex-col-reverse w-fit\" tabindex=\"-1\">\n<table class=\"w-fit min-w-(--thread-content-width)\" data-start=\"831\" data-end=\"1007\">\n<thead data-start=\"831\" data-end=\"856\">\n<tr data-start=\"831\" data-end=\"856\">\n<th class=\"\" data-start=\"831\" data-end=\"844\" data-col-size=\"sm\">Kabel Gr\u00f6\u00dfe<\/th>\n<th class=\"\" data-start=\"844\" data-end=\"856\" data-col-size=\"md\">Funktion<\/th>\n<\/tr>\n<\/thead>\n<tbody data-start=\"883\" data-end=\"1007\">\n<tr data-start=\"883\" data-end=\"941\">\n<td data-start=\"883\" data-end=\"895\" data-col-size=\"sm\"><strong data-start=\"885\" data-end=\"894\">0,9 mm<\/strong><\/td>\n<td data-col-size=\"md\" data-start=\"895\" data-end=\"941\">Fusionsgesplei\u00dfte Pigtails &amp; interne Verlegung<\/td>\n<\/tr>\n<tr data-start=\"942\" data-end=\"965\">\n<td data-start=\"942\" data-end=\"950\" data-col-size=\"sm\">2,0 mm<\/td>\n<td data-col-size=\"md\" data-start=\"950\" data-end=\"965\">Patchkabel<\/td>\n<\/tr>\n<tr data-start=\"966\" data-end=\"1007\">\n<td data-start=\"966\" data-end=\"974\" data-col-size=\"sm\">3,0 mm<\/td>\n<td data-col-size=\"md\" data-start=\"974\" data-end=\"1007\">Outdoor &amp; hochfeste Schn\u00fcre<\/td>\n<\/tr>\n<\/tbody>\n<\/table>\n<\/div>\n<\/div>\n<p data-start=\"1009\" data-end=\"1157\">Die <strong data-start=\"1013\" data-end=\"1034\">d\u00fcnner 0,9 mm Mantel<\/strong> erm\u00f6glicht es, die Faser <strong data-start=\"1058\" data-end=\"1115\">ordentlich in Splei\u00dfkassetten und Faserkassetten aufbewahrt<\/strong>, und sch\u00fctzt gleichzeitig die beschichtete Faser.<\/p>\n<hr data-start=\"1159\" data-end=\"1162\" \/>\n<h3 data-start=\"1164\" data-end=\"1189\">Optische Leistung<\/h3>\n<div class=\"TyagGW_tableContainer\">\n<div class=\"group TyagGW_tableWrapper flex flex-col-reverse w-fit\" tabindex=\"-1\">\n<table class=\"w-fit min-w-(--thread-content-width)\" data-start=\"1191\" data-end=\"1484\">\n<thead data-start=\"1191\" data-end=\"1220\">\n<tr data-start=\"1191\" data-end=\"1220\">\n<th class=\"\" data-start=\"1191\" data-end=\"1203\" data-col-size=\"sm\">Parameter<\/th>\n<th class=\"\" data-start=\"1203\" data-end=\"1220\" data-col-size=\"sm\">Typischer Wert<\/th>\n<\/tr>\n<\/thead>\n<tbody data-start=\"1250\" data-end=\"1484\">\n<tr data-start=\"1250\" data-end=\"1287\">\n<td data-start=\"1250\" data-end=\"1263\" data-col-size=\"sm\">Faser-Typ<\/td>\n<td data-start=\"1263\" data-end=\"1287\" data-col-size=\"sm\">Einzelmode 9\/125 \u00b5m<\/td>\n<\/tr>\n<tr data-start=\"1288\" data-end=\"1309\">\n<td data-start=\"1288\" data-end=\"1302\" data-col-size=\"sm\">Polnischer Typ<\/td>\n<td data-start=\"1302\" data-end=\"1309\" data-col-size=\"sm\">UPC<\/td>\n<\/tr>\n<tr data-start=\"1310\" data-end=\"1340\">\n<td data-start=\"1310\" data-end=\"1327\" data-col-size=\"sm\">Einf\u00fcged\u00e4mpfung<\/td>\n<td data-col-size=\"sm\" data-start=\"1327\" data-end=\"1340\">\u2264 0,25 dB<\/td>\n<\/tr>\n<tr data-start=\"1341\" data-end=\"1366\">\n<td data-start=\"1341\" data-end=\"1355\" data-col-size=\"sm\">R\u00fcckflussd\u00e4mpfung<\/td>\n<td data-col-size=\"sm\" data-start=\"1355\" data-end=\"1366\">\u2265 50 dB<\/td>\n<\/tr>\n<tr data-start=\"1367\" data-end=\"1408\">\n<td data-start=\"1367\" data-end=\"1390\" data-col-size=\"sm\">Betriebswellenl\u00e4nge<\/td>\n<td data-col-size=\"sm\" data-start=\"1390\" data-end=\"1408\">1310 \/ 1550 nm<\/td>\n<\/tr>\n<tr data-start=\"1409\" data-end=\"1446\">\n<td data-start=\"1409\" data-end=\"1429\" data-col-size=\"sm\">Stirnseitengeometrie<\/td>\n<td data-col-size=\"sm\" data-start=\"1429\" data-end=\"1446\">IEC-konform<\/td>\n<\/tr>\n<tr data-start=\"1447\" data-end=\"1484\">\n<td data-start=\"1447\" data-end=\"1467\" data-col-size=\"sm\">Dauerhaftigkeit der Paarung<\/td>\n<td data-col-size=\"sm\" data-start=\"1467\" data-end=\"1484\">\u2265 1000 Zyklen<\/td>\n<\/tr>\n<\/tbody>\n<\/table>\n<\/div>\n<\/div>\n<p data-start=\"1486\" data-end=\"1582\">UPC-Polieren gew\u00e4hrleistet <strong data-start=\"1508\" data-end=\"1538\">stabile Signal\u00fcbertragung<\/strong> f\u00fcr die meisten <strong data-start=\"1548\" data-end=\"1581\">Telekommunikations- und Datenanwendungen<\/strong>.<\/p>\n<hr data-start=\"1584\" data-end=\"1587\" \/>\n<h3 data-start=\"1589\" data-end=\"1615\">Mechanische Struktur<\/h3>\n<div class=\"TyagGW_tableContainer\">\n<div class=\"group TyagGW_tableWrapper flex flex-col-reverse w-fit\" tabindex=\"-1\">\n<table class=\"w-fit min-w-(--thread-content-width)\" data-start=\"1617\" data-end=\"1857\">\n<thead data-start=\"1617\" data-end=\"1641\">\n<tr data-start=\"1617\" data-end=\"1641\">\n<th class=\"\" data-start=\"1617\" data-end=\"1624\" data-col-size=\"sm\">Artikel<\/th>\n<th class=\"\" data-start=\"1624\" data-end=\"1641\" data-col-size=\"sm\">Spezifikation<\/th>\n<\/tr>\n<\/thead>\n<tbody data-start=\"1667\" data-end=\"1857\">\n<tr data-start=\"1667\" data-end=\"1698\">\n<td data-start=\"1667\" data-end=\"1684\" data-col-size=\"sm\">Stecker Typ<\/td>\n<td data-start=\"1684\" data-end=\"1698\" data-col-size=\"sm\">LC Simplex<\/td>\n<\/tr>\n<tr data-start=\"1699\" data-end=\"1725\">\n<td data-start=\"1699\" data-end=\"1716\" data-col-size=\"sm\">Kabel-Durchmesser<\/td>\n<td data-start=\"1716\" data-end=\"1725\" data-col-size=\"sm\">0,9 mm<\/td>\n<\/tr>\n<tr data-start=\"1726\" data-end=\"1763\">\n<td data-start=\"1726\" data-end=\"1736\" data-col-size=\"sm\">Aderendh\u00fclse<\/td>\n<td data-start=\"1736\" data-end=\"1763\" data-col-size=\"sm\">1,25 mm Zirkoniumdioxid-Keramik<\/td>\n<\/tr>\n<tr data-start=\"1764\" data-end=\"1793\">\n<td data-start=\"1764\" data-end=\"1771\" data-col-size=\"sm\">Boot<\/td>\n<td data-start=\"1771\" data-end=\"1793\" data-col-size=\"sm\">Kurzer Stiefel mit Zopfmuster<\/td>\n<\/tr>\n<tr data-start=\"1794\" data-end=\"1818\">\n<td data-start=\"1794\" data-end=\"1802\" data-col-size=\"sm\">Verriegelung<\/td>\n<td data-start=\"1802\" data-end=\"1818\" data-col-size=\"sm\">LC-Push-Pull<\/td>\n<\/tr>\n<tr data-start=\"1819\" data-end=\"1857\">\n<td data-start=\"1819\" data-end=\"1839\" data-col-size=\"sm\">Temperaturbereich<\/td>\n<td data-start=\"1839\" data-end=\"1857\" data-col-size=\"sm\">-40\u00b0C bis +75\u00b0C<\/td>\n<\/tr>\n<\/tbody>\n<\/table>\n<\/div>\n<\/div>\n<p data-start=\"1859\" data-end=\"1968\">Die <strong data-start=\"1863\" data-end=\"1884\">Kurzstiefelkonstruktion<\/strong> kann der Steckverbinder leicht in die <strong data-start=\"1925\" data-end=\"1967\">Splei\u00dfkassetten und kompakte Fasermodule<\/strong>.<\/p>\n<hr data-start=\"1970\" data-end=\"1973\" \/>\n<h3 data-start=\"1975\" data-end=\"2001\">Typische Anwendungen<\/h3>\n<p data-start=\"2003\" data-end=\"2036\">Dieser Stecker ist weit verbreitet in:<\/p>\n<ul data-start=\"2038\" data-end=\"2202\">\n<li data-start=\"2038\" data-end=\"2062\">\n<p data-start=\"2040\" data-end=\"2062\">Faseroptische Pigtails<\/p>\n<\/li>\n<li data-start=\"2063\" data-end=\"2094\">\n<p data-start=\"2065\" data-end=\"2094\">ODF und Verteilerrahmen<\/p>\n<\/li>\n<li data-start=\"2095\" data-end=\"2131\">\n<p data-start=\"2097\" data-end=\"2131\">Faserkassetten und Splei\u00dfkassetten<\/p>\n<\/li>\n<li data-start=\"2132\" data-end=\"2168\">\n<p data-start=\"2134\" data-end=\"2168\">Optische Transceiver und Module<\/p>\n<\/li>\n<li data-start=\"2169\" data-end=\"2202\">\n<p data-start=\"2171\" data-end=\"2202\">FTTH-Hauptverteileranlagen<\/p>\n<\/li>\n<\/ul>\n<hr data-start=\"2204\" data-end=\"2207\" \/>\n<h2 data-start=\"2209\" data-end=\"2230\">Fachliche Fragen und Antworten<\/h2>\n<p data-start=\"2232\" data-end=\"2397\"><strong data-start=\"2232\" data-end=\"2285\">Q1: Kann LC UPC 0,9 mm f\u00fcr die Herstellung von Patchkabeln verwendet werden?<\/strong><br data-start=\"2285\" data-end=\"2288\" \/>Nr. 0,9mm Steckverbinder sind f\u00fcr <strong data-start=\"2326\" data-end=\"2338\">Z\u00f6pfe<\/strong> und m\u00fcssen an dickere Kabel gesplei\u00dft werden, um Patchkabel zu bilden.<\/p>\n<hr data-start=\"2399\" data-end=\"2402\" \/>\n<p data-start=\"2404\" data-end=\"2593\"><strong data-start=\"2404\" data-end=\"2452\">F2: Wann sollte ich mich f\u00fcr UPC statt f\u00fcr APC entscheiden?<\/strong><br data-start=\"2452\" data-end=\"2455\" \/>UPC wird verwendet in <strong data-start=\"2470\" data-end=\"2507\">allgemeine Telekommunikations- und Datennetze<\/strong>. APC ist erforderlich f\u00fcr <strong data-start=\"2529\" data-end=\"2553\">PON- und CATV-Systeme<\/strong> wo die Reflexion extrem niedrig sein muss.<\/p>\n<hr data-start=\"2595\" data-end=\"2598\" \/>\n<p data-start=\"2600\" data-end=\"2738\"><strong data-start=\"2600\" data-end=\"2654\">F3: Ist dieser Stecker mit LC-Adaptern kompatibel?<\/strong><br data-start=\"2654\" data-end=\"2657\" \/>Ja. Es passt perfekt zu <strong data-start=\"2686\" data-end=\"2714\">Standard-LC-UPC-Adapter<\/strong> und LC UPC-Verbindungskabel.<\/p>","protected":false},"excerpt":{"rendered":"<h3 data-start=\"220\" data-end=\"271\">Entwickelt f\u00fcr saubere, pr\u00e4zise Faserabschl\u00fcsse<\/h3>\n<p data-start=\"273\" data-end=\"582\">Die <strong data-start=\"277\" data-end=\"323\">LC UPC 0,9 mm Simplex-Single-Mode-Stecker<\/strong> ist optimiert f\u00fcr <strong data-start=\"341\" data-end=\"429\">werkseitig hergestellte Pigtails, interne Ger\u00e4teverkabelung und hochpr\u00e4zise optische Module<\/strong>.<br data-start=\"430\" data-end=\"433\" \/>Im Gegensatz zu ummantelten 2,0mm- und 3,0mm-Steckern, die f\u00fcr Patchkabel verwendet werden, ist der <strong data-start=\"502\" data-end=\"581\">Die 0,9-mm-Version ist f\u00fcr direktes Fusionssplei\u00dfen und kompaktes Faserrouting ausgelegt<\/strong>.<\/p>\n<p data-start=\"584\" data-end=\"786\">Mit einem <strong data-start=\"591\" data-end=\"616\">UPC polierte Stirnfl\u00e4che<\/strong> und eine <strong data-start=\"623\" data-end=\"649\">1,25 mm Keramik-Ferrule<\/strong>, liefert er <strong data-start=\"663\" data-end=\"708\">stabile Einf\u00fcgungsd\u00e4mpfung und geringer Reflexionsgrad<\/strong>, und damit ideal f\u00fcr <strong data-start=\"730\" data-end=\"785\">ODF-Tabletts, optische Module und Verteilerrahmen<\/strong>.<\/p>","protected":false},"featured_media":899,"comment_status":"open","ping_status":"closed","template":"","meta":[],"product_brand":[],"product_cat":[50],"product_tag":[],"class_list":{"0":"post-898","1":"product","2":"type-product","3":"status-publish","4":"has-post-thumbnail","6":"product_cat-lc-simplex-connectors-single-modemultimode","8":"first","9":"instock","10":"shipping-taxable","11":"product-type-simple"},"_links":{"self":[{"href":"https:\/\/www.fenxifiber.com\/de\/wp-json\/wp\/v2\/product\/898","targetHints":{"allow":["GET"]}}],"collection":[{"href":"https:\/\/www.fenxifiber.com\/de\/wp-json\/wp\/v2\/product"}],"about":[{"href":"https:\/\/www.fenxifiber.com\/de\/wp-json\/wp\/v2\/types\/product"}],"replies":[{"embeddable":true,"href":"https:\/\/www.fenxifiber.com\/de\/wp-json\/wp\/v2\/comments?post=898"}],"wp:featuredmedia":[{"embeddable":true,"href":"https:\/\/www.fenxifiber.com\/de\/wp-json\/wp\/v2\/media\/899"}],"wp:attachment":[{"href":"https:\/\/www.fenxifiber.com\/de\/wp-json\/wp\/v2\/media?parent=898"}],"wp:term":[{"taxonomy":"product_brand","embeddable":true,"href":"https:\/\/www.fenxifiber.com\/de\/wp-json\/wp\/v2\/product_brand?post=898"},{"taxonomy":"product_cat","embeddable":true,"href":"https:\/\/www.fenxifiber.com\/de\/wp-json\/wp\/v2\/product_cat?post=898"},{"taxonomy":"product_tag","embeddable":true,"href":"https:\/\/www.fenxifiber.com\/de\/wp-json\/wp\/v2\/product_tag?post=898"}],"curies":[{"name":"wp","href":"https:\/\/api.w.org\/{rel}","templated":true}]}}