{"id":900,"date":"2026-02-04T03:09:50","date_gmt":"2026-02-04T03:09:50","guid":{"rendered":"https:\/\/www.fenxifiber.com\/?post_type=product&#038;p=900"},"modified":"2026-02-05T02:24:57","modified_gmt":"2026-02-05T02:24:57","slug":"lc-upc-0-9mm-simplex-multimode-see-blau","status":"publish","type":"product","link":"https:\/\/www.fenxifiber.com\/de\/product\/lc-upc-0-9mm-simplex-multimode-lake-blue\/","title":{"rendered":"LC UPC 0.9mm Simplex Multimode Stecker (Lake Blue)"},"content":{"rendered":"<h3 data-start=\"811\" data-end=\"860\">Warum 0,9 mm perfekt f\u00fcr Multimode-Pigtails ist<\/h3>\n<div class=\"TyagGW_tableContainer\">\n<div class=\"group TyagGW_tableWrapper flex flex-col-reverse w-fit\" tabindex=\"-1\">\n<table class=\"w-fit min-w-(--thread-content-width)\" data-start=\"862\" data-end=\"1062\">\n<thead data-start=\"862\" data-end=\"899\">\n<tr data-start=\"862\" data-end=\"899\">\n<th class=\"\" data-start=\"862\" data-end=\"879\" data-col-size=\"sm\">Kabel-Durchmesser<\/th>\n<th class=\"\" data-start=\"879\" data-end=\"899\" data-col-size=\"sm\">Typische Funktion<\/th>\n<\/tr>\n<\/thead>\n<tbody data-start=\"938\" data-end=\"1062\">\n<tr data-start=\"938\" data-end=\"991\">\n<td data-start=\"938\" data-end=\"950\" data-col-size=\"sm\"><strong data-start=\"940\" data-end=\"949\">0,9 mm<\/strong><\/td>\n<td data-start=\"950\" data-end=\"991\" data-col-size=\"sm\">Multimode-Pigtails &amp; interne Module<\/td>\n<\/tr>\n<tr data-start=\"992\" data-end=\"1025\">\n<td data-start=\"992\" data-end=\"1000\" data-col-size=\"sm\">2,0 mm<\/td>\n<td data-start=\"1000\" data-end=\"1025\" data-col-size=\"sm\">Multimode-Patchkabel<\/td>\n<\/tr>\n<tr data-start=\"1026\" data-end=\"1062\">\n<td data-start=\"1026\" data-end=\"1034\" data-col-size=\"sm\">3,0 mm<\/td>\n<td data-start=\"1034\" data-end=\"1062\" data-col-size=\"sm\">Robuste Multimode-Jumper<\/td>\n<\/tr>\n<\/tbody>\n<\/table>\n<\/div>\n<\/div>\n<p data-start=\"1064\" data-end=\"1193\">Die <strong data-start=\"1068\" data-end=\"1089\">schlanker 0,9 mm Mantel<\/strong> ist ideal f\u00fcr <strong data-start=\"1103\" data-end=\"1192\">Fusionssplei\u00dfen und enges Routing innerhalb von Patchpanels, Transceivern und Splei\u00dff\u00e4chern<\/strong>.<\/p>\n<hr data-start=\"1195\" data-end=\"1198\" \/>\n<h3 data-start=\"1200\" data-end=\"1240\">Optische Spezifikationen (Multimode)<\/h3>\n<div class=\"TyagGW_tableContainer\">\n<div class=\"group TyagGW_tableWrapper flex flex-col-reverse w-fit\" tabindex=\"-1\">\n<table class=\"w-fit min-w-(--thread-content-width)\" data-start=\"1242\" data-end=\"1557\">\n<thead data-start=\"1242\" data-end=\"1271\">\n<tr data-start=\"1242\" data-end=\"1271\">\n<th class=\"\" data-start=\"1242\" data-end=\"1254\" data-col-size=\"sm\">Parameter<\/th>\n<th class=\"\" data-start=\"1254\" data-end=\"1271\" data-col-size=\"sm\">Typischer Wert<\/th>\n<\/tr>\n<\/thead>\n<tbody data-start=\"1301\" data-end=\"1557\">\n<tr data-start=\"1301\" data-end=\"1354\">\n<td data-start=\"1301\" data-end=\"1314\" data-col-size=\"sm\">Faser-Typ<\/td>\n<td data-start=\"1314\" data-end=\"1354\" data-col-size=\"sm\">Multimode (50\/125 \u00b5m oder 62,5\/125 \u00b5m)<\/td>\n<\/tr>\n<tr data-start=\"1355\" data-end=\"1376\">\n<td data-start=\"1355\" data-end=\"1369\" data-col-size=\"sm\">Polnischer Typ<\/td>\n<td data-start=\"1369\" data-end=\"1376\" data-col-size=\"sm\">UPC<\/td>\n<\/tr>\n<tr data-start=\"1377\" data-end=\"1407\">\n<td data-start=\"1377\" data-end=\"1394\" data-col-size=\"sm\">Einf\u00fcged\u00e4mpfung<\/td>\n<td data-start=\"1394\" data-end=\"1407\" data-col-size=\"sm\">\u2264 0,30 dB<\/td>\n<\/tr>\n<tr data-start=\"1408\" data-end=\"1433\">\n<td data-start=\"1408\" data-end=\"1422\" data-col-size=\"sm\">R\u00fcckflussd\u00e4mpfung<\/td>\n<td data-start=\"1422\" data-end=\"1433\" data-col-size=\"sm\">\u2265 35 dB<\/td>\n<\/tr>\n<tr data-start=\"1434\" data-end=\"1468\">\n<td data-start=\"1434\" data-end=\"1448\" data-col-size=\"sm\">Wellenl\u00e4ngen<\/td>\n<td data-start=\"1448\" data-end=\"1468\" data-col-size=\"sm\">850 nm \/ 1300 nm<\/td>\n<\/tr>\n<tr data-start=\"1469\" data-end=\"1525\">\n<td data-start=\"1469\" data-end=\"1487\" data-col-size=\"sm\">Modale Bandbreite<\/td>\n<td data-start=\"1487\" data-end=\"1525\" data-col-size=\"sm\">Optimiert f\u00fcr Hochgeschwindigkeits-LAN-Verbindungen<\/td>\n<\/tr>\n<tr data-start=\"1526\" data-end=\"1557\">\n<td data-start=\"1526\" data-end=\"1540\" data-col-size=\"sm\">Paarungsleben<\/td>\n<td data-start=\"1540\" data-end=\"1557\" data-col-size=\"sm\">\u2265 1000 Zyklen<\/td>\n<\/tr>\n<\/tbody>\n<\/table>\n<\/div>\n<\/div>\n<p data-start=\"1559\" data-end=\"1659\">Diese Leistung unterst\u00fctzt <strong data-start=\"1585\" data-end=\"1637\">10G-, 25G-, 40G- und kurzreichweitige 100G-Lichtwellenleiterverbindungen<\/strong> \u00fcber Multimode-Faser.<\/p>\n<hr data-start=\"1661\" data-end=\"1664\" \/>\n<h3 data-start=\"1666\" data-end=\"1694\">Konstruktion des Steckers<\/h3>\n<div class=\"TyagGW_tableContainer\">\n<div class=\"group TyagGW_tableWrapper flex flex-col-reverse w-fit\" tabindex=\"-1\">\n<table class=\"w-fit min-w-(--thread-content-width)\" data-start=\"1696\" data-end=\"1961\">\n<thead data-start=\"1696\" data-end=\"1723\">\n<tr data-start=\"1696\" data-end=\"1723\">\n<th class=\"\" data-start=\"1696\" data-end=\"1706\" data-col-size=\"sm\">Merkmal<\/th>\n<th class=\"\" data-start=\"1706\" data-end=\"1723\" data-col-size=\"sm\">Spezifikation<\/th>\n<\/tr>\n<\/thead>\n<tbody data-start=\"1751\" data-end=\"1961\">\n<tr data-start=\"1751\" data-end=\"1782\">\n<td data-start=\"1751\" data-end=\"1768\" data-col-size=\"sm\">Stecker Typ<\/td>\n<td data-start=\"1768\" data-end=\"1782\" data-col-size=\"sm\">LC Simplex<\/td>\n<\/tr>\n<tr data-start=\"1783\" data-end=\"1805\">\n<td data-start=\"1783\" data-end=\"1796\" data-col-size=\"sm\">Kabel Gr\u00f6\u00dfe<\/td>\n<td data-start=\"1796\" data-end=\"1805\" data-col-size=\"sm\">0,9 mm<\/td>\n<\/tr>\n<tr data-start=\"1806\" data-end=\"1843\">\n<td data-start=\"1806\" data-end=\"1816\" data-col-size=\"sm\">Aderendh\u00fclse<\/td>\n<td data-start=\"1816\" data-end=\"1843\" data-col-size=\"sm\">1,25 mm Zirkoniumdioxid-Keramik<\/td>\n<\/tr>\n<tr data-start=\"1844\" data-end=\"1887\">\n<td data-start=\"1844\" data-end=\"1857\" data-col-size=\"sm\">Farbe des Stiefels<\/td>\n<td data-start=\"1857\" data-end=\"1887\" data-col-size=\"sm\">Lake Blue (Multimode-Code)<\/td>\n<\/tr>\n<tr data-start=\"1888\" data-end=\"1918\">\n<td data-start=\"1888\" data-end=\"1896\" data-col-size=\"sm\">Verriegelung<\/td>\n<td data-start=\"1896\" data-end=\"1918\" data-col-size=\"sm\">LC-Push-Pull-Verriegelung<\/td>\n<\/tr>\n<tr data-start=\"1919\" data-end=\"1961\">\n<td data-start=\"1919\" data-end=\"1943\" data-col-size=\"sm\">Betriebstemperatur<\/td>\n<td data-start=\"1943\" data-end=\"1961\" data-col-size=\"sm\">-40\u00b0C bis +75\u00b0C<\/td>\n<\/tr>\n<\/tbody>\n<\/table>\n<\/div>\n<\/div>\n<p data-start=\"1963\" data-end=\"2077\">Die <strong data-start=\"1967\" data-end=\"1988\">Lake Blue Geh\u00e4use<\/strong> gew\u00e4hrleistet <strong data-start=\"1997\" data-end=\"2028\">schnelle visuelle Identifizierung<\/strong> in gemischten Singlemode- und Multimode-Umgebungen.<\/p>\n<hr data-start=\"2079\" data-end=\"2082\" \/>\n<h3 data-start=\"2084\" data-end=\"2110\">Typische Anwendungen<\/h3>\n<p data-start=\"2112\" data-end=\"2160\">Dieser LC-Multimode-Steckverbinder wird \u00fcblicherweise verwendet in:<\/p>\n<ul data-start=\"2162\" data-end=\"2334\">\n<li data-start=\"2162\" data-end=\"2190\">\n<p data-start=\"2164\" data-end=\"2190\">Patchfelder f\u00fcr Rechenzentren<\/p>\n<\/li>\n<li data-start=\"2191\" data-end=\"2213\">\n<p data-start=\"2193\" data-end=\"2213\">Multimode-Pigtails<\/p>\n<\/li>\n<li data-start=\"2214\" data-end=\"2245\">\n<p data-start=\"2216\" data-end=\"2245\">Optische Transceivermodule<\/p>\n<\/li>\n<li data-start=\"2246\" data-end=\"2281\">\n<p data-start=\"2248\" data-end=\"2281\">LAN und Unternehmens-Glasfasernetze<\/p>\n<\/li>\n<li data-start=\"2282\" data-end=\"2304\">\n<p data-start=\"2284\" data-end=\"2304\">Optische Pr\u00fcfschn\u00fcre<\/p>\n<\/li>\n<li data-start=\"2305\" data-end=\"2334\">\n<p data-start=\"2307\" data-end=\"2334\">Interne Verkabelung der Ger\u00e4te<\/p>\n<\/li>\n<\/ul>\n<hr data-start=\"2336\" data-end=\"2339\" \/>\n<h2 data-start=\"2341\" data-end=\"2362\">Fachliche Fragen und Antworten<\/h2>\n<p data-start=\"2364\" data-end=\"2517\"><strong data-start=\"2364\" data-end=\"2403\">Q1: Warum ist der Verbindungssee blau?<\/strong><br data-start=\"2403\" data-end=\"2406\" \/>Der blaue See ist der <strong data-start=\"2423\" data-end=\"2461\">Standardfarbe f\u00fcr Multimode-Fasern<\/strong>, Dadurch wird eine Vermischung mit gelben Singlemode-Kabeln vermieden.<\/p>\n<hr data-start=\"2519\" data-end=\"2522\" \/>\n<p data-start=\"2524\" data-end=\"2668\"><strong data-start=\"2524\" data-end=\"2572\">F2: Kann LC-Multimode an Singlemode angeschlossen werden?<\/strong><br data-start=\"2572\" data-end=\"2575\" \/>Nein. Multimode- und Singlemode-Fasern haben <strong data-start=\"2617\" data-end=\"2641\">verschiedene Kerngr\u00f6\u00dfen<\/strong> und darf nicht angeschlossen werden.<\/p>\n<hr data-start=\"2670\" data-end=\"2673\" \/>\n<p data-start=\"2675\" data-end=\"2844\"><strong data-start=\"2675\" data-end=\"2722\">F3: Ist das UPC-Polieren f\u00fcr Multimode korrekt?<\/strong><br data-start=\"2722\" data-end=\"2725\" \/>Ja. <strong data-start=\"2730\" data-end=\"2771\">UPC ist Standard f\u00fcr Multimode-Systeme<\/strong> und bietet eine stabile Einf\u00fcgungsd\u00e4mpfung f\u00fcr Hochgeschwindigkeitsnetze mit kurzen Reichweiten.<\/p>","protected":false},"excerpt":{"rendered":"<h3 data-start=\"195\" data-end=\"248\">Gebaut f\u00fcr optische Hochgeschwindigkeitsverbindungen mit kurzer Reichweite<\/h3>\n<p data-start=\"250\" data-end=\"468\">Die <strong data-start=\"254\" data-end=\"310\">LC UPC 0.9mm Simplex Multimode Stecker (Lake Blue)<\/strong> ist konzipiert f\u00fcr <strong data-start=\"329\" data-end=\"369\">Multimode-Fasersysteme mit hoher Dichte<\/strong>, wobei <strong data-start=\"377\" data-end=\"454\">schnelle Daten\u00fcbertragung, einfache Identifizierung und kompaktes Kabelmanagement<\/strong> sind erforderlich.<\/p>\n<p data-start=\"470\" data-end=\"804\">Verwendung von <strong data-start=\"476\" data-end=\"513\">Multimode-Faser und UPC-Polieren<\/strong>, Dieser Steckverbinder wird h\u00e4ufig verwendet in <strong data-start=\"548\" data-end=\"628\">Rechenzentren, Unternehmensnetzwerke, optische Module und LAN-Faserbaugruppen<\/strong>.<br data-start=\"629\" data-end=\"632\" \/>Die <strong data-start=\"636\" data-end=\"655\">Seeblau Farbe<\/strong> folgt der internationalen Farbcodierung von Fasern, so dass Techniker sofort erkennen k\u00f6nnen <strong data-start=\"742\" data-end=\"767\">Multimode-Verbindungen<\/strong> bei der Installation und Wartung.<\/p>","protected":false},"featured_media":901,"comment_status":"open","ping_status":"closed","template":"","meta":[],"product_brand":[],"product_cat":[50],"product_tag":[],"class_list":{"0":"post-900","1":"product","2":"type-product","3":"status-publish","4":"has-post-thumbnail","6":"product_cat-lc-simplex-connectors-single-modemultimode","8":"first","9":"instock","10":"shipping-taxable","11":"product-type-simple"},"_links":{"self":[{"href":"https:\/\/www.fenxifiber.com\/de\/wp-json\/wp\/v2\/product\/900","targetHints":{"allow":["GET"]}}],"collection":[{"href":"https:\/\/www.fenxifiber.com\/de\/wp-json\/wp\/v2\/product"}],"about":[{"href":"https:\/\/www.fenxifiber.com\/de\/wp-json\/wp\/v2\/types\/product"}],"replies":[{"embeddable":true,"href":"https:\/\/www.fenxifiber.com\/de\/wp-json\/wp\/v2\/comments?post=900"}],"wp:featuredmedia":[{"embeddable":true,"href":"https:\/\/www.fenxifiber.com\/de\/wp-json\/wp\/v2\/media\/901"}],"wp:attachment":[{"href":"https:\/\/www.fenxifiber.com\/de\/wp-json\/wp\/v2\/media?parent=900"}],"wp:term":[{"taxonomy":"product_brand","embeddable":true,"href":"https:\/\/www.fenxifiber.com\/de\/wp-json\/wp\/v2\/product_brand?post=900"},{"taxonomy":"product_cat","embeddable":true,"href":"https:\/\/www.fenxifiber.com\/de\/wp-json\/wp\/v2\/product_cat?post=900"},{"taxonomy":"product_tag","embeddable":true,"href":"https:\/\/www.fenxifiber.com\/de\/wp-json\/wp\/v2\/product_tag?post=900"}],"curies":[{"name":"wp","href":"https:\/\/api.w.org\/{rel}","templated":true}]}}