{"id":904,"date":"2026-02-04T03:12:00","date_gmt":"2026-02-04T03:12:00","guid":{"rendered":"https:\/\/www.fenxifiber.com\/?post_type=product&#038;p=904"},"modified":"2026-02-05T02:26:08","modified_gmt":"2026-02-05T02:26:08","slug":"lc-upc-0-9mm-simplex-multimode-aqua-grun","status":"publish","type":"product","link":"https:\/\/www.fenxifiber.com\/de\/product\/lc-upc-0-9mm-simplex-multimode-aqua-green\/","title":{"rendered":"LC UPC 0.9mm Simplex Multimode Stecker (Aqua Gr\u00fcn)"},"content":{"rendered":"<h3 data-start=\"874\" data-end=\"920\">Warum OM3 immer noch die Glasfaser f\u00fcr Unternehmen dominiert<\/h3>\n<div class=\"TyagGW_tableContainer\">\n<div class=\"group TyagGW_tableWrapper flex flex-col-reverse w-fit\" tabindex=\"-1\">\n<table class=\"w-fit min-w-(--thread-content-width)\" data-start=\"922\" data-end=\"1195\">\n<thead data-start=\"922\" data-end=\"965\">\n<tr data-start=\"922\" data-end=\"965\">\n<th class=\"\" data-start=\"922\" data-end=\"936\" data-col-size=\"sm\">Faserqualit\u00e4t<\/th>\n<th class=\"\" data-start=\"936\" data-end=\"944\" data-col-size=\"sm\">Farbe<\/th>\n<th class=\"\" data-start=\"944\" data-end=\"965\" data-col-size=\"sm\">Typische Datenrate<\/th>\n<\/tr>\n<\/thead>\n<tbody data-start=\"1009\" data-end=\"1195\">\n<tr data-start=\"1009\" data-end=\"1034\">\n<td data-start=\"1009\" data-end=\"1015\" data-col-size=\"sm\">OM2<\/td>\n<td data-start=\"1015\" data-end=\"1024\" data-col-size=\"sm\">Orange<\/td>\n<td data-start=\"1024\" data-end=\"1034\" data-col-size=\"sm\">1G-10G<\/td>\n<\/tr>\n<tr data-start=\"1035\" data-end=\"1092\">\n<td data-start=\"1035\" data-end=\"1045\" data-col-size=\"sm\"><strong data-start=\"1037\" data-end=\"1044\">OM3<\/strong><\/td>\n<td data-start=\"1045\" data-end=\"1062\" data-col-size=\"sm\"><strong data-start=\"1047\" data-end=\"1061\">Aqua Gr\u00fcn<\/strong><\/td>\n<td data-start=\"1062\" data-end=\"1092\" data-col-size=\"sm\"><strong data-start=\"1064\" data-end=\"1090\">10G-100G (kurze Reichweite)<\/strong><\/td>\n<\/tr>\n<tr data-start=\"1093\" data-end=\"1150\">\n<td data-start=\"1093\" data-end=\"1099\" data-col-size=\"sm\">OM4<\/td>\n<td data-col-size=\"sm\" data-start=\"1099\" data-end=\"1119\">Rosa-rot \/ violett<\/td>\n<td data-col-size=\"sm\" data-start=\"1119\" data-end=\"1150\">H\u00f6here Entfernung bei 40G\/100G<\/td>\n<\/tr>\n<tr data-start=\"1151\" data-end=\"1195\">\n<td data-start=\"1151\" data-end=\"1157\" data-col-size=\"sm\">OM5<\/td>\n<td data-start=\"1157\" data-end=\"1170\" data-col-size=\"sm\">Limonengr\u00fcn<\/td>\n<td data-col-size=\"sm\" data-start=\"1170\" data-end=\"1195\">SWDM und fortgeschrittene Verbindungen<\/td>\n<\/tr>\n<\/tbody>\n<\/table>\n<\/div>\n<\/div>\n<p data-start=\"1197\" data-end=\"1294\">OM3 ist weit verbreitet, weil es Folgendes bietet <strong data-start=\"1236\" data-end=\"1277\">hervorragende Leistung bei geringeren Kosten<\/strong> als OM4 oder OM5.<\/p>\n<hr data-start=\"1296\" data-end=\"1299\" \/>\n<h3 data-start=\"1301\" data-end=\"1326\">Optische Leistung<\/h3>\n<div class=\"TyagGW_tableContainer\">\n<div class=\"group TyagGW_tableWrapper flex flex-col-reverse w-fit\" tabindex=\"-1\">\n<table class=\"w-fit min-w-(--thread-content-width)\" data-start=\"1328\" data-end=\"1632\">\n<thead data-start=\"1328\" data-end=\"1357\">\n<tr data-start=\"1328\" data-end=\"1357\">\n<th class=\"\" data-start=\"1328\" data-end=\"1340\" data-col-size=\"sm\">Parameter<\/th>\n<th class=\"\" data-start=\"1340\" data-end=\"1357\" data-col-size=\"sm\">Typischer Wert<\/th>\n<\/tr>\n<\/thead>\n<tbody data-start=\"1387\" data-end=\"1632\">\n<tr data-start=\"1387\" data-end=\"1429\">\n<td data-start=\"1387\" data-end=\"1400\" data-col-size=\"sm\">Faser-Typ<\/td>\n<td data-start=\"1400\" data-end=\"1429\" data-col-size=\"sm\">Multimode OM3 (50\/125 \u00b5m)<\/td>\n<\/tr>\n<tr data-start=\"1430\" data-end=\"1451\">\n<td data-start=\"1430\" data-end=\"1444\" data-col-size=\"sm\">Polnischer Typ<\/td>\n<td data-col-size=\"sm\" data-start=\"1444\" data-end=\"1451\">UPC<\/td>\n<\/tr>\n<tr data-start=\"1452\" data-end=\"1482\">\n<td data-start=\"1452\" data-end=\"1469\" data-col-size=\"sm\">Einf\u00fcged\u00e4mpfung<\/td>\n<td data-col-size=\"sm\" data-start=\"1469\" data-end=\"1482\">\u2264 0,30 dB<\/td>\n<\/tr>\n<tr data-start=\"1483\" data-end=\"1508\">\n<td data-start=\"1483\" data-end=\"1497\" data-col-size=\"sm\">R\u00fcckflussd\u00e4mpfung<\/td>\n<td data-start=\"1497\" data-end=\"1508\" data-col-size=\"sm\">\u2265 35 dB<\/td>\n<\/tr>\n<tr data-start=\"1509\" data-end=\"1543\">\n<td data-start=\"1509\" data-end=\"1523\" data-col-size=\"sm\">Wellenl\u00e4ngen<\/td>\n<td data-start=\"1523\" data-end=\"1543\" data-col-size=\"sm\">850 nm \/ 1300 nm<\/td>\n<\/tr>\n<tr data-start=\"1544\" data-end=\"1594\">\n<td data-start=\"1544\" data-end=\"1562\" data-col-size=\"sm\">Modale Bandbreite<\/td>\n<td data-col-size=\"sm\" data-start=\"1562\" data-end=\"1594\">Optimiert f\u00fcr Hochgeschwindigkeits-LAN<\/td>\n<\/tr>\n<tr data-start=\"1595\" data-end=\"1632\">\n<td data-start=\"1595\" data-end=\"1608\" data-col-size=\"sm\">Dauerhaftigkeit<\/td>\n<td data-start=\"1608\" data-end=\"1632\" data-col-size=\"sm\">\u2265 1000 Steckzyklen<\/td>\n<\/tr>\n<\/tbody>\n<\/table>\n<\/div>\n<\/div>\n<p data-start=\"1634\" data-end=\"1710\">Diese Leistung unterst\u00fctzt problemlos <strong data-start=\"1667\" data-end=\"1709\">10G, 40G und 100G Ethernet mit kurzer Reichweite<\/strong>.<\/p>\n<hr data-start=\"1712\" data-end=\"1715\" \/>\n<h3 data-start=\"1717\" data-end=\"1742\">Struktur des Anschlusses<\/h3>\n<div class=\"TyagGW_tableContainer\">\n<div class=\"group TyagGW_tableWrapper flex flex-col-reverse w-fit\" tabindex=\"-1\">\n<table class=\"w-fit min-w-(--thread-content-width)\" data-start=\"1744\" data-end=\"2018\">\n<thead data-start=\"1744\" data-end=\"1771\">\n<tr data-start=\"1744\" data-end=\"1771\">\n<th class=\"\" data-start=\"1744\" data-end=\"1754\" data-col-size=\"sm\">Merkmal<\/th>\n<th class=\"\" data-start=\"1754\" data-end=\"1771\" data-col-size=\"sm\">Spezifikation<\/th>\n<\/tr>\n<\/thead>\n<tbody data-start=\"1799\" data-end=\"2018\">\n<tr data-start=\"1799\" data-end=\"1830\">\n<td data-start=\"1799\" data-end=\"1816\" data-col-size=\"sm\">Stecker Typ<\/td>\n<td data-start=\"1816\" data-end=\"1830\" data-col-size=\"sm\">LC Simplex<\/td>\n<\/tr>\n<tr data-start=\"1831\" data-end=\"1857\">\n<td data-start=\"1831\" data-end=\"1848\" data-col-size=\"sm\">Kabel-Durchmesser<\/td>\n<td data-start=\"1848\" data-end=\"1857\" data-col-size=\"sm\">0,9 mm<\/td>\n<\/tr>\n<tr data-start=\"1858\" data-end=\"1895\">\n<td data-start=\"1858\" data-end=\"1868\" data-col-size=\"sm\">Aderendh\u00fclse<\/td>\n<td data-start=\"1868\" data-end=\"1895\" data-col-size=\"sm\">1,25 mm Zirkoniumdioxid-Keramik<\/td>\n<\/tr>\n<tr data-start=\"1896\" data-end=\"1937\">\n<td data-start=\"1896\" data-end=\"1912\" data-col-size=\"sm\">Geh\u00e4usefarbe<\/td>\n<td data-start=\"1912\" data-end=\"1937\" data-col-size=\"sm\">Aqua Gr\u00fcn (OM3-Code)<\/td>\n<\/tr>\n<tr data-start=\"1938\" data-end=\"1975\">\n<td data-start=\"1938\" data-end=\"1959\" data-col-size=\"sm\">Verriegelungsmechanismus<\/td>\n<td data-col-size=\"sm\" data-start=\"1959\" data-end=\"1975\">LC-Push-Pull<\/td>\n<\/tr>\n<tr data-start=\"1976\" data-end=\"2018\">\n<td data-start=\"1976\" data-end=\"2000\" data-col-size=\"sm\">Betriebstemperatur<\/td>\n<td data-col-size=\"sm\" data-start=\"2000\" data-end=\"2018\">-40\u00b0C bis +75\u00b0C<\/td>\n<\/tr>\n<\/tbody>\n<\/table>\n<\/div>\n<\/div>\n<p data-start=\"2020\" data-end=\"2132\">Die <strong data-start=\"2024\" data-end=\"2040\">0,9mm Ausf\u00fchrung<\/strong> erm\u00f6glicht einfaches Routing im Inneren <strong data-start=\"2068\" data-end=\"2131\">Glasfaserk\u00e4sten, optische Module und Patchfelder mit hoher Packungsdichte<\/strong>.<\/p>\n<hr data-start=\"2134\" data-end=\"2137\" \/>\n<h3 data-start=\"2139\" data-end=\"2165\">Typische Anwendungen<\/h3>\n<p data-start=\"2167\" data-end=\"2207\">Dieser LC OM3-Stecker ist weit verbreitet in:<\/p>\n<ul data-start=\"2209\" data-end=\"2390\">\n<li data-start=\"2209\" data-end=\"2237\">\n<p data-start=\"2211\" data-end=\"2237\">Multimode-Faser-Pigtails<\/p>\n<\/li>\n<li data-start=\"2238\" data-end=\"2266\">\n<p data-start=\"2240\" data-end=\"2266\">Patchfelder f\u00fcr Rechenzentren<\/p>\n<\/li>\n<li data-start=\"2267\" data-end=\"2304\">\n<p data-start=\"2269\" data-end=\"2304\">Optische Transceiver (SFP+, QSFP)<\/p>\n<\/li>\n<li data-start=\"2305\" data-end=\"2337\">\n<p data-start=\"2307\" data-end=\"2337\">LAN- und SAN-Systeme f\u00fcr Unternehmen<\/p>\n<\/li>\n<li data-start=\"2338\" data-end=\"2360\">\n<p data-start=\"2340\" data-end=\"2360\">Optische Messleitungen<\/p>\n<\/li>\n<li data-start=\"2361\" data-end=\"2390\">\n<p data-start=\"2363\" data-end=\"2390\">Interne Verkabelung der Ger\u00e4te<\/p>\n<\/li>\n<\/ul>\n<hr data-start=\"2392\" data-end=\"2395\" \/>\n<h2 data-start=\"2397\" data-end=\"2418\">Fachliche Fragen und Antworten<\/h2>\n<p data-start=\"2420\" data-end=\"2571\"><strong data-start=\"2420\" data-end=\"2458\">Q1: Was bedeutet aqua-gr\u00fcn?<\/strong><br data-start=\"2458\" data-end=\"2461\" \/>Aquagr\u00fcn ist die <strong data-start=\"2479\" data-end=\"2526\">internationale Farbe f\u00fcr OM3-Multimode-Faser<\/strong>, verwendet f\u00fcr <strong data-start=\"2537\" data-end=\"2570\">10G bis 100G Short-Reach-Verbindungen<\/strong>.<\/p>\n<hr data-start=\"2573\" data-end=\"2576\" \/>\n<p data-start=\"2578\" data-end=\"2754\"><strong data-start=\"2578\" data-end=\"2631\">F2: K\u00f6nnen OM3-LC-Stecker in OM4-Systemen verwendet werden?<\/strong><br data-start=\"2631\" data-end=\"2634\" \/>Ja. OM3-Steckverbinder sind <strong data-start=\"2658\" data-end=\"2678\">voll kompatibel<\/strong> mit OM4-Fasern; OM4 bietet einfach <strong data-start=\"2713\" data-end=\"2753\">gr\u00f6\u00dfere Entfernung und h\u00f6here Bandbreite<\/strong>.<\/p>\n<hr data-start=\"2756\" data-end=\"2759\" \/>\n<p data-start=\"2761\" data-end=\"2914\"><strong data-start=\"2761\" data-end=\"2800\">F3: Warum 0,9 mm anstelle von 2,0 mm verwenden?<\/strong><br data-start=\"2800\" data-end=\"2803\" \/>0,9-mm-Stecker werden verwendet f\u00fcr <strong data-start=\"2833\" data-end=\"2872\">Pigtails und interne Faserverlegung<\/strong>, w\u00e4hrend 2,0 mm verwendet wird f\u00fcr <strong data-start=\"2898\" data-end=\"2913\">Verbindungskabel<\/strong>.<\/p>","protected":false},"excerpt":{"rendered":"<h3 data-start=\"206\" data-end=\"262\">Entwickelt f\u00fcr OM3-Netzwerke in Unternehmen und Rechenzentren<\/h3>\n<p data-start=\"264\" data-end=\"500\">Die <strong data-start=\"268\" data-end=\"325\">LC UPC 0.9mm Simplex Multimode Stecker (Aqua Gr\u00fcn)<\/strong> ist gebaut f\u00fcr <strong data-start=\"339\" data-end=\"370\">OM3-Multimode-Fasersysteme<\/strong>, die nach wie vor zu den am h\u00e4ufigsten eingesetzten Fasertypen in <strong data-start=\"432\" data-end=\"499\">Unternehmensnetze, Cloud-Rechenzentren und Geb\u00e4ude-Backbones<\/strong>.<\/p>\n<p data-start=\"502\" data-end=\"695\">Die <strong data-start=\"506\" data-end=\"526\">Farbe aqua gr\u00fcn<\/strong> ist der weltweite Standard f\u00fcr <strong data-start=\"554\" data-end=\"567\">OM3-Faser<\/strong>, die es den Technikern erm\u00f6glichen, schnell zu erkennen <strong data-start=\"610\" data-end=\"643\">10G-, 40G- und 100G-f\u00e4hige Verbindungen<\/strong> w\u00e4hrend der Installation, Fehlerbehebung und Upgrades.<\/p>\n<p data-start=\"697\" data-end=\"867\">Mit seinem <strong data-start=\"706\" data-end=\"757\">kompakter LC-Formfaktor und polierte UPC-Ferrule<\/strong>, liefert dieser Anschluss <strong data-start=\"783\" data-end=\"836\">verlustarme und hochstabile Multimode-\u00dcbertragung<\/strong> in dichten optischen Umgebungen.<\/p>","protected":false},"featured_media":905,"comment_status":"open","ping_status":"closed","template":"","meta":[],"product_brand":[],"product_cat":[50],"product_tag":[],"class_list":{"0":"post-904","1":"product","2":"type-product","3":"status-publish","4":"has-post-thumbnail","6":"product_cat-lc-simplex-connectors-single-modemultimode","8":"first","9":"instock","10":"shipping-taxable","11":"product-type-simple"},"_links":{"self":[{"href":"https:\/\/www.fenxifiber.com\/de\/wp-json\/wp\/v2\/product\/904","targetHints":{"allow":["GET"]}}],"collection":[{"href":"https:\/\/www.fenxifiber.com\/de\/wp-json\/wp\/v2\/product"}],"about":[{"href":"https:\/\/www.fenxifiber.com\/de\/wp-json\/wp\/v2\/types\/product"}],"replies":[{"embeddable":true,"href":"https:\/\/www.fenxifiber.com\/de\/wp-json\/wp\/v2\/comments?post=904"}],"wp:featuredmedia":[{"embeddable":true,"href":"https:\/\/www.fenxifiber.com\/de\/wp-json\/wp\/v2\/media\/905"}],"wp:attachment":[{"href":"https:\/\/www.fenxifiber.com\/de\/wp-json\/wp\/v2\/media?parent=904"}],"wp:term":[{"taxonomy":"product_brand","embeddable":true,"href":"https:\/\/www.fenxifiber.com\/de\/wp-json\/wp\/v2\/product_brand?post=904"},{"taxonomy":"product_cat","embeddable":true,"href":"https:\/\/www.fenxifiber.com\/de\/wp-json\/wp\/v2\/product_cat?post=904"},{"taxonomy":"product_tag","embeddable":true,"href":"https:\/\/www.fenxifiber.com\/de\/wp-json\/wp\/v2\/product_tag?post=904"}],"curies":[{"name":"wp","href":"https:\/\/api.w.org\/{rel}","templated":true}]}}