{"id":906,"date":"2026-02-04T03:13:11","date_gmt":"2026-02-04T03:13:11","guid":{"rendered":"https:\/\/www.fenxifiber.com\/?post_type=product&#038;p=906"},"modified":"2026-02-05T02:26:35","modified_gmt":"2026-02-05T02:26:35","slug":"lc-upc-0-9mm-simplex-multimode","status":"publish","type":"product","link":"https:\/\/www.fenxifiber.com\/de\/product\/lc-upc-0-9mm-simplex-multimode\/","title":{"rendered":"LC UPC 0.9mm Simplex Multimode Fiber Stecker"},"content":{"rendered":"<h3 data-start=\"784\" data-end=\"827\">Optimiert f\u00fcr Multimode-Fasersysteme<\/h3>\n<p data-start=\"829\" data-end=\"947\">Multimode-Faser ist die Standardwahl f\u00fcr <strong data-start=\"872\" data-end=\"913\">optische Hochgeschwindigkeitsverbindungen mit kurzer Reichweite<\/strong> in Unternehmens- und Cloud-Netzen.<\/p>\n<div class=\"TyagGW_tableContainer\">\n<div class=\"group TyagGW_tableWrapper flex flex-col-reverse w-fit\" tabindex=\"-1\">\n<table class=\"w-fit min-w-(--thread-content-width)\" data-start=\"949\" data-end=\"1148\">\n<thead data-start=\"949\" data-end=\"1004\">\n<tr data-start=\"949\" data-end=\"1004\">\n<th class=\"\" data-start=\"949\" data-end=\"962\" data-col-size=\"sm\">Faser-Typ<\/th>\n<th class=\"\" data-start=\"962\" data-end=\"983\" data-col-size=\"sm\">Typische Wellenl\u00e4nge<\/th>\n<th class=\"\" data-start=\"983\" data-end=\"1004\" data-col-size=\"md\">Wichtigste Anwendungen<\/th>\n<\/tr>\n<\/thead>\n<tbody data-start=\"1058\" data-end=\"1148\">\n<tr data-start=\"1058\" data-end=\"1148\">\n<td data-start=\"1058\" data-end=\"1081\" data-col-size=\"sm\">Multimode (50\/125\u00b5m)<\/td>\n<td data-col-size=\"sm\" data-start=\"1081\" data-end=\"1100\">850 nm \/ 1300 nm<\/td>\n<td data-col-size=\"md\" data-start=\"1100\" data-end=\"1148\">Rechenzentren, LAN, SAN, Unternehmens-Backbones<\/td>\n<\/tr>\n<\/tbody>\n<\/table>\n<\/div>\n<\/div>\n<p data-start=\"1150\" data-end=\"1225\">Der LC UPC 0.9mm Stecker unterst\u00fctzt <strong data-start=\"1186\" data-end=\"1224\">OM2, OM3, OM4 und OM5 Faserqualit\u00e4ten<\/strong>.<\/p>\n<hr data-start=\"1227\" data-end=\"1230\" \/>\n<h3 data-start=\"1232\" data-end=\"1260\">Optische Spezifikationen<\/h3>\n<div class=\"TyagGW_tableContainer\">\n<div class=\"group TyagGW_tableWrapper flex flex-col-reverse w-fit\" tabindex=\"-1\">\n<table class=\"w-fit min-w-(--thread-content-width)\" data-start=\"1262\" data-end=\"1560\">\n<thead data-start=\"1262\" data-end=\"1291\">\n<tr data-start=\"1262\" data-end=\"1291\">\n<th class=\"\" data-start=\"1262\" data-end=\"1274\" data-col-size=\"sm\">Parameter<\/th>\n<th class=\"\" data-start=\"1274\" data-end=\"1291\" data-col-size=\"sm\">Typischer Wert<\/th>\n<\/tr>\n<\/thead>\n<tbody data-start=\"1321\" data-end=\"1560\">\n<tr data-start=\"1321\" data-end=\"1372\">\n<td data-start=\"1321\" data-end=\"1334\" data-col-size=\"sm\">Faser-Typ<\/td>\n<td data-start=\"1334\" data-end=\"1372\" data-col-size=\"sm\">Multimode 50\/125 \u00b5m oder 62,5\/125 \u00b5m<\/td>\n<\/tr>\n<tr data-start=\"1373\" data-end=\"1394\">\n<td data-start=\"1373\" data-end=\"1387\" data-col-size=\"sm\">Polnischer Typ<\/td>\n<td data-start=\"1387\" data-end=\"1394\" data-col-size=\"sm\">UPC<\/td>\n<\/tr>\n<tr data-start=\"1395\" data-end=\"1425\">\n<td data-start=\"1395\" data-end=\"1412\" data-col-size=\"sm\">Einf\u00fcged\u00e4mpfung<\/td>\n<td data-start=\"1412\" data-end=\"1425\" data-col-size=\"sm\">\u2264 0,30 dB<\/td>\n<\/tr>\n<tr data-start=\"1426\" data-end=\"1451\">\n<td data-start=\"1426\" data-end=\"1440\" data-col-size=\"sm\">R\u00fcckflussd\u00e4mpfung<\/td>\n<td data-start=\"1440\" data-end=\"1451\" data-col-size=\"sm\">\u2265 35 dB<\/td>\n<\/tr>\n<tr data-start=\"1452\" data-end=\"1493\">\n<td data-start=\"1452\" data-end=\"1476\" data-col-size=\"sm\">Betriebs-Wellenl\u00e4ngen<\/td>\n<td data-col-size=\"sm\" data-start=\"1476\" data-end=\"1493\">850 \/ 1300 nm<\/td>\n<\/tr>\n<tr data-start=\"1494\" data-end=\"1522\">\n<td data-start=\"1494\" data-end=\"1510\" data-col-size=\"sm\">Reproduzierbarkeit<\/td>\n<td data-col-size=\"sm\" data-start=\"1510\" data-end=\"1522\">\u2264 0,1 dB<\/td>\n<\/tr>\n<tr data-start=\"1523\" data-end=\"1560\">\n<td data-start=\"1523\" data-end=\"1543\" data-col-size=\"sm\">Dauerhaftigkeit der Paarung<\/td>\n<td data-col-size=\"sm\" data-start=\"1543\" data-end=\"1560\">\u2265 1000 Zyklen<\/td>\n<\/tr>\n<\/tbody>\n<\/table>\n<\/div>\n<\/div>\n<p data-start=\"1562\" data-end=\"1654\">Diese Werte entsprechen den Anforderungen f\u00fcr <strong data-start=\"1601\" data-end=\"1653\">10G-, 25G-, 40G- und kurzreichweitige 100G-Lichtwellenleiterverbindungen<\/strong>.<\/p>\n<hr data-start=\"1656\" data-end=\"1659\" \/>\n<h3 data-start=\"1661\" data-end=\"1684\">Mechanische Konstruktion<\/h3>\n<div class=\"TyagGW_tableContainer\">\n<div class=\"group TyagGW_tableWrapper flex flex-col-reverse w-fit\" tabindex=\"-1\">\n<table class=\"w-fit min-w-(--thread-content-width)\" data-start=\"1686\" data-end=\"1937\">\n<thead data-start=\"1686\" data-end=\"1713\">\n<tr data-start=\"1686\" data-end=\"1713\">\n<th class=\"\" data-start=\"1686\" data-end=\"1696\" data-col-size=\"sm\">Merkmal<\/th>\n<th class=\"\" data-start=\"1696\" data-end=\"1713\" data-col-size=\"sm\">Spezifikation<\/th>\n<\/tr>\n<\/thead>\n<tbody data-start=\"1741\" data-end=\"1937\">\n<tr data-start=\"1741\" data-end=\"1772\">\n<td data-start=\"1741\" data-end=\"1758\" data-col-size=\"sm\">Stecker Typ<\/td>\n<td data-start=\"1758\" data-end=\"1772\" data-col-size=\"sm\">LC Simplex<\/td>\n<\/tr>\n<tr data-start=\"1773\" data-end=\"1799\">\n<td data-start=\"1773\" data-end=\"1790\" data-col-size=\"sm\">Kabel-Durchmesser<\/td>\n<td data-start=\"1790\" data-end=\"1799\" data-col-size=\"sm\">0,9 mm<\/td>\n<\/tr>\n<tr data-start=\"1800\" data-end=\"1837\">\n<td data-start=\"1800\" data-end=\"1810\" data-col-size=\"sm\">Aderendh\u00fclse<\/td>\n<td data-start=\"1810\" data-end=\"1837\" data-col-size=\"sm\">1,25 mm Zirkoniumdioxid-Keramik<\/td>\n<\/tr>\n<tr data-start=\"1838\" data-end=\"1862\">\n<td data-start=\"1838\" data-end=\"1846\" data-col-size=\"sm\">Verriegelung<\/td>\n<td data-start=\"1846\" data-end=\"1862\" data-col-size=\"sm\">LC-Push-Pull<\/td>\n<\/tr>\n<tr data-start=\"1863\" data-end=\"1894\">\n<td data-start=\"1863\" data-end=\"1870\" data-col-size=\"sm\">Boot<\/td>\n<td data-start=\"1870\" data-end=\"1894\" data-col-size=\"sm\">Kompakter Pigtail-Stiefel<\/td>\n<\/tr>\n<tr data-start=\"1895\" data-end=\"1937\">\n<td data-start=\"1895\" data-end=\"1919\" data-col-size=\"sm\">Betriebstemperatur<\/td>\n<td data-start=\"1919\" data-end=\"1937\" data-col-size=\"sm\">-40\u00b0C bis +75\u00b0C<\/td>\n<\/tr>\n<\/tbody>\n<\/table>\n<\/div>\n<\/div>\n<p data-start=\"1939\" data-end=\"2072\">Die <strong data-start=\"1943\" data-end=\"1964\">schlanker 0,9 mm Mantel<\/strong> macht diesen Steckverbinder ideal f\u00fcr <strong data-start=\"1996\" data-end=\"2039\">Schmelzsplei\u00dfen und enge Kabelf\u00fchrung<\/strong> in Splei\u00dfkassetten und Modulen.<\/p>\n<hr data-start=\"2074\" data-end=\"2077\" \/>\n<h3 data-start=\"2079\" data-end=\"2105\">Typische Anwendungen<\/h3>\n<p data-start=\"2107\" data-end=\"2142\">Dieser Steckverbinder wird \u00fcblicherweise verwendet in:<\/p>\n<ul data-start=\"2144\" data-end=\"2324\">\n<li data-start=\"2144\" data-end=\"2172\">\n<p data-start=\"2146\" data-end=\"2172\">Multimode-Faser-Pigtails<\/p>\n<\/li>\n<li data-start=\"2173\" data-end=\"2201\">\n<p data-start=\"2175\" data-end=\"2201\">Patchfelder f\u00fcr Rechenzentren<\/p>\n<\/li>\n<li data-start=\"2202\" data-end=\"2233\">\n<p data-start=\"2204\" data-end=\"2233\">Optische Transceivermodule<\/p>\n<\/li>\n<li data-start=\"2234\" data-end=\"2267\">\n<p data-start=\"2236\" data-end=\"2267\">Unternehmens-LAN- und SAN-Netzwerke<\/p>\n<\/li>\n<li data-start=\"2268\" data-end=\"2297\">\n<p data-start=\"2270\" data-end=\"2297\">Faserverteiler<\/p>\n<\/li>\n<li data-start=\"2298\" data-end=\"2324\">\n<p data-start=\"2300\" data-end=\"2324\">Optische Pr\u00fcfkabel<\/p>\n<\/li>\n<\/ul>\n<hr data-start=\"2326\" data-end=\"2329\" \/>\n<h2 data-start=\"2331\" data-end=\"2352\">Fachliche Fragen und Antworten<\/h2>\n<p data-start=\"2354\" data-end=\"2534\"><strong data-start=\"2354\" data-end=\"2416\">Q1: Ist dieser Stecker f\u00fcr OM3, OM4 und OM5 Fasern geeignet?<\/strong><br data-start=\"2416\" data-end=\"2419\" \/>Ja. Der LC UPC 0,9 mm Multimode-Stecker funktioniert mit <strong data-start=\"2472\" data-end=\"2505\">alle Standard-Multimode-Sorten<\/strong>, einschlie\u00dflich OM3, OM4 und OM5.<\/p>\n<hr data-start=\"2536\" data-end=\"2539\" \/>\n<p data-start=\"2541\" data-end=\"2719\"><strong data-start=\"2541\" data-end=\"2584\">F2: Kann man damit Verbindungskabel herstellen?<\/strong><br data-start=\"2584\" data-end=\"2587\" \/>Nein. Dieser Steckverbinder ist ausgelegt f\u00fcr <strong data-start=\"2622\" data-end=\"2640\">0,9mm Z\u00f6pfe<\/strong> und muss <strong data-start=\"2653\" data-end=\"2697\">fusionsgesplei\u00dft an ein 2,0mm oder 3,0mm Kabel<\/strong> um ein Verbindungskabel zu bilden.<\/p>\n<hr data-start=\"2721\" data-end=\"2724\" \/>\n<p data-start=\"2726\" data-end=\"2909\"><strong data-start=\"2726\" data-end=\"2787\">F3: Was ist der Vorteil des UPC-Polierens f\u00fcr Multimode?<\/strong><br data-start=\"2787\" data-end=\"2790\" \/>UPC bietet <strong data-start=\"2803\" data-end=\"2844\">geringe Einf\u00fcgungsd\u00e4mpfung und stabiler Kontakt<\/strong>, der ideal ist f\u00fcr <strong data-start=\"2865\" data-end=\"2908\">Multimode-Verbindungen mit kurzer Reichweite und hoher Geschwindigkeit<\/strong>.<\/p>","protected":false},"excerpt":{"rendered":"<h3 data-start=\"232\" data-end=\"289\">Eine kompakte L\u00f6sung f\u00fcr Multimode-Pigtail-Baugruppen<\/h3>\n<p data-start=\"291\" data-end=\"592\">Die <strong data-start=\"295\" data-end=\"339\">LC UPC 0.9mm Simplex Multimode Stecker<\/strong> ist konzipiert f\u00fcr <strong data-start=\"356\" data-end=\"444\">Glasfaseranschluss mit hoher Dichte in Rechenzentren, Telekommunikationsr\u00e4umen und optischen Ger\u00e4ten<\/strong>.<br data-start=\"445\" data-end=\"448\" \/>Es wird h\u00e4ufig verwendet f\u00fcr <strong data-start=\"470\" data-end=\"518\">Multimode-Pigtails und interne Faserverkabelung<\/strong>, wo Platz, Stabilit\u00e4t und wiederholbare optische Leistung entscheidend sind.<\/p>\n<p data-start=\"594\" data-end=\"777\">Mit seinem <strong data-start=\"603\" data-end=\"655\">1.25mm Keramik-Ferrule und UPC polierte Endfl\u00e4che<\/strong>, gew\u00e4hrleistet dieser Anschluss <strong data-start=\"680\" data-end=\"746\">gleichbleibend geringe Einf\u00fcgungsd\u00e4mpfung und zuverl\u00e4ssige Signal\u00fcbertragung<\/strong> f\u00fcr moderne Multimode-Netze.<\/p>","protected":false},"featured_media":907,"comment_status":"open","ping_status":"closed","template":"","meta":[],"product_brand":[],"product_cat":[50],"product_tag":[],"class_list":{"0":"post-906","1":"product","2":"type-product","3":"status-publish","4":"has-post-thumbnail","6":"product_cat-lc-simplex-connectors-single-modemultimode","8":"first","9":"instock","10":"shipping-taxable","11":"product-type-simple"},"_links":{"self":[{"href":"https:\/\/www.fenxifiber.com\/de\/wp-json\/wp\/v2\/product\/906","targetHints":{"allow":["GET"]}}],"collection":[{"href":"https:\/\/www.fenxifiber.com\/de\/wp-json\/wp\/v2\/product"}],"about":[{"href":"https:\/\/www.fenxifiber.com\/de\/wp-json\/wp\/v2\/types\/product"}],"replies":[{"embeddable":true,"href":"https:\/\/www.fenxifiber.com\/de\/wp-json\/wp\/v2\/comments?post=906"}],"wp:featuredmedia":[{"embeddable":true,"href":"https:\/\/www.fenxifiber.com\/de\/wp-json\/wp\/v2\/media\/907"}],"wp:attachment":[{"href":"https:\/\/www.fenxifiber.com\/de\/wp-json\/wp\/v2\/media?parent=906"}],"wp:term":[{"taxonomy":"product_brand","embeddable":true,"href":"https:\/\/www.fenxifiber.com\/de\/wp-json\/wp\/v2\/product_brand?post=906"},{"taxonomy":"product_cat","embeddable":true,"href":"https:\/\/www.fenxifiber.com\/de\/wp-json\/wp\/v2\/product_cat?post=906"},{"taxonomy":"product_tag","embeddable":true,"href":"https:\/\/www.fenxifiber.com\/de\/wp-json\/wp\/v2\/product_tag?post=906"}],"curies":[{"name":"wp","href":"https:\/\/api.w.org\/{rel}","templated":true}]}}