{"id":908,"date":"2026-02-04T03:14:21","date_gmt":"2026-02-04T03:14:21","guid":{"rendered":"https:\/\/www.fenxifiber.com\/?post_type=product&#038;p=908"},"modified":"2026-02-05T02:27:02","modified_gmt":"2026-02-05T02:27:02","slug":"lc-upc-2-0mm-simplex-singlemode","status":"publish","type":"product","link":"https:\/\/www.fenxifiber.com\/de\/product\/lc-upc-2-0mm-simplex-singlemode\/","title":{"rendered":"LC UPC 2.0mm Simplex Single-Mode Stecker"},"content":{"rendered":"<h3 data-start=\"872\" data-end=\"922\">Warum 2,0 mm der Standard f\u00fcr LC-Patchkabel ist<\/h3>\n<div class=\"TyagGW_tableContainer\">\n<div class=\"group TyagGW_tableWrapper flex flex-col-reverse w-fit\" tabindex=\"-1\">\n<table class=\"w-fit min-w-(--thread-content-width)\" data-start=\"924\" data-end=\"1108\">\n<thead data-start=\"924\" data-end=\"957\">\n<tr data-start=\"924\" data-end=\"957\">\n<th class=\"\" data-start=\"924\" data-end=\"941\" data-col-size=\"sm\">Kabel-Durchmesser<\/th>\n<th class=\"\" data-start=\"941\" data-end=\"957\" data-col-size=\"sm\">Typische Rolle<\/th>\n<\/tr>\n<\/thead>\n<tbody data-start=\"992\" data-end=\"1108\">\n<tr data-start=\"992\" data-end=\"1028\">\n<td data-start=\"992\" data-end=\"1000\" data-col-size=\"sm\">0,9 mm<\/td>\n<td data-start=\"1000\" data-end=\"1028\" data-col-size=\"sm\">Pigtails, interne Faser<\/td>\n<\/tr>\n<tr data-start=\"1029\" data-end=\"1073\">\n<td data-start=\"1029\" data-end=\"1041\" data-col-size=\"sm\"><strong data-start=\"1031\" data-end=\"1040\">2,0 mm<\/strong><\/td>\n<td data-col-size=\"sm\" data-start=\"1041\" data-end=\"1073\"><strong data-start=\"1043\" data-end=\"1071\">LC-Patchkabel und -Jumper<\/strong><\/td>\n<\/tr>\n<tr data-start=\"1074\" data-end=\"1108\">\n<td data-start=\"1074\" data-end=\"1082\" data-col-size=\"sm\">3,0 mm<\/td>\n<td data-col-size=\"sm\" data-start=\"1082\" data-end=\"1108\">Outdoor &amp; robuste Kordeln<\/td>\n<\/tr>\n<\/tbody>\n<\/table>\n<\/div>\n<\/div>\n<p data-start=\"1110\" data-end=\"1241\">Die <strong data-start=\"1114\" data-end=\"1129\">2.0mm Kabel<\/strong> bietet die beste Balance zwischen <strong data-start=\"1162\" data-end=\"1198\">Flexibilit\u00e4t und Zugfestigkeit<\/strong>, und ist damit ideal f\u00fcr die Verlegung von Glasfasern in Innenr\u00e4umen.<\/p>\n<hr data-start=\"1243\" data-end=\"1246\" \/>\n<h3 data-start=\"1248\" data-end=\"1273\">Optische Leistung<\/h3>\n<div class=\"TyagGW_tableContainer\">\n<div class=\"group TyagGW_tableWrapper flex flex-col-reverse w-fit\" tabindex=\"-1\">\n<table class=\"w-fit min-w-(--thread-content-width)\" data-start=\"1275\" data-end=\"1550\">\n<thead data-start=\"1275\" data-end=\"1304\">\n<tr data-start=\"1275\" data-end=\"1304\">\n<th class=\"\" data-start=\"1275\" data-end=\"1287\" data-col-size=\"sm\">Parameter<\/th>\n<th class=\"\" data-start=\"1287\" data-end=\"1304\" data-col-size=\"sm\">Typischer Wert<\/th>\n<\/tr>\n<\/thead>\n<tbody data-start=\"1334\" data-end=\"1550\">\n<tr data-start=\"1334\" data-end=\"1371\">\n<td data-start=\"1334\" data-end=\"1347\" data-col-size=\"sm\">Faser-Typ<\/td>\n<td data-start=\"1347\" data-end=\"1371\" data-col-size=\"sm\">Einzelmode 9\/125 \u00b5m<\/td>\n<\/tr>\n<tr data-start=\"1372\" data-end=\"1393\">\n<td data-start=\"1372\" data-end=\"1386\" data-col-size=\"sm\">Polnischer Typ<\/td>\n<td data-start=\"1386\" data-end=\"1393\" data-col-size=\"sm\">UPC<\/td>\n<\/tr>\n<tr data-start=\"1394\" data-end=\"1424\">\n<td data-start=\"1394\" data-end=\"1411\" data-col-size=\"sm\">Einf\u00fcged\u00e4mpfung<\/td>\n<td data-start=\"1411\" data-end=\"1424\" data-col-size=\"sm\">\u2264 0,30 dB<\/td>\n<\/tr>\n<tr data-start=\"1425\" data-end=\"1450\">\n<td data-start=\"1425\" data-end=\"1439\" data-col-size=\"sm\">R\u00fcckflussd\u00e4mpfung<\/td>\n<td data-start=\"1439\" data-end=\"1450\" data-col-size=\"sm\">\u2265 50 dB<\/td>\n<\/tr>\n<tr data-start=\"1451\" data-end=\"1483\">\n<td data-start=\"1451\" data-end=\"1465\" data-col-size=\"sm\">Wellenl\u00e4ngen<\/td>\n<td data-start=\"1465\" data-end=\"1483\" data-col-size=\"sm\">1310 \/ 1550 nm<\/td>\n<\/tr>\n<tr data-start=\"1484\" data-end=\"1512\">\n<td data-start=\"1484\" data-end=\"1500\" data-col-size=\"sm\">Reproduzierbarkeit<\/td>\n<td data-start=\"1500\" data-end=\"1512\" data-col-size=\"sm\">\u2264 0,1 dB<\/td>\n<\/tr>\n<tr data-start=\"1513\" data-end=\"1550\">\n<td data-start=\"1513\" data-end=\"1533\" data-col-size=\"sm\">Dauerhaftigkeit der Paarung<\/td>\n<td data-start=\"1533\" data-end=\"1550\" data-col-size=\"sm\">\u2265 1000 Zyklen<\/td>\n<\/tr>\n<\/tbody>\n<\/table>\n<\/div>\n<\/div>\n<p data-start=\"1552\" data-end=\"1633\">Diese Leistung unterst\u00fctzt <strong data-start=\"1578\" data-end=\"1632\">FTTH, Telekommunikations-Backbone und Daten\u00fcbertragungsverbindungen<\/strong>.<\/p>\n<hr data-start=\"1635\" data-end=\"1638\" \/>\n<h3 data-start=\"1640\" data-end=\"1666\">Mechanische Struktur<\/h3>\n<div class=\"TyagGW_tableContainer\">\n<div class=\"group TyagGW_tableWrapper flex flex-col-reverse w-fit\" tabindex=\"-1\">\n<table class=\"w-fit min-w-(--thread-content-width)\" data-start=\"1668\" data-end=\"1967\">\n<thead data-start=\"1668\" data-end=\"1695\">\n<tr data-start=\"1668\" data-end=\"1695\">\n<th class=\"\" data-start=\"1668\" data-end=\"1678\" data-col-size=\"sm\">Merkmal<\/th>\n<th class=\"\" data-start=\"1678\" data-end=\"1695\" data-col-size=\"sm\">Spezifikation<\/th>\n<\/tr>\n<\/thead>\n<tbody data-start=\"1723\" data-end=\"1967\">\n<tr data-start=\"1723\" data-end=\"1754\">\n<td data-start=\"1723\" data-end=\"1740\" data-col-size=\"sm\">Stecker Typ<\/td>\n<td data-col-size=\"sm\" data-start=\"1740\" data-end=\"1754\">LC Simplex<\/td>\n<\/tr>\n<tr data-start=\"1755\" data-end=\"1781\">\n<td data-start=\"1755\" data-end=\"1772\" data-col-size=\"sm\">Kabel-Durchmesser<\/td>\n<td data-col-size=\"sm\" data-start=\"1772\" data-end=\"1781\">2,0 mm<\/td>\n<\/tr>\n<tr data-start=\"1782\" data-end=\"1819\">\n<td data-start=\"1782\" data-end=\"1792\" data-col-size=\"sm\">Aderendh\u00fclse<\/td>\n<td data-col-size=\"sm\" data-start=\"1792\" data-end=\"1819\">1,25 mm Zirkoniumdioxid-Keramik<\/td>\n<\/tr>\n<tr data-start=\"1820\" data-end=\"1858\">\n<td data-start=\"1820\" data-end=\"1827\" data-col-size=\"sm\">Boot<\/td>\n<td data-start=\"1827\" data-end=\"1858\" data-col-size=\"sm\">Standard-Zugentlastungsmanschette<\/td>\n<\/tr>\n<tr data-start=\"1859\" data-end=\"1893\">\n<td data-start=\"1859\" data-end=\"1877\" data-col-size=\"sm\">Verriegelungssystem<\/td>\n<td data-col-size=\"sm\" data-start=\"1877\" data-end=\"1893\">LC-Push-Pull<\/td>\n<\/tr>\n<tr data-start=\"1894\" data-end=\"1936\">\n<td data-start=\"1894\" data-end=\"1918\" data-col-size=\"sm\">Betriebstemperatur<\/td>\n<td data-start=\"1918\" data-end=\"1936\" data-col-size=\"sm\">-40\u00b0C bis +75\u00b0C<\/td>\n<\/tr>\n<tr data-start=\"1937\" data-end=\"1967\">\n<td data-start=\"1937\" data-end=\"1956\" data-col-size=\"sm\">Zugfestigkeit<\/td>\n<td data-start=\"1956\" data-end=\"1967\" data-col-size=\"sm\">\u2265 100 N<\/td>\n<\/tr>\n<\/tbody>\n<\/table>\n<\/div>\n<\/div>\n<p data-start=\"1969\" data-end=\"2074\">Die <strong data-start=\"1973\" data-end=\"2003\">verst\u00e4rkte Stiefel und Jacke<\/strong> sch\u00fctzen die Faser vor <strong data-start=\"2027\" data-end=\"2073\">B\u00fccken und Ziehen bei der t\u00e4glichen Arbeit<\/strong>.<\/p>\n<hr data-start=\"2076\" data-end=\"2079\" \/>\n<h3 data-start=\"2081\" data-end=\"2107\">Typische Anwendungen<\/h3>\n<p data-start=\"2109\" data-end=\"2155\">Dieser LC UPC 2.0mm Steckverbinder ist weit verbreitet in:<\/p>\n<ul data-start=\"2157\" data-end=\"2360\">\n<li data-start=\"2157\" data-end=\"2188\">\n<p data-start=\"2159\" data-end=\"2188\">LC-LC- und LC-SC-Verbindungskabel<\/p>\n<\/li>\n<li data-start=\"2189\" data-end=\"2216\">\n<p data-start=\"2191\" data-end=\"2216\">FTTH-Indoor-Glasfaserverbindungen<\/p>\n<\/li>\n<li data-start=\"2217\" data-end=\"2254\">\n<p data-start=\"2219\" data-end=\"2254\">Optische Verteilerrahmen (ODF)<\/p>\n<\/li>\n<li data-start=\"2255\" data-end=\"2287\">\n<p data-start=\"2257\" data-end=\"2287\">Netzwerk-Switches und Router<\/p>\n<\/li>\n<li data-start=\"2288\" data-end=\"2327\">\n<p data-start=\"2290\" data-end=\"2327\">Singlemode-Verbindungen f\u00fcr Rechenzentren<\/p>\n<\/li>\n<li data-start=\"2328\" data-end=\"2360\">\n<p data-start=\"2330\" data-end=\"2360\">Pr\u00fcf- und Messbr\u00fccken<\/p>\n<\/li>\n<\/ul>","protected":false},"excerpt":{"rendered":"<h3 data-start=\"233\" data-end=\"289\">Entwickelt f\u00fcr Patchkabel und Verteilernetze<\/h3>\n<p data-start=\"291\" data-end=\"490\">Die <strong data-start=\"295\" data-end=\"341\">LC UPC 2.0mm Simplex Single-Mode Stecker<\/strong> ist gebaut f\u00fcr <strong data-start=\"355\" data-end=\"414\">gebrauchsfertige Patchkabel und Zugangsnetz-Glasfaserverbindungen<\/strong>, wobei <strong data-start=\"422\" data-end=\"467\">mechanische Festigkeit und optische Stabilit\u00e4t<\/strong> sind ebenso wichtig.<\/p>\n<p data-start=\"492\" data-end=\"710\">Im Gegensatz zu 0,9-mm-Pigtail-Steckern, die im Ger\u00e4t gesplei\u00dft werden, sind die <strong data-start=\"563\" data-end=\"594\">2.0mm ummantelter LC-Stecker<\/strong> ist konzipiert f\u00fcr <strong data-start=\"613\" data-end=\"658\">mehrfach gehandhabt, eingesteckt und ausgesteckt<\/strong> in <strong data-start=\"662\" data-end=\"709\">ODF-Platten, Wandsteckdosen, Schalter und ONTs<\/strong>.<\/p>\n<p data-start=\"712\" data-end=\"865\">Mit seinem <strong data-start=\"721\" data-end=\"746\">UPC polierte Stirnfl\u00e4che<\/strong>, liefert er <strong data-start=\"760\" data-end=\"812\">geringe Einf\u00fcgungsd\u00e4mpfung und saubere Signal\u00fcbertragung<\/strong> f\u00fcr <strong data-start=\"817\" data-end=\"864\">Telekommunikations-, FTTH- und Datennetzanwendungen<\/strong>.<\/p>","protected":false},"featured_media":909,"comment_status":"open","ping_status":"closed","template":"","meta":[],"product_brand":[],"product_cat":[50],"product_tag":[],"class_list":{"0":"post-908","1":"product","2":"type-product","3":"status-publish","4":"has-post-thumbnail","6":"product_cat-lc-simplex-connectors-single-modemultimode","8":"first","9":"instock","10":"shipping-taxable","11":"product-type-simple"},"_links":{"self":[{"href":"https:\/\/www.fenxifiber.com\/de\/wp-json\/wp\/v2\/product\/908","targetHints":{"allow":["GET"]}}],"collection":[{"href":"https:\/\/www.fenxifiber.com\/de\/wp-json\/wp\/v2\/product"}],"about":[{"href":"https:\/\/www.fenxifiber.com\/de\/wp-json\/wp\/v2\/types\/product"}],"replies":[{"embeddable":true,"href":"https:\/\/www.fenxifiber.com\/de\/wp-json\/wp\/v2\/comments?post=908"}],"wp:featuredmedia":[{"embeddable":true,"href":"https:\/\/www.fenxifiber.com\/de\/wp-json\/wp\/v2\/media\/909"}],"wp:attachment":[{"href":"https:\/\/www.fenxifiber.com\/de\/wp-json\/wp\/v2\/media?parent=908"}],"wp:term":[{"taxonomy":"product_brand","embeddable":true,"href":"https:\/\/www.fenxifiber.com\/de\/wp-json\/wp\/v2\/product_brand?post=908"},{"taxonomy":"product_cat","embeddable":true,"href":"https:\/\/www.fenxifiber.com\/de\/wp-json\/wp\/v2\/product_cat?post=908"},{"taxonomy":"product_tag","embeddable":true,"href":"https:\/\/www.fenxifiber.com\/de\/wp-json\/wp\/v2\/product_tag?post=908"}],"curies":[{"name":"wp","href":"https:\/\/api.w.org\/{rel}","templated":true}]}}