{"id":910,"date":"2026-02-04T03:15:23","date_gmt":"2026-02-04T03:15:23","guid":{"rendered":"https:\/\/www.fenxifiber.com\/?post_type=product&#038;p=910"},"modified":"2026-02-05T02:27:30","modified_gmt":"2026-02-05T02:27:30","slug":"lc-upc-2-0mm-simplex-mit-kurzem-stiefel","status":"publish","type":"product","link":"https:\/\/www.fenxifiber.com\/de\/product\/lc-upc-2-0mm-simplex-with-short-boot\/","title":{"rendered":"LC UPC 2.0mm Simplex-Stecker mit kurzer Buchse"},"content":{"rendered":"<h3 data-start=\"825\" data-end=\"866\">Warum kurze LC-Stecker wichtig sind<\/h3>\n<div class=\"TyagGW_tableContainer\">\n<div class=\"group TyagGW_tableWrapper flex flex-col-reverse w-fit\" tabindex=\"-1\">\n<table class=\"w-fit min-w-(--thread-content-width)\" data-start=\"868\" data-end=\"1100\">\n<thead data-start=\"868\" data-end=\"907\">\n<tr data-start=\"868\" data-end=\"907\">\n<th class=\"\" data-start=\"868\" data-end=\"880\" data-col-size=\"sm\">Stiefel-Typ<\/th>\n<th class=\"\" data-start=\"880\" data-end=\"892\" data-col-size=\"sm\">Vorteil<\/th>\n<th class=\"\" data-start=\"892\" data-end=\"907\" data-col-size=\"sm\">Typische Verwendung<\/th>\n<\/tr>\n<\/thead>\n<tbody data-start=\"948\" data-end=\"1100\">\n<tr data-start=\"948\" data-end=\"1012\">\n<td data-start=\"948\" data-end=\"964\" data-col-size=\"sm\">Standard-Stiefel<\/td>\n<td data-start=\"964\" data-end=\"989\" data-col-size=\"sm\">Besserer Ziehschutz<\/td>\n<td data-col-size=\"sm\" data-start=\"989\" data-end=\"1012\">Allgemeine Verbindungskabel<\/td>\n<\/tr>\n<tr data-start=\"1013\" data-end=\"1100\">\n<td data-start=\"1013\" data-end=\"1030\" data-col-size=\"sm\"><strong data-start=\"1015\" data-end=\"1029\">Kurzer Stiefel<\/strong><\/td>\n<td data-start=\"1030\" data-end=\"1064\" data-col-size=\"sm\"><strong data-start=\"1032\" data-end=\"1063\">Platzersparnis, einfachere Streckenf\u00fchrung<\/strong><\/td>\n<td data-col-size=\"sm\" data-start=\"1064\" data-end=\"1100\"><strong data-start=\"1066\" data-end=\"1098\">Racks und Module mit hoher Packungsdichte<\/strong><\/td>\n<\/tr>\n<\/tbody>\n<\/table>\n<\/div>\n<\/div>\n<p data-start=\"1102\" data-end=\"1234\">Kurzstiefel-Designs sind weit verbreitet in <strong data-start=\"1140\" data-end=\"1177\">Rechenzentren und Telekommunikationsschr\u00e4nke<\/strong> wo Hunderte von Fasern auf engem Raum abgeschlossen werden.<\/p>\n<hr data-start=\"1236\" data-end=\"1239\" \/>\n<h3 data-start=\"1241\" data-end=\"1269\">Optische Spezifikationen<\/h3>\n<div class=\"TyagGW_tableContainer\">\n<div class=\"group TyagGW_tableWrapper flex flex-col-reverse w-fit\" tabindex=\"-1\">\n<table class=\"w-fit min-w-(--thread-content-width)\" data-start=\"1271\" data-end=\"1517\">\n<thead data-start=\"1271\" data-end=\"1300\">\n<tr data-start=\"1271\" data-end=\"1300\">\n<th class=\"\" data-start=\"1271\" data-end=\"1283\" data-col-size=\"sm\">Parameter<\/th>\n<th class=\"\" data-start=\"1283\" data-end=\"1300\" data-col-size=\"sm\">Typischer Wert<\/th>\n<\/tr>\n<\/thead>\n<tbody data-start=\"1330\" data-end=\"1517\">\n<tr data-start=\"1330\" data-end=\"1367\">\n<td data-start=\"1330\" data-end=\"1343\" data-col-size=\"sm\">Faser-Typ<\/td>\n<td data-start=\"1343\" data-end=\"1367\" data-col-size=\"sm\">Einzelmode 9\/125 \u00b5m<\/td>\n<\/tr>\n<tr data-start=\"1368\" data-end=\"1389\">\n<td data-start=\"1368\" data-end=\"1382\" data-col-size=\"sm\">Polnischer Typ<\/td>\n<td data-start=\"1382\" data-end=\"1389\" data-col-size=\"sm\">UPC<\/td>\n<\/tr>\n<tr data-start=\"1390\" data-end=\"1420\">\n<td data-start=\"1390\" data-end=\"1407\" data-col-size=\"sm\">Einf\u00fcged\u00e4mpfung<\/td>\n<td data-col-size=\"sm\" data-start=\"1407\" data-end=\"1420\">\u2264 0,30 dB<\/td>\n<\/tr>\n<tr data-start=\"1421\" data-end=\"1446\">\n<td data-start=\"1421\" data-end=\"1435\" data-col-size=\"sm\">R\u00fcckflussd\u00e4mpfung<\/td>\n<td data-col-size=\"sm\" data-start=\"1435\" data-end=\"1446\">\u2265 50 dB<\/td>\n<\/tr>\n<tr data-start=\"1447\" data-end=\"1479\">\n<td data-start=\"1447\" data-end=\"1461\" data-col-size=\"sm\">Wellenl\u00e4ngen<\/td>\n<td data-start=\"1461\" data-end=\"1479\" data-col-size=\"sm\">1310 \/ 1550 nm<\/td>\n<\/tr>\n<tr data-start=\"1480\" data-end=\"1517\">\n<td data-start=\"1480\" data-end=\"1493\" data-col-size=\"sm\">Dauerhaftigkeit<\/td>\n<td data-start=\"1493\" data-end=\"1517\" data-col-size=\"sm\">\u2265 1000 Steckzyklen<\/td>\n<\/tr>\n<\/tbody>\n<\/table>\n<\/div>\n<\/div>\n<p data-start=\"1519\" data-end=\"1611\">Diese Werte gew\u00e4hrleisten <strong data-start=\"1539\" data-end=\"1569\">stabile Signal\u00fcbertragung<\/strong> f\u00fcr <strong data-start=\"1574\" data-end=\"1610\">FTTH, Telekommunikations- und Datennetze<\/strong>.<\/p>\n<hr data-start=\"1613\" data-end=\"1616\" \/>\n<h3 data-start=\"1618\" data-end=\"1641\">Mechanische Konstruktion<\/h3>\n<div class=\"TyagGW_tableContainer\">\n<div class=\"group TyagGW_tableWrapper flex flex-col-reverse w-fit\" tabindex=\"-1\">\n<table class=\"w-fit min-w-(--thread-content-width)\" data-start=\"1643\" data-end=\"1947\">\n<thead data-start=\"1643\" data-end=\"1670\">\n<tr data-start=\"1643\" data-end=\"1670\">\n<th class=\"\" data-start=\"1643\" data-end=\"1653\" data-col-size=\"sm\">Merkmal<\/th>\n<th class=\"\" data-start=\"1653\" data-end=\"1670\" data-col-size=\"sm\">Spezifikation<\/th>\n<\/tr>\n<\/thead>\n<tbody data-start=\"1698\" data-end=\"1947\">\n<tr data-start=\"1698\" data-end=\"1729\">\n<td data-start=\"1698\" data-end=\"1715\" data-col-size=\"sm\">Stecker Typ<\/td>\n<td data-start=\"1715\" data-end=\"1729\" data-col-size=\"sm\">LC Simplex<\/td>\n<\/tr>\n<tr data-start=\"1730\" data-end=\"1756\">\n<td data-start=\"1730\" data-end=\"1747\" data-col-size=\"sm\">Kabel-Durchmesser<\/td>\n<td data-start=\"1747\" data-end=\"1756\" data-col-size=\"sm\">2,0 mm<\/td>\n<\/tr>\n<tr data-start=\"1757\" data-end=\"1794\">\n<td data-start=\"1757\" data-end=\"1767\" data-col-size=\"sm\">Aderendh\u00fclse<\/td>\n<td data-start=\"1767\" data-end=\"1794\" data-col-size=\"sm\">1,25 mm Zirkoniumdioxid-Keramik<\/td>\n<\/tr>\n<tr data-start=\"1795\" data-end=\"1838\">\n<td data-start=\"1795\" data-end=\"1802\" data-col-size=\"sm\">Boot<\/td>\n<td data-start=\"1802\" data-end=\"1838\" data-col-size=\"sm\">Kurze, unauff\u00e4llige Zugentlastung<\/td>\n<\/tr>\n<tr data-start=\"1839\" data-end=\"1873\">\n<td data-start=\"1839\" data-end=\"1857\" data-col-size=\"sm\">Verriegelungssystem<\/td>\n<td data-start=\"1857\" data-end=\"1873\" data-col-size=\"sm\">LC-Push-Pull<\/td>\n<\/tr>\n<tr data-start=\"1874\" data-end=\"1916\">\n<td data-start=\"1874\" data-end=\"1898\" data-col-size=\"sm\">Betriebstemperatur<\/td>\n<td data-start=\"1898\" data-end=\"1916\" data-col-size=\"sm\">-40\u00b0C bis +75\u00b0C<\/td>\n<\/tr>\n<tr data-start=\"1917\" data-end=\"1947\">\n<td data-start=\"1917\" data-end=\"1936\" data-col-size=\"sm\">Zugfestigkeit<\/td>\n<td data-start=\"1936\" data-end=\"1947\" data-col-size=\"sm\">\u2265 100 N<\/td>\n<\/tr>\n<\/tbody>\n<\/table>\n<\/div>\n<\/div>\n<p data-start=\"1949\" data-end=\"2058\">Die <strong data-start=\"1953\" data-end=\"1967\">Kurzstiefel<\/strong> passt der Stecker bequem in die <strong data-start=\"2011\" data-end=\"2057\">\u00fcberf\u00fcllte Patchfelder und Transceiver-K\u00e4fige<\/strong>.<\/p>\n<hr data-start=\"2060\" data-end=\"2063\" \/>\n<h3 data-start=\"2065\" data-end=\"2091\">Typische Anwendungen<\/h3>\n<p data-start=\"2093\" data-end=\"2121\">Dieser Stecker ist ideal f\u00fcr:<\/p>\n<ul data-start=\"2123\" data-end=\"2315\">\n<li data-start=\"2123\" data-end=\"2152\">\n<p data-start=\"2125\" data-end=\"2152\">Patch-Panels mit hoher Packungsdichte<\/p>\n<\/li>\n<li data-start=\"2153\" data-end=\"2183\">\n<p data-start=\"2155\" data-end=\"2183\">LC-Patchkabel f\u00fcr Rechenzentren<\/p>\n<\/li>\n<li data-start=\"2184\" data-end=\"2212\">\n<p data-start=\"2186\" data-end=\"2212\">FTTH-Verteilerk\u00e4sten<\/p>\n<\/li>\n<li data-start=\"2213\" data-end=\"2245\">\n<p data-start=\"2215\" data-end=\"2245\">Netzwerk-Switches und Router<\/p>\n<\/li>\n<li data-start=\"2246\" data-end=\"2281\">\n<p data-start=\"2248\" data-end=\"2281\">Optische Transceiver-Verbindungen<\/p>\n<\/li>\n<li data-start=\"2282\" data-end=\"2315\">\n<p data-start=\"2284\" data-end=\"2315\">Test- und \u00dcberwachungsger\u00e4te<\/p>\n<\/li>\n<\/ul>\n<hr data-start=\"2317\" data-end=\"2320\" \/>\n<h2 data-start=\"2322\" data-end=\"2343\">Fachliche Fragen und Antworten<\/h2>\n<p data-start=\"2345\" data-end=\"2513\"><strong data-start=\"2345\" data-end=\"2393\">F1: Verringert ein kurzer Stiefel die Festigkeit des Kabels?<\/strong><br data-start=\"2393\" data-end=\"2396\" \/>Nein. Der kurze Stiefel bietet immer noch <strong data-start=\"2430\" data-end=\"2456\">ausreichende Zugentlastung<\/strong> f\u00fcr Innenraum-Patchkabel bei gleichzeitiger Verbesserung der Raumeffizienz.<\/p>\n<hr data-start=\"2515\" data-end=\"2518\" \/>\n<p data-start=\"2520\" data-end=\"2649\"><strong data-start=\"2520\" data-end=\"2569\">F2: Kann es in Standard-LC-Adaptern verwendet werden?<\/strong><br data-start=\"2569\" data-end=\"2572\" \/>Ja. Es ist <strong data-start=\"2583\" data-end=\"2603\">voll kompatibel<\/strong> mit allen standardm\u00e4\u00dfigen LC UPC Adaptern und Panels.<\/p>\n<hr data-start=\"2651\" data-end=\"2654\" \/>\n<p data-start=\"2656\" data-end=\"2838\"><strong data-start=\"2656\" data-end=\"2711\">F3: Wann sollte ich einen LC-Kurzkupplungsstecker w\u00e4hlen?<\/strong><br data-start=\"2711\" data-end=\"2714\" \/>Wenn Sie arbeiten mit <strong data-start=\"2740\" data-end=\"2792\">\u00fcberf\u00fcllte Racks, Faserregale oder kompakte Ger\u00e4te<\/strong> wo Standardstiefel schwer zu handhaben sind.<\/p>","protected":false},"excerpt":{"rendered":"<h3 data-start=\"216\" data-end=\"277\">Konzipiert f\u00fcr enge R\u00e4ume und hochdichte Faserplatten<\/h3>\n<p data-start=\"279\" data-end=\"647\">Die <strong data-start=\"283\" data-end=\"333\">LC UPC 2.0mm Simplex-Stecker mit kurzer Buchse<\/strong> ist konzipiert f\u00fcr <strong data-start=\"352\" data-end=\"435\">Faserumgebungen, in denen der Platz begrenzt ist, die Leistung aber nicht beeintr\u00e4chtigt werden darf<\/strong>.<br data-start=\"436\" data-end=\"439\" \/>Durch Ersetzen der standardm\u00e4\u00dfigen langen Zugentlastungsmanschette durch eine <strong data-start=\"496\" data-end=\"518\">Kompakt-Kurzstiefel<\/strong>, erm\u00f6glicht dieser Anschluss <strong data-start=\"542\" data-end=\"584\">einfacheres Routing und h\u00f6here Anschlussdichte<\/strong> in <strong data-start=\"588\" data-end=\"646\">ODF-Racks, Patchfelder, Switches und optische Module<\/strong>.<\/p>\n<p data-start=\"649\" data-end=\"818\">Sie beh\u00e4lt dieselbe <strong data-start=\"671\" data-end=\"721\">optische Leistung und mechanische Zuverl\u00e4ssigkeit<\/strong> wie ein Standard-LC-UPC-Stecker und bietet gleichzeitig <strong data-start=\"769\" data-end=\"817\">mehr Freiraum hinter Adaptern und Modulen<\/strong>.<\/p>","protected":false},"featured_media":911,"comment_status":"open","ping_status":"closed","template":"","meta":[],"product_brand":[],"product_cat":[50],"product_tag":[],"class_list":{"0":"post-910","1":"product","2":"type-product","3":"status-publish","4":"has-post-thumbnail","6":"product_cat-lc-simplex-connectors-single-modemultimode","8":"first","9":"instock","10":"shipping-taxable","11":"product-type-simple"},"_links":{"self":[{"href":"https:\/\/www.fenxifiber.com\/de\/wp-json\/wp\/v2\/product\/910","targetHints":{"allow":["GET"]}}],"collection":[{"href":"https:\/\/www.fenxifiber.com\/de\/wp-json\/wp\/v2\/product"}],"about":[{"href":"https:\/\/www.fenxifiber.com\/de\/wp-json\/wp\/v2\/types\/product"}],"replies":[{"embeddable":true,"href":"https:\/\/www.fenxifiber.com\/de\/wp-json\/wp\/v2\/comments?post=910"}],"wp:featuredmedia":[{"embeddable":true,"href":"https:\/\/www.fenxifiber.com\/de\/wp-json\/wp\/v2\/media\/911"}],"wp:attachment":[{"href":"https:\/\/www.fenxifiber.com\/de\/wp-json\/wp\/v2\/media?parent=910"}],"wp:term":[{"taxonomy":"product_brand","embeddable":true,"href":"https:\/\/www.fenxifiber.com\/de\/wp-json\/wp\/v2\/product_brand?post=910"},{"taxonomy":"product_cat","embeddable":true,"href":"https:\/\/www.fenxifiber.com\/de\/wp-json\/wp\/v2\/product_cat?post=910"},{"taxonomy":"product_tag","embeddable":true,"href":"https:\/\/www.fenxifiber.com\/de\/wp-json\/wp\/v2\/product_tag?post=910"}],"curies":[{"name":"wp","href":"https:\/\/api.w.org\/{rel}","templated":true}]}}