{"id":916,"date":"2026-02-04T03:19:09","date_gmt":"2026-02-04T03:19:09","guid":{"rendered":"https:\/\/www.fenxifiber.com\/?post_type=product&#038;p=916"},"modified":"2026-02-05T02:28:47","modified_gmt":"2026-02-05T02:28:47","slug":"lc-upc-3-0mm-simplex-multimode","status":"publish","type":"product","link":"https:\/\/www.fenxifiber.com\/de\/product\/lc-upc-3-0mm-simplex-multimode\/","title":{"rendered":"LC UPC 3.0mm Simplex Multimode Fiber Stecker"},"content":{"rendered":"<h3 data-start=\"845\" data-end=\"889\">Warum 3,0 mm f\u00fcr Multimode-Jumper w\u00e4hlen?<\/h3>\n<div class=\"TyagGW_tableContainer\">\n<div class=\"group TyagGW_tableWrapper flex flex-col-reverse w-fit\" tabindex=\"-1\">\n<table class=\"w-fit min-w-(--thread-content-width)\" data-start=\"891\" data-end=\"1145\">\n<thead data-start=\"891\" data-end=\"944\">\n<tr data-start=\"891\" data-end=\"944\">\n<th class=\"\" data-start=\"891\" data-end=\"908\" data-col-size=\"sm\">Kabel-Durchmesser<\/th>\n<th class=\"\" data-start=\"908\" data-end=\"921\" data-col-size=\"sm\">Dauerhaftigkeit<\/th>\n<th class=\"\" data-start=\"921\" data-end=\"944\" data-col-size=\"sm\">Typische Umgebung<\/th>\n<\/tr>\n<\/thead>\n<tbody data-start=\"999\" data-end=\"1145\">\n<tr data-start=\"999\" data-end=\"1035\">\n<td data-start=\"999\" data-end=\"1007\" data-col-size=\"sm\">0,9 mm<\/td>\n<td data-start=\"1007\" data-end=\"1013\" data-col-size=\"sm\">Niedrig<\/td>\n<td data-start=\"1013\" data-end=\"1035\" data-col-size=\"sm\">Z\u00f6pfe, Splei\u00dfen<\/td>\n<\/tr>\n<tr data-start=\"1036\" data-end=\"1077\">\n<td data-start=\"1036\" data-end=\"1044\" data-col-size=\"sm\">2,0 mm<\/td>\n<td data-start=\"1044\" data-end=\"1053\" data-col-size=\"sm\">Mittel<\/td>\n<td data-start=\"1053\" data-end=\"1077\" data-col-size=\"sm\">Standard-Patchkabel<\/td>\n<\/tr>\n<tr data-start=\"1078\" data-end=\"1145\">\n<td data-start=\"1078\" data-end=\"1090\" data-col-size=\"sm\"><strong data-start=\"1080\" data-end=\"1089\">3,0 mm<\/strong><\/td>\n<td data-start=\"1090\" data-end=\"1101\" data-col-size=\"sm\"><strong data-start=\"1092\" data-end=\"1100\">Hoch<\/strong><\/td>\n<td data-start=\"1101\" data-end=\"1145\" data-col-size=\"sm\"><strong data-start=\"1103\" data-end=\"1143\">Hochfrequentierte Regale, Industriestandorte<\/strong><\/td>\n<\/tr>\n<\/tbody>\n<\/table>\n<\/div>\n<\/div>\n<p data-start=\"1147\" data-end=\"1238\">Die <strong data-start=\"1151\" data-end=\"1169\">dickere Jacke<\/strong> sch\u00fctzt die Fasern vor <strong data-start=\"1191\" data-end=\"1237\">Biegen, Vibration und versehentliches Ziehen<\/strong>.<\/p>\n<hr data-start=\"1240\" data-end=\"1243\" \/>\n<h3 data-start=\"1245\" data-end=\"1280\">Optische Multimode-Leistung<\/h3>\n<div class=\"TyagGW_tableContainer\">\n<div class=\"group TyagGW_tableWrapper flex flex-col-reverse w-fit\" tabindex=\"-1\">\n<table class=\"w-fit min-w-(--thread-content-width)\" data-start=\"1282\" data-end=\"1653\">\n<thead data-start=\"1282\" data-end=\"1311\">\n<tr data-start=\"1282\" data-end=\"1311\">\n<th class=\"\" data-start=\"1282\" data-end=\"1294\" data-col-size=\"sm\">Parameter<\/th>\n<th class=\"\" data-start=\"1294\" data-end=\"1311\" data-col-size=\"sm\">Typischer Wert<\/th>\n<\/tr>\n<\/thead>\n<tbody data-start=\"1341\" data-end=\"1653\">\n<tr data-start=\"1341\" data-end=\"1389\">\n<td data-start=\"1341\" data-end=\"1354\" data-col-size=\"sm\">Faser-Typ<\/td>\n<td data-col-size=\"sm\" data-start=\"1354\" data-end=\"1389\">Multimode OM2 \/ OM3 \/ OM4 \/ OM5<\/td>\n<\/tr>\n<tr data-start=\"1390\" data-end=\"1440\">\n<td data-start=\"1390\" data-end=\"1408\" data-col-size=\"sm\">Kern\/Verkleidung<\/td>\n<td data-col-size=\"sm\" data-start=\"1408\" data-end=\"1440\">50 \/ 125 \u00b5m oder 62,5 \/ 125 \u00b5m<\/td>\n<\/tr>\n<tr data-start=\"1441\" data-end=\"1462\">\n<td data-start=\"1441\" data-end=\"1455\" data-col-size=\"sm\">Polnischer Typ<\/td>\n<td data-col-size=\"sm\" data-start=\"1455\" data-end=\"1462\">UPC<\/td>\n<\/tr>\n<tr data-start=\"1463\" data-end=\"1493\">\n<td data-start=\"1463\" data-end=\"1480\" data-col-size=\"sm\">Einf\u00fcged\u00e4mpfung<\/td>\n<td data-start=\"1480\" data-end=\"1493\" data-col-size=\"sm\">\u2264 0,30 dB<\/td>\n<\/tr>\n<tr data-start=\"1494\" data-end=\"1519\">\n<td data-start=\"1494\" data-end=\"1508\" data-col-size=\"sm\">R\u00fcckflussd\u00e4mpfung<\/td>\n<td data-col-size=\"sm\" data-start=\"1508\" data-end=\"1519\">\u2265 35 dB<\/td>\n<\/tr>\n<tr data-start=\"1520\" data-end=\"1551\">\n<td data-start=\"1520\" data-end=\"1534\" data-col-size=\"sm\">Wellenl\u00e4ngen<\/td>\n<td data-col-size=\"sm\" data-start=\"1534\" data-end=\"1551\">850 \/ 1300 nm<\/td>\n<\/tr>\n<tr data-start=\"1552\" data-end=\"1615\">\n<td data-start=\"1552\" data-end=\"1575\" data-col-size=\"sm\">Unterst\u00fctzte Datenraten<\/td>\n<td data-start=\"1575\" data-end=\"1615\" data-col-size=\"sm\">10G \/ 25G \/ 40G \/ 100G (kurze Reichweite)<\/td>\n<\/tr>\n<tr data-start=\"1616\" data-end=\"1653\">\n<td data-start=\"1616\" data-end=\"1629\" data-col-size=\"sm\">Dauerhaftigkeit<\/td>\n<td data-start=\"1629\" data-end=\"1653\" data-col-size=\"sm\">\u2265 1000 Steckzyklen<\/td>\n<\/tr>\n<\/tbody>\n<\/table>\n<\/div>\n<\/div>\n<p data-start=\"1655\" data-end=\"1733\">Diese Spezifikationen gew\u00e4hrleisten <strong data-start=\"1674\" data-end=\"1701\">zuverl\u00e4ssige Signalqualit\u00e4t<\/strong> auch in anspruchsvollen Umgebungen.<\/p>\n<hr data-start=\"1735\" data-end=\"1738\" \/>\n<h3 data-start=\"1740\" data-end=\"1769\">Mechanische Konstruktion<\/h3>\n<div class=\"TyagGW_tableContainer\">\n<div class=\"group TyagGW_tableWrapper flex flex-col-reverse w-fit\" tabindex=\"-1\">\n<table class=\"w-fit min-w-(--thread-content-width)\" data-start=\"1771\" data-end=\"2073\">\n<thead data-start=\"1771\" data-end=\"1798\">\n<tr data-start=\"1771\" data-end=\"1798\">\n<th class=\"\" data-start=\"1771\" data-end=\"1781\" data-col-size=\"sm\">Merkmal<\/th>\n<th class=\"\" data-start=\"1781\" data-end=\"1798\" data-col-size=\"sm\">Spezifikation<\/th>\n<\/tr>\n<\/thead>\n<tbody data-start=\"1826\" data-end=\"2073\">\n<tr data-start=\"1826\" data-end=\"1857\">\n<td data-start=\"1826\" data-end=\"1843\" data-col-size=\"sm\">Stecker Typ<\/td>\n<td data-start=\"1843\" data-end=\"1857\" data-col-size=\"sm\">LC Simplex<\/td>\n<\/tr>\n<tr data-start=\"1858\" data-end=\"1884\">\n<td data-start=\"1858\" data-end=\"1875\" data-col-size=\"sm\">Kabel-Durchmesser<\/td>\n<td data-start=\"1875\" data-end=\"1884\" data-col-size=\"sm\">3,0 mm<\/td>\n<\/tr>\n<tr data-start=\"1885\" data-end=\"1922\">\n<td data-start=\"1885\" data-end=\"1895\" data-col-size=\"sm\">Aderendh\u00fclse<\/td>\n<td data-start=\"1895\" data-end=\"1922\" data-col-size=\"sm\">1,25 mm Zirkoniumdioxid-Keramik<\/td>\n<\/tr>\n<tr data-start=\"1923\" data-end=\"1964\">\n<td data-start=\"1923\" data-end=\"1930\" data-col-size=\"sm\">Boot<\/td>\n<td data-start=\"1930\" data-end=\"1964\" data-col-size=\"sm\">Lange, verst\u00e4rkte Zugentlastung<\/td>\n<\/tr>\n<tr data-start=\"1965\" data-end=\"1999\">\n<td data-start=\"1965\" data-end=\"1983\" data-col-size=\"sm\">Verriegelungssystem<\/td>\n<td data-start=\"1983\" data-end=\"1999\" data-col-size=\"sm\">LC-Push-Pull<\/td>\n<\/tr>\n<tr data-start=\"2000\" data-end=\"2042\">\n<td data-start=\"2000\" data-end=\"2024\" data-col-size=\"sm\">Betriebstemperatur<\/td>\n<td data-start=\"2024\" data-end=\"2042\" data-col-size=\"sm\">-40\u00b0C bis +75\u00b0C<\/td>\n<\/tr>\n<tr data-start=\"2043\" data-end=\"2073\">\n<td data-start=\"2043\" data-end=\"2062\" data-col-size=\"sm\">Zugfestigkeit<\/td>\n<td data-start=\"2062\" data-end=\"2073\" data-col-size=\"sm\">\u2265 120 N<\/td>\n<\/tr>\n<\/tbody>\n<\/table>\n<\/div>\n<\/div>\n<p data-start=\"2075\" data-end=\"2195\">Die <strong data-start=\"2079\" data-end=\"2115\">verst\u00e4rkte Stiefel und dicke Jacke<\/strong> verhindern Mikrokr\u00fcmmungen und mechanische Belastungen, die Multimode-Signale beeintr\u00e4chtigen k\u00f6nnen.<\/p>\n<hr data-start=\"2197\" data-end=\"2200\" \/>\n<h3 data-start=\"2202\" data-end=\"2228\">Typische Anwendungen<\/h3>\n<p data-start=\"2230\" data-end=\"2282\">Dieser LC-Multimode-3,0-mm-Stecker wird h\u00e4ufig verwendet:<\/p>\n<ul data-start=\"2284\" data-end=\"2480\">\n<li data-start=\"2284\" data-end=\"2316\">\n<p data-start=\"2286\" data-end=\"2316\">Backbone-Jumper f\u00fcr Rechenzentren<\/p>\n<\/li>\n<li data-start=\"2317\" data-end=\"2353\">\n<p data-start=\"2319\" data-end=\"2353\">Switch-to-Switch-Multimode-Verbindungen<\/p>\n<\/li>\n<li data-start=\"2354\" data-end=\"2392\">\n<p data-start=\"2356\" data-end=\"2392\">Industrielle Ethernet-Glasfasernetze<\/p>\n<\/li>\n<li data-start=\"2393\" data-end=\"2425\">\n<p data-start=\"2395\" data-end=\"2425\">Ger\u00e4teschr\u00e4nke und Regale<\/p>\n<\/li>\n<li data-start=\"2426\" data-end=\"2450\">\n<p data-start=\"2428\" data-end=\"2450\">Multimode-Pr\u00fcfkabel<\/p>\n<\/li>\n<li data-start=\"2451\" data-end=\"2480\">\n<p data-start=\"2453\" data-end=\"2480\">Faserverteiler<\/p>\n<\/li>\n<\/ul>","protected":false},"excerpt":{"rendered":"<h3 data-start=\"226\" data-end=\"290\">Gebaut f\u00fcr Hochgeschwindigkeits-Multimode-Verbindungen in schwierigen Umgebungen<\/h3>\n<p data-start=\"292\" data-end=\"669\">Die <strong data-start=\"296\" data-end=\"340\">LC UPC 3.0mm Simplex Multimode Stecker<\/strong> ist konzipiert f\u00fcr <strong data-start=\"357\" data-end=\"426\">Multimode-Glasfaser-Patchkabel, die einen zus\u00e4tzlichen mechanischen Schutz ben\u00f6tigen<\/strong>.<br data-start=\"427\" data-end=\"430\" \/>W\u00e4hrend 2,0-mm-Kabel in Standard-Racks \u00fcblich sind, ist das <strong data-start=\"483\" data-end=\"499\">3,0 mm Mantel<\/strong> bietet <strong data-start=\"509\" data-end=\"583\">h\u00f6here Zugfestigkeit, bessere Quetschfestigkeit und l\u00e4ngere Lebensdauer<\/strong>, und damit ideal f\u00fcr <strong data-start=\"605\" data-end=\"668\">gesch\u00e4ftige Rechenzentren, Industrieschr\u00e4nke und Ger\u00e4ter\u00e4ume<\/strong>.<\/p>\n<p data-start=\"671\" data-end=\"838\">Mit <strong data-start=\"676\" data-end=\"701\">UPC polierte Aderendh\u00fclsen<\/strong> und <strong data-start=\"706\" data-end=\"739\">Kompatibilit\u00e4t von Multimode-Fasern<\/strong>, unterst\u00fctzt dieser Anschluss <strong data-start=\"765\" data-end=\"812\">optische Hochgeschwindigkeits\u00fcbertragung mit kurzer Reichweite<\/strong> mit ausgezeichneter Stabilit\u00e4t.<\/p>","protected":false},"featured_media":917,"comment_status":"open","ping_status":"closed","template":"","meta":[],"product_brand":[],"product_cat":[50],"product_tag":[],"class_list":{"0":"post-916","1":"product","2":"type-product","3":"status-publish","4":"has-post-thumbnail","6":"product_cat-lc-simplex-connectors-single-modemultimode","8":"first","9":"instock","10":"shipping-taxable","11":"product-type-simple"},"_links":{"self":[{"href":"https:\/\/www.fenxifiber.com\/de\/wp-json\/wp\/v2\/product\/916","targetHints":{"allow":["GET"]}}],"collection":[{"href":"https:\/\/www.fenxifiber.com\/de\/wp-json\/wp\/v2\/product"}],"about":[{"href":"https:\/\/www.fenxifiber.com\/de\/wp-json\/wp\/v2\/types\/product"}],"replies":[{"embeddable":true,"href":"https:\/\/www.fenxifiber.com\/de\/wp-json\/wp\/v2\/comments?post=916"}],"wp:featuredmedia":[{"embeddable":true,"href":"https:\/\/www.fenxifiber.com\/de\/wp-json\/wp\/v2\/media\/917"}],"wp:attachment":[{"href":"https:\/\/www.fenxifiber.com\/de\/wp-json\/wp\/v2\/media?parent=916"}],"wp:term":[{"taxonomy":"product_brand","embeddable":true,"href":"https:\/\/www.fenxifiber.com\/de\/wp-json\/wp\/v2\/product_brand?post=916"},{"taxonomy":"product_cat","embeddable":true,"href":"https:\/\/www.fenxifiber.com\/de\/wp-json\/wp\/v2\/product_cat?post=916"},{"taxonomy":"product_tag","embeddable":true,"href":"https:\/\/www.fenxifiber.com\/de\/wp-json\/wp\/v2\/product_tag?post=916"}],"curies":[{"name":"wp","href":"https:\/\/api.w.org\/{rel}","templated":true}]}}