{"id":920,"date":"2026-02-04T03:22:10","date_gmt":"2026-02-04T03:22:10","guid":{"rendered":"https:\/\/www.fenxifiber.com\/?post_type=product&#038;p=920"},"modified":"2026-02-05T02:15:22","modified_gmt":"2026-02-05T02:15:22","slug":"fc-apc-0-9mm-nicht-einstellbar","status":"publish","type":"product","link":"https:\/\/www.fenxifiber.com\/de\/product\/fc-apc-0-9mm-non-adjustable\/","title":{"rendered":"FC APC 0,9mm Nicht einstellbar"},"content":{"rendered":"<h2 data-start=\"993\" data-end=\"1010\">Wesentliche Merkmale<\/h2>\n<ul data-start=\"1012\" data-end=\"1873\">\n<li data-start=\"1012\" data-end=\"1186\">\n<p data-start=\"1014\" data-end=\"1186\"><strong data-start=\"1014\" data-end=\"1056\">APC (abgewinkelter physischer Kontakt) Ferrule:<\/strong> Minimiert die R\u00fcckreflexion mit einer typischen R\u00fcckflussd\u00e4mpfung von \u2265 60 dB f\u00fcr Singlemode-Fasersysteme.<\/p>\n<\/li>\n<li data-start=\"1187\" data-end=\"1319\">\n<p data-start=\"1189\" data-end=\"1319\"><strong data-start=\"1189\" data-end=\"1228\">Nicht verstellbarer fester Stiefel (0,9 mm):<\/strong> Optimiert f\u00fcr eng gepufferte Glasfaserkabelkonfektionen.<\/p>\n<\/li>\n<li data-start=\"1320\" data-end=\"1447\">\n<p data-start=\"1322\" data-end=\"1447\"><strong data-start=\"1322\" data-end=\"1345\">Geringe Einf\u00fcgungsd\u00e4mpfung:<\/strong> Typisch \u2264 0,20 - 0,30 dB bei Standard-Telekom-Wellenl\u00e4ngen.<\/p>\n<\/li>\n<li data-start=\"1448\" data-end=\"1599\">\n<p data-start=\"1450\" data-end=\"1599\"><strong data-start=\"1450\" data-end=\"1480\">Pr\u00e4zisions-Keramikh\u00fclse:<\/strong> Die Zirkoniumdioxid-Ferrule gew\u00e4hrleistet eine genaue Faserausrichtung und langfristige Wiederholbarkeit.<\/p>\n<\/li>\n<li data-start=\"1600\" data-end=\"1760\">\n<p data-start=\"1602\" data-end=\"1760\"><strong data-start=\"1602\" data-end=\"1631\">Robuste mechanische Konstruktion:<\/strong> Schraubkupplung und Metallgeh\u00e4use f\u00fcr sichere Verbindungen und Umweltbest\u00e4ndigkeit.<\/p>\n<\/li>\n<li data-start=\"1761\" data-end=\"1873\">\n<p data-start=\"1763\" data-end=\"1873\"><strong data-start=\"1763\" data-end=\"1782\">RoHS-konform:<\/strong> Erf\u00fcllt die Umwelt- und Sicherheitsstandards der Industrie.<\/p>\n<\/li>\n<\/ul>\n<hr data-start=\"1875\" data-end=\"1878\" \/>\n<h2 data-start=\"1880\" data-end=\"1907\">Typische Spezifikationen<\/h2>\n<h3 data-start=\"1909\" data-end=\"1936\">Optische Merkmale<\/h3>\n<div class=\"TyagGW_tableContainer\">\n<div class=\"group TyagGW_tableWrapper flex flex-col-reverse w-fit\" tabindex=\"-1\">\n<table class=\"w-fit min-w-(--thread-content-width)\" data-start=\"1938\" data-end=\"2200\">\n<thead data-start=\"1938\" data-end=\"1967\">\n<tr data-start=\"1938\" data-end=\"1967\">\n<th class=\"align-top\" data-start=\"1938\" data-end=\"1950\" data-col-size=\"sm\">Parameter<\/th>\n<th class=\"align-top\" data-start=\"1950\" data-end=\"1967\" data-col-size=\"sm\">Typischer Wert<\/th>\n<\/tr>\n<\/thead>\n<tbody data-start=\"1999\" data-end=\"2200\">\n<tr data-start=\"1999\" data-end=\"2042\">\n<td data-start=\"1999\" data-end=\"2022\" data-col-size=\"sm\">Einf\u00fcgungsd\u00e4mpfung (APC)<\/td>\n<td data-start=\"2022\" data-end=\"2042\" data-col-size=\"sm\">\u2264 0,20 - 0,30 dB<\/td>\n<\/tr>\n<tr data-start=\"2043\" data-end=\"2074\">\n<td data-start=\"2043\" data-end=\"2063\" data-col-size=\"sm\">R\u00fcckflussd\u00e4mpfung (APC)<\/td>\n<td data-col-size=\"sm\" data-start=\"2063\" data-end=\"2074\">\u2265 60 dB<\/td>\n<\/tr>\n<tr data-start=\"2075\" data-end=\"2118\">\n<td data-start=\"2075\" data-end=\"2098\" data-col-size=\"sm\">Betriebswellenl\u00e4nge<\/td>\n<td data-start=\"2098\" data-end=\"2118\" data-col-size=\"sm\">1310 nm, 1550 nm<\/td>\n<\/tr>\n<tr data-start=\"2119\" data-end=\"2158\">\n<td data-start=\"2119\" data-end=\"2132\" data-col-size=\"sm\">Faser-Modus<\/td>\n<td data-start=\"2132\" data-end=\"2158\" data-col-size=\"sm\">Monomode (9\/125 \u00b5m)<\/td>\n<\/tr>\n<tr data-start=\"2159\" data-end=\"2200\">\n<td data-start=\"2159\" data-end=\"2178\" data-col-size=\"sm\">Material der Aderendh\u00fclse<\/td>\n<td data-col-size=\"sm\" data-start=\"2178\" data-end=\"2200\">Keramik (Zirkoniumdioxid)<\/td>\n<\/tr>\n<\/tbody>\n<\/table>\n<\/div>\n<\/div>\n<p data-start=\"2202\" data-end=\"2311\"><em data-start=\"2202\" data-end=\"2273\">Die Werte basieren auf g\u00e4ngigen FC APC 0,9 mm Steckverbindern in Industriekatalogen.<\/em><\/p>\n<h3 data-start=\"2313\" data-end=\"2343\">Umwelt und Mechanik<\/h3>\n<div class=\"TyagGW_tableContainer\">\n<div class=\"group TyagGW_tableWrapper flex flex-col-reverse w-fit\" tabindex=\"-1\">\n<table class=\"w-fit min-w-(--thread-content-width)\" data-start=\"2345\" data-end=\"2605\">\n<thead data-start=\"2345\" data-end=\"2372\">\n<tr data-start=\"2345\" data-end=\"2372\">\n<th class=\"align-top\" data-start=\"2345\" data-end=\"2355\" data-col-size=\"sm\">Merkmal<\/th>\n<th class=\"align-top\" data-start=\"2355\" data-end=\"2372\" data-col-size=\"sm\">Spezifikation<\/th>\n<\/tr>\n<\/thead>\n<tbody data-start=\"2402\" data-end=\"2605\">\n<tr data-start=\"2402\" data-end=\"2434\">\n<td data-start=\"2402\" data-end=\"2418\" data-col-size=\"sm\">Stiefel-Durchmesser<\/td>\n<td data-col-size=\"sm\" data-start=\"2418\" data-end=\"2434\">0,9 mm fest<\/td>\n<\/tr>\n<tr data-start=\"2435\" data-end=\"2479\">\n<td data-start=\"2435\" data-end=\"2459\" data-col-size=\"sm\">Betriebstemperatur<\/td>\n<td data-start=\"2459\" data-end=\"2479\" data-col-size=\"sm\">-40 \u00b0C bis +75 \u00b0C<\/td>\n<\/tr>\n<tr data-start=\"2480\" data-end=\"2527\">\n<td data-start=\"2480\" data-end=\"2497\" data-col-size=\"sm\">Stecker Typ<\/td>\n<td data-col-size=\"sm\" data-start=\"2497\" data-end=\"2527\">Simplex FC mit APC-Politur<\/td>\n<\/tr>\n<tr data-start=\"2528\" data-end=\"2567\">\n<td data-start=\"2528\" data-end=\"2545\" data-col-size=\"sm\">Kupplungsart<\/td>\n<td data-start=\"2545\" data-end=\"2567\" data-col-size=\"sm\">Gewindemutter aus Metall<\/td>\n<\/tr>\n<tr data-start=\"2568\" data-end=\"2605\">\n<td data-start=\"2568\" data-end=\"2581\" data-col-size=\"sm\">Einhaltung der Vorschriften<\/td>\n<td data-start=\"2581\" data-end=\"2605\" data-col-size=\"sm\">IEC- und RoHS-Normen<\/td>\n<\/tr>\n<\/tbody>\n<\/table>\n<\/div>\n<\/div>\n<p data-start=\"2607\" data-end=\"2713\"><em data-start=\"2607\" data-end=\"2673\">Repr\u00e4sentativ f\u00fcr typische, nicht verstellbare Steckverbinder f\u00fcr die Praxis.<\/em><\/p>\n<hr data-start=\"2715\" data-end=\"2718\" \/>\n<h2 data-start=\"2720\" data-end=\"2737\">Anwendungen<\/h2>\n<ul data-start=\"2739\" data-end=\"3389\">\n<li data-start=\"2739\" data-end=\"2864\">\n<p data-start=\"2741\" data-end=\"2864\"><strong data-start=\"2741\" data-end=\"2772\">Telekommunikationsnetze<\/strong> - zuverl\u00e4ssige Backbone- und Access-Layer-Verbindungen.<\/p>\n<\/li>\n<li data-start=\"2865\" data-end=\"3001\">\n<p data-start=\"2867\" data-end=\"3001\"><strong data-start=\"2867\" data-end=\"2895\">FTTH \/ PON-Installationen<\/strong> - Die hohe R\u00fcckflussd\u00e4mpfung verbessert die Signalqualit\u00e4t bei Teilnehmerverbindungen.<\/p>\n<\/li>\n<li data-start=\"3002\" data-end=\"3123\">\n<p data-start=\"3004\" data-end=\"3123\"><strong data-start=\"3004\" data-end=\"3032\">CATV- und Breitbandsysteme<\/strong> - stabile Leistung \u00fcber lange Strecken.<\/p>\n<\/li>\n<li data-start=\"3124\" data-end=\"3258\">\n<p data-start=\"3126\" data-end=\"3258\"><strong data-start=\"3126\" data-end=\"3152\">LAN\/WAN-Infrastruktur<\/strong> - Rangierfelder, Verteilerrahmen und Ger\u00e4teabschl\u00fcsse.<\/p>\n<\/li>\n<li data-start=\"3259\" data-end=\"3389\">\n<p data-start=\"3261\" data-end=\"3389\"><strong data-start=\"3261\" data-end=\"3290\">Labor- und Testsysteme<\/strong> - gleichbleibende optische Leistung f\u00fcr Messaufbauten.<\/p>\n<\/li>\n<\/ul>\n<hr data-start=\"3391\" data-end=\"3394\" \/>\n<h2 data-start=\"3396\" data-end=\"3415\">Fachliche Fragen und Antworten<\/h2>\n<p data-start=\"3417\" data-end=\"3772\"><strong data-start=\"3417\" data-end=\"3478\">Q1: Was ist der Vorteil von APC-Polish in einem FC-Stecker?<\/strong><br data-start=\"3478\" data-end=\"3481\" \/><strong data-start=\"3481\" data-end=\"3488\">A1:<\/strong> APC steht f\u00fcr <em data-start=\"3504\" data-end=\"3529\">Abgewinkelter physischer Kontakt<\/em>, bei denen die Ferrule-Endfl\u00e4che in einem Winkel (typischerweise ~8\u00b0) poliert ist. Dadurch wird die R\u00fcckreflexion erheblich reduziert, was zu einer hohen R\u00fcckflussd\u00e4mpfung (&gt; 60 dB) f\u00fchrt und die Signalqualit\u00e4t in Singlemode-Systemen verbessert.<\/p>\n<p data-start=\"3774\" data-end=\"4154\"><strong data-start=\"3774\" data-end=\"3853\">F2: Warum wird ein nicht verstellbarer 0,9-mm-Stecker anstelle eines verstellbaren Steckers verwendet?<\/strong><br data-start=\"3853\" data-end=\"3856\" \/><strong data-start=\"3856\" data-end=\"3863\">A2:<\/strong> Nicht justierbare Steckverbinder, wie diese 0,9-mm-Version, werden im Werk f\u00fcr eine gleichbleibende Ma\u00dfgenauigkeit und optische Leistung voroptimiert. Sie vereinfachen die Installation, verk\u00fcrzen die Abstimmungszeit vor Ort und sind ideal f\u00fcr massenproduzierte Faserbaugruppen.<\/p>\n<p data-start=\"4156\" data-end=\"4427\"><strong data-start=\"4156\" data-end=\"4227\">F3: Kann dieser Steckverbinder in Umgebungen mit starken Vibrationen verwendet werden?<\/strong><br data-start=\"4227\" data-end=\"4230\" \/><strong data-start=\"4230\" data-end=\"4237\">A3:<\/strong> Ja. Die Metallgewindekupplung und die starre Konstruktion sorgen f\u00fcr stabile Verbindungen auch in Umgebungen mit mechanischen Vibrationen und Bewegungen.<\/p>","protected":false},"excerpt":{"rendered":"<h2 data-start=\"116\" data-end=\"141\">Produkt-Einf\u00fchrung<\/h2>\n<p data-start=\"143\" data-end=\"609\">Die <strong data-start=\"147\" data-end=\"201\">FC APC 0,9 mm Nicht verstellbarer Glasfaserstecker<\/strong> ist ein hochzuverl\u00e4ssiger Steckverbinder, der f\u00fcr moderne optische Kommunikationsnetze entwickelt wurde. Mit seiner festen 0,9 mm Boot-Gr\u00f6\u00dfe und der APC-Ferrule (Angled Physical Contact) bietet dieser Steckverbinder <strong data-start=\"392\" data-end=\"570\">Hervorragende Signalintegrit\u00e4t, geringe Einf\u00fcgungsd\u00e4mpfung und ultrahohe R\u00fcckflussd\u00e4mpfung - ideal f\u00fcr Singlemode-Anwendungen wie FTTH, PON, CATV, LAN\/WAN und Pr\u00e4zisionstestumgebungen<\/strong>.<\/p>\n<p data-start=\"611\" data-end=\"986\">Diese nicht verstellbare Version gew\u00e4hrleistet <strong data-start=\"647\" data-end=\"716\">gleichbleibende mechanische Genauigkeit und wiederholbare optische Leistung<\/strong> ohne die Notwendigkeit einer Einstellung vor Ort, was die Installation und Wartung vereinfacht. Dank des robusten Metallgeh\u00e4uses und der korrosionsbest\u00e4ndigen Konstruktion eignet sich das Ger\u00e4t sowohl f\u00fcr Innenr\u00e4ume als auch f\u00fcr kontrollierte Telekommunikationsumgebungen.<\/p>","protected":false},"featured_media":921,"comment_status":"open","ping_status":"closed","template":"","meta":[],"product_brand":[],"product_cat":[34],"product_tag":[],"class_list":{"0":"post-920","1":"product","2":"type-product","3":"status-publish","4":"has-post-thumbnail","6":"product_cat-fc-connector","8":"first","9":"instock","10":"shipping-taxable","11":"product-type-simple"},"_links":{"self":[{"href":"https:\/\/www.fenxifiber.com\/de\/wp-json\/wp\/v2\/product\/920","targetHints":{"allow":["GET"]}}],"collection":[{"href":"https:\/\/www.fenxifiber.com\/de\/wp-json\/wp\/v2\/product"}],"about":[{"href":"https:\/\/www.fenxifiber.com\/de\/wp-json\/wp\/v2\/types\/product"}],"replies":[{"embeddable":true,"href":"https:\/\/www.fenxifiber.com\/de\/wp-json\/wp\/v2\/comments?post=920"}],"wp:featuredmedia":[{"embeddable":true,"href":"https:\/\/www.fenxifiber.com\/de\/wp-json\/wp\/v2\/media\/921"}],"wp:attachment":[{"href":"https:\/\/www.fenxifiber.com\/de\/wp-json\/wp\/v2\/media?parent=920"}],"wp:term":[{"taxonomy":"product_brand","embeddable":true,"href":"https:\/\/www.fenxifiber.com\/de\/wp-json\/wp\/v2\/product_brand?post=920"},{"taxonomy":"product_cat","embeddable":true,"href":"https:\/\/www.fenxifiber.com\/de\/wp-json\/wp\/v2\/product_cat?post=920"},{"taxonomy":"product_tag","embeddable":true,"href":"https:\/\/www.fenxifiber.com\/de\/wp-json\/wp\/v2\/product_tag?post=920"}],"curies":[{"name":"wp","href":"https:\/\/api.w.org\/{rel}","templated":true}]}}