{"id":922,"date":"2026-02-04T03:23:22","date_gmt":"2026-02-04T03:23:22","guid":{"rendered":"https:\/\/www.fenxifiber.com\/?post_type=product&#038;p=922"},"modified":"2026-02-05T02:15:51","modified_gmt":"2026-02-05T02:15:51","slug":"fc-apc-2-0-3-0mm-nicht-einstellbar","status":"publish","type":"product","link":"https:\/\/www.fenxifiber.com\/de\/product\/fc-apc-2-0-3-0mm-non-adjustable\/","title":{"rendered":"FC APC 2.0\/3.0mm Nicht verstellbarer Glasfaserstecker"},"content":{"rendered":"<h2 data-start=\"1097\" data-end=\"1114\">Wesentliche Merkmale<\/h2>\n<ul data-start=\"1116\" data-end=\"1888\">\n<li data-start=\"1116\" data-end=\"1237\">\n<p data-start=\"1118\" data-end=\"1237\"><strong data-start=\"1118\" data-end=\"1163\">Nicht verstellbarer fester 2,0 mm \/ 3,0 mm Stiefel<\/strong> f\u00fcr Standard-Faserkabelm\u00e4ntel.<\/p>\n<\/li>\n<li data-start=\"1238\" data-end=\"1349\">\n<p data-start=\"1240\" data-end=\"1349\"><strong data-start=\"1240\" data-end=\"1261\">APC abgewinkelte Politur<\/strong> f\u00fcr eine hervorragende R\u00fcckflussd\u00e4mpfung (\u2265 60 dB).<\/p>\n<\/li>\n<li data-start=\"1350\" data-end=\"1452\">\n<p data-start=\"1352\" data-end=\"1452\"><strong data-start=\"1352\" data-end=\"1374\">Geringe Einf\u00fcgungsd\u00e4mpfung<\/strong> typisch f\u00fcr Monomode-Anwendungen.<\/p>\n<\/li>\n<li data-start=\"1453\" data-end=\"1558\">\n<p data-start=\"1455\" data-end=\"1558\"><strong data-start=\"1455\" data-end=\"1484\">Pr\u00e4zisions-Keramik-Ferrule<\/strong> gew\u00e4hrleistet eine genaue Ausrichtung der Fasern.<\/p>\n<\/li>\n<li data-start=\"1559\" data-end=\"1680\">\n<p data-start=\"1561\" data-end=\"1680\"><strong data-start=\"1561\" data-end=\"1592\">\u00dcberwurfmutter aus Metall mit Gewinde<\/strong> bietet sichere, vibrationsfeste Verbindungen.<\/p>\n<\/li>\n<li data-start=\"1681\" data-end=\"1785\">\n<p data-start=\"1683\" data-end=\"1785\"><strong data-start=\"1683\" data-end=\"1716\">ISO9001:2015 und RoHS-konform<\/strong> Herstellung und Materialien.<\/p>\n<\/li>\n<li data-start=\"1786\" data-end=\"1888\">\n<p data-start=\"1788\" data-end=\"1888\"><strong data-start=\"1788\" data-end=\"1812\">Mehrere Schuhfarben<\/strong> f\u00fcr die Netzidentifizierung zur Verf\u00fcgung.<\/p>\n<\/li>\n<\/ul>\n<hr data-start=\"1890\" data-end=\"1893\" \/>\n<h2 data-start=\"1895\" data-end=\"1924\">Technische Daten<\/h2>\n<h3 data-start=\"1926\" data-end=\"1949\">Optische Leistung<\/h3>\n<div class=\"TyagGW_tableContainer\">\n<div class=\"group TyagGW_tableWrapper flex flex-col-reverse w-fit\" tabindex=\"-1\">\n<table class=\"w-fit min-w-(--thread-content-width)\" data-start=\"1951\" data-end=\"2207\">\n<thead data-start=\"1951\" data-end=\"1980\">\n<tr data-start=\"1951\" data-end=\"1980\">\n<th class=\"align-top\" data-start=\"1951\" data-end=\"1963\" data-col-size=\"sm\">Parameter<\/th>\n<th class=\"align-top\" data-start=\"1963\" data-end=\"1980\" data-col-size=\"sm\">Typischer Wert<\/th>\n<\/tr>\n<\/thead>\n<tbody data-start=\"2012\" data-end=\"2207\">\n<tr data-start=\"2012\" data-end=\"2048\">\n<td data-start=\"2012\" data-end=\"2035\" data-col-size=\"sm\">Einf\u00fcgungsd\u00e4mpfung (APC)<\/td>\n<td data-start=\"2035\" data-end=\"2048\" data-col-size=\"sm\">\u2264 0,25 dB<\/td>\n<\/tr>\n<tr data-start=\"2049\" data-end=\"2080\">\n<td data-start=\"2049\" data-end=\"2069\" data-col-size=\"sm\">R\u00fcckflussd\u00e4mpfung (APC)<\/td>\n<td data-start=\"2069\" data-end=\"2080\" data-col-size=\"sm\">\u2265 60 dB<\/td>\n<\/tr>\n<tr data-start=\"2081\" data-end=\"2120\">\n<td data-start=\"2081\" data-end=\"2094\" data-col-size=\"sm\">Faser-Modus<\/td>\n<td data-start=\"2094\" data-end=\"2120\" data-col-size=\"sm\">Monomode (9\/125 \u00b5m)<\/td>\n<\/tr>\n<tr data-start=\"2121\" data-end=\"2165\">\n<td data-start=\"2121\" data-end=\"2144\" data-col-size=\"sm\">Betriebswellenl\u00e4nge<\/td>\n<td data-start=\"2144\" data-end=\"2165\" data-col-size=\"sm\">1310 nm \/ 1550 nm<\/td>\n<\/tr>\n<tr data-start=\"2166\" data-end=\"2207\">\n<td data-start=\"2166\" data-end=\"2185\" data-col-size=\"sm\">Material der Aderendh\u00fclse<\/td>\n<td data-start=\"2185\" data-end=\"2207\" data-col-size=\"sm\">Keramik (Zirkoniumdioxid)<\/td>\n<\/tr>\n<\/tbody>\n<\/table>\n<\/div>\n<\/div>\n<p data-start=\"2209\" data-end=\"2319\"><em data-start=\"2209\" data-end=\"2279\">Typische Industriewerte f\u00fcr FC\/APC-Steckverbinder mit 2,0\/3,0-mm-Muffen.<\/em><\/p>\n<h3 data-start=\"2321\" data-end=\"2351\">Mechanik und Umwelt<\/h3>\n<div class=\"TyagGW_tableContainer\">\n<div class=\"group TyagGW_tableWrapper flex flex-col-reverse w-fit\" tabindex=\"-1\">\n<table class=\"w-fit min-w-(--thread-content-width)\" data-start=\"2353\" data-end=\"2620\">\n<thead data-start=\"2353\" data-end=\"2380\">\n<tr data-start=\"2353\" data-end=\"2380\">\n<th class=\"align-top\" data-start=\"2353\" data-end=\"2363\" data-col-size=\"sm\">Merkmal<\/th>\n<th class=\"align-top\" data-start=\"2363\" data-end=\"2380\" data-col-size=\"sm\">Spezifikation<\/th>\n<\/tr>\n<\/thead>\n<tbody data-start=\"2410\" data-end=\"2620\">\n<tr data-start=\"2410\" data-end=\"2445\">\n<td data-start=\"2410\" data-end=\"2426\" data-col-size=\"sm\">Stiefel-Durchmesser<\/td>\n<td data-start=\"2426\" data-end=\"2445\" data-col-size=\"sm\">2,0 mm \/ 3,0 mm<\/td>\n<\/tr>\n<tr data-start=\"2446\" data-end=\"2488\">\n<td data-start=\"2446\" data-end=\"2470\" data-col-size=\"sm\">Betriebstemperatur<\/td>\n<td data-start=\"2470\" data-end=\"2488\" data-col-size=\"sm\">-40\u00b0C bis +85\u00b0C<\/td>\n<\/tr>\n<tr data-start=\"2489\" data-end=\"2528\">\n<td data-start=\"2489\" data-end=\"2506\" data-col-size=\"sm\">Kupplungsart<\/td>\n<td data-start=\"2506\" data-end=\"2528\" data-col-size=\"sm\">Gewindemutter aus Metall<\/td>\n<\/tr>\n<tr data-start=\"2529\" data-end=\"2582\">\n<td data-start=\"2529\" data-end=\"2551\" data-col-size=\"sm\">Einhaltung der Normen<\/td>\n<td data-start=\"2551\" data-end=\"2582\" data-col-size=\"sm\">IEC 61754-13 \/ ISO9001:2015<\/td>\n<\/tr>\n<tr data-start=\"2583\" data-end=\"2620\">\n<td data-start=\"2583\" data-end=\"2596\" data-col-size=\"sm\">Dauerhaftigkeit<\/td>\n<td data-start=\"2596\" data-end=\"2620\" data-col-size=\"sm\">\u2265 1000 Steckzyklen<\/td>\n<\/tr>\n<\/tbody>\n<\/table>\n<\/div>\n<\/div>\n<p data-start=\"2622\" data-end=\"2746\"><em data-start=\"2622\" data-end=\"2706\">Stellt die Standardleistungserwartungen f\u00fcr nicht verstellbare FC\/APC-Steckverbinder dar.<\/em><\/p>\n<hr data-start=\"2748\" data-end=\"2751\" \/>\n<h2 data-start=\"2753\" data-end=\"2778\">Typische Anwendungen<\/h2>\n<ul data-start=\"2780\" data-end=\"3446\">\n<li data-start=\"2780\" data-end=\"2913\">\n<p data-start=\"2782\" data-end=\"2913\"><strong data-start=\"2782\" data-end=\"2813\">Telekommunikationsnetze<\/strong> - Zuverl\u00e4ssige Abschl\u00fcsse f\u00fcr Langstrecken- und Metronetze.<\/p>\n<\/li>\n<li data-start=\"2914\" data-end=\"3040\">\n<p data-start=\"2916\" data-end=\"3040\"><strong data-start=\"2916\" data-end=\"2941\">PON \/ FTTH-Bereitstellung<\/strong> - Stabile optische Zugangsverbindungen mit geringer Reflexion.<\/p>\n<\/li>\n<li data-start=\"3041\" data-end=\"3172\">\n<p data-start=\"3043\" data-end=\"3172\"><strong data-start=\"3043\" data-end=\"3071\">CATV\/Breitband-Systeme<\/strong> - Steckverbinder mit hoher R\u00fcckflussd\u00e4mpfung zur Unterst\u00fctzung der Signalintegrit\u00e4t.<\/p>\n<\/li>\n<li data-start=\"3173\" data-end=\"3306\">\n<p data-start=\"3175\" data-end=\"3306\"><strong data-start=\"3175\" data-end=\"3203\">LAN- und WAN-Infrastruktur<\/strong> - Patchpanels, Verteilerrahmen und Faserabschl\u00fcsse.<\/p>\n<\/li>\n<li data-start=\"3307\" data-end=\"3446\">\n<p data-start=\"3309\" data-end=\"3446\"><strong data-start=\"3309\" data-end=\"3352\">Test- und Messger\u00e4te-Schnittstellen<\/strong> - Pr\u00e4zise optische Ausrichtung bei Labor- und Feldversuchen.<\/p>\n<\/li>\n<\/ul>\n<hr data-start=\"3448\" data-end=\"3451\" \/>\n<h2 data-start=\"3453\" data-end=\"3472\">Fachliche Fragen und Antworten<\/h2>\n<p data-start=\"3474\" data-end=\"3850\"><strong data-start=\"3474\" data-end=\"3543\">F1: Warum sollte man einen nicht verstellbaren Stecker einem verstellbaren Stecker vorziehen?<\/strong><br data-start=\"3543\" data-end=\"3546\" \/><strong data-start=\"3546\" data-end=\"3553\">A1:<\/strong> Nicht verstellbare Steckverbinder sind werksseitig mit festen Abmessungen optimiert, so dass eine Abstimmung vor Ort nicht mehr erforderlich ist. Dies gew\u00e4hrleistet eine gleichbleibende optische Leistung, eine schnellere Montage und eine einfachere Qualit\u00e4tskontrolle in der Gro\u00dfserienproduktion oder bei standardisierten Kabelkonfektionen.<\/p>\n<p data-start=\"3852\" data-end=\"4202\"><strong data-start=\"3852\" data-end=\"3897\">F2: Was ist APC und warum ist es n\u00fctzlich?<\/strong><br data-start=\"3897\" data-end=\"3900\" \/><strong data-start=\"3900\" data-end=\"3907\">A2:<\/strong> APC steht f\u00fcr <em data-start=\"3923\" data-end=\"3948\">Abgewinkelter physischer Kontakt<\/em>. Die Endfl\u00e4che der Ferrule ist schr\u00e4g poliert (in der Regel 8\u00b0), wodurch die R\u00fcckreflexion erheblich reduziert und die R\u00fcckflussd\u00e4mpfung verbessert wird, was f\u00fcr leistungsstarke Singlemode-Netze und empfindliche optische Verbindungen entscheidend ist.<\/p>\n<p data-start=\"4204\" data-end=\"4562\"><strong data-start=\"4204\" data-end=\"4296\">F3: Sind FC APC-Stecker mit 2,0\/3,0-mm-Kupplungen mit Standard-Telekommunikationskabeln kompatibel?<\/strong><br data-start=\"4296\" data-end=\"4299\" \/><strong data-start=\"4299\" data-end=\"4306\">A3:<\/strong> Ja - FC APC-Steckverbinder mit Durchmessern von 2,0 mm und 3,0 mm sind so konzipiert, dass sie zu den typischen Ummantelungen von Telekommunikations- und Unternehmensfaserkabeln passen und eine sichere Verbindung und robuste Leistung \u00fcber einen breiten Temperaturbereich bieten.<\/p>","protected":false},"excerpt":{"rendered":"<h2 data-start=\"107\" data-end=\"128\">Produkt\u00fcbersicht<\/h2>\n<p data-start=\"130\" data-end=\"684\">Die <strong data-start=\"134\" data-end=\"175\"><span class=\"entity-underline hover:entity-accent inline cursor-pointer align-baseline\"><span class=\"whitespace-normal\">FC APC Single-Mode 3.0mm Boot Connector<\/span><\/span><\/strong> ist ein pr\u00e4zisionsgefertigter, nicht justierbarer Glasfaserstecker, der f\u00fcr anspruchsvolle optische Singlemode-Kommunikationsanwendungen entwickelt wurde. Entwickelt mit einem festen <strong data-start=\"335\" data-end=\"368\">2,0 mm \/ 3,0 mm Stiefeldurchmesser<\/strong>, Dieser Stecker bietet eine stabile optische Leistung und eine hohe R\u00fcckflussd\u00e4mpfung durch <strong data-start=\"450\" data-end=\"498\">APC-Klemmring (Angled Physical Contact) poliert<\/strong>, und ist damit eine ausgezeichnete Wahl f\u00fcr <strong data-start=\"534\" data-end=\"645\">Telekommunikationsnetze, PON\/FTTH-Systeme, CATV, LAN\/WAN-Infrastrukturen und Schnittstellen f\u00fcr Testger\u00e4te<\/strong>.<\/p>\n<p data-start=\"686\" data-end=\"1090\">Im Gegensatz zu einstellbaren Steckverbindern ist die nicht einstellbare Version werkseitig mit festen Abmessungen optimiert und bietet eine konsistente Ausrichtung der Steckverbindung und wiederholbare optische Eigenschaften, ohne dass eine Abstimmung vor Ort erforderlich ist. Das robuste Metallgeh\u00e4use mit Gewindekupplung gew\u00e4hrleistet eine sichere mechanische Verbindung - ideal f\u00fcr Installationsumgebungen und Langzeitbetrieb.<\/p>","protected":false},"featured_media":923,"comment_status":"open","ping_status":"closed","template":"","meta":[],"product_brand":[],"product_cat":[34],"product_tag":[],"class_list":{"0":"post-922","1":"product","2":"type-product","3":"status-publish","4":"has-post-thumbnail","6":"product_cat-fc-connector","8":"first","9":"instock","10":"shipping-taxable","11":"product-type-simple"},"_links":{"self":[{"href":"https:\/\/www.fenxifiber.com\/de\/wp-json\/wp\/v2\/product\/922","targetHints":{"allow":["GET"]}}],"collection":[{"href":"https:\/\/www.fenxifiber.com\/de\/wp-json\/wp\/v2\/product"}],"about":[{"href":"https:\/\/www.fenxifiber.com\/de\/wp-json\/wp\/v2\/types\/product"}],"replies":[{"embeddable":true,"href":"https:\/\/www.fenxifiber.com\/de\/wp-json\/wp\/v2\/comments?post=922"}],"wp:featuredmedia":[{"embeddable":true,"href":"https:\/\/www.fenxifiber.com\/de\/wp-json\/wp\/v2\/media\/923"}],"wp:attachment":[{"href":"https:\/\/www.fenxifiber.com\/de\/wp-json\/wp\/v2\/media?parent=922"}],"wp:term":[{"taxonomy":"product_brand","embeddable":true,"href":"https:\/\/www.fenxifiber.com\/de\/wp-json\/wp\/v2\/product_brand?post=922"},{"taxonomy":"product_cat","embeddable":true,"href":"https:\/\/www.fenxifiber.com\/de\/wp-json\/wp\/v2\/product_cat?post=922"},{"taxonomy":"product_tag","embeddable":true,"href":"https:\/\/www.fenxifiber.com\/de\/wp-json\/wp\/v2\/product_tag?post=922"}],"curies":[{"name":"wp","href":"https:\/\/api.w.org\/{rel}","templated":true}]}}