{"id":924,"date":"2026-02-04T03:24:37","date_gmt":"2026-02-04T03:24:37","guid":{"rendered":"https:\/\/www.fenxifiber.com\/?post_type=product&#038;p=924"},"modified":"2026-02-05T02:16:27","modified_gmt":"2026-02-05T02:16:27","slug":"fc-pc-0-9mm-nicht-einstellbar","status":"publish","type":"product","link":"https:\/\/www.fenxifiber.com\/de\/product\/fc-pc-0-9mm-non-adjustable\/","title":{"rendered":"FC PC 0.9mm Nicht-justierbarer Glasfaserstecker"},"content":{"rendered":"<h2 data-start=\"989\" data-end=\"1006\">Wesentliche Merkmale<\/h2>\n<ul data-start=\"1008\" data-end=\"1532\">\n<li data-start=\"1008\" data-end=\"1091\">\n<p data-start=\"1010\" data-end=\"1091\"><strong data-start=\"1010\" data-end=\"1039\">0,9 mm Tight-Buffer-Design<\/strong> - Optimiert f\u00fcr Indoor-Faserjumper und Pigtails<\/p>\n<\/li>\n<li data-start=\"1092\" data-end=\"1167\">\n<p data-start=\"1094\" data-end=\"1167\"><strong data-start=\"1094\" data-end=\"1126\">PC (Physischer Kontakt) Polnisch<\/strong> - Flache Endfl\u00e4che f\u00fcr geringe Einf\u00fcgungsd\u00e4mpfung<\/p>\n<\/li>\n<li data-start=\"1168\" data-end=\"1249\">\n<p data-start=\"1170\" data-end=\"1249\"><strong data-start=\"1170\" data-end=\"1198\">Nicht anpassbare Struktur<\/strong> - Werkseitig fixierte Ausrichtung f\u00fcr gleichbleibende Qualit\u00e4t<\/p>\n<\/li>\n<li data-start=\"1250\" data-end=\"1319\">\n<p data-start=\"1252\" data-end=\"1319\"><strong data-start=\"1252\" data-end=\"1276\">FC-Gewindekupplung<\/strong> - Sichere, vibrationsfeste Verbindung<\/p>\n<\/li>\n<li data-start=\"1320\" data-end=\"1388\">\n<p data-start=\"1322\" data-end=\"1388\"><strong data-start=\"1322\" data-end=\"1350\">Zirkoniumdioxid-Keramik-Ferrule<\/strong> - Hohe Rundlaufgenauigkeit und Haltbarkeit<\/p>\n<\/li>\n<li data-start=\"1389\" data-end=\"1457\">\n<p data-start=\"1391\" data-end=\"1457\"><strong data-start=\"1391\" data-end=\"1419\">RoHS-konforme Materialien<\/strong> - Sicher und umweltfreundlich<\/p>\n<\/li>\n<li data-start=\"1458\" data-end=\"1532\">\n<p data-start=\"1460\" data-end=\"1532\"><strong data-start=\"1460\" data-end=\"1480\">Lange Paarungszeit<\/strong> - Ausgelegt f\u00fcr wiederholte Verbindungs-\/Trennungszyklen<\/p>\n<\/li>\n<\/ul>\n<hr data-start=\"1534\" data-end=\"1537\" \/>\n<h2 data-start=\"1539\" data-end=\"1566\">Optische Spezifikationen<\/h2>\n<div class=\"TyagGW_tableContainer\">\n<div class=\"group TyagGW_tableWrapper flex flex-col-reverse w-fit\" tabindex=\"-1\">\n<table class=\"w-fit min-w-(--thread-content-width)\" data-start=\"1568\" data-end=\"1844\">\n<thead data-start=\"1568\" data-end=\"1597\">\n<tr data-start=\"1568\" data-end=\"1597\">\n<th class=\"\" data-start=\"1568\" data-end=\"1580\" data-col-size=\"sm\">Parameter<\/th>\n<th class=\"\" data-start=\"1580\" data-end=\"1597\" data-col-size=\"sm\">Typischer Wert<\/th>\n<\/tr>\n<\/thead>\n<tbody data-start=\"1625\" data-end=\"1844\">\n<tr data-start=\"1625\" data-end=\"1664\">\n<td data-start=\"1625\" data-end=\"1638\" data-col-size=\"sm\">Faser-Typ<\/td>\n<td data-start=\"1638\" data-end=\"1664\" data-col-size=\"sm\">Monomode (9\/125 \u00b5m)<\/td>\n<\/tr>\n<tr data-start=\"1665\" data-end=\"1704\">\n<td data-start=\"1665\" data-end=\"1679\" data-col-size=\"sm\">Polnischer Typ<\/td>\n<td data-start=\"1679\" data-end=\"1704\" data-col-size=\"sm\">PC (Physischer Kontakt)<\/td>\n<\/tr>\n<tr data-start=\"1705\" data-end=\"1735\">\n<td data-start=\"1705\" data-end=\"1722\" data-col-size=\"sm\">Einf\u00fcged\u00e4mpfung<\/td>\n<td data-start=\"1722\" data-end=\"1735\" data-col-size=\"sm\">\u2264 0,30 dB<\/td>\n<\/tr>\n<tr data-start=\"1736\" data-end=\"1761\">\n<td data-start=\"1736\" data-end=\"1750\" data-col-size=\"sm\">R\u00fcckflussd\u00e4mpfung<\/td>\n<td data-start=\"1750\" data-end=\"1761\" data-col-size=\"sm\">\u2265 45 dB<\/td>\n<\/tr>\n<tr data-start=\"1762\" data-end=\"1806\">\n<td data-start=\"1762\" data-end=\"1785\" data-col-size=\"sm\">Betriebswellenl\u00e4nge<\/td>\n<td data-start=\"1785\" data-end=\"1806\" data-col-size=\"sm\">1310 nm \/ 1550 nm<\/td>\n<\/tr>\n<tr data-start=\"1807\" data-end=\"1844\">\n<td data-start=\"1807\" data-end=\"1827\" data-col-size=\"sm\">Dauerhaftigkeit der Paarung<\/td>\n<td data-start=\"1827\" data-end=\"1844\" data-col-size=\"sm\">\u2265 1000 Zyklen<\/td>\n<\/tr>\n<\/tbody>\n<\/table>\n<\/div>\n<\/div>\n<hr data-start=\"1846\" data-end=\"1849\" \/>\n<h2 data-start=\"1851\" data-end=\"1882\">Mechanik und Umwelt<\/h2>\n<div class=\"TyagGW_tableContainer\">\n<div class=\"group TyagGW_tableWrapper flex flex-col-reverse w-fit\" tabindex=\"-1\">\n<table class=\"w-fit min-w-(--thread-content-width)\" data-start=\"1884\" data-end=\"2149\">\n<thead data-start=\"1884\" data-end=\"1908\">\n<tr data-start=\"1884\" data-end=\"1908\">\n<th class=\"\" data-start=\"1884\" data-end=\"1891\" data-col-size=\"sm\">Artikel<\/th>\n<th class=\"\" data-start=\"1891\" data-end=\"1908\" data-col-size=\"sm\">Spezifikation<\/th>\n<\/tr>\n<\/thead>\n<tbody data-start=\"1934\" data-end=\"2149\">\n<tr data-start=\"1934\" data-end=\"1960\">\n<td data-start=\"1934\" data-end=\"1951\" data-col-size=\"sm\">Stecker Typ<\/td>\n<td data-start=\"1951\" data-end=\"1960\" data-col-size=\"sm\">FC PC<\/td>\n<\/tr>\n<tr data-start=\"1961\" data-end=\"1987\">\n<td data-start=\"1961\" data-end=\"1977\" data-col-size=\"sm\">Stiefel-Durchmesser<\/td>\n<td data-start=\"1977\" data-end=\"1987\" data-col-size=\"sm\">0,9 mm<\/td>\n<\/tr>\n<tr data-start=\"1988\" data-end=\"2027\">\n<td data-start=\"1988\" data-end=\"2007\" data-col-size=\"sm\">Material der Aderendh\u00fclse<\/td>\n<td data-start=\"2007\" data-end=\"2027\" data-col-size=\"sm\">Zirkoniumdioxid-Keramik<\/td>\n<\/tr>\n<tr data-start=\"2028\" data-end=\"2073\">\n<td data-start=\"2028\" data-end=\"2049\" data-col-size=\"sm\">Mechanismus der Kopplung<\/td>\n<td data-start=\"2049\" data-end=\"2073\" data-col-size=\"sm\">Metallschraube mit Gewinde<\/td>\n<\/tr>\n<tr data-start=\"2074\" data-end=\"2118\">\n<td data-start=\"2074\" data-end=\"2098\" data-col-size=\"sm\">Betriebstemperatur<\/td>\n<td data-start=\"2098\" data-end=\"2118\" data-col-size=\"sm\">-40 \u00b0C bis +75 \u00b0C<\/td>\n<\/tr>\n<tr data-start=\"2119\" data-end=\"2149\">\n<td data-start=\"2119\" data-end=\"2138\" data-col-size=\"sm\">Zugfestigkeit<\/td>\n<td data-start=\"2138\" data-end=\"2149\" data-col-size=\"sm\">\u2265 200 N<\/td>\n<\/tr>\n<\/tbody>\n<\/table>\n<\/div>\n<\/div>\n<hr data-start=\"2151\" data-end=\"2154\" \/>\n<h2 data-start=\"2156\" data-end=\"2181\">Typische Anwendungen<\/h2>\n<ul data-start=\"2183\" data-end=\"2393\">\n<li data-start=\"2183\" data-end=\"2217\">\n<p data-start=\"2185\" data-end=\"2217\"><strong data-start=\"2185\" data-end=\"2215\">Telekommunikationsnetze<\/strong><\/p>\n<\/li>\n<li data-start=\"2218\" data-end=\"2244\">\n<p data-start=\"2220\" data-end=\"2244\"><strong data-start=\"2220\" data-end=\"2242\">FTTH- und PON-Systeme<\/strong><\/p>\n<\/li>\n<li data-start=\"2245\" data-end=\"2281\">\n<p data-start=\"2247\" data-end=\"2281\"><strong data-start=\"2247\" data-end=\"2279\">Glasfaserpigtails und Patchkabel<\/strong><\/p>\n<\/li>\n<li data-start=\"2282\" data-end=\"2323\">\n<p data-start=\"2284\" data-end=\"2323\"><strong data-start=\"2284\" data-end=\"2321\">Optische Verteilerrahmen (ODF)<\/strong><\/p>\n<\/li>\n<li data-start=\"2324\" data-end=\"2356\">\n<p data-start=\"2326\" data-end=\"2356\"><strong data-start=\"2326\" data-end=\"2354\">CATV- und Breitbandsysteme<\/strong><\/p>\n<\/li>\n<li data-start=\"2357\" data-end=\"2393\">\n<p data-start=\"2359\" data-end=\"2393\"><strong data-start=\"2359\" data-end=\"2391\">Pr\u00fcf- und Messger\u00e4te<\/strong><\/p>\n<\/li>\n<\/ul>\n<hr data-start=\"2395\" data-end=\"2398\" \/>\n<h2 data-start=\"2400\" data-end=\"2443\">Warum sollten Sie sich f\u00fcr FC PC 0,9mm Non-Adjustable entscheiden?<\/h2>\n<p data-start=\"2445\" data-end=\"2526\">Im Vergleich zu verstellbaren Verbindern ist die <strong data-start=\"2486\" data-end=\"2516\">nicht einstellbar FC PC 0,9mm<\/strong> bietet:<\/p>\n<ul data-start=\"2528\" data-end=\"2665\">\n<li data-start=\"2528\" data-end=\"2564\">\n<p data-start=\"2530\" data-end=\"2564\">Mehr <strong data-start=\"2535\" data-end=\"2562\">stabile optische Geometrie<\/strong><\/p>\n<\/li>\n<li data-start=\"2565\" data-end=\"2599\">\n<p data-start=\"2567\" data-end=\"2599\">Schneller <strong data-start=\"2574\" data-end=\"2597\">Werksanschluss<\/strong><\/p>\n<\/li>\n<li data-start=\"2600\" data-end=\"2632\">\n<p data-start=\"2602\" data-end=\"2632\">Besser <strong data-start=\"2609\" data-end=\"2630\">Chargenkonsistenz<\/strong><\/p>\n<\/li>\n<li data-start=\"2633\" data-end=\"2665\">\n<p data-start=\"2635\" data-end=\"2665\">Unter <strong data-start=\"2641\" data-end=\"2663\">Feldausfallrate<\/strong><\/p>\n<\/li>\n<\/ul>\n<p data-start=\"2667\" data-end=\"2750\">Dies macht es ideal f\u00fcr <strong data-start=\"2691\" data-end=\"2749\">OEM-Kabelkonfektionierung und hochvolumige Faserfertigung<\/strong>.<\/p>\n<hr data-start=\"2752\" data-end=\"2755\" \/>\n<h2 data-start=\"2757\" data-end=\"2778\">Fachliche Fragen und Antworten<\/h2>\n<p data-start=\"2780\" data-end=\"3095\"><strong data-start=\"2780\" data-end=\"2836\">Q1: Was ist der Unterschied zwischen FC PC und FC APC?<\/strong><br data-start=\"2836\" data-end=\"2839\" \/><strong data-start=\"2839\" data-end=\"2845\">A:<\/strong> FC PC verwendet eine <strong data-start=\"2859\" data-end=\"2885\">flachpolierte Stirnfl\u00e4che<\/strong> mit einer R\u00fcckflussd\u00e4mpfung von typischerweise \u226545 dB, w\u00e4hrend FC APC einen <strong data-start=\"2941\" data-end=\"2961\">8\u00b0 abgewinkelt polieren<\/strong> mit viel h\u00f6herer R\u00fcckflussd\u00e4mpfung (\u226560 dB). PC wird h\u00e4ufig in Telekommunikations- und LAN-Systemen verwendet, bei denen eine extreme Reflexionskontrolle nicht erforderlich ist.<\/p>\n<hr data-start=\"3097\" data-end=\"3100\" \/>\n<p data-start=\"3102\" data-end=\"3332\"><strong data-start=\"3102\" data-end=\"3154\">F2: Warum wird 0,9 mm anstelle von 2,0 mm oder 3,0 mm verwendet?<\/strong><br data-start=\"3154\" data-end=\"3157\" \/><strong data-start=\"3157\" data-end=\"3163\">A:<\/strong> <strong data-start=\"3164\" data-end=\"3184\">0,9mm Steckverbinder<\/strong> sind konzipiert f\u00fcr <strong data-start=\"3202\" data-end=\"3227\">eng gepufferte Fasern<\/strong> in Patchkabeln, Pigtails und Ger\u00e4ten verwendet werden, so dass <strong data-start=\"3287\" data-end=\"3331\">kompakte und leichte Kabelkonfektionen<\/strong>.<\/p>\n<hr data-start=\"3334\" data-end=\"3337\" \/>\n<p data-start=\"3339\" data-end=\"3603\"><strong data-start=\"3339\" data-end=\"3413\">F3: K\u00f6nnen FC PC 0,9-mm-Steckverbinder in Umgebungen mit starken Vibrationen verwendet werden?<\/strong><br data-start=\"3413\" data-end=\"3416\" \/><strong data-start=\"3416\" data-end=\"3422\">A:<\/strong> Ja. Die <strong data-start=\"3432\" data-end=\"3456\">FC-Gewindekupplung<\/strong> bietet eine hervorragende Best\u00e4ndigkeit gegen Vibrationen und mechanische Bewegungen und eignet sich daher f\u00fcr Telekommunikationsracks, Instrumente und industrielle Glasfaserverbindungen.<\/p>","protected":false},"excerpt":{"rendered":"<h2 data-start=\"117\" data-end=\"138\">Produkt\u00fcbersicht<\/h2>\n<p data-start=\"140\" data-end=\"384\">Die <strong data-start=\"144\" data-end=\"184\">FC PC 0,9mm Nicht verstellbarer Stecker<\/strong> ist ein kompakter, hochpr\u00e4ziser faseroptischer Stecker, der f\u00fcr <strong data-start=\"251\" data-end=\"295\">eng gepufferte (0,9 mm) Single-Mode-Fasern<\/strong> die in Telekommunikationsnetzen, FTTH-Drop-Kabeln, Testger\u00e4ten und Patchkabelkonfektionen verwendet werden.<\/p>\n<p data-start=\"386\" data-end=\"680\">Ausgestattet mit einem <strong data-start=\"398\" data-end=\"445\">PC (Physical Contact) flachpolierte Aderendh\u00fclse<\/strong> und eine <strong data-start=\"452\" data-end=\"482\">FC-Metall-Gewindekupplung<\/strong>, liefert dieser Anschluss <strong data-start=\"508\" data-end=\"594\">stabile optische Leistung, geringe Einf\u00fcged\u00e4mpfung und hervorragende mechanische Festigkeit<\/strong>-Ideal f\u00fcr Umgebungen, in denen Vibrationsfestigkeit und wiederholbare Steckverbindungen erforderlich sind.<\/p>\n<p data-start=\"682\" data-end=\"982\">Als <strong data-start=\"687\" data-end=\"705\">nicht einstellbar<\/strong> Modell ist der Steckverbinder werkseitig ausgerichtet und fixiert, so dass <strong data-start=\"766\" data-end=\"839\">einheitliche Geometrie, schnellerer Abschluss und geringere Montageabweichung<\/strong>-perfekt f\u00fcr die Massenproduktion und standardisierte Faserbaugruppen von Herstellern wie <strong data-start=\"926\" data-end=\"982\">Changzhou Fenxi Optoelectronics Technology Co, Ltd.<\/strong><\/p>","protected":false},"featured_media":925,"comment_status":"open","ping_status":"closed","template":"","meta":[],"product_brand":[],"product_cat":[34],"product_tag":[],"class_list":{"0":"post-924","1":"product","2":"type-product","3":"status-publish","4":"has-post-thumbnail","6":"product_cat-fc-connector","8":"first","9":"instock","10":"shipping-taxable","11":"product-type-simple"},"_links":{"self":[{"href":"https:\/\/www.fenxifiber.com\/de\/wp-json\/wp\/v2\/product\/924","targetHints":{"allow":["GET"]}}],"collection":[{"href":"https:\/\/www.fenxifiber.com\/de\/wp-json\/wp\/v2\/product"}],"about":[{"href":"https:\/\/www.fenxifiber.com\/de\/wp-json\/wp\/v2\/types\/product"}],"replies":[{"embeddable":true,"href":"https:\/\/www.fenxifiber.com\/de\/wp-json\/wp\/v2\/comments?post=924"}],"wp:featuredmedia":[{"embeddable":true,"href":"https:\/\/www.fenxifiber.com\/de\/wp-json\/wp\/v2\/media\/925"}],"wp:attachment":[{"href":"https:\/\/www.fenxifiber.com\/de\/wp-json\/wp\/v2\/media?parent=924"}],"wp:term":[{"taxonomy":"product_brand","embeddable":true,"href":"https:\/\/www.fenxifiber.com\/de\/wp-json\/wp\/v2\/product_brand?post=924"},{"taxonomy":"product_cat","embeddable":true,"href":"https:\/\/www.fenxifiber.com\/de\/wp-json\/wp\/v2\/product_cat?post=924"},{"taxonomy":"product_tag","embeddable":true,"href":"https:\/\/www.fenxifiber.com\/de\/wp-json\/wp\/v2\/product_tag?post=924"}],"curies":[{"name":"wp","href":"https:\/\/api.w.org\/{rel}","templated":true}]}}