{"id":926,"date":"2026-02-04T03:25:34","date_gmt":"2026-02-04T03:25:34","guid":{"rendered":"https:\/\/www.fenxifiber.com\/?post_type=product&#038;p=926"},"modified":"2026-02-05T02:17:12","modified_gmt":"2026-02-05T02:17:12","slug":"fc-pc-0-9mm-einstellbar","status":"publish","type":"product","link":"https:\/\/www.fenxifiber.com\/de\/product\/fc-pc-0-9mm-adjustable\/","title":{"rendered":"FC PC 0.9mm einstellbarer Glasfaserstecker"},"content":{"rendered":"<h2 data-start=\"867\" data-end=\"884\">Wesentliche Merkmale<\/h2>\n<ul data-start=\"886\" data-end=\"1439\">\n<li data-start=\"886\" data-end=\"963\">\n<p data-start=\"888\" data-end=\"963\"><strong data-start=\"888\" data-end=\"918\">0,9 mm Tight-Buffer-Unterst\u00fctzung<\/strong> - Konzipiert f\u00fcr kompakte Indoor-Faserkabel<\/p>\n<\/li>\n<li data-start=\"964\" data-end=\"1044\">\n<p data-start=\"966\" data-end=\"1044\"><strong data-start=\"966\" data-end=\"998\">PC (Physischer Kontakt) Polnisch<\/strong> - Flacher Faserkontakt f\u00fcr geringe Einf\u00fcgungsd\u00e4mpfung<\/p>\n<\/li>\n<li data-start=\"1045\" data-end=\"1139\">\n<p data-start=\"1047\" data-end=\"1139\"><strong data-start=\"1047\" data-end=\"1076\">Einstellbare Ferrule Design<\/strong> - Erm\u00f6glicht die Feinsteuerung von Faserh\u00f6he und Endfl\u00e4chengeometrie<\/p>\n<\/li>\n<li data-start=\"1140\" data-end=\"1214\">\n<p data-start=\"1142\" data-end=\"1214\"><strong data-start=\"1142\" data-end=\"1177\">Hochpr\u00e4zise Zirkoniumdioxid-H\u00fclse<\/strong> - Gew\u00e4hrleistet eine genaue Ausrichtung der Fasern<\/p>\n<\/li>\n<li data-start=\"1215\" data-end=\"1294\">\n<p data-start=\"1217\" data-end=\"1294\"><strong data-start=\"1217\" data-end=\"1241\">FC-Gewindekupplung<\/strong> - Ausgezeichnete mechanische Stabilit\u00e4t und Wiederholbarkeit<\/p>\n<\/li>\n<li data-start=\"1295\" data-end=\"1365\">\n<p data-start=\"1297\" data-end=\"1365\"><strong data-start=\"1297\" data-end=\"1322\">Langlebige Leistung<\/strong> - Ausgelegt f\u00fcr mehr als 1000 Steckzyklen<\/p>\n<\/li>\n<li data-start=\"1366\" data-end=\"1439\">\n<p data-start=\"1368\" data-end=\"1439\"><strong data-start=\"1368\" data-end=\"1396\">RoHS-konforme Materialien<\/strong> - Umweltfreundliche Herstellung<\/p>\n<\/li>\n<\/ul>\n<hr data-start=\"1441\" data-end=\"1444\" \/>\n<h2 data-start=\"1446\" data-end=\"1470\">Optische Leistung<\/h2>\n<div class=\"TyagGW_tableContainer\">\n<div class=\"group TyagGW_tableWrapper flex flex-col-reverse w-fit\" tabindex=\"-1\">\n<table class=\"w-fit min-w-(--thread-content-width)\" data-start=\"1472\" data-end=\"1749\">\n<thead data-start=\"1472\" data-end=\"1501\">\n<tr data-start=\"1472\" data-end=\"1501\">\n<th class=\"\" data-start=\"1472\" data-end=\"1484\" data-col-size=\"sm\">Parameter<\/th>\n<th class=\"\" data-start=\"1484\" data-end=\"1501\" data-col-size=\"sm\">Typischer Wert<\/th>\n<\/tr>\n<\/thead>\n<tbody data-start=\"1530\" data-end=\"1749\">\n<tr data-start=\"1530\" data-end=\"1569\">\n<td data-start=\"1530\" data-end=\"1543\" data-col-size=\"sm\">Faser-Typ<\/td>\n<td data-start=\"1543\" data-end=\"1569\" data-col-size=\"sm\">Monomode (9\/125 \u00b5m)<\/td>\n<\/tr>\n<tr data-start=\"1570\" data-end=\"1609\">\n<td data-start=\"1570\" data-end=\"1584\" data-col-size=\"sm\">Polnischer Typ<\/td>\n<td data-start=\"1584\" data-end=\"1609\" data-col-size=\"sm\">PC (Physischer Kontakt)<\/td>\n<\/tr>\n<tr data-start=\"1610\" data-end=\"1640\">\n<td data-start=\"1610\" data-end=\"1627\" data-col-size=\"sm\">Einf\u00fcged\u00e4mpfung<\/td>\n<td data-start=\"1627\" data-end=\"1640\" data-col-size=\"sm\">\u2264 0,30 dB<\/td>\n<\/tr>\n<tr data-start=\"1641\" data-end=\"1666\">\n<td data-start=\"1641\" data-end=\"1655\" data-col-size=\"sm\">R\u00fcckflussd\u00e4mpfung<\/td>\n<td data-start=\"1655\" data-end=\"1666\" data-col-size=\"sm\">\u2265 45 dB<\/td>\n<\/tr>\n<tr data-start=\"1667\" data-end=\"1711\">\n<td data-start=\"1667\" data-end=\"1690\" data-col-size=\"sm\">Betriebswellenl\u00e4nge<\/td>\n<td data-col-size=\"sm\" data-start=\"1690\" data-end=\"1711\">1310 nm \/ 1550 nm<\/td>\n<\/tr>\n<tr data-start=\"1712\" data-end=\"1749\">\n<td data-start=\"1712\" data-end=\"1732\" data-col-size=\"sm\">Dauerhaftigkeit der Paarung<\/td>\n<td data-col-size=\"sm\" data-start=\"1732\" data-end=\"1749\">\u2265 1000 Zyklen<\/td>\n<\/tr>\n<\/tbody>\n<\/table>\n<\/div>\n<\/div>\n<hr data-start=\"1751\" data-end=\"1754\" \/>\n<h2 data-start=\"1756\" data-end=\"1787\">Mechanik und Umwelt<\/h2>\n<div class=\"TyagGW_tableContainer\">\n<div class=\"group TyagGW_tableWrapper flex flex-col-reverse w-fit\" tabindex=\"-1\">\n<table class=\"w-fit min-w-(--thread-content-width)\" data-start=\"1789\" data-end=\"2113\">\n<thead data-start=\"1789\" data-end=\"1813\">\n<tr data-start=\"1789\" data-end=\"1813\">\n<th class=\"\" data-start=\"1789\" data-end=\"1796\" data-col-size=\"sm\">Artikel<\/th>\n<th class=\"\" data-start=\"1796\" data-end=\"1813\" data-col-size=\"sm\">Spezifikation<\/th>\n<\/tr>\n<\/thead>\n<tbody data-start=\"1840\" data-end=\"2113\">\n<tr data-start=\"1840\" data-end=\"1877\">\n<td data-start=\"1840\" data-end=\"1857\" data-col-size=\"sm\">Stecker Typ<\/td>\n<td data-start=\"1857\" data-end=\"1877\" data-col-size=\"sm\">FC PC Einstellbar<\/td>\n<\/tr>\n<tr data-start=\"1878\" data-end=\"1904\">\n<td data-start=\"1878\" data-end=\"1894\" data-col-size=\"sm\">Stiefel-Durchmesser<\/td>\n<td data-start=\"1894\" data-end=\"1904\" data-col-size=\"sm\">0,9 mm<\/td>\n<\/tr>\n<tr data-start=\"1905\" data-end=\"1944\">\n<td data-start=\"1905\" data-end=\"1924\" data-col-size=\"sm\">Material der Aderendh\u00fclse<\/td>\n<td data-start=\"1924\" data-end=\"1944\" data-col-size=\"sm\">Zirkoniumdioxid-Keramik<\/td>\n<\/tr>\n<tr data-start=\"1945\" data-end=\"1990\">\n<td data-start=\"1945\" data-end=\"1966\" data-col-size=\"sm\">Mechanismus der Kopplung<\/td>\n<td data-start=\"1966\" data-end=\"1990\" data-col-size=\"sm\">Metallschraube mit Gewinde<\/td>\n<\/tr>\n<tr data-start=\"1991\" data-end=\"2037\">\n<td data-start=\"1991\" data-end=\"2009\" data-col-size=\"sm\">Einstellung Typ<\/td>\n<td data-start=\"2009\" data-end=\"2037\" data-col-size=\"sm\">Axiale Einstellung der H\u00fclse<\/td>\n<\/tr>\n<tr data-start=\"2038\" data-end=\"2082\">\n<td data-start=\"2038\" data-end=\"2062\" data-col-size=\"sm\">Betriebstemperatur<\/td>\n<td data-start=\"2062\" data-end=\"2082\" data-col-size=\"sm\">-40 \u00b0C bis +75 \u00b0C<\/td>\n<\/tr>\n<tr data-start=\"2083\" data-end=\"2113\">\n<td data-start=\"2083\" data-end=\"2102\" data-col-size=\"sm\">Zugfestigkeit<\/td>\n<td data-start=\"2102\" data-end=\"2113\" data-col-size=\"sm\">\u2265 200 N<\/td>\n<\/tr>\n<\/tbody>\n<\/table>\n<\/div>\n<\/div>\n<hr data-start=\"2115\" data-end=\"2118\" \/>\n<h2 data-start=\"2120\" data-end=\"2145\">Typische Anwendungen<\/h2>\n<ul data-start=\"2147\" data-end=\"2392\">\n<li data-start=\"2147\" data-end=\"2201\">\n<p data-start=\"2149\" data-end=\"2201\"><strong data-start=\"2149\" data-end=\"2199\">Telekommunikations-Backbone und Zugangsnetze<\/strong><\/p>\n<\/li>\n<li data-start=\"2202\" data-end=\"2232\">\n<p data-start=\"2204\" data-end=\"2232\"><strong data-start=\"2204\" data-end=\"2230\">FTTH- und PON-Glasfaserverbindungen<\/strong><\/p>\n<\/li>\n<li data-start=\"2233\" data-end=\"2277\">\n<p data-start=\"2235\" data-end=\"2277\"><strong data-start=\"2235\" data-end=\"2275\">Lichtwellenleiter-Pigtails und Patchkabel<\/strong><\/p>\n<\/li>\n<li data-start=\"2278\" data-end=\"2320\">\n<p data-start=\"2280\" data-end=\"2320\"><strong data-start=\"2280\" data-end=\"2318\">ODF-Rahmen und Verteilertafeln<\/strong><\/p>\n<\/li>\n<li data-start=\"2321\" data-end=\"2357\">\n<p data-start=\"2323\" data-end=\"2357\"><strong data-start=\"2323\" data-end=\"2355\">Pr\u00fcf- und Messger\u00e4te<\/strong><\/p>\n<\/li>\n<li data-start=\"2358\" data-end=\"2392\">\n<p data-start=\"2360\" data-end=\"2392\"><strong data-start=\"2360\" data-end=\"2390\">CATV- und Breitbandsysteme<\/strong><\/p>\n<\/li>\n<\/ul>\n<hr data-start=\"2394\" data-end=\"2397\" \/>\n<h2 data-start=\"2399\" data-end=\"2451\">Warum sollten Sie sich f\u00fcr einen einstellbaren FC PC 0,9mm-Stecker entscheiden?<\/h2>\n<p data-start=\"2453\" data-end=\"2534\">Im Vergleich zu nicht verstellbaren Steckern ist die <strong data-start=\"2498\" data-end=\"2524\">einstellbar FC PC 0,9mm<\/strong> bietet:<\/p>\n<ul data-start=\"2536\" data-end=\"2721\">\n<li data-start=\"2536\" data-end=\"2579\">\n<p data-start=\"2538\" data-end=\"2579\"><strong data-start=\"2538\" data-end=\"2577\">Pr\u00e4zisere Kontrolle der Faserendfl\u00e4chen<\/strong><\/p>\n<\/li>\n<li data-start=\"2580\" data-end=\"2627\">\n<p data-start=\"2582\" data-end=\"2627\"><strong data-start=\"2582\" data-end=\"2625\">Bessere Konsistenz der Polierergebnisse<\/strong><\/p>\n<\/li>\n<li data-start=\"2628\" data-end=\"2671\">\n<p data-start=\"2630\" data-end=\"2671\"><strong data-start=\"2630\" data-end=\"2669\">Geringere Einf\u00fcgungsd\u00e4mpfung \u00fcber Chargen hinweg<\/strong><\/p>\n<\/li>\n<li data-start=\"2672\" data-end=\"2721\">\n<p data-start=\"2674\" data-end=\"2721\"><strong data-start=\"2674\" data-end=\"2719\">H\u00f6here Ausbeute bei der Herstellung von Kabelkonfektionen<\/strong><\/p>\n<\/li>\n<\/ul>\n<p data-start=\"2723\" data-end=\"2834\">Dies macht es besonders geeignet f\u00fcr <strong data-start=\"2761\" data-end=\"2833\">Professionelle Hersteller von Glasfaserkabeln und hochwertigen Kabelkonfektionen<\/strong>.<\/p>\n<hr data-start=\"2836\" data-end=\"2839\" \/>\n<h2 data-start=\"2841\" data-end=\"2862\">Fachliche Fragen und Antworten<\/h2>\n<p data-start=\"2864\" data-end=\"3156\"><strong data-start=\"2864\" data-end=\"2924\">Q1: Was ist der Vorteil eines einstellbaren FC-Steckers?<\/strong><br data-start=\"2924\" data-end=\"2927\" \/><strong data-start=\"2927\" data-end=\"2933\">A:<\/strong> Die verstellbare Konstruktion erm\u00f6glicht eine pr\u00e4zise Positionierung der H\u00fclse w\u00e4hrend der Montage und des Polierens und gew\u00e4hrleistet <strong data-start=\"3042\" data-end=\"3092\">optimale Faser\u00fcberstands- und Stirnfl\u00e4chengeometrie<\/strong>, was zu folgenden Ergebnissen f\u00fchrt <strong data-start=\"3109\" data-end=\"3155\">geringere Verluste und gleichm\u00e4\u00dfigere Leistung<\/strong>.<\/p>\n<hr data-start=\"3158\" data-end=\"3161\" \/>\n<p data-start=\"3163\" data-end=\"3384\"><strong data-start=\"3163\" data-end=\"3203\">F2: Ist FC PC mit FC APC kompatibel?<\/strong><br data-start=\"3203\" data-end=\"3206\" \/><strong data-start=\"3206\" data-end=\"3212\">A:<\/strong> Nein. <strong data-start=\"3217\" data-end=\"3240\">FC PC (Flachpolitur)<\/strong> und <strong data-start=\"3245\" data-end=\"3271\">FC APC (gewinkelte Politur)<\/strong> Steckverbinder sollten nicht zusammengesteckt werden, da dies zu <strong data-start=\"3331\" data-end=\"3383\">hohe Einf\u00fcgungsd\u00e4mpfung und m\u00f6gliche Besch\u00e4digung der Aderendh\u00fclse<\/strong>.<\/p>\n<hr data-start=\"3386\" data-end=\"3389\" \/>\n<p data-start=\"3391\" data-end=\"3628\"><strong data-start=\"3391\" data-end=\"3455\">F3: Warum wird f\u00fcr Pigtails und Patchkabel in der Regel 0,9 mm verwendet?<\/strong><br data-start=\"3455\" data-end=\"3458\" \/><strong data-start=\"3458\" data-end=\"3464\">A:<\/strong> <strong data-start=\"3465\" data-end=\"3493\">0,9 mm eng gepufferte Faser<\/strong> ist flexibel, kompakt und ideal f\u00fcr den Einsatz in Innenr\u00e4umen, also perfekt f\u00fcr <strong data-start=\"3564\" data-end=\"3627\">Glasfaserpigtails, Patchkabel und Ger\u00e4teanschl\u00fcsse<\/strong>.<\/p>","protected":false},"excerpt":{"rendered":"<h2 data-start=\"121\" data-end=\"142\">Produkt\u00fcbersicht<\/h2>\n<p data-start=\"144\" data-end=\"640\">Die <strong data-start=\"148\" data-end=\"196\">FC PC 0.9mm einstellbarer Glasfaserstecker<\/strong> ist konzipiert f\u00fcr die hochpr\u00e4zise Terminierung von <strong data-start=\"243\" data-end=\"289\">eng gepufferte (0,9 mm) Single-Mode-Fasern<\/strong> die in der Telekommunikation, FTTH, CATV und in Testger\u00e4ten verwendet werden.<br data-start=\"349\" data-end=\"352\" \/>Durch die Kombination einer <strong data-start=\"367\" data-end=\"414\">PC (Physical Contact) flachpolierte Aderendh\u00fclse<\/strong> mit einer <strong data-start=\"423\" data-end=\"455\">einstellbare H\u00fclsenstruktur<\/strong>, erm\u00f6glicht dieser Anschluss Installateuren und Herstellern <strong data-start=\"511\" data-end=\"567\">Feinabstimmung des Faservorsprungs und der Endfl\u00e4chengeometrie<\/strong>, Dadurch werden eine optimale optische Leistung und eine gleichbleibende Qualit\u00e4t der Stecker erreicht.<\/p>\n<p data-start=\"642\" data-end=\"860\">Mit seinem <strong data-start=\"651\" data-end=\"681\">FC-Metall-Gewindekupplung<\/strong>, bietet der Anschluss <strong data-start=\"706\" data-end=\"744\">sicheres, vibrationsfestes Stecken<\/strong>, Dadurch eignet es sich hervorragend f\u00fcr zentrale B\u00fcros, ODF-Rahmen, Laborger\u00e4te und industrielle optische Systeme.<\/p>","protected":false},"featured_media":927,"comment_status":"open","ping_status":"closed","template":"","meta":[],"product_brand":[],"product_cat":[34],"product_tag":[],"class_list":{"0":"post-926","1":"product","2":"type-product","3":"status-publish","4":"has-post-thumbnail","6":"product_cat-fc-connector","8":"first","9":"instock","10":"shipping-taxable","11":"product-type-simple"},"_links":{"self":[{"href":"https:\/\/www.fenxifiber.com\/de\/wp-json\/wp\/v2\/product\/926","targetHints":{"allow":["GET"]}}],"collection":[{"href":"https:\/\/www.fenxifiber.com\/de\/wp-json\/wp\/v2\/product"}],"about":[{"href":"https:\/\/www.fenxifiber.com\/de\/wp-json\/wp\/v2\/types\/product"}],"replies":[{"embeddable":true,"href":"https:\/\/www.fenxifiber.com\/de\/wp-json\/wp\/v2\/comments?post=926"}],"wp:featuredmedia":[{"embeddable":true,"href":"https:\/\/www.fenxifiber.com\/de\/wp-json\/wp\/v2\/media\/927"}],"wp:attachment":[{"href":"https:\/\/www.fenxifiber.com\/de\/wp-json\/wp\/v2\/media?parent=926"}],"wp:term":[{"taxonomy":"product_brand","embeddable":true,"href":"https:\/\/www.fenxifiber.com\/de\/wp-json\/wp\/v2\/product_brand?post=926"},{"taxonomy":"product_cat","embeddable":true,"href":"https:\/\/www.fenxifiber.com\/de\/wp-json\/wp\/v2\/product_cat?post=926"},{"taxonomy":"product_tag","embeddable":true,"href":"https:\/\/www.fenxifiber.com\/de\/wp-json\/wp\/v2\/product_tag?post=926"}],"curies":[{"name":"wp","href":"https:\/\/api.w.org\/{rel}","templated":true}]}}