{"id":931,"date":"2026-02-04T03:27:48","date_gmt":"2026-02-04T03:27:48","guid":{"rendered":"https:\/\/www.fenxifiber.com\/?post_type=product&#038;p=931"},"modified":"2026-02-05T02:18:49","modified_gmt":"2026-02-05T02:18:49","slug":"fc-pc-2-0-3-0mm-einstellbar","status":"publish","type":"product","link":"https:\/\/www.fenxifiber.com\/de\/product\/fc-pc-2-0-3-0mm-adjustable\/","title":{"rendered":"FC PC 2.0\/3.0mm einstellbarer Glasfaserstecker"},"content":{"rendered":"<h3 data-start=\"782\" data-end=\"826\">Warum sollte man einen einstellbaren FC-Stecker w\u00e4hlen?<\/h3>\n<p data-start=\"828\" data-end=\"1011\">Bei hochwertigen Glasfaserkonstruktionen k\u00f6nnen schon wenige Mikrometer Faserh\u00f6he den optischen Verlust beeinflussen.<br data-start=\"921\" data-end=\"924\" \/>Deshalb werden einstellbare Steckverbinder bevorzugt in <strong data-start=\"974\" data-end=\"1010\">professionelle Kabelkonfektionierung<\/strong>.<\/p>\n<p data-start=\"1013\" data-end=\"1059\">Mit diesem einstellbaren FC-PC-Anschluss k\u00f6nnen Sie:<\/p>\n<ul data-start=\"1061\" data-end=\"1216\">\n<li data-start=\"1061\" data-end=\"1106\">\n<p data-start=\"1063\" data-end=\"1106\">Pr\u00e4zise Kontrolle der Faserendfl\u00e4chenposition<\/p>\n<\/li>\n<li data-start=\"1107\" data-end=\"1143\">\n<p data-start=\"1109\" data-end=\"1143\">Erzielen Sie bessere Polierergebnisse<\/p>\n<\/li>\n<li data-start=\"1144\" data-end=\"1179\">\n<p data-start=\"1146\" data-end=\"1179\">Verringerung der Einf\u00fcgungsd\u00e4mpfungsschwankungen<\/p>\n<\/li>\n<li data-start=\"1180\" data-end=\"1216\">\n<p data-start=\"1182\" data-end=\"1216\">Verbesserung der Ausbeute in der Massenproduktion<\/p>\n<\/li>\n<\/ul>\n<p data-start=\"1218\" data-end=\"1378\">Dies ist besonders wertvoll f\u00fcr Unternehmen wie <strong data-start=\"1265\" data-end=\"1321\">Changzhou Fenxi Optoelectronics Technology Co, Ltd.<\/strong>, wobei <strong data-start=\"1329\" data-end=\"1370\">stabile Qualit\u00e4t und hohe Produktionsmengen<\/strong> Materie.<\/p>\n<hr data-start=\"1380\" data-end=\"1383\" \/>\n<h3 data-start=\"1385\" data-end=\"1435\">Kompatibel mit 2,0 mm und 3,0 mm Faserkabeln<\/h3>\n<div class=\"TyagGW_tableContainer\">\n<div class=\"group TyagGW_tableWrapper flex flex-col-reverse w-fit\" tabindex=\"-1\">\n<table class=\"w-fit min-w-(--thread-content-width)\" data-start=\"1437\" data-end=\"1600\">\n<thead data-start=\"1437\" data-end=\"1469\">\n<tr data-start=\"1437\" data-end=\"1469\">\n<th class=\"\" data-start=\"1437\" data-end=\"1454\" data-col-size=\"sm\">Kabel-Durchmesser<\/th>\n<th class=\"\" data-start=\"1454\" data-end=\"1469\" data-col-size=\"sm\">Typische Verwendung<\/th>\n<\/tr>\n<\/thead>\n<tbody data-start=\"1501\" data-end=\"1600\">\n<tr data-start=\"1501\" data-end=\"1551\">\n<td data-start=\"1501\" data-end=\"1513\" data-col-size=\"sm\"><strong data-start=\"1503\" data-end=\"1512\">2,0 mm<\/strong><\/td>\n<td data-col-size=\"sm\" data-start=\"1513\" data-end=\"1551\">Innenraum-Patchkabel, Ger\u00e4tebr\u00fccken<\/td>\n<\/tr>\n<tr data-start=\"1552\" data-end=\"1600\">\n<td data-start=\"1552\" data-end=\"1564\" data-col-size=\"sm\"><strong data-start=\"1554\" data-end=\"1563\">3,0 mm<\/strong><\/td>\n<td data-col-size=\"sm\" data-start=\"1564\" data-end=\"1600\">Telekommunikations- und Backbone-Patchkabel<\/td>\n<\/tr>\n<\/tbody>\n<\/table>\n<\/div>\n<\/div>\n<p data-start=\"1602\" data-end=\"1688\">Ein einziges Steckverbinderdesign unterst\u00fctzt beide Gr\u00f6\u00dfen, was die Lagerhaltung und die Produktion erheblich erleichtert.<\/p>\n<hr data-start=\"1690\" data-end=\"1693\" \/>\n<h3 data-start=\"1695\" data-end=\"1720\">Optische Leistung<\/h3>\n<div class=\"TyagGW_tableContainer\">\n<div class=\"group TyagGW_tableWrapper flex flex-col-reverse w-fit\" tabindex=\"-1\">\n<table class=\"w-fit min-w-(--thread-content-width)\" data-start=\"1722\" data-end=\"1993\">\n<thead data-start=\"1722\" data-end=\"1751\">\n<tr data-start=\"1722\" data-end=\"1751\">\n<th class=\"\" data-start=\"1722\" data-end=\"1734\" data-col-size=\"sm\">Parameter<\/th>\n<th class=\"\" data-start=\"1734\" data-end=\"1751\" data-col-size=\"sm\">Typischer Wert<\/th>\n<\/tr>\n<\/thead>\n<tbody data-start=\"1780\" data-end=\"1993\">\n<tr data-start=\"1780\" data-end=\"1819\">\n<td data-start=\"1780\" data-end=\"1793\" data-col-size=\"sm\">Faser-Typ<\/td>\n<td data-start=\"1793\" data-end=\"1819\" data-col-size=\"sm\">Monomode (9\/125 \u00b5m)<\/td>\n<\/tr>\n<tr data-start=\"1820\" data-end=\"1859\">\n<td data-start=\"1820\" data-end=\"1834\" data-col-size=\"sm\">Polnischer Typ<\/td>\n<td data-start=\"1834\" data-end=\"1859\" data-col-size=\"sm\">PC (Physischer Kontakt)<\/td>\n<\/tr>\n<tr data-start=\"1860\" data-end=\"1890\">\n<td data-start=\"1860\" data-end=\"1877\" data-col-size=\"sm\">Einf\u00fcged\u00e4mpfung<\/td>\n<td data-col-size=\"sm\" data-start=\"1877\" data-end=\"1890\">\u2264 0,30 dB<\/td>\n<\/tr>\n<tr data-start=\"1891\" data-end=\"1916\">\n<td data-start=\"1891\" data-end=\"1905\" data-col-size=\"sm\">R\u00fcckflussd\u00e4mpfung<\/td>\n<td data-col-size=\"sm\" data-start=\"1905\" data-end=\"1916\">\u2265 45 dB<\/td>\n<\/tr>\n<tr data-start=\"1917\" data-end=\"1961\">\n<td data-start=\"1917\" data-end=\"1940\" data-col-size=\"sm\">Betriebswellenl\u00e4nge<\/td>\n<td data-start=\"1940\" data-end=\"1961\" data-col-size=\"sm\">1310 nm \/ 1550 nm<\/td>\n<\/tr>\n<tr data-start=\"1962\" data-end=\"1993\">\n<td data-start=\"1962\" data-end=\"1976\" data-col-size=\"sm\">Paarungsleben<\/td>\n<td data-start=\"1976\" data-end=\"1993\" data-col-size=\"sm\">\u2265 1000 Zyklen<\/td>\n<\/tr>\n<\/tbody>\n<\/table>\n<\/div>\n<\/div>\n<p data-start=\"1995\" data-end=\"2082\">Diese Werte entsprechen den Anforderungen von <strong data-start=\"2033\" data-end=\"2081\">Telekommunikations-, FTTH- und Unternehmens-Glasfasernetze<\/strong>.<\/p>\n<hr data-start=\"2084\" data-end=\"2087\" \/>\n<h3 data-start=\"2089\" data-end=\"2128\">Mechanische und \u00f6kologische Planung<\/h3>\n<div class=\"TyagGW_tableContainer\">\n<div class=\"group TyagGW_tableWrapper flex flex-col-reverse w-fit\" tabindex=\"-1\">\n<table class=\"w-fit min-w-(--thread-content-width)\" data-start=\"2130\" data-end=\"2450\">\n<thead data-start=\"2130\" data-end=\"2154\">\n<tr data-start=\"2130\" data-end=\"2154\">\n<th class=\"\" data-start=\"2130\" data-end=\"2137\" data-col-size=\"sm\">Artikel<\/th>\n<th class=\"\" data-start=\"2137\" data-end=\"2154\" data-col-size=\"sm\">Spezifikation<\/th>\n<\/tr>\n<\/thead>\n<tbody data-start=\"2180\" data-end=\"2450\">\n<tr data-start=\"2180\" data-end=\"2217\">\n<td data-start=\"2180\" data-end=\"2197\" data-col-size=\"sm\">Stecker Typ<\/td>\n<td data-start=\"2197\" data-end=\"2217\" data-col-size=\"sm\">FC PC Einstellbar<\/td>\n<\/tr>\n<tr data-start=\"2218\" data-end=\"2248\">\n<td data-start=\"2218\" data-end=\"2231\" data-col-size=\"sm\">Kabel Gr\u00f6\u00dfe<\/td>\n<td data-start=\"2231\" data-end=\"2248\" data-col-size=\"sm\">2,0 mm \/ 3,0 mm<\/td>\n<\/tr>\n<tr data-start=\"2249\" data-end=\"2288\">\n<td data-start=\"2249\" data-end=\"2268\" data-col-size=\"sm\">Material der Aderendh\u00fclse<\/td>\n<td data-start=\"2268\" data-end=\"2288\" data-col-size=\"sm\">Zirkoniumdioxid-Keramik<\/td>\n<\/tr>\n<tr data-start=\"2289\" data-end=\"2329\">\n<td data-start=\"2289\" data-end=\"2305\" data-col-size=\"sm\">Kupplung Typ<\/td>\n<td data-start=\"2305\" data-end=\"2329\" data-col-size=\"sm\">Metallschraube mit Gewinde<\/td>\n<\/tr>\n<tr data-start=\"2330\" data-end=\"2376\">\n<td data-start=\"2330\" data-end=\"2348\" data-col-size=\"sm\">Einstellung Typ<\/td>\n<td data-start=\"2348\" data-end=\"2376\" data-col-size=\"sm\">Einstellung der Axialh\u00fclse<\/td>\n<\/tr>\n<tr data-start=\"2377\" data-end=\"2419\">\n<td data-start=\"2377\" data-end=\"2401\" data-col-size=\"sm\">Betriebstemperatur<\/td>\n<td data-start=\"2401\" data-end=\"2419\" data-col-size=\"sm\">-40\u00b0C bis +75\u00b0C<\/td>\n<\/tr>\n<tr data-start=\"2420\" data-end=\"2450\">\n<td data-start=\"2420\" data-end=\"2439\" data-col-size=\"sm\">Zugfestigkeit<\/td>\n<td data-start=\"2439\" data-end=\"2450\" data-col-size=\"sm\">\u2265 200 N<\/td>\n<\/tr>\n<\/tbody>\n<\/table>\n<\/div>\n<\/div>\n<p data-start=\"2452\" data-end=\"2609\">Die <strong data-start=\"2456\" data-end=\"2480\">FC-Gewindekupplung<\/strong> sorgt f\u00fcr eine hervorragende Vibrationsfestigkeit, so dass sich dieser Steckverbinder f\u00fcr <strong data-start=\"2559\" data-end=\"2608\">Racks, Schr\u00e4nke und industrielle Telekommunikationsanlagen<\/strong>.<\/p>\n<hr data-start=\"2611\" data-end=\"2614\" \/>\n<h3 data-start=\"2616\" data-end=\"2642\">Typische Anwendungen<\/h3>\n<p data-start=\"2644\" data-end=\"2677\">Dieser Stecker ist weit verbreitet in:<\/p>\n<ul data-start=\"2679\" data-end=\"2886\">\n<li data-start=\"2679\" data-end=\"2712\">\n<p data-start=\"2681\" data-end=\"2712\">Telekommunikations- und Backbone-Netze<\/p>\n<\/li>\n<li data-start=\"2713\" data-end=\"2739\">\n<p data-start=\"2715\" data-end=\"2739\">FTTH- und PON-Bereitstellungen<\/p>\n<\/li>\n<li data-start=\"2740\" data-end=\"2774\">\n<p data-start=\"2742\" data-end=\"2774\">Glasfaser-Patchkabel und Pigtails<\/p>\n<\/li>\n<li data-start=\"2775\" data-end=\"2812\">\n<p data-start=\"2777\" data-end=\"2812\">Optische Verteilerrahmen (ODF)<\/p>\n<\/li>\n<li data-start=\"2813\" data-end=\"2843\">\n<p data-start=\"2815\" data-end=\"2843\">CATV- und Breitbandsysteme<\/p>\n<\/li>\n<li data-start=\"2844\" data-end=\"2886\">\n<p data-start=\"2846\" data-end=\"2886\">Optische Pr\u00fcf- und Messger\u00e4te<\/p>\n<\/li>\n<\/ul>\n<hr data-start=\"2888\" data-end=\"2891\" \/>\n<h2 data-start=\"2893\" data-end=\"2914\">Fachliche Fragen und Antworten<\/h2>\n<p data-start=\"2916\" data-end=\"3149\"><strong data-start=\"2916\" data-end=\"2974\">Q1: Welchen Vorteil bietet die verstellbare Struktur?<\/strong><br data-start=\"2974\" data-end=\"2977\" \/>Sie erm\u00f6glicht eine Feinabstimmung der Position der H\u00fclse w\u00e4hrend des Polierens und der Montage, wodurch <strong data-start=\"3063\" data-end=\"3108\">bessere Kontrolle der Faserendfl\u00e4chengeometrie<\/strong> und <strong data-start=\"3113\" data-end=\"3148\">stabilere optische Leistung<\/strong>.<\/p>\n<hr data-start=\"3151\" data-end=\"3154\" \/>\n<p data-start=\"3156\" data-end=\"3363\"><strong data-start=\"3156\" data-end=\"3199\">F2: Ist FC PC f\u00fcr FTTH-Systeme geeignet?<\/strong><br data-start=\"3199\" data-end=\"3202\" \/>Ja. FC-PC-Steckverbinder werden h\u00e4ufig verwendet in <strong data-start=\"3243\" data-end=\"3285\">FTTH, Telekommunikations- und Unternehmensnetze<\/strong> wobei <strong data-start=\"3292\" data-end=\"3349\">geringe Einf\u00fcgungsd\u00e4mpfung und zuverl\u00e4ssige mechanische Verbindung<\/strong> sind erforderlich.<\/p>\n<hr data-start=\"3365\" data-end=\"3368\" \/>\n<p data-start=\"3370\" data-end=\"3550\"><strong data-start=\"3370\" data-end=\"3406\">F3: Kann ein FC PC an einen FC APC angeschlossen werden?<\/strong><br data-start=\"3406\" data-end=\"3409\" \/>Nein. PC und APC haben eine unterschiedliche Stirnfl\u00e4chengeometrie. Sie sollten <strong data-start=\"3470\" data-end=\"3497\">niemals zusammen gepaart werden<\/strong>, da sie hohe Verluste verursachen und die Aderendh\u00fclsen besch\u00e4digen k\u00f6nnen.<\/p>","protected":false},"excerpt":{"rendered":"<h3 data-start=\"147\" data-end=\"203\">Ein auf Pr\u00e4zision und Flexibilit\u00e4t ausgelegter Steckverbinder<\/h3>\n<p data-start=\"205\" data-end=\"426\">Die <strong data-start=\"209\" data-end=\"261\">FC PC 2.0\/3.0mm Verstellbarer LWL-Stecker<\/strong> wurde f\u00fcr Hersteller und Netzwerkinstallateure entwickelt, die Folgendes ben\u00f6tigen <strong data-start=\"321\" data-end=\"383\">pr\u00e4zise Faserausrichtung und gleichbleibende optische Leistung<\/strong> beim Abschluss von Singlemode-Glasfaserkabeln.<\/p>\n<p data-start=\"428\" data-end=\"775\">Es unterst\u00fctzt sowohl <strong data-start=\"445\" data-end=\"480\">2,0 mm und 3,0 mm ummantelte Fasern<\/strong>, und damit ideal f\u00fcr <strong data-start=\"502\" data-end=\"562\">Telekommunikations-Patchkabel, Pigtails und FTTH-Kabelkonfektionen<\/strong>. Die <strong data-start=\"568\" data-end=\"623\">PC (Physical Contact) flachpolierte Keramikferrule<\/strong> sorgt f\u00fcr eine geringe Einf\u00fcgungsd\u00e4mpfung, w\u00e4hrend die <strong data-start=\"662\" data-end=\"694\">einstellbare H\u00fclsenstruktur<\/strong> erm\u00f6glicht die Feinsteuerung des Faser\u00fcberstands und der Endfl\u00e4chengeometrie w\u00e4hrend der Produktion.<\/p>","protected":false},"featured_media":932,"comment_status":"open","ping_status":"closed","template":"","meta":[],"product_brand":[],"product_cat":[34],"product_tag":[],"class_list":{"0":"post-931","1":"product","2":"type-product","3":"status-publish","4":"has-post-thumbnail","6":"product_cat-fc-connector","8":"first","9":"instock","10":"shipping-taxable","11":"product-type-simple"},"_links":{"self":[{"href":"https:\/\/www.fenxifiber.com\/de\/wp-json\/wp\/v2\/product\/931","targetHints":{"allow":["GET"]}}],"collection":[{"href":"https:\/\/www.fenxifiber.com\/de\/wp-json\/wp\/v2\/product"}],"about":[{"href":"https:\/\/www.fenxifiber.com\/de\/wp-json\/wp\/v2\/types\/product"}],"replies":[{"embeddable":true,"href":"https:\/\/www.fenxifiber.com\/de\/wp-json\/wp\/v2\/comments?post=931"}],"wp:featuredmedia":[{"embeddable":true,"href":"https:\/\/www.fenxifiber.com\/de\/wp-json\/wp\/v2\/media\/932"}],"wp:attachment":[{"href":"https:\/\/www.fenxifiber.com\/de\/wp-json\/wp\/v2\/media?parent=931"}],"wp:term":[{"taxonomy":"product_brand","embeddable":true,"href":"https:\/\/www.fenxifiber.com\/de\/wp-json\/wp\/v2\/product_brand?post=931"},{"taxonomy":"product_cat","embeddable":true,"href":"https:\/\/www.fenxifiber.com\/de\/wp-json\/wp\/v2\/product_cat?post=931"},{"taxonomy":"product_tag","embeddable":true,"href":"https:\/\/www.fenxifiber.com\/de\/wp-json\/wp\/v2\/product_tag?post=931"}],"curies":[{"name":"wp","href":"https:\/\/api.w.org\/{rel}","templated":true}]}}