{"id":36,"date":"2026-01-14T01:43:26","date_gmt":"2026-01-14T01:43:26","guid":{"rendered":"https:\/\/www.fenxifiber.com\/?page_id=36"},"modified":"2026-01-15T02:17:36","modified_gmt":"2026-01-15T02:17:36","slug":"acerca-de-nosotros","status":"publish","type":"page","link":"https:\/\/www.fenxifiber.com\/es\/about-us\/","title":{"rendered":"Qui\u00e9nes somos"},"content":{"rendered":"<div data-elementor-type=\"wp-page\" data-elementor-id=\"36\" class=\"elementor elementor-36\" data-elementor-post-type=\"page\">\n\t\t\t\t<div class=\"elementor-element elementor-element-3b2907d5 e-flex e-con-boxed e-con e-parent\" data-id=\"3b2907d5\" data-element_type=\"container\" data-e-type=\"container\" data-settings=\"{&quot;background_background&quot;:&quot;classic&quot;}\">\n\t\t\t\t\t<div class=\"e-con-inner\">\n\t\t\t\t<div class=\"elementor-element elementor-element-fb6968 animated-slow elementor-invisible elementor-widget elementor-widget-heading\" data-id=\"fb6968\" data-element_type=\"widget\" data-e-type=\"widget\" data-settings=\"{&quot;_animation&quot;:&quot;slideInUp&quot;}\" data-widget_type=\"heading.default\">\n\t\t\t\t\t<h2 class=\"elementor-heading-title elementor-size-default\">Conectar el futuro<\/h2>\t\t\t\t<\/div>\n\t\t\t\t<div class=\"elementor-element elementor-element-1e984b01 animated-slow elementor-invisible elementor-widget elementor-widget-heading\" data-id=\"1e984b01\" data-element_type=\"widget\" data-e-type=\"widget\" data-settings=\"{&quot;_animation&quot;:&quot;slideInUp&quot;}\" data-widget_type=\"heading.default\">\n\t\t\t\t\t<h1 class=\"elementor-heading-title elementor-size-default\">acerca de nosotros<\/h1>\t\t\t\t<\/div>\n\t\t<div class=\"elementor-element elementor-element-5885960f e-con-full e-flex e-con e-child\" data-id=\"5885960f\" data-element_type=\"container\" data-e-type=\"container\">\n\t\t<div class=\"elementor-element elementor-element-65f1be24 e-con-full e-flex e-con e-child\" data-id=\"65f1be24\" data-element_type=\"container\" data-e-type=\"container\">\n\t\t\t\t<div class=\"elementor-element elementor-element-7e2d2775 elementor-blockquote--skin-quotation elementor-blockquote--align-center elementor-widget elementor-widget-blockquote\" data-id=\"7e2d2775\" data-element_type=\"widget\" data-e-type=\"widget\" data-widget_type=\"blockquote.default\">\n\t\t\t\t\t\t\t<blockquote class=\"elementor-blockquote\">\n\t\t\t<p class=\"elementor-blockquote__content\">\n\t\t\t\tChangzhou Fenxi Optoelectronics Technology Co.\t\t\t<\/p>\n\t\t\t\t\t<\/blockquote>\n\t\t\t\t\t\t<\/div>\n\t\t\t\t<div class=\"elementor-element elementor-element-174a5941 elementor-widget elementor-widget-text-editor\" data-id=\"174a5941\" data-element_type=\"widget\" data-e-type=\"widget\" data-widget_type=\"text-editor.default\">\n\t\t\t\t\t\t\t\t\t<p>Changzhou Fenxi Optoelectronics Technology Co., Ltd. es una empresa emergente en la industria de las comunicaciones \u00f3pticas. Ha reunido a un grupo de profesionales s\u00e9nior de I+D de productos, as\u00ed como a personal experimentado de producci\u00f3n y gesti\u00f3n de calidad del pa\u00eds y del extranjero, centr\u00e1ndose en la I+D, la producci\u00f3n y las ventas de productos de comunicaci\u00f3n \u00f3ptica.<\/p><p>La actividad de la empresa abarca principalmente el funcionamiento de las telecomunicaciones, la integraci\u00f3n de sistemas, la fibra hasta el hogar, la transmisi\u00f3n de fibra y otros campos. Produce principalmente diversas especificaciones y modelos de productos de comunicaci\u00f3n \u00f3ptica, incluidos componentes de conectores de fibra \u00f3ptica, cables de conexi\u00f3n de fibra \u00f3ptica, coletas de fibra \u00f3ptica, coletas de cinta, cables de conexi\u00f3n de fibra \u00f3ptica blindados, adaptadores de fibra \u00f3ptica, conectores r\u00e1pidos de fibra \u00f3ptica, divisores de fibra \u00f3ptica PLC, divisores de fibra \u00f3ptica FBT, casetes de fibra \u00f3ptica de 12 n\u00facleos, bastidores de distribuci\u00f3n de fibra \u00f3ptica ODF, cajas de terminaci\u00f3n de fibra \u00f3ptica, cierres de empalme de fibra \u00f3ptica y cables de conexi\u00f3n de red.<\/p><p>Adhiri\u00e9ndose al principio de productos de alta calidad, precios preferenciales y servicios excelentes, Changzhou Fenxi Optoelectronics Technology Co., Ltd. est\u00e1 dispuesta a cooperar sinceramente con todos los sectores para buscar el desarrollo com\u00fan y crear juntos brillantes perspectivas.<\/p>\t\t\t\t\t\t\t\t<\/div>\n\t\t\t\t<\/div>\n\t\t\t\t<\/div>\n\t\t\t\t\t<\/div>\n\t\t\t\t<\/div>\n\t\t\t\t<\/div>","protected":false},"excerpt":{"rendered":"<p>Connecting the Future about us Changzhou Fenxi Optoelectronics Technology Co., Ltd. Changzhou Fenxi Optoelectronics Technology Co., Ltd. is an emerging enterprise in the optical communication industry. It has brought together a group of senior product R&amp;D professionals as well as experienced production and quality management personnel from home and abroad, focusing on the R&amp;D, production [&hellip;]<\/p>\n","protected":false},"author":1,"featured_media":0,"parent":0,"menu_order":0,"comment_status":"closed","ping_status":"closed","template":"","meta":{"footnotes":""},"class_list":["post-36","page","type-page","status-publish","hentry"],"_links":{"self":[{"href":"https:\/\/www.fenxifiber.com\/es\/wp-json\/wp\/v2\/pages\/36","targetHints":{"allow":["GET"]}}],"collection":[{"href":"https:\/\/www.fenxifiber.com\/es\/wp-json\/wp\/v2\/pages"}],"about":[{"href":"https:\/\/www.fenxifiber.com\/es\/wp-json\/wp\/v2\/types\/page"}],"author":[{"embeddable":true,"href":"https:\/\/www.fenxifiber.com\/es\/wp-json\/wp\/v2\/users\/1"}],"replies":[{"embeddable":true,"href":"https:\/\/www.fenxifiber.com\/es\/wp-json\/wp\/v2\/comments?post=36"}],"version-history":[{"count":16,"href":"https:\/\/www.fenxifiber.com\/es\/wp-json\/wp\/v2\/pages\/36\/revisions"}],"predecessor-version":[{"id":197,"href":"https:\/\/www.fenxifiber.com\/es\/wp-json\/wp\/v2\/pages\/36\/revisions\/197"}],"wp:attachment":[{"href":"https:\/\/www.fenxifiber.com\/es\/wp-json\/wp\/v2\/media?parent=36"}],"curies":[{"name":"wp","href":"https:\/\/api.w.org\/{rel}","templated":true}]}}