{"id":293,"date":"2026-01-22T08:30:55","date_gmt":"2026-01-22T08:30:55","guid":{"rendered":"https:\/\/www.fenxifiber.com\/?post_type=product&#038;p=293"},"modified":"2026-01-26T02:38:58","modified_gmt":"2026-01-26T02:38:58","slug":"conector-rapido-de-fibra","status":"publish","type":"product","link":"https:\/\/www.fenxifiber.com\/es\/product\/fiber-fast-connector\/","title":{"rendered":"Conector r\u00e1pido de fibra: conector de alto rendimiento pre-pulido para montaje en campo"},"content":{"rendered":"<p>Changzhou Fenxi Optoelectronics Technology Co., Ltd. se enorgullece de presentar el\u00a0<strong>Conector r\u00e1pido de fibra<\/strong>, un conector de fibra \u00f3ptica prepulido e instalable en campo, dise\u00f1ado para un despliegue r\u00e1pido, un rendimiento confiable y un bajo costo de instalaci\u00f3n en las redes de acceso \u00f3ptico modernas.<\/p>\n<p>Dise\u00f1ado para\u00a0<strong>FTTH (fibra hasta el hogar)<\/strong>,\u00a0<strong>redes de acceso de telecomunicaciones<\/strong>,\u00a0<strong>LAN\/WAN<\/strong>, y\u00a0<strong>proyectos de integraci\u00f3n de sistemas<\/strong>, Este conector permite realizar terminaciones r\u00e1pidas sin necesidad de epoxi, pulido ni herramientas complejas, lo que mejora significativamente la eficiencia y la consistencia in situ.<\/p>\n<hr \/>\n<h2>1. Descripci\u00f3n general del producto<\/h2>\n<p>En\u00a0<strong>Conector r\u00e1pido de fibra<\/strong>\u00a0es un\u00a0<strong>conector de empalme mec\u00e1nico<\/strong>\u00a0con un casquillo pulido de f\u00e1brica y un mecanismo de alineaci\u00f3n de fibra integrado. Permite a los instaladores terminar los cables de fibra directamente en el campo en cuesti\u00f3n de minutos, al tiempo que garantiza un rendimiento \u00f3ptico estable comparable al de los cables de conexi\u00f3n ensamblados en f\u00e1brica.<\/p>\n<hr \/>\n<h2>2. Tipos y opciones de productos<\/h2>\n<p>Nuestra serie Fiber Fast Connector es compatible con m\u00faltiples interfaces de conectores y estructuras de cables para satisfacer diferentes necesidades de ingenier\u00eda.<\/p>\n<p><strong>Interfaces de conector disponibles:<\/strong><\/p>\n<ul>\n<li>SC \/ APC<\/li>\n<li>SC \/ UPC<\/li>\n<li>LC \/ APC<\/li>\n<li>LC \/ UPC<\/li>\n<\/ul>\n<p><strong>Tipos de fibra y cable compatibles:<\/strong><\/p>\n<ul>\n<li>Tipo de fibra:\u00a0<strong>G.652D<\/strong>,\u00a0<strong>G.657A1<\/strong>,\u00a0<strong>G.657A2<\/strong><\/li>\n<li>Cable:\u00a0<strong>Cable redondo de 3,0 mm<\/strong>,\u00a0<strong>Cable de 2,0 mm<\/strong>,\u00a0<strong>0,9 mm de revestimiento ajustado<\/strong>,\u00a0<strong>cable plano (2\u00d73 mm)<\/strong><\/li>\n<\/ul>\n<hr \/>\n<h2>3. Especificaciones t\u00e9cnicas clave<\/h2>\n<blockquote><p>A continuaci\u00f3n se indican los rangos de especificaciones t\u00edpicos, en l\u00ednea con los est\u00e1ndares actuales de la industria para conectores r\u00e1pidos de alta calidad.<\/p><\/blockquote>\n<h3>3.1 Rendimiento \u00f3ptico<\/h3>\n<table>\n<thead>\n<tr>\n<th>Par\u00e1metro<\/th>\n<th>Valor t\u00edpico (monomodo)<\/th>\n<th>Notas<\/th>\n<\/tr>\n<\/thead>\n<tbody>\n<tr>\n<td>P\u00e9rdida de inserci\u00f3n (IL)<\/td>\n<td>\u2264 0,3 dB (t\u00edpico 0,2 dB)<\/td>\n<td>Medido a 1310\/1550 nm<\/td>\n<\/tr>\n<tr>\n<td>P\u00e9rdida de retorno (UPC)<\/td>\n<td>\u2265 50 dB<\/td>\n<td>Conforme con IEC\/ITU-T<\/td>\n<\/tr>\n<tr>\n<td>P\u00e9rdida de retorno (APC)<\/td>\n<td>\u2265 55 dB<\/td>\n<td>\u00c1ngulo de pulido APC de 8\u00b0<\/td>\n<\/tr>\n<tr>\n<td>Repetibilidad<\/td>\n<td>\u2264 0,2 dB<\/td>\n<td>Reconexiones en las mismas condiciones<\/td>\n<\/tr>\n<tr>\n<td>Longitud de onda operativa<\/td>\n<td>1260 \u2013 1650 nm<\/td>\n<td>Espectro monomodo completo<\/td>\n<\/tr>\n<\/tbody>\n<\/table>\n<h3>3.2 Rendimiento mec\u00e1nico y medioambiental<\/h3>\n<table>\n<thead>\n<tr>\n<th>Par\u00e1metro<\/th>\n<th>Nivel de rendimiento<\/th>\n<th>Condici\u00f3n de referencia<\/th>\n<\/tr>\n<\/thead>\n<tbody>\n<tr>\n<td>Resistencia a la tracci\u00f3n (cable-conector)<\/td>\n<td>\u2265 50 N (cable plano\/redondo)<\/td>\n<td>1 min, sin cambio en la IL &gt; 0,2 dB<\/td>\n<\/tr>\n<tr>\n<td>Durabilidad (reuni\u00f3n)<\/td>\n<td>\u2265 500 ciclos<\/td>\n<td>Sin degradaci\u00f3n significativa de IL\/RL.<\/td>\n<\/tr>\n<tr>\n<td>Temperatura de funcionamiento<\/td>\n<td>De -40 \u00b0C a +75 \u00b0C<\/td>\n<td>Compatible con FTTH en exteriores<\/td>\n<\/tr>\n<tr>\n<td>Temperatura de almacenamiento<\/td>\n<td>De -40 \u00b0C a +85 \u00b0C<\/td>\n<td><\/td>\n<\/tr>\n<tr>\n<td>Resistencia a la humedad<\/td>\n<td>95% RH, 60 \u00b0C, 168 h<\/td>\n<td>Variaci\u00f3n IL \u2264 0,2 dB<\/td>\n<\/tr>\n<tr>\n<td>Resistencia a las vibraciones<\/td>\n<td>10-55 Hz, 1,5 mm, 2 h\/eje<\/td>\n<td>Variaci\u00f3n IL \u2264 0,2 dB<\/td>\n<\/tr>\n<\/tbody>\n<\/table>\n<h3>3.3 Par\u00e1metros estructurales<\/h3>\n<table>\n<thead>\n<tr>\n<th>Art\u00edculo<\/th>\n<th>Tipo SC<\/th>\n<th>Tipo LC<\/th>\n<\/tr>\n<\/thead>\n<tbody>\n<tr>\n<td>Di\u00e1metro del casquillo<\/td>\n<td>Cer\u00e1mica de 2,5 mm<\/td>\n<td>Cer\u00e1mica de 1,25 mm<\/td>\n<\/tr>\n<tr>\n<td>Fibra aplicable<\/td>\n<td>0,25 mm \/ 0,9 mm \/ 2,0 mm \/ 3,0 mm<\/td>\n<td>0,9 mm \/ 2,0 mm<\/td>\n<\/tr>\n<tr>\n<td>M\u00e9todo de alineaci\u00f3n<\/td>\n<td>Empalme mec\u00e1nico + ranura en V<\/td>\n<td>Empalme mec\u00e1nico + ranura en V<\/td>\n<\/tr>\n<tr>\n<td>Hora t\u00edpica de finalizaci\u00f3n<\/td>\n<td>\u2264 2 minutos (instalador calificado)<\/td>\n<td>\u2264 2-3 minutos<\/td>\n<\/tr>\n<\/tbody>\n<\/table>\n<hr \/>\n<h2>4. Aspectos destacados del dise\u00f1o<\/h2>\n<h3>4.1 Casquillo prepulido con control de calidad de f\u00e1brica<\/h3>\n<p>Cada conector r\u00e1pido de fibra utiliza un\u00a0<strong>casquillo cer\u00e1mico pulido en f\u00e1brica<\/strong>\u00a0y conector de fibra preinstalado. El pulido y la inspecci\u00f3n de precisi\u00f3n garantizan:<\/p>\n<ul>\n<li>Calidad constante del extremo frontal<\/li>\n<li>Baja p\u00e9rdida de inserci\u00f3n y alta p\u00e9rdida de retorno<\/li>\n<li>Menor dependencia de la artesan\u00eda sobre el terreno<\/li>\n<\/ul>\n<h3>4.2 Dise\u00f1o f\u00e1cil de usar y orientado al instalador<\/h3>\n<ul>\n<li>Compatible con\u00a0<strong>kits de herramientas FTTH est\u00e1ndar<\/strong>\u00a0(pelador de fibra, cortador, localizador visual de fallas)<\/li>\n<li>Marcado claro para\u00a0<strong>longitud de inserci\u00f3n de la fibra<\/strong><\/li>\n<li>Simple\u00a0<strong>mecanismo de bloqueo de un solo paso<\/strong>\u00a0(retroalimentaci\u00f3n clara con un \u201cclic\u201d)<\/li>\n<li>Dise\u00f1o de ventana transparente (opcional) para la inspecci\u00f3n visual de la posici\u00f3n de la fibra.<\/li>\n<\/ul>\n<h3>4.3 Estructura mec\u00e1nica robusta<\/h3>\n<ul>\n<li>Carcasa resistente adecuada para\u00a0<strong>entornos interiores\/exteriores<\/strong><\/li>\n<li>Estructura de alivio de tensi\u00f3n para proteger la fibra contra dobleces y tirones.<\/li>\n<li>Opciones para\u00a0<strong>cable de bajada<\/strong>\u00a0y\u00a0<strong>cable redondo<\/strong>\u00a0permitir una implementaci\u00f3n flexible<\/li>\n<\/ul>\n<hr \/>\n<h2>5. Ventajas para los operadores e integradores de redes<\/h2>\n<ol>\n<li><strong>Reducci\u00f3n del costo de instalaci\u00f3n<\/strong>\n<ul>\n<li>Sin epoxi y sin pulido, lo que significa menos inversi\u00f3n en equipo y un menor nivel de habilidad requerido.<\/li>\n<li>Menor tiempo de instalaci\u00f3n por sitio, lo que mejora la productividad laboral.<\/li>\n<\/ul>\n<\/li>\n<li><strong>Alto rendimiento de primera pasada<\/strong>\n<ul>\n<li>El mecanismo de alineaci\u00f3n y el casquillo predise\u00f1ados reducen los errores humanos.<\/li>\n<li>Rendimiento \u00f3ptico estable y repetible, ideal para implementaciones a gran escala.<\/li>\n<\/ul>\n<\/li>\n<li><strong>Configuraci\u00f3n flexible in situ<\/strong>\n<ul>\n<li>Ad\u00e1ptese r\u00e1pidamente a los cambios en el enrutamiento, la ubicaci\u00f3n de los suscriptores y la longitud de la fibra.<\/li>\n<li>Simplifica el mantenimiento y la sustituci\u00f3n en las redes existentes.<\/li>\n<\/ul>\n<\/li>\n<li><strong>Mejora en el tiempo de respuesta del servicio<\/strong>\n<ul>\n<li>Activaci\u00f3n m\u00e1s r\u00e1pida de nuevos suscriptores.<\/li>\n<li>Restauraci\u00f3n eficiente en caso de rotura de fibra o da\u00f1o en el conector.<\/li>\n<\/ul>\n<\/li>\n<\/ol>\n<hr \/>\n<h2>6. Escenarios de aplicaci\u00f3n t\u00edpicos<\/h2>\n<ul>\n<li><strong>Conexiones FTTH de \u00faltima milla<\/strong>\u00a0desde la caja de distribuci\u00f3n hasta el hogar<\/li>\n<li><strong>Cuadros de distribuci\u00f3n \u00f3ptica (ODF)<\/strong>\u00a0en oficinas centrales y nodos de acceso<\/li>\n<li><strong>Cajas y casetes de terminaci\u00f3n de fibra<\/strong>\u00a0para puntos de entrada al edificio<\/li>\n<li><strong>Actualizaciones y ampliaciones de la red<\/strong>\u00a0cuando no se dispone de cables preterminados<\/li>\n<li><strong>Enlaces de fibra temporales o m\u00f3viles<\/strong>\u00a0para eventos, exposiciones o despliegues de emergencia<\/li>\n<\/ul>\n<hr \/>\n<h2>7. Informaci\u00f3n para realizar pedidos (ejemplo)<\/h2>\n<p>Al realizar un pedido, especifique:<\/p>\n<ul>\n<li>Tipo de conector:\u00a0<strong>SC \/ UPC<\/strong>,\u00a0<strong>SC \/ APC<\/strong>,\u00a0<strong>LC \/ UPC<\/strong>, o\u00a0<strong>LC \/ APC<\/strong><\/li>\n<li>Tipo de fibra:\u00a0<strong>G.652D<\/strong>,\u00a0<strong>G.657A1<\/strong>, o\u00a0<strong>G.657A2<\/strong><\/li>\n<li>Tipo de cable:\u00a0<strong>0,9 mm<\/strong>,\u00a0<strong>2,0 mm<\/strong>,\u00a0<strong>3,0 mm<\/strong>, o\u00a0<strong>gota plana (2\u00d73 mm)<\/strong><\/li>\n<li>Empaque: paquete a granel o empaque personalizado con etiqueta.<\/li>\n<\/ul>\n<p><strong>Ejemplo:<\/strong><\/p>\n<ul>\n<li>Modelo:\u00a0<strong>FX-FFC-SC\/APC-G657A2-3.0<\/strong><\/li>\n<li>Descripci\u00f3n: Conector r\u00e1pido de fibra, SC\/APC, G.657A2, tipo de cable redondo de 3,0 mm.<\/li>\n<\/ul>","protected":false},"excerpt":{"rendered":"<h2>Caracter\u00edsticas principales:<\/h2>\n<ul>\n<li><strong>Se puede instalar in situ; no requiere epoxi ni pulido<\/strong><\/li>\n<li><strong>Instalaci\u00f3n r\u00e1pida<\/strong>: tiempo de terminaci\u00f3n t\u00edpico \u2264 2 minutos por conector<\/li>\n<li><strong>Alta compatibilidad<\/strong>\u00a0con tipos de fibra y adaptadores est\u00e1ndar<\/li>\n<li><strong>Rendimiento \u00f3ptico confiable<\/strong>\u00a0con baja p\u00e9rdida de inserci\u00f3n y alta p\u00e9rdida de retorno<\/li>\n<li>Adecuado para\u00a0<strong>conexiones FTTH en interiores y exteriores<\/strong>, cuadros de distribuci\u00f3n y reparaciones r\u00e1pidas.<\/li>\n<\/ul>\n<h2>Aplicaciones t\u00edpicas:<\/h2>\n<ul>\n<li>Conexiones de suscriptores FTTH \/ FTTx<\/li>\n<li>Cuadros de distribuci\u00f3n \u00f3ptica (ODF) y cajas de terminaci\u00f3n<\/li>\n<li>Reemplazo de pigtail ONU\/ONT y terminaci\u00f3n de cable de acometida<\/li>\n<li>Restauraci\u00f3n de fibra \u00f3ptica de emergencia y reelaboraci\u00f3n in situ.<\/li>\n<li>Centros de datos, redes de campus y cableado empresarial.<\/li>\n<\/ul>","protected":false},"featured_media":295,"comment_status":"open","ping_status":"closed","template":"","meta":[],"product_brand":[],"product_cat":[27],"product_tag":[],"class_list":{"0":"post-293","1":"product","2":"type-product","3":"status-publish","4":"has-post-thumbnail","6":"product_cat-fiber-optic-accessories","8":"first","9":"instock","10":"shipping-taxable","11":"product-type-simple"},"_links":{"self":[{"href":"https:\/\/www.fenxifiber.com\/es\/wp-json\/wp\/v2\/product\/293","targetHints":{"allow":["GET"]}}],"collection":[{"href":"https:\/\/www.fenxifiber.com\/es\/wp-json\/wp\/v2\/product"}],"about":[{"href":"https:\/\/www.fenxifiber.com\/es\/wp-json\/wp\/v2\/types\/product"}],"replies":[{"embeddable":true,"href":"https:\/\/www.fenxifiber.com\/es\/wp-json\/wp\/v2\/comments?post=293"}],"wp:featuredmedia":[{"embeddable":true,"href":"https:\/\/www.fenxifiber.com\/es\/wp-json\/wp\/v2\/media\/295"}],"wp:attachment":[{"href":"https:\/\/www.fenxifiber.com\/es\/wp-json\/wp\/v2\/media?parent=293"}],"wp:term":[{"taxonomy":"product_brand","embeddable":true,"href":"https:\/\/www.fenxifiber.com\/es\/wp-json\/wp\/v2\/product_brand?post=293"},{"taxonomy":"product_cat","embeddable":true,"href":"https:\/\/www.fenxifiber.com\/es\/wp-json\/wp\/v2\/product_cat?post=293"},{"taxonomy":"product_tag","embeddable":true,"href":"https:\/\/www.fenxifiber.com\/es\/wp-json\/wp\/v2\/product_tag?post=293"}],"curies":[{"name":"wp","href":"https:\/\/api.w.org\/{rel}","templated":true}]}}