{"id":311,"date":"2026-01-23T05:35:50","date_gmt":"2026-01-23T05:35:50","guid":{"rendered":"https:\/\/www.fenxifiber.com\/?post_type=product&#038;p=311"},"modified":"2026-01-23T05:55:49","modified_gmt":"2026-01-23T05:55:49","slug":"fabrica-de-cajas-de-transferencia-de-cables-opticos","status":"publish","type":"product","link":"https:\/\/www.fenxifiber.com\/es\/product\/optical-cable-transfer-box-factory\/","title":{"rendered":"F\u00e1brica de cajas de transferencia de cables \u00f3pticos"},"content":{"rendered":"<h2>Productos<\/h2>\n<p>Fenxi Optoelectronics Technology es un fabricante profesional de cajas de transferencia de cables \u00f3pticos para operadores de telecomunicaciones, integradores de sistemas, contratistas de ingenier\u00eda y proveedores de soluciones de red. Gracias a nuestro experimentado equipo de I+D y a nuestra estricta gesti\u00f3n de la producci\u00f3n y la calidad, ofrecemos cajas de transferencia fiables y de alta protecci\u00f3n para la ramificaci\u00f3n, el empalme, la distribuci\u00f3n y la extensi\u00f3n de cables \u00f3pticos en redes FTTx, de acceso, troncales y de campus.<\/p>\n<p>La caja de transferencia de cable \u00f3ptico se utiliza principalmente en puntos de ramificaci\u00f3n y nodos de distribuci\u00f3n de cables \u00f3pticos. Integra funciones como la introducci\u00f3n de cables, la fijaci\u00f3n, la fusi\u00f3n de fibras, el almacenamiento, la distribuci\u00f3n y la protecci\u00f3n, lo que proporciona una soluci\u00f3n estandarizada y f\u00e1cil de mantener para proyectos en exteriores e interiores.<\/p>\n<hr \/>\n<h2>Especificaciones t\u00e9cnicas t\u00edpicas<\/h2>\n<p>A continuaci\u00f3n se muestra una configuraci\u00f3n de referencia para las cajas de transferencia de cable \u00f3ptico para exteriores m\u00e1s habituales utilizadas en FTTx y redes de acceso. Las especificaciones reales se pueden personalizar seg\u00fan los requisitos del proyecto.<\/p>\n<table>\n<thead>\n<tr>\n<th>Par\u00e1metro<\/th>\n<th>Valor t\u00edpico \/ Opci\u00f3n<\/th>\n<\/tr>\n<\/thead>\n<tbody>\n<tr>\n<td>Capacidad de fibra<\/td>\n<td>24 \/ 48 \/ 72 \/ 96 n\u00facleos<\/td>\n<\/tr>\n<tr>\n<td>Puertos de cable (entrada\/salida)<\/td>\n<td>2\u20134 alimentadores + 8\u201316 puertos de distribuci\u00f3n\/salida<\/td>\n<\/tr>\n<tr>\n<td>Di\u00e1metro de cable aplicable<\/td>\n<td>\u03a68\u2013\u03a618 mm (alimentador), \u03a63\u2013\u03a67 mm (gota)<\/td>\n<\/tr>\n<tr>\n<td>Tipo de fibra<\/td>\n<td>Modo \u00fanico \/ Modo m\u00faltiple<\/td>\n<\/tr>\n<tr>\n<td>Interfaz del adaptador<\/td>\n<td>SC \/ LC \/ FC (simplex o d\u00faplex, opcional)<\/td>\n<\/tr>\n<tr>\n<td>Capacidad de la bandeja de empalmes<\/td>\n<td>12\/24 n\u00facleos por bandeja<\/td>\n<\/tr>\n<tr>\n<td>Grado de protecci\u00f3n<\/td>\n<td>IP65-IP66<\/td>\n<\/tr>\n<tr>\n<td>Durabilidad mec\u00e1nica<\/td>\n<td>\u2265500 veces de apertura\/cierre<\/td>\n<\/tr>\n<tr>\n<td>Temperatura de funcionamiento<\/td>\n<td>De \u201340 \u00b0C a +65 \u00b0C<\/td>\n<\/tr>\n<tr>\n<td>Material<\/td>\n<td>PC+ABS de alta resistencia \/ SMC \/ acero laminado en fr\u00edo<\/td>\n<\/tr>\n<tr>\n<td>M\u00e9todo de instalaci\u00f3n<\/td>\n<td>Montado en pared \/ Montado en poste<\/td>\n<\/tr>\n<tr>\n<td>Color<\/td>\n<td>Gris claro\/negro o personalizado<\/td>\n<\/tr>\n<\/tbody>\n<\/table>\n<p><em>Los datos anteriores corresponden a configuraciones habituales en el sector; podemos ajustar el dise\u00f1o, los materiales y la capacidad en funci\u00f3n de sus normas o de los documentos de licitaci\u00f3n.<\/em><\/p>\n<hr \/>\n<h2>Escenarios de aplicaci\u00f3n<\/h2>\n<ul>\n<li><strong>Redes FTTH \/ FTTB \/ FTTC<\/strong>\u00a0\u2013 Se utiliza como punto de transferencia y distribuci\u00f3n entre las secciones de alimentaci\u00f3n y de bajada.<\/li>\n<li><strong>Redes de acceso metropolitanas<\/strong>\u00a0\u2013 Ramificaci\u00f3n y conexi\u00f3n cruzada de cables \u00f3pticos en capas de acceso.<\/li>\n<li><strong>Redes de campus y parques industriales<\/strong>\u00a0\u2013 Transferencia de entrada al edificio, nodos de distribuci\u00f3n de \u00e1rea.<\/li>\n<li><strong>Proyectos ferroviarios, de autopistas, energ\u00eda y seguridad<\/strong>\u00a0\u2013 Ramificaci\u00f3n y protecci\u00f3n de cables \u00f3pticos de larga distancia.<\/li>\n<\/ul>\n<hr \/>\n<h2>Ventajas para integradores y distribuidores<\/h2>\n<ul>\n<li><strong>Gran compatibilidad<\/strong><br \/>\nIntegraci\u00f3n perfecta con nuestros cables de conexi\u00f3n de fibra \u00f3ptica, pigtails, divisores, casetes, ODF y cajas de terminaci\u00f3n, lo que ayuda a los integradores a crear soluciones unificadas.<\/li>\n<li><strong>Soporte OEM\/ODM<\/strong>\n<ul>\n<li>Personalizaci\u00f3n del logotipo, la etiqueta y el empaque.<\/li>\n<li>Optimizaci\u00f3n del dise\u00f1o interno seg\u00fan las bandejas de empalme y los adaptadores preferidos.<\/li>\n<li>N\u00famero de puertos, dimensiones y color personalizados para ajustarse a los est\u00e1ndares del proyecto.<\/li>\n<li>Soporte para soluciones preterminadas para reducir el tiempo de fusi\u00f3n en campo.<\/li>\n<\/ul>\n<\/li>\n<li><strong>Calidad estable y suministro por lotes<\/strong>\n<ul>\n<li>Inspecci\u00f3n rigurosa de materiales y componentes entrantes.<\/li>\n<li>Control de calidad de todo el proceso, desde el moldeado hasta el ensamblaje y las pruebas.<\/li>\n<li>Soporte para pedidos al por mayor y suministro a largo plazo, adecuado para agentes y distribuidores.<\/li>\n<\/ul>\n<\/li>\n<\/ul>\n<hr \/>\n<h2>Informaci\u00f3n para pedidos y cantidad m\u00ednima de pedido<\/h2>\n<p>Ofrecemos modelos de pedido flexibles para diferentes tipos de negocios:<\/p>\n<ul>\n<li>Para\u00a0<strong>integradores y empresas de ingenier\u00eda<\/strong>:\n<ul>\n<li>Se puede suministrar seg\u00fan la lista de materiales del proyecto y las especificaciones t\u00e9cnicas.<\/li>\n<li>Cables flexibles, adaptadores y divisores preensamblados opcionales para acortar el ciclo de implementaci\u00f3n.<\/li>\n<\/ul>\n<\/li>\n<li>Para\u00a0<strong>agentes, distribuidores y empresas de abastecimiento<\/strong>:\n<ul>\n<li>Precios competitivos de f\u00e1brica para pedidos al por mayor.<\/li>\n<li>Modelos regulares con configuraciones est\u00e1ndar para facilitar el almacenamiento y la reventa.<\/li>\n<\/ul>\n<\/li>\n<\/ul>\n<p>El MOQ t\u00edpico se puede negociar seg\u00fan el modelo, la configuraci\u00f3n y los requisitos de empaque; se admiten pedidos de muestras para pruebas antes de la confirmaci\u00f3n del pedido a granel.<\/p>","protected":false},"excerpt":{"rendered":"<h2>Caracter\u00edsticas principales<\/h2>\n<ul>\n<li>Admite m\u00faltiples configuraciones de entrada\/salida de cables (alimentaci\u00f3n + distribuci\u00f3n + cables de bajada).<\/li>\n<li>Adecuado para fibras monomodo y multimodo, G.652D \/ G.657A1 \/ G.657A2<\/li>\n<li>Nivel de protecci\u00f3n IP65-IP66 para entornos exteriores (montaje en poste, montaje en pared)<\/li>\n<li>Materiales ign\u00edfugos, resistentes a los rayos UV y a la corrosi\u00f3n para una fiabilidad duradera.<\/li>\n<li>Rutear la fibra de manera clara con control del radio de curvatura y etiquetado.<\/li>\n<li>Compatible con diversas bandejas de empalme, adaptadores y divisores (PLC\/FBT).<\/li>\n<li>Cables flexibles y cordones de conexi\u00f3n preterminados opcionales para reducir el trabajo in situ.<\/li>\n<\/ul>","protected":false},"featured_media":312,"comment_status":"open","ping_status":"closed","template":"","meta":[],"product_brand":[],"product_cat":[27],"product_tag":[],"class_list":{"0":"post-311","1":"product","2":"type-product","3":"status-publish","4":"has-post-thumbnail","6":"product_cat-fiber-optic-accessories","8":"first","9":"instock","10":"shipping-taxable","11":"product-type-simple"},"_links":{"self":[{"href":"https:\/\/www.fenxifiber.com\/es\/wp-json\/wp\/v2\/product\/311","targetHints":{"allow":["GET"]}}],"collection":[{"href":"https:\/\/www.fenxifiber.com\/es\/wp-json\/wp\/v2\/product"}],"about":[{"href":"https:\/\/www.fenxifiber.com\/es\/wp-json\/wp\/v2\/types\/product"}],"replies":[{"embeddable":true,"href":"https:\/\/www.fenxifiber.com\/es\/wp-json\/wp\/v2\/comments?post=311"}],"wp:featuredmedia":[{"embeddable":true,"href":"https:\/\/www.fenxifiber.com\/es\/wp-json\/wp\/v2\/media\/312"}],"wp:attachment":[{"href":"https:\/\/www.fenxifiber.com\/es\/wp-json\/wp\/v2\/media?parent=311"}],"wp:term":[{"taxonomy":"product_brand","embeddable":true,"href":"https:\/\/www.fenxifiber.com\/es\/wp-json\/wp\/v2\/product_brand?post=311"},{"taxonomy":"product_cat","embeddable":true,"href":"https:\/\/www.fenxifiber.com\/es\/wp-json\/wp\/v2\/product_cat?post=311"},{"taxonomy":"product_tag","embeddable":true,"href":"https:\/\/www.fenxifiber.com\/es\/wp-json\/wp\/v2\/product_tag?post=311"}],"curies":[{"name":"wp","href":"https:\/\/api.w.org\/{rel}","templated":true}]}}