{"id":351,"date":"2026-01-26T05:33:30","date_gmt":"2026-01-26T05:33:30","guid":{"rendered":"https:\/\/www.fenxifiber.com\/?post_type=product&#038;p=351"},"modified":"2026-01-26T05:33:30","modified_gmt":"2026-01-26T05:33:30","slug":"fabricante-de-cajas-de-terminacion-de-fibra-lc-de-96-nucleos","status":"publish","type":"product","link":"https:\/\/www.fenxifiber.com\/es\/product\/fiber-termination-box-lc-96core-manufacturer\/","title":{"rendered":"Caja de Terminaci\u00f3n de Fibra LC-96core Fabricante"},"content":{"rendered":"<p><strong>Conectividad y dise\u00f1o de alta densidad<\/strong><\/p>\n<p>La optimizaci\u00f3n del espacio es fundamental en la infraestructura de red actual. Nuestra caja de terminaci\u00f3n LC-96core presenta un dise\u00f1o compacto y modular que admite 96 conexiones LC (normalmente utilizando adaptadores LC Duplex). La estructura interna est\u00e1 meticulosamente organizada con bandejas de empalme que garantizan que el radio de curvatura de la fibra supere los 30 mm, lo que evita la p\u00e9rdida de se\u00f1al y los da\u00f1os f\u00edsicos. Este dise\u00f1o facilita el acceso para la instalaci\u00f3n, el mantenimiento y la futura ampliaci\u00f3n de la capacidad sin interrumpir las conexiones existentes.<\/p>\n<p><strong>Durabilidad y protecci\u00f3n del medio ambiente<\/strong><\/p>\n<p>Fabricada con acero laminado en fr\u00edo (SPCC) de alta calidad o materiales ABS resistentes a los impactos (personalizables bajo pedido), esta caja de terminaci\u00f3n ofrece una protecci\u00f3n robusta contra los impactos f\u00edsicos y los factores ambientales. Est\u00e1 pulverizada electrost\u00e1ticamente para obtener un acabado liso y resistente a la corrosi\u00f3n, lo que la hace adecuada para diversos escenarios de implementaci\u00f3n, incluyendo el montaje en pared en interiores y el montaje en bastidor est\u00e1ndar de 19 pulgadas. La unidad protege eficazmente los empalmes de fibra sensibles contra el polvo, la humedad y la tensi\u00f3n mec\u00e1nica, lo que garantiza una larga vida \u00fatil.<\/p>\n<p><strong>Especificaciones t\u00e9cnicas<\/strong><\/p>\n<p>Para ayudarle a comprender las capacidades de rendimiento de nuestra caja de terminaci\u00f3n de fibra LC-96core, consulte los par\u00e1metros t\u00e9cnicos est\u00e1ndar que se indican a continuaci\u00f3n:<\/p>\n<table>\n<thead>\n<tr>\n<th>Caracter\u00edstica<\/th>\n<th>Especificaci\u00f3n<\/th>\n<\/tr>\n<\/thead>\n<tbody>\n<tr>\n<td><strong>Nombre del producto<\/strong><\/td>\n<td>Caja de terminaci\u00f3n de fibra LC-96 n\u00facleos<\/td>\n<\/tr>\n<tr>\n<td><strong>Capacidad m\u00e1xima<\/strong><\/td>\n<td>96 n\u00facleos<\/td>\n<\/tr>\n<tr>\n<td><strong>Tipo de adaptador<\/strong><\/td>\n<td>LC (D\u00faplex\/Cu\u00e1druple)<\/td>\n<\/tr>\n<tr>\n<td><strong>Material<\/strong><\/td>\n<td>Acero laminado en fr\u00edo SPCC \/ ABS de alta calidad<\/td>\n<\/tr>\n<tr>\n<td><strong>P\u00e9rdida de inserci\u00f3n<\/strong><\/td>\n<td>\u2264 0,3 dB<\/td>\n<\/tr>\n<tr>\n<td><strong>P\u00e9rdida de retorno<\/strong><\/td>\n<td>\u2265 50 dB (UPC) \/ \u2265 60 dB (APC)<\/td>\n<\/tr>\n<tr>\n<td><strong>Temperatura de funcionamiento<\/strong><\/td>\n<td>De -40 \u00b0C a +85 \u00b0C<\/td>\n<\/tr>\n<tr>\n<td><strong>Modo de instalaci\u00f3n<\/strong><\/td>\n<td>Montaje en pared \/ Montaje en bastidor (19 pulgadas)<\/td>\n<\/tr>\n<tr>\n<td><strong>Duraci\u00f3n de vida<\/strong><\/td>\n<td>&gt; 20 a\u00f1os<\/td>\n<\/tr>\n<\/tbody>\n<\/table>\n<p><strong>Aplicaciones y control de calidad<\/strong><\/p>\n<p>Este producto se utiliza ampliamente en redes de \u00e1rea local (LAN), redes de \u00e1rea amplia (WAN), sistemas CATV e integraci\u00f3n de redes de telecomunicaciones. En Fenxi Optoelectronics Technology, combinamos una gran experiencia en I+D con una estricta gesti\u00f3n de la calidad. Cada caja de terminaci\u00f3n de fibra LC-96core se somete a rigurosas pruebas \u00f3pticas antes de su env\u00edo para garantizar que cumple con los est\u00e1ndares internacionales. Ya sea para un proyecto de telecomunicaciones a gran escala o para una tarea espec\u00edfica de integraci\u00f3n de sistemas, Fenxi ofrece servicios OEM\/ODM confiables para apoyar el crecimiento de su negocio.<\/p>","protected":false},"excerpt":{"rendered":"<p><strong>Productos<\/strong><\/p>\n<p>En\u00a0<strong>Caja de terminaci\u00f3n de fibra LC-96 n\u00facleos<\/strong>\u00a0es una soluci\u00f3n de distribuci\u00f3n \u00f3ptica de alta densidad dise\u00f1ada para satisfacer las rigurosas exigencias de las modernas redes FTTH (fibra hasta el hogar) y de telecomunicaciones. Dise\u00f1ada por Fenxi Optoelectronics Technology, esta unidad proporciona una gesti\u00f3n eficiente de los cables, empalmes por fusi\u00f3n seguros y una conectividad fiable para hasta 96 n\u00facleos de fibra. Es la opci\u00f3n ideal para maximizar el aprovechamiento del espacio en salas de servidores y centros de datos, al tiempo que garantiza una transmisi\u00f3n de se\u00f1al superior.<\/p>","protected":false},"featured_media":352,"comment_status":"open","ping_status":"closed","template":"","meta":[],"product_brand":[],"product_cat":[23],"product_tag":[],"class_list":{"0":"post-351","1":"product","2":"type-product","3":"status-publish","4":"has-post-thumbnail","6":"product_cat-fiber-termination-box","8":"first","9":"instock","10":"shipping-taxable","11":"product-type-simple"},"_links":{"self":[{"href":"https:\/\/www.fenxifiber.com\/es\/wp-json\/wp\/v2\/product\/351","targetHints":{"allow":["GET"]}}],"collection":[{"href":"https:\/\/www.fenxifiber.com\/es\/wp-json\/wp\/v2\/product"}],"about":[{"href":"https:\/\/www.fenxifiber.com\/es\/wp-json\/wp\/v2\/types\/product"}],"replies":[{"embeddable":true,"href":"https:\/\/www.fenxifiber.com\/es\/wp-json\/wp\/v2\/comments?post=351"}],"wp:featuredmedia":[{"embeddable":true,"href":"https:\/\/www.fenxifiber.com\/es\/wp-json\/wp\/v2\/media\/352"}],"wp:attachment":[{"href":"https:\/\/www.fenxifiber.com\/es\/wp-json\/wp\/v2\/media?parent=351"}],"wp:term":[{"taxonomy":"product_brand","embeddable":true,"href":"https:\/\/www.fenxifiber.com\/es\/wp-json\/wp\/v2\/product_brand?post=351"},{"taxonomy":"product_cat","embeddable":true,"href":"https:\/\/www.fenxifiber.com\/es\/wp-json\/wp\/v2\/product_cat?post=351"},{"taxonomy":"product_tag","embeddable":true,"href":"https:\/\/www.fenxifiber.com\/es\/wp-json\/wp\/v2\/product_tag?post=351"}],"curies":[{"name":"wp","href":"https:\/\/api.w.org\/{rel}","templated":true}]}}