{"id":353,"date":"2026-01-26T05:39:22","date_gmt":"2026-01-26T05:39:22","guid":{"rendered":"https:\/\/www.fenxifiber.com\/?post_type=product&#038;p=353"},"modified":"2026-01-26T05:39:22","modified_gmt":"2026-01-26T05:39:22","slug":"caja-de-terminacion-de-fibra-sc-upc-de-24-nucleos-proveedor","status":"publish","type":"product","link":"https:\/\/www.fenxifiber.com\/es\/product\/fiber-termination-box-sc-upc-24core-supplier\/","title":{"rendered":"Proveedor de cajas de terminaci\u00f3n de fibra SC\/UPC-24core"},"content":{"rendered":"<p><strong>Conectividad SC\/UPC de precisi\u00f3n<\/strong><\/p>\n<p>Esta caja de terminaci\u00f3n est\u00e1 espec\u00edficamente optimizada para conectores SC\/UPC (Ultra Physical Contact), ampliamente reconocidos por su fiabilidad en la transmisi\u00f3n de datos. La disposici\u00f3n interna presenta un dise\u00f1o f\u00e1cil de usar con bandejas de empalme espec\u00edficas y rutas de cableado que garantizan que el radio de curvatura de la fibra se mantenga por encima de los 30 mm. Este meticuloso dise\u00f1o minimiza la atenuaci\u00f3n de la se\u00f1al y simplifica la instalaci\u00f3n de adaptadores SC y pigtails, lo que lo hace ideal para el montaje en pared o en poste en pasillos, s\u00f3tanos y armarios de telecomunicaciones.<\/p>\n<p><strong>Par\u00e1metros t\u00e9cnicos est\u00e1ndar<\/strong><\/p>\n<p>Para ayudar a los equipos de compras y a los ingenieros a evaluar la compatibilidad de los productos, proporcionamos datos est\u00e1ndar del sector en tiempo real para la caja de terminaci\u00f3n de fibra SC\/UPC-24 n\u00facleos que se muestra a continuaci\u00f3n:<\/p>\n<table>\n<thead>\n<tr>\n<th>Atributo t\u00e9cnico<\/th>\n<th>Detalles de las especificaciones<\/th>\n<\/tr>\n<\/thead>\n<tbody>\n<tr>\n<td><strong>Nombre del modelo<\/strong><\/td>\n<td>Caja de terminaci\u00f3n de fibra SC\/UPC de 24 n\u00facleos<\/td>\n<\/tr>\n<tr>\n<td><strong>Capacidad portuaria<\/strong><\/td>\n<td>24 puertos (SC simplex)<\/td>\n<\/tr>\n<tr>\n<td><strong>Tipo de conector<\/strong><\/td>\n<td>SC\/UPC (carcasa azul)<\/td>\n<\/tr>\n<tr>\n<td><strong>Material de construcci\u00f3n<\/strong><\/td>\n<td>ABS de alto impacto o aleaci\u00f3n de PC+ABS<\/td>\n<\/tr>\n<tr>\n<td><strong>P\u00e9rdida de inserci\u00f3n<\/strong><\/td>\n<td>\u2264 0,3 dB<\/td>\n<\/tr>\n<tr>\n<td><strong>P\u00e9rdida de retorno<\/strong><\/td>\n<td>\u2265 50 dB (norma UPC)<\/td>\n<\/tr>\n<tr>\n<td><strong>Nivel de protecci\u00f3n<\/strong><\/td>\n<td>IP55 \/ IP65 (seleccionable para interiores\/exteriores)<\/td>\n<\/tr>\n<tr>\n<td><strong>Temperatura de funcionamiento<\/strong><\/td>\n<td>De -40 \u00b0C a +75 \u00b0C<\/td>\n<\/tr>\n<tr>\n<td><strong>M\u00e9todo de instalaci\u00f3n<\/strong><\/td>\n<td>Montado en pared \/ Montado en poste<\/td>\n<\/tr>\n<\/tbody>\n<\/table>\n<p><strong>Excelencia en I+D y control de calidad<\/strong><\/p>\n<p>Fenxi Optoelectronics Technology se dedica a ofrecer productos de comunicaci\u00f3n \u00f3ptica de alto rendimiento. Gracias a nuestro equipo de profesionales s\u00e9nior de I+D y a nuestro personal experimentado en gesti\u00f3n de calidad, nos aseguramos de que todas las cajas de terminaci\u00f3n de 24 n\u00facleos resistan condiciones ambientales adversas y tensiones mec\u00e1nicas. Nuestros productos se integran a la perfecci\u00f3n en los sistemas de transmisi\u00f3n de fibra y se pueden personalizar (OEM\/ODM) para satisfacer los requisitos espec\u00edficos de cada proyecto, lo que garantiza un rendimiento estable de la red para clientes de todo el mundo.<\/p>","protected":false},"excerpt":{"rendered":"<p><strong>Soluci\u00f3n avanzada de distribuci\u00f3n de fibra<\/strong><\/p>\n<p>En\u00a0<strong>Caja de terminaci\u00f3n de fibra SC\/UPC de 24 n\u00facleos<\/strong>\u00a0es un dispositivo de interfaz compacto y duradero dise\u00f1ado para salvar la distancia entre los cables de alimentaci\u00f3n y los cables de distribuci\u00f3n en redes FTTx (Fiber to the x). Fabricado por Fenxi Optoelectronics Technology, este dispositivo admite la terminaci\u00f3n, el empalme y la distribuci\u00f3n de hasta 24 fibras \u00f3pticas. Est\u00e1 dise\u00f1ado para simplificar el despliegue de redes para operaciones de telecomunicaciones y la integraci\u00f3n de sistemas en edificios, proporcionando un entorno seguro para proteger las conexiones de fibra sensibles.<\/p>","protected":false},"featured_media":354,"comment_status":"open","ping_status":"closed","template":"","meta":[],"product_brand":[],"product_cat":[23],"product_tag":[],"class_list":{"0":"post-353","1":"product","2":"type-product","3":"status-publish","4":"has-post-thumbnail","6":"product_cat-fiber-termination-box","8":"first","9":"instock","10":"shipping-taxable","11":"product-type-simple"},"_links":{"self":[{"href":"https:\/\/www.fenxifiber.com\/es\/wp-json\/wp\/v2\/product\/353","targetHints":{"allow":["GET"]}}],"collection":[{"href":"https:\/\/www.fenxifiber.com\/es\/wp-json\/wp\/v2\/product"}],"about":[{"href":"https:\/\/www.fenxifiber.com\/es\/wp-json\/wp\/v2\/types\/product"}],"replies":[{"embeddable":true,"href":"https:\/\/www.fenxifiber.com\/es\/wp-json\/wp\/v2\/comments?post=353"}],"wp:featuredmedia":[{"embeddable":true,"href":"https:\/\/www.fenxifiber.com\/es\/wp-json\/wp\/v2\/media\/354"}],"wp:attachment":[{"href":"https:\/\/www.fenxifiber.com\/es\/wp-json\/wp\/v2\/media?parent=353"}],"wp:term":[{"taxonomy":"product_brand","embeddable":true,"href":"https:\/\/www.fenxifiber.com\/es\/wp-json\/wp\/v2\/product_brand?post=353"},{"taxonomy":"product_cat","embeddable":true,"href":"https:\/\/www.fenxifiber.com\/es\/wp-json\/wp\/v2\/product_cat?post=353"},{"taxonomy":"product_tag","embeddable":true,"href":"https:\/\/www.fenxifiber.com\/es\/wp-json\/wp\/v2\/product_tag?post=353"}],"curies":[{"name":"wp","href":"https:\/\/api.w.org\/{rel}","templated":true}]}}