{"id":355,"date":"2026-01-26T05:45:39","date_gmt":"2026-01-26T05:45:39","guid":{"rendered":"https:\/\/www.fenxifiber.com\/?post_type=product&#038;p=355"},"modified":"2026-01-26T05:45:39","modified_gmt":"2026-01-26T05:45:39","slug":"caja-de-terminacion-de-fibra-optica-st-8-nucleos-de-fabrica","status":"publish","type":"product","link":"https:\/\/www.fenxifiber.com\/es\/product\/fiber-termination-box-st-8core-factory\/","title":{"rendered":"Caja de terminaci\u00f3n de fibra ST-8core F\u00e1brica"},"content":{"rendered":"<p><strong>Dise\u00f1o robusto para conectividad ST<\/strong><\/p>\n<p>A diferencia de los conectores de pl\u00e1stico est\u00e1ndar, los adaptadores ST requieren una plataforma de montaje estable debido a su construcci\u00f3n met\u00e1lica y su acci\u00f3n giratoria. Nuestra caja de terminaci\u00f3n ST-8core est\u00e1 fabricada con acero laminado en fr\u00edo (SPCC) de alta calidad o material ABS de alta resistencia para soportar la tensi\u00f3n mec\u00e1nica de la conexi\u00f3n y desconexi\u00f3n de cables. El dise\u00f1o interno incluye una bandeja de empalme dedicada que gestiona eficazmente el almacenamiento de los pigtails y el empalme por fusi\u00f3n, lo que garantiza que el radio de curvatura se mantenga dentro de los l\u00edmites de seguridad para evitar la degradaci\u00f3n de la se\u00f1al.<\/p>\n<p><strong>Datos de especificaciones t\u00e9cnicas<\/strong><\/p>\n<p>Para verificar la idoneidad de este producto para su infraestructura de red, revise las especificaciones de fabricaci\u00f3n est\u00e1ndar que se indican a continuaci\u00f3n. Estos par\u00e1metros reflejan nuestro compromiso con la precisi\u00f3n y la durabilidad:<\/p>\n<table>\n<thead>\n<tr>\n<th>Caracter\u00edstica<\/th>\n<th>Especificaciones t\u00e9cnicas<\/th>\n<\/tr>\n<\/thead>\n<tbody>\n<tr>\n<td><strong>Art\u00edculo del producto<\/strong><\/td>\n<td>Caja de terminaci\u00f3n de fibra ST-8 n\u00facleos<\/td>\n<\/tr>\n<tr>\n<td><strong>Capacidad m\u00e1xima<\/strong><\/td>\n<td>8 n\u00facleos<\/td>\n<\/tr>\n<tr>\n<td><strong>Interfaz del adaptador<\/strong><\/td>\n<td>ST (Simplex)<\/td>\n<\/tr>\n<tr>\n<td><strong>Opciones de materiales<\/strong><\/td>\n<td>Acero SPCC electrost\u00e1tico \/ ABS<\/td>\n<\/tr>\n<tr>\n<td><strong>Durabilidad del conector<\/strong><\/td>\n<td>&gt; 1000 ciclos de apareamiento<\/td>\n<\/tr>\n<tr>\n<td><strong>P\u00e9rdida de inserci\u00f3n<\/strong><\/td>\n<td>\u2264 0,3 dB<\/td>\n<\/tr>\n<tr>\n<td><strong>P\u00e9rdida de retorno<\/strong><\/td>\n<td>\u2265 50 dB (UPC) \/ \u2265 60 dB (APC)<\/td>\n<\/tr>\n<tr>\n<td><strong>Temperatura de funcionamiento<\/strong><\/td>\n<td>-40 \u00b0C ~ +85 \u00b0C<\/td>\n<\/tr>\n<tr>\n<td><strong>Instalaci\u00f3n<\/strong><\/td>\n<td>Montaje en pared \/ Escritorio \/ Carril DIN<\/td>\n<\/tr>\n<\/tbody>\n<\/table>\n<p><strong>Experiencia en producci\u00f3n y servicio<\/strong><\/p>\n<p>Fenxi Optoelectronics Technology aprovecha sus a\u00f1os de experiencia en el sector y un equipo de profesionales s\u00e9nior en I+D para ofrecer productos de comunicaci\u00f3n \u00f3ptica de calidad superior. Entendemos los requisitos espec\u00edficos de las redes heredadas e industriales, en las que predominan los conectores ST. Nuestra f\u00e1brica aplica estrictos protocolos de gesti\u00f3n de calidad para garantizar que todas las cajas de terminaci\u00f3n de fibra ST-8core cumplan con los est\u00e1ndares de rendimiento globales. Ofrecemos servicios OEM flexibles para dar soporte a operadores de telecomunicaciones e integradores de sistemas de todo el mundo.<\/p>","protected":false},"excerpt":{"rendered":"<p><strong>Unidad de distribuci\u00f3n \u00f3ptica compacta<\/strong><\/p>\n<p>En\u00a0<strong>Caja de terminaci\u00f3n de fibra ST-8 n\u00facleos<\/strong>\u00a0es una caja de terminales robusta y compacta dise\u00f1ada para terminaciones de redes de fibra \u00f3ptica a peque\u00f1a escala. Fabricada por Fenxi Optoelectronics Technology, esta unidad est\u00e1 dise\u00f1ada para adaptarse a\u00a0<strong>ST (punta recta)<\/strong>\u00a0conectores, que utilizan un mecanismo de bloqueo giratorio tipo bayoneta para garantizar conexiones seguras. Ideal para aplicaciones de fibra hasta el escritorio (FTTD), sistemas de control industrial localizados e integraci\u00f3n de monitoreo, esta caja garantiza una gesti\u00f3n organizada de la fibra y la protecci\u00f3n de hasta 8 n\u00facleos \u00f3pticos.<\/p>","protected":false},"featured_media":356,"comment_status":"open","ping_status":"closed","template":"","meta":[],"product_brand":[],"product_cat":[23],"product_tag":[],"class_list":{"0":"post-355","1":"product","2":"type-product","3":"status-publish","4":"has-post-thumbnail","6":"product_cat-fiber-termination-box","8":"first","9":"instock","10":"shipping-taxable","11":"product-type-simple"},"_links":{"self":[{"href":"https:\/\/www.fenxifiber.com\/es\/wp-json\/wp\/v2\/product\/355","targetHints":{"allow":["GET"]}}],"collection":[{"href":"https:\/\/www.fenxifiber.com\/es\/wp-json\/wp\/v2\/product"}],"about":[{"href":"https:\/\/www.fenxifiber.com\/es\/wp-json\/wp\/v2\/types\/product"}],"replies":[{"embeddable":true,"href":"https:\/\/www.fenxifiber.com\/es\/wp-json\/wp\/v2\/comments?post=355"}],"wp:featuredmedia":[{"embeddable":true,"href":"https:\/\/www.fenxifiber.com\/es\/wp-json\/wp\/v2\/media\/356"}],"wp:attachment":[{"href":"https:\/\/www.fenxifiber.com\/es\/wp-json\/wp\/v2\/media?parent=355"}],"wp:term":[{"taxonomy":"product_brand","embeddable":true,"href":"https:\/\/www.fenxifiber.com\/es\/wp-json\/wp\/v2\/product_brand?post=355"},{"taxonomy":"product_cat","embeddable":true,"href":"https:\/\/www.fenxifiber.com\/es\/wp-json\/wp\/v2\/product_cat?post=355"},{"taxonomy":"product_tag","embeddable":true,"href":"https:\/\/www.fenxifiber.com\/es\/wp-json\/wp\/v2\/product_tag?post=355"}],"curies":[{"name":"wp","href":"https:\/\/api.w.org\/{rel}","templated":true}]}}