{"id":357,"date":"2026-01-26T05:54:01","date_gmt":"2026-01-26T05:54:01","guid":{"rendered":"https:\/\/www.fenxifiber.com\/?post_type=product&#038;p=357"},"modified":"2026-01-26T05:54:01","modified_gmt":"2026-01-26T05:54:01","slug":"caja-de-terminacion-de-fibra-sc-2u-48-nucleos-mayorista","status":"publish","type":"product","link":"https:\/\/www.fenxifiber.com\/es\/product\/fiber-termination-box-sc-2u-48core-wholesaler\/","title":{"rendered":"Caja de Terminaci\u00f3n de Fibra SC-2U-48core Mayorista"},"content":{"rendered":"<p><strong>Gesti\u00f3n optimizada del espacio y los cables<\/strong><\/p>\n<p>A diferencia de los paneles 1U de alta densidad, el\u00a0<strong>Dise\u00f1o de altura 2U<\/strong>\u00a0ofrece una accesibilidad y un espacio superiores para los ingenieros. Este espacio adicional es crucial para gestionar los radios de curvatura de la fibra y reducir la congesti\u00f3n f\u00edsica cuando se utilizan adaptadores SC. La caja cuenta con un robusto mecanismo de caj\u00f3n deslizante o una cubierta frontal extra\u00edble, lo que permite a los t\u00e9cnicos acceder f\u00e1cilmente a las bandejas de empalme internas para su mantenimiento y ampliaci\u00f3n. La disposici\u00f3n interna est\u00e1 meticulosamente organizada para garantizar que los cables de conexi\u00f3n y los pigtails se enrutan de forma segura, evitando la p\u00e9rdida de se\u00f1al causada por microcurvas.<\/p>\n<p><strong>Especificaciones t\u00e9cnicas<\/strong><\/p>\n<p>Para los integradores de sistemas y operadores de red que planifican su espacio en rack, es esencial disponer de dimensiones precisas y m\u00e9tricas de rendimiento. A continuaci\u00f3n se indican los datos t\u00e9cnicos clave de nuestra unidad de terminaci\u00f3n 2U de 48 n\u00facleos:<\/p>\n<table>\n<thead>\n<tr>\n<th>Par\u00e1metro<\/th>\n<th>Detalles de las especificaciones<\/th>\n<\/tr>\n<\/thead>\n<tbody>\n<tr>\n<td><strong>Modelo del producto<\/strong><\/td>\n<td>Caja de terminaci\u00f3n de fibra SC-2U-48 n\u00facleos<\/td>\n<\/tr>\n<tr>\n<td><strong>Altura del bastidor<\/strong><\/td>\n<td>2U (est\u00e1ndar 88,9 mm)<\/td>\n<\/tr>\n<tr>\n<td><strong>Est\u00e1ndar de montaje<\/strong><\/td>\n<td>Montaje en bastidor de 19 pulgadas (EIA-310)<\/td>\n<\/tr>\n<tr>\n<td><strong>Capacidad<\/strong><\/td>\n<td>48 n\u00facleos<\/td>\n<\/tr>\n<tr>\n<td><strong>Interfaz del adaptador<\/strong><\/td>\n<td>48 x SC simplex (o 24 x SC d\u00faplex)<\/td>\n<\/tr>\n<tr>\n<td><strong>Material<\/strong><\/td>\n<td>Acero laminado en fr\u00edo (SPCC) con recubrimiento en polvo<\/td>\n<\/tr>\n<tr>\n<td><strong>Espesor de la l\u00e1mina<\/strong><\/td>\n<td>1,2 mm \/ 1,5 mm (construcci\u00f3n robusta)<\/td>\n<\/tr>\n<tr>\n<td><strong>P\u00e9rdida de inserci\u00f3n<\/strong><\/td>\n<td>\u2264 0,3 dB<\/td>\n<\/tr>\n<tr>\n<td><strong>Temperatura de funcionamiento<\/strong><\/td>\n<td>De -25 \u00b0C a +55 \u00b0C<\/td>\n<\/tr>\n<\/tbody>\n<\/table>\n<p><strong>Suministro confiable para proyectos a gran escala<\/strong><\/p>\n<p>Fenxi Optoelectronics Technology comprende la naturaleza cr\u00edtica de la infraestructura de red central. Nuestras l\u00edneas de producci\u00f3n est\u00e1n equipadas para manejar pedidos de gran volumen con una calidad constante. Cada caja de terminaci\u00f3n de fibra SC-2U-48core se somete a estrictas inspecciones mec\u00e1nicas y pruebas \u00f3pticas antes de salir de nuestra f\u00e1brica. Ya sea para la agregaci\u00f3n OLT de fibra hasta el hogar (FTTH) o la integraci\u00f3n de sistemas empresariales, Fenxi act\u00faa como su mayorista de confianza, ofreciendo precios competitivos y asistencia t\u00e9cnica profesional.<\/p>","protected":false},"excerpt":{"rendered":"<p><strong>Soluci\u00f3n de distribuci\u00f3n \u00f3ptica para montaje en bastidor<\/strong><\/p>\n<p>En\u00a0<strong>Caja de terminaci\u00f3n de fibra SC-2U-48 n\u00facleos<\/strong>\u00a0es una unidad de distribuci\u00f3n \u00f3ptica estandarizada dise\u00f1ada para redes de telecomunicaciones y centros de datos de alto rendimiento. Fabricada por Fenxi Optoelectronics Technology, esta unidad cumple con el est\u00e1ndar de montaje en bastidor de 19 pulgadas y ocupa 2U de espacio vertical en el bastidor. Sirve como punto centralizado cr\u00edtico para el empalme, la terminaci\u00f3n y la gesti\u00f3n de cables de fibra, y admite hasta 48 fibras \u00f3pticas configuradas espec\u00edficamente para conectores SC.<\/p>","protected":false},"featured_media":358,"comment_status":"open","ping_status":"closed","template":"","meta":[],"product_brand":[],"product_cat":[23],"product_tag":[],"class_list":{"0":"post-357","1":"product","2":"type-product","3":"status-publish","4":"has-post-thumbnail","6":"product_cat-fiber-termination-box","8":"first","9":"instock","10":"shipping-taxable","11":"product-type-simple"},"_links":{"self":[{"href":"https:\/\/www.fenxifiber.com\/es\/wp-json\/wp\/v2\/product\/357","targetHints":{"allow":["GET"]}}],"collection":[{"href":"https:\/\/www.fenxifiber.com\/es\/wp-json\/wp\/v2\/product"}],"about":[{"href":"https:\/\/www.fenxifiber.com\/es\/wp-json\/wp\/v2\/types\/product"}],"replies":[{"embeddable":true,"href":"https:\/\/www.fenxifiber.com\/es\/wp-json\/wp\/v2\/comments?post=357"}],"wp:featuredmedia":[{"embeddable":true,"href":"https:\/\/www.fenxifiber.com\/es\/wp-json\/wp\/v2\/media\/358"}],"wp:attachment":[{"href":"https:\/\/www.fenxifiber.com\/es\/wp-json\/wp\/v2\/media?parent=357"}],"wp:term":[{"taxonomy":"product_brand","embeddable":true,"href":"https:\/\/www.fenxifiber.com\/es\/wp-json\/wp\/v2\/product_brand?post=357"},{"taxonomy":"product_cat","embeddable":true,"href":"https:\/\/www.fenxifiber.com\/es\/wp-json\/wp\/v2\/product_cat?post=357"},{"taxonomy":"product_tag","embeddable":true,"href":"https:\/\/www.fenxifiber.com\/es\/wp-json\/wp\/v2\/product_tag?post=357"}],"curies":[{"name":"wp","href":"https:\/\/api.w.org\/{rel}","templated":true}]}}