{"id":372,"date":"2026-01-26T06:47:00","date_gmt":"2026-01-26T06:47:00","guid":{"rendered":"https:\/\/www.fenxifiber.com\/?post_type=product&#038;p=372"},"modified":"2026-01-26T06:47:00","modified_gmt":"2026-01-26T06:47:00","slug":"caja-de-terminacion-de-fibra-sc-de-4-nucleos-mini-toma-de-pared-ftth","status":"publish","type":"product","link":"https:\/\/www.fenxifiber.com\/es\/product\/fiber-termination-box-sc-4core-ftth-mini-wall-outlet\/","title":{"rendered":"Caja de Terminaci\u00f3n de Fibra SC-4core FTTH Mini Toma de Pared"},"content":{"rendered":"<p><strong>Dise\u00f1o compacto y funcionalidad<\/strong><\/p>\n<p>La caja de terminaci\u00f3n SC-4core est\u00e1 dise\u00f1ada para ser discreta pero altamente funcional. Proporciona un recinto seguro para el empalme por fusi\u00f3n del cable de bajada y el pigtail, o para alojar empalmadoras mec\u00e1nicas.<\/p>\n<ul>\n<li><strong>Dimensiones compactas:<\/strong>\u00a0Su peque\u00f1o tama\u00f1o permite un f\u00e1cil montaje en la pared en espacios reducidos, pasillos o directamente dentro de una caja multimedia de apartamento.<\/li>\n<li><strong>Interfaz SC:<\/strong>\u00a0El panel frontal tiene capacidad para hasta 4 adaptadores SC simplex. El conector SC es el est\u00e1ndar del sector para FTTH debido a su mecanismo push-pull fiable y su bajo costo.<\/li>\n<li><strong>Gesti\u00f3n interna:<\/strong>\u00a0A pesar de su tama\u00f1o compacto, el interior cuenta con una estructura de enrutamiento de fibra dedicada que garantiza que se mantenga el radio de curvatura m\u00ednimo (&gt;30 mm), protegiendo la fibra de la p\u00e9rdida de se\u00f1al causada por el estr\u00e9s f\u00edsico.<\/li>\n<li><strong>Material duradero:<\/strong>\u00a0Fabricada con material ABS o ABS+PC de alta calidad, la caja es resistente a los golpes, ign\u00edfuga y antienvejecimiento, lo que garantiza una larga vida \u00fatil.<\/li>\n<\/ul>\n<p><strong>Especificaciones t\u00e9cnicas<\/strong><\/p>\n<p>Para garantizar la compatibilidad con los est\u00e1ndares globales de los proveedores de servicios de Internet, proporcionamos los siguientes par\u00e1metros t\u00e9cnicos para la caja de terminales SC-4core de Fenxi Optoelectronics.<\/p>\n<table>\n<thead>\n<tr>\n<th>Par\u00e1metro<\/th>\n<th>Especificaci\u00f3n<\/th>\n<\/tr>\n<\/thead>\n<tbody>\n<tr>\n<td><strong>Modelo del producto<\/strong><\/td>\n<td>Caja de terminaci\u00f3n de fibra SC-4core<\/td>\n<\/tr>\n<tr>\n<td><strong>Capacidad m\u00e1xima<\/strong><\/td>\n<td>4 Fibras<\/td>\n<\/tr>\n<tr>\n<td><strong>Tipo de adaptador<\/strong><\/td>\n<td>SC Simplex (o LC Duplex)<\/td>\n<\/tr>\n<tr>\n<td><strong>Material<\/strong><\/td>\n<td>Pl\u00e1stico ABS de alta calidad<\/td>\n<\/tr>\n<tr>\n<td><strong>Color<\/strong><\/td>\n<td>Blanco (est\u00e1ndar)<\/td>\n<\/tr>\n<tr>\n<td><strong>Dimensiones<\/strong><\/td>\n<td>Aproximadamente 150 mm x 110 mm x 30 mm<\/td>\n<\/tr>\n<tr>\n<td><strong>P\u00e9rdida de inserci\u00f3n<\/strong><\/td>\n<td>\u2264 0,2 dB<\/td>\n<\/tr>\n<tr>\n<td><strong>P\u00e9rdida de retorno<\/strong><\/td>\n<td>UPC \u2265 50 dB, APC \u2265 60 dB<\/td>\n<\/tr>\n<tr>\n<td><strong>Instalaci\u00f3n<\/strong><\/td>\n<td>Para interiores, montaje en pared<\/td>\n<\/tr>\n<tr>\n<td><strong>Clasificaci\u00f3n de inflamabilidad<\/strong><\/td>\n<td>UL94-V0<\/td>\n<\/tr>\n<tr>\n<td><strong>Temperatura de funcionamiento<\/strong><\/td>\n<td>-40 \u00b0C ~ +75 \u00b0C<\/td>\n<\/tr>\n<\/tbody>\n<\/table>\n<p><strong>Aplicaciones ideales<\/strong><\/p>\n<p>La caja de terminaci\u00f3n de fibra SC-4core es la opci\u00f3n preferida para la conectividad de \u201c\u00faltima milla\u201d:<\/p>\n<ol>\n<li><strong>FTTH residencial:<\/strong>\u00a0Se utiliza como toma \u00f3ptica en salas de estar o armarios de servicio para conectar la puerta de enlace dom\u00e9stica.<\/li>\n<li><strong>Redes de oficina (FTTO):<\/strong>\u00a0Proporcionar puntos de acceso de fibra \u00f3ptica en los escritorios o estaciones de trabajo para disfrutar de Internet de alta velocidad.<\/li>\n<li><strong>Videovigilancia:<\/strong>\u00a0Conexi\u00f3n de c\u00e1maras IP que requieren backhaul de fibra \u00f3ptica en sistemas de seguridad para edificios.<\/li>\n<\/ol>\n<p><strong>Calidad en la que puede confiar<\/strong><\/p>\n<p>En\u00a0<strong>Tecnolog\u00eda optoelectr\u00f3nica Fenxi<\/strong>, entendemos que incluso el componente m\u00e1s peque\u00f1o afecta al rendimiento de toda la red. Nuestro experimentado personal de gesti\u00f3n de calidad supervisa estrictamente la producci\u00f3n de cada caja de terminaci\u00f3n. Desde el acabado liso de la carcasa de pl\u00e1stico hasta la precisi\u00f3n de las ranuras del adaptador, nos aseguramos de que nuestra caja SC-4core facilite una experiencia de instalaci\u00f3n perfecta y profesional para los operadores y los integradores de sistemas.<\/p>","protected":false},"excerpt":{"rendered":"<p><strong>Productos<\/strong><\/p>\n<p>En\u00a0<strong>Caja de terminaci\u00f3n de fibra SC-4core<\/strong>\u00a0es una soluci\u00f3n de distribuci\u00f3n \u00f3ptica compacta y con un dise\u00f1o est\u00e9tico que le ofrece\u00a0<strong>Tecnolog\u00eda optoelectr\u00f3nica Fenxi<\/strong>. Dise\u00f1ada espec\u00edficamente para aplicaciones de fibra hasta el hogar (FTTH) y fibra hasta la oficina (FTTO), esta unidad sirve como punto de terminaci\u00f3n final donde el cable \u00f3ptico se conecta al equipo terminal de red (ONU\/ONT).<\/p>\n<p>Aprovechando la experiencia de nuestros profesionales s\u00e9nior en investigaci\u00f3n y desarrollo de productos, Fenxi Optoelectronics ha creado una caja f\u00e1cil de usar que combina una protecci\u00f3n de fibra de calidad profesional con un dise\u00f1o elegante adecuado para su instalaci\u00f3n en interiores, tanto en entornos residenciales como comerciales.<\/p>","protected":false},"featured_media":373,"comment_status":"open","ping_status":"closed","template":"","meta":[],"product_brand":[],"product_cat":[23],"product_tag":[],"class_list":{"0":"post-372","1":"product","2":"type-product","3":"status-publish","4":"has-post-thumbnail","6":"product_cat-fiber-termination-box","8":"first","9":"instock","10":"shipping-taxable","11":"product-type-simple"},"_links":{"self":[{"href":"https:\/\/www.fenxifiber.com\/es\/wp-json\/wp\/v2\/product\/372","targetHints":{"allow":["GET"]}}],"collection":[{"href":"https:\/\/www.fenxifiber.com\/es\/wp-json\/wp\/v2\/product"}],"about":[{"href":"https:\/\/www.fenxifiber.com\/es\/wp-json\/wp\/v2\/types\/product"}],"replies":[{"embeddable":true,"href":"https:\/\/www.fenxifiber.com\/es\/wp-json\/wp\/v2\/comments?post=372"}],"wp:featuredmedia":[{"embeddable":true,"href":"https:\/\/www.fenxifiber.com\/es\/wp-json\/wp\/v2\/media\/373"}],"wp:attachment":[{"href":"https:\/\/www.fenxifiber.com\/es\/wp-json\/wp\/v2\/media?parent=372"}],"wp:term":[{"taxonomy":"product_brand","embeddable":true,"href":"https:\/\/www.fenxifiber.com\/es\/wp-json\/wp\/v2\/product_brand?post=372"},{"taxonomy":"product_cat","embeddable":true,"href":"https:\/\/www.fenxifiber.com\/es\/wp-json\/wp\/v2\/product_cat?post=372"},{"taxonomy":"product_tag","embeddable":true,"href":"https:\/\/www.fenxifiber.com\/es\/wp-json\/wp\/v2\/product_tag?post=372"}],"curies":[{"name":"wp","href":"https:\/\/api.w.org\/{rel}","templated":true}]}}