{"id":376,"date":"2026-01-27T02:44:31","date_gmt":"2026-01-27T02:44:31","guid":{"rendered":"https:\/\/www.fenxifiber.com\/?post_type=product&#038;p=376"},"modified":"2026-01-27T02:44:31","modified_gmt":"2026-01-27T02:44:31","slug":"marco-de-distribucion-de-fibra-optica-odf-lc-upc-de-96-nucleos-para-una-gestion-fiable-de-la-fibra","status":"publish","type":"product","link":"https:\/\/www.fenxifiber.com\/es\/product\/odf-fiber-optic-distribution-frame-lc-upc-96core-for-reliable-fiber-management\/","title":{"rendered":"Marco de distribuci\u00f3n de fibra \u00f3ptica ODF LC\/UPC-96 n\u00facleos para una gesti\u00f3n fiable de la fibra"},"content":{"rendered":"<h2>Caracter\u00edsticas y ventajas principales<\/h2>\n<ul>\n<li><strong>Configuraci\u00f3n de alta densidad de 96 n\u00facleos<\/strong><br \/>\nAdmite un gran n\u00famero de fibras en un espacio compacto de rack de 19 pulgadas, lo que mejora la escalabilidad de la red.<\/li>\n<li><strong>Interfaz adaptadora LC\/UPC<\/strong><br \/>\nProporciona una alineaci\u00f3n \u00f3ptica estable con baja p\u00e9rdida de inserci\u00f3n, adecuada para la mayor\u00eda de aplicaciones de telecomunicaciones y centros de datos.<\/li>\n<li><strong>Dise\u00f1o modular de casete<\/strong><br \/>\nCompatible con casetes de fibra \u00f3ptica de 12 n\u00facleos, lo que permite una implementaci\u00f3n flexible y una expansi\u00f3n futura simplificada.<\/li>\n<li><strong>Gesti\u00f3n organizada de cables<\/strong><br \/>\nEl enrutamiento claro de la fibra y la protecci\u00f3n del radio de curvatura reducen la atenuaci\u00f3n de la se\u00f1al y la complejidad del mantenimiento.<\/li>\n<li><strong>Estructura duradera y segura<\/strong><br \/>\nFabricado con materiales met\u00e1licos de alta calidad con tratamiento superficial para garantizar la resistencia a la corrosi\u00f3n y una larga vida \u00fatil.<\/li>\n<\/ul>\n<h2>Especificaciones t\u00e9cnicas<\/h2>\n<table>\n<thead>\n<tr>\n<th>Par\u00e1metro<\/th>\n<th>Especificaci\u00f3n<\/th>\n<\/tr>\n<\/thead>\n<tbody>\n<tr>\n<td>Nombre del producto<\/td>\n<td>Marco de distribuci\u00f3n de fibra \u00f3ptica ODF LC\/UPC-96 n\u00facleos<\/td>\n<\/tr>\n<tr>\n<td>Capacidad de fibra<\/td>\n<td>96 n\u00facleos<\/td>\n<\/tr>\n<tr>\n<td>Tipo de adaptador<\/td>\n<td>LC\/UPC<\/td>\n<\/tr>\n<tr>\n<td>Tipo de fibra<\/td>\n<td>OS2 monomodo (9\/125 \u03bcm)<\/td>\n<\/tr>\n<tr>\n<td>Est\u00e1ndar de montaje<\/td>\n<td>Montaje en bastidor de 19 pulgadas<\/td>\n<\/tr>\n<tr>\n<td>P\u00e9rdida de inserci\u00f3n t\u00edpica<\/td>\n<td>\u2264 0,3 dB<\/td>\n<\/tr>\n<tr>\n<td>P\u00e9rdida de retorno<\/td>\n<td>\u2265 50 dB<\/td>\n<\/tr>\n<tr>\n<td>Temperatura de funcionamiento<\/td>\n<td>De -20 \u00b0C a +60 \u00b0C<\/td>\n<\/tr>\n<tr>\n<td>Cumplimiento normativo del sector<\/td>\n<td>IEC, Telcordia GR-326 (normas com\u00fanmente adoptadas)<\/td>\n<\/tr>\n<\/tbody>\n<\/table>\n<h2>Aplicaciones t\u00edpicas<\/h2>\n<p>En\u00a0<strong>Marco de distribuci\u00f3n de fibra \u00f3ptica ODF LC\/UPC-96 n\u00facleos<\/strong>\u00a0Es adecuado para:<\/p>\n<ul>\n<li>Oficinas centrales de telecomunicaciones<\/li>\n<li>Redes de acceso FTTH y FTTx<\/li>\n<li>Sistemas de transmisi\u00f3n \u00f3ptica<\/li>\n<li>Centros de datos y redes empresariales<\/li>\n<li>Proyectos de integraci\u00f3n de sistemas y distribuci\u00f3n de fibra \u00f3ptica.<\/li>\n<\/ul>\n<h2>Fortalezas tecnol\u00f3gicas de Fenxi Optoelectronics<\/h2>\n<p>Fenxi Optoelectronics Technology combina equipos de I+D con amplia experiencia con estrictos sistemas de gesti\u00f3n de la producci\u00f3n y la calidad. Sus productos ODF est\u00e1n dise\u00f1ados para satisfacer las necesidades pr\u00e1cticas de las redes de comunicaci\u00f3n \u00f3ptica globales, ofreciendo un rendimiento confiable, una estructura estandarizada y una gran compatibilidad con los componentes de fibra \u00f3ptica m\u00e1s habituales.<\/p>\n<h2>Conclusi\u00f3n<\/h2>\n<p>En\u00a0<strong>Marco de distribuci\u00f3n de fibra \u00f3ptica ODF LC\/UPC-96 n\u00facleos<\/strong>\u00a0es una soluci\u00f3n confiable y escalable para la distribuci\u00f3n y gesti\u00f3n de fibra de alta densidad. Permite un despliegue eficiente de la red, al tiempo que mantiene un rendimiento \u00f3ptico estable y una fiabilidad operativa a largo plazo.<\/p>","protected":false},"excerpt":{"rendered":"<h2>Productos<\/h2>\n<p>En\u00a0<strong>Marco de distribuci\u00f3n de fibra \u00f3ptica ODF LC\/UPC-96 n\u00facleos<\/strong>\u00a0es una soluci\u00f3n de gesti\u00f3n de fibra \u00f3ptica de alta densidad desarrollada para operadores de telecomunicaciones, integradores de sistemas y proyectos de redes FTTH. Dise\u00f1ado por Fenxi Optoelectronics Technology, este marco de distribuci\u00f3n integra la terminaci\u00f3n, el empalme, el almacenamiento y la distribuci\u00f3n de fibra en una \u00fanica plataforma estandarizada, lo que ayuda a garantizar una transmisi\u00f3n de se\u00f1al estable y un funcionamiento eficiente de la red.<\/p>\n<p>Equipado con\u00a0<strong>Adaptadores LC\/UPC<\/strong>, el ODF admite hasta\u00a0<strong>96 n\u00facleos de fibra<\/strong>, lo que proporciona una baja p\u00e9rdida de inserci\u00f3n y un rendimiento constante para enlaces \u00f3pticos de corta y media distancia que se utilizan habitualmente en redes de acceso y transmisi\u00f3n.<\/p>","protected":false},"featured_media":377,"comment_status":"open","ping_status":"closed","template":"","meta":[],"product_brand":[],"product_cat":[31],"product_tag":[],"class_list":{"0":"post-376","1":"product","2":"type-product","3":"status-publish","4":"has-post-thumbnail","6":"product_cat-odf-fiber-optic-distribution-frame","8":"first","9":"instock","10":"shipping-taxable","11":"product-type-simple"},"_links":{"self":[{"href":"https:\/\/www.fenxifiber.com\/es\/wp-json\/wp\/v2\/product\/376","targetHints":{"allow":["GET"]}}],"collection":[{"href":"https:\/\/www.fenxifiber.com\/es\/wp-json\/wp\/v2\/product"}],"about":[{"href":"https:\/\/www.fenxifiber.com\/es\/wp-json\/wp\/v2\/types\/product"}],"replies":[{"embeddable":true,"href":"https:\/\/www.fenxifiber.com\/es\/wp-json\/wp\/v2\/comments?post=376"}],"wp:featuredmedia":[{"embeddable":true,"href":"https:\/\/www.fenxifiber.com\/es\/wp-json\/wp\/v2\/media\/377"}],"wp:attachment":[{"href":"https:\/\/www.fenxifiber.com\/es\/wp-json\/wp\/v2\/media?parent=376"}],"wp:term":[{"taxonomy":"product_brand","embeddable":true,"href":"https:\/\/www.fenxifiber.com\/es\/wp-json\/wp\/v2\/product_brand?post=376"},{"taxonomy":"product_cat","embeddable":true,"href":"https:\/\/www.fenxifiber.com\/es\/wp-json\/wp\/v2\/product_cat?post=376"},{"taxonomy":"product_tag","embeddable":true,"href":"https:\/\/www.fenxifiber.com\/es\/wp-json\/wp\/v2\/product_tag?post=376"}],"curies":[{"name":"wp","href":"https:\/\/api.w.org\/{rel}","templated":true}]}}