{"id":378,"date":"2026-01-27T02:50:03","date_gmt":"2026-01-27T02:50:03","guid":{"rendered":"https:\/\/www.fenxifiber.com\/?post_type=product&#038;p=378"},"modified":"2026-01-27T02:50:03","modified_gmt":"2026-01-27T02:50:03","slug":"marco-de-distribucion-de-fibra-optica-odf-sc-apc-solucion-de-48-nucleos","status":"publish","type":"product","link":"https:\/\/www.fenxifiber.com\/es\/product\/odf-fiber-optic-distribution-frame-sc-apc-48-core-solution\/","title":{"rendered":"Marco de distribuci\u00f3n de fibra \u00f3ptica ODF SC\/APC-48 Core Solution"},"content":{"rendered":"<h2>Caracter\u00edsticas y ventajas principales<\/h2>\n<ul>\n<li><strong>Capacidad de 48 n\u00facleos<\/strong><br \/>\nOptimizado para la distribuci\u00f3n de fibra de densidad media, ideal para redes de acceso y capas de distribuci\u00f3n.<\/li>\n<li><strong>Interfaz adaptadora SC\/APC<\/strong><br \/>\nProporciona un alto rendimiento de p\u00e9rdida de retorno, lo que mejora la estabilidad de la se\u00f1al y la calidad de la transmisi\u00f3n.<\/li>\n<li><strong>Montaje est\u00e1ndar en bastidor de 19 pulgadas<\/strong><br \/>\nCompatible con bastidores y gabinetes de telecomunicaciones para una f\u00e1cil integraci\u00f3n.<\/li>\n<li><strong>Dise\u00f1o interno modular<\/strong><br \/>\nAdmite casetes de fibra \u00f3ptica de 12 n\u00facleos, lo que permite una configuraci\u00f3n flexible y un mantenimiento simplificado.<\/li>\n<li><strong>Gesti\u00f3n profesional de cables<\/strong><br \/>\nLas rutas de enrutamiento claras y la protecci\u00f3n del radio de curvatura ayudan a reducir la tensi\u00f3n de la fibra y la p\u00e9rdida de se\u00f1al.<\/li>\n<li><strong>Carcasa met\u00e1lica resistente<\/strong><br \/>\nEl tratamiento anticorrosivo de la superficie garantiza una fiabilidad duradera en entornos de red interiores.<\/li>\n<\/ul>\n<h2>Especificaciones t\u00e9cnicas<\/h2>\n<table>\n<thead>\n<tr>\n<th>Art\u00edculo<\/th>\n<th>Especificaci\u00f3n<\/th>\n<\/tr>\n<\/thead>\n<tbody>\n<tr>\n<td>Nombre del producto<\/td>\n<td>Marco de distribuci\u00f3n de fibra \u00f3ptica ODF SC\/APC-48 n\u00facleos<\/td>\n<\/tr>\n<tr>\n<td>Capacidad de fibra<\/td>\n<td>48 n\u00facleos<\/td>\n<\/tr>\n<tr>\n<td>Tipo de adaptador<\/td>\n<td>SC\/APC<\/td>\n<\/tr>\n<tr>\n<td>Tipo de fibra<\/td>\n<td>OS2 monomodo (9\/125 \u03bcm)<\/td>\n<\/tr>\n<tr>\n<td>Tipo de montaje<\/td>\n<td>Montaje en bastidor de 19 pulgadas<\/td>\n<\/tr>\n<tr>\n<td>P\u00e9rdida de inserci\u00f3n t\u00edpica<\/td>\n<td>\u2264 0,3 dB<\/td>\n<\/tr>\n<tr>\n<td>P\u00e9rdida de retorno<\/td>\n<td>\u2265 60 dB<\/td>\n<\/tr>\n<tr>\n<td>Temperatura de funcionamiento<\/td>\n<td>De -20 \u00b0C a +60 \u00b0C<\/td>\n<\/tr>\n<tr>\n<td>Normas de referencia<\/td>\n<td>IEC, Telcordia GR-326 (normas industriales de uso com\u00fan)<\/td>\n<\/tr>\n<\/tbody>\n<\/table>\n<h2>Escenarios de aplicaci\u00f3n<\/h2>\n<p>En\u00a0<strong>Marco de distribuci\u00f3n de fibra \u00f3ptica ODF SC\/APC-48 n\u00facleos<\/strong>\u00a0Se utiliza ampliamente en:<\/p>\n<ul>\n<li>Oficinas centrales de telecomunicaciones<\/li>\n<li>Redes de acceso FTTH y FTTx<\/li>\n<li>Sistemas \u00f3pticos de transmisi\u00f3n y distribuci\u00f3n.<\/li>\n<li>Centros de datos y redes empresariales<\/li>\n<li>Proyectos de integraci\u00f3n de sistemas<\/li>\n<\/ul>","protected":false},"excerpt":{"rendered":"<h2>Productos<\/h2>\n<p>En\u00a0<strong>Marco de distribuci\u00f3n de fibra \u00f3ptica ODF SC\/APC-48 n\u00facleos<\/strong>\u00a0es una soluci\u00f3n de gesti\u00f3n de fibra compacta y confiable dise\u00f1ada para operadores de telecomunicaciones, integradores de sistemas e implementaciones de redes FTTH. Desarrollado por Fenxi Optoelectronics Technology, este ODF integra la terminaci\u00f3n, el empalme, el almacenamiento y la distribuci\u00f3n de fibra en una estructura estandarizada, lo que garantiza un rendimiento \u00f3ptico estable y una gesti\u00f3n eficiente de la red.<\/p>\n<p>Con\u00a0<strong>Adaptadores SC\/APC<\/strong>, El dise\u00f1o de contacto f\u00edsico en \u00e1ngulo reduce significativamente la reflexi\u00f3n trasera, lo que hace que el producto sea adecuado para la transmisi\u00f3n de se\u00f1ales de alta calidad en redes de acceso y agregaci\u00f3n.<\/p>","protected":false},"featured_media":379,"comment_status":"open","ping_status":"closed","template":"","meta":[],"product_brand":[],"product_cat":[31],"product_tag":[],"class_list":{"0":"post-378","1":"product","2":"type-product","3":"status-publish","4":"has-post-thumbnail","6":"product_cat-odf-fiber-optic-distribution-frame","8":"first","9":"instock","10":"shipping-taxable","11":"product-type-simple"},"_links":{"self":[{"href":"https:\/\/www.fenxifiber.com\/es\/wp-json\/wp\/v2\/product\/378","targetHints":{"allow":["GET"]}}],"collection":[{"href":"https:\/\/www.fenxifiber.com\/es\/wp-json\/wp\/v2\/product"}],"about":[{"href":"https:\/\/www.fenxifiber.com\/es\/wp-json\/wp\/v2\/types\/product"}],"replies":[{"embeddable":true,"href":"https:\/\/www.fenxifiber.com\/es\/wp-json\/wp\/v2\/comments?post=378"}],"wp:featuredmedia":[{"embeddable":true,"href":"https:\/\/www.fenxifiber.com\/es\/wp-json\/wp\/v2\/media\/379"}],"wp:attachment":[{"href":"https:\/\/www.fenxifiber.com\/es\/wp-json\/wp\/v2\/media?parent=378"}],"wp:term":[{"taxonomy":"product_brand","embeddable":true,"href":"https:\/\/www.fenxifiber.com\/es\/wp-json\/wp\/v2\/product_brand?post=378"},{"taxonomy":"product_cat","embeddable":true,"href":"https:\/\/www.fenxifiber.com\/es\/wp-json\/wp\/v2\/product_cat?post=378"},{"taxonomy":"product_tag","embeddable":true,"href":"https:\/\/www.fenxifiber.com\/es\/wp-json\/wp\/v2\/product_tag?post=378"}],"curies":[{"name":"wp","href":"https:\/\/api.w.org\/{rel}","templated":true}]}}