{"id":398,"date":"2026-01-28T01:03:32","date_gmt":"2026-01-28T01:03:32","guid":{"rendered":"https:\/\/www.fenxifiber.com\/?post_type=product&#038;p=398"},"modified":"2026-01-28T01:13:07","modified_gmt":"2026-01-28T01:13:07","slug":"bandeja-de-empalme-de-fibra-optica-fc-apc-de-12-nucleos-fabricante","status":"publish","type":"product","link":"https:\/\/www.fenxifiber.com\/es\/product\/fiber-optic-splice-tray-fc-apc-12core-manufacturer\/","title":{"rendered":"Bandeja de empalme de fibra \u00f3ptica FC\/APC-12core Fabricante"},"content":{"rendered":"<p><strong>Gesti\u00f3n y protecci\u00f3n optimizadas de la fibra<\/strong><\/p>\n<p>La bandeja de empalmes de 12 n\u00facleos est\u00e1 dise\u00f1ada para ampliar las capacidades de empalme de fibra dentro de los bastidores de distribuci\u00f3n \u00f3ptica (ODF), las cajas de terminaci\u00f3n de fibra y los cierres de empalme. Admite espec\u00edficamente adaptadores FC\/APC, lo que garantiza una baja p\u00e9rdida de inserci\u00f3n y una alta p\u00e9rdida de retorno para la transmisi\u00f3n de se\u00f1ales cr\u00edticas. La bandeja presenta una disposici\u00f3n precisa que mantiene el radio de curvatura m\u00ednimo de la fibra, lo que evita la atenuaci\u00f3n de la se\u00f1al y los da\u00f1os f\u00edsicos. Su dise\u00f1o apilable permite una expansi\u00f3n escalable de la red, lo que la hace ideal para las infraestructuras de fibra hasta el hogar (FTTH) en crecimiento.<\/p>\n<p><strong>Especificaciones t\u00e9cnicas<\/strong><\/p>\n<p>Nuestras bandejas de empalme se fabrican con materiales ign\u00edfugos de alta calidad, lo que garantiza su fiabilidad en entornos dif\u00edciles. A continuaci\u00f3n se indican los par\u00e1metros t\u00e9cnicos est\u00e1ndar de este producto:<\/p>\n<table>\n<thead>\n<tr>\n<th>Par\u00e1metro<\/th>\n<th>Especificaci\u00f3n<\/th>\n<\/tr>\n<\/thead>\n<tbody>\n<tr>\n<td><strong>Nombre del producto<\/strong><\/td>\n<td>Bandeja de empalme de fibra \u00f3ptica FC\/APC-12 n\u00facleos<\/td>\n<\/tr>\n<tr>\n<td><strong>Material<\/strong><\/td>\n<td>ABS\/PC de alta resistencia (ign\u00edfugo)<\/td>\n<\/tr>\n<tr>\n<td><strong>Capacidad<\/strong><\/td>\n<td>12 n\u00facleos (m\u00e1ximo)<\/td>\n<\/tr>\n<tr>\n<td><strong>Interfaz del adaptador<\/strong><\/td>\n<td>FC\/APC (preinstalado o cargado)<\/td>\n<\/tr>\n<tr>\n<td><strong>Color<\/strong><\/td>\n<td>Blanco \/ Gris \/ Negro<\/td>\n<\/tr>\n<tr>\n<td><strong>Temperatura de funcionamiento<\/strong><\/td>\n<td>De -40 \u00b0C a +85 \u00b0C<\/td>\n<\/tr>\n<tr>\n<td><strong>Temperatura de almacenamiento<\/strong><\/td>\n<td>De -40 \u00b0C a +85 \u00b0C<\/td>\n<\/tr>\n<tr>\n<td><strong>Presi\u00f3n atmosf\u00e9rica<\/strong><\/td>\n<td>70 kPa a 106 kPa<\/td>\n<\/tr>\n<tr>\n<td><strong>Humedad relativa<\/strong><\/td>\n<td>\u226485% (+30 \u00b0C)<\/td>\n<\/tr>\n<tr>\n<td><strong>Dimensiones (L<em>W<\/em>H)<\/strong><\/td>\n<td>Tama\u00f1o est\u00e1ndar de bandeja de 12 n\u00facleos (personalizable)<\/td>\n<\/tr>\n<\/tbody>\n<\/table>\n<p><strong>Escenarios de aplicaci\u00f3n vers\u00e1tiles<\/strong><\/p>\n<p>Este producto se utiliza ampliamente en la industria de las comunicaciones \u00f3pticas. Es un componente fundamental en:<\/p>\n<ul>\n<li><strong>Cuadros de distribuci\u00f3n de fibra \u00f3ptica (ODF):<\/strong>\u00a0Facilitar el empalme y el parcheo organizados.<\/li>\n<li><strong>Paneles de conexi\u00f3n de fibra \u00f3ptica:<\/strong>\u00a0Gesti\u00f3n de cables entrantes y salientes.<\/li>\n<li><strong>Cajas de terminaci\u00f3n de fibra:<\/strong>\u00a0Garantizar una terminaci\u00f3n segura de la fibra en proyectos FTTx.<\/li>\n<li><strong>Centros de datos y salas de servidores:<\/strong>\u00a0Compatible con sistemas de cableado de alta densidad.<\/li>\n<\/ul>\n<p><strong>\u00bfPor qu\u00e9 elegir Fenxi Optoelectronics?<\/strong><\/p>\n<p>Fenxi Optoelectronics Technology es m\u00e1s que un simple proveedor: somos su socio estrat\u00e9gico en comunicaciones \u00f3pticas.<\/p>\n<ul>\n<li><strong>Excelencia en I+D:<\/strong>\u00a0Reunimos a profesionales s\u00e9nior en investigaci\u00f3n y desarrollo de productos para garantizar que nuestros dise\u00f1os cumplan con los \u00faltimos est\u00e1ndares de la industria.<\/li>\n<li><strong>Garant\u00eda de calidad:<\/strong>\u00a0Nuestro experimentado personal de gesti\u00f3n de calidad aplica un estricto control de calidad desde el abastecimiento de materias primas hasta la producci\u00f3n final.<\/li>\n<li><strong>Cartera integral:<\/strong>\u00a0Desde cables de conexi\u00f3n de fibra hasta complejos divisores PLC y cierres de empalme, ofrecemos una soluci\u00f3n integral de abastecimiento para integradores globales.<\/li>\n<\/ul>","protected":false},"excerpt":{"rendered":"<p><strong>Introducci\u00f3n<\/strong><\/p>\n<p>En Fenxi Optoelectronics Technology, nos especializamos en ofrecer soluciones de comunicaci\u00f3n \u00f3ptica de alto rendimiento. Nuestra\u00a0<strong>Bandeja de empalme de fibra \u00f3ptica FC\/APC-12 n\u00facleos<\/strong>\u00a0Est\u00e1 dise\u00f1ada para proporcionar una protecci\u00f3n y organizaci\u00f3n superiores para el empalme por fusi\u00f3n de fibra. Dise\u00f1ada para ofrecer durabilidad y facilidad de uso, esta bandeja de empalmes es un componente esencial para los operadores de telecomunicaciones y los integradores de sistemas que gestionan redes de fibra de alta densidad.<\/p>","protected":false},"featured_media":399,"comment_status":"open","ping_status":"closed","template":"","meta":[],"product_brand":[],"product_cat":[26],"product_tag":[],"class_list":{"0":"post-398","1":"product","2":"type-product","3":"status-publish","4":"has-post-thumbnail","6":"product_cat-fiber-optic-splice-tray","8":"first","9":"instock","10":"shipping-taxable","11":"product-type-simple"},"_links":{"self":[{"href":"https:\/\/www.fenxifiber.com\/es\/wp-json\/wp\/v2\/product\/398","targetHints":{"allow":["GET"]}}],"collection":[{"href":"https:\/\/www.fenxifiber.com\/es\/wp-json\/wp\/v2\/product"}],"about":[{"href":"https:\/\/www.fenxifiber.com\/es\/wp-json\/wp\/v2\/types\/product"}],"replies":[{"embeddable":true,"href":"https:\/\/www.fenxifiber.com\/es\/wp-json\/wp\/v2\/comments?post=398"}],"wp:featuredmedia":[{"embeddable":true,"href":"https:\/\/www.fenxifiber.com\/es\/wp-json\/wp\/v2\/media\/399"}],"wp:attachment":[{"href":"https:\/\/www.fenxifiber.com\/es\/wp-json\/wp\/v2\/media?parent=398"}],"wp:term":[{"taxonomy":"product_brand","embeddable":true,"href":"https:\/\/www.fenxifiber.com\/es\/wp-json\/wp\/v2\/product_brand?post=398"},{"taxonomy":"product_cat","embeddable":true,"href":"https:\/\/www.fenxifiber.com\/es\/wp-json\/wp\/v2\/product_cat?post=398"},{"taxonomy":"product_tag","embeddable":true,"href":"https:\/\/www.fenxifiber.com\/es\/wp-json\/wp\/v2\/product_tag?post=398"}],"curies":[{"name":"wp","href":"https:\/\/api.w.org\/{rel}","templated":true}]}}