{"id":432,"date":"2026-01-28T06:13:11","date_gmt":"2026-01-28T06:13:11","guid":{"rendered":"https:\/\/www.fenxifiber.com\/?post_type=product&#038;p=432"},"modified":"2026-01-28T06:13:11","modified_gmt":"2026-01-28T06:13:11","slug":"adaptador-de-fibra-optica-lc-upc-cuadruple-de-alta-densidad","status":"publish","type":"product","link":"https:\/\/www.fenxifiber.com\/es\/product\/fiber-optic-adapter-lc-upc-quadruple-high-density-connectivity\/","title":{"rendered":"Adaptador de fibra \u00f3ptica LC\/UPC cu\u00e1druple | Conectividad de alta densidad"},"content":{"rendered":"<p><strong>Alineaci\u00f3n y rendimiento de alta precisi\u00f3n<\/strong><\/p>\n<p>En el coraz\u00f3n de nuestro adaptador cu\u00e1druple LC\/UPC se encuentra un manguito de cer\u00e1mica de circonio de alta precisi\u00f3n. Este componente fundamental garantiza un contacto f\u00edsico preciso entre los extremos de las fibras, lo que da como resultado una calidad excepcional\u00a0<strong>baja p\u00e9rdida de inserci\u00f3n<\/strong>\u00a0y una gran intercambiabilidad. El pulido UPC (Ultra Physical Contact) garantiza una alta p\u00e9rdida de retorno, lo que minimiza la reflexi\u00f3n de la se\u00f1al, algo crucial para los sistemas de transmisi\u00f3n de datos de alta velocidad. La carcasa del adaptador est\u00e1 fabricada con pl\u00e1stico ign\u00edfugo de alta calidad, lo que ofrece durabilidad y protecci\u00f3n en diversas condiciones ambientales, desde centros de datos hasta cajas de empalme al aire libre.<\/p>\n<p><strong>Especificaciones t\u00e9cnicas<\/strong><\/p>\n<p>Con el fin de garantizar la transparencia y servir de referencia profesional para los ingenieros de redes, a continuaci\u00f3n se detallan los par\u00e1metros t\u00e9cnicos est\u00e1ndar de nuestro adaptador cu\u00e1druple LC\/UPC:<\/p>\n<table>\n<thead>\n<tr>\n<th>Par\u00e1metro<\/th>\n<th>Especificaci\u00f3n<\/th>\n<\/tr>\n<\/thead>\n<tbody>\n<tr>\n<td><strong>Tipo de conector<\/strong><\/td>\n<td>LC cu\u00e1druple (4 puertos)<\/td>\n<\/tr>\n<tr>\n<td><strong>Tipo de polaco<\/strong><\/td>\n<td>UPC (Contacto f\u00edsico ultra)<\/td>\n<\/tr>\n<tr>\n<td><strong>Modo Fibra<\/strong><\/td>\n<td>Modo \u00fanico (9\/125 \u00b5m)<\/td>\n<\/tr>\n<tr>\n<td><strong>P\u00e9rdida de inserci\u00f3n (IL)<\/strong><\/td>\n<td><span class=\"katex\"><span class=\"katex-html\" aria-hidden=\"true\"><span class=\"base\"><span class=\"mrel\">\u2264<\/span><\/span><\/span><\/span>\u00a00,20 dB<\/td>\n<\/tr>\n<tr>\n<td><strong>P\u00e9rdida de retorno (RL)<\/strong><\/td>\n<td><span class=\"katex\"><span class=\"katex-html\" aria-hidden=\"true\"><span class=\"base\"><span class=\"mrel\">\u2265<\/span><\/span><\/span><\/span>\u00a050 dB<\/td>\n<\/tr>\n<tr>\n<td><strong>Material de la manga<\/strong><\/td>\n<td>Cer\u00e1mica de circonio<\/td>\n<\/tr>\n<tr>\n<td><strong>Material de la carcasa<\/strong><\/td>\n<td>PEI \/ PBT (clasificaci\u00f3n UL94-V0)<\/td>\n<\/tr>\n<tr>\n<td><strong>Durabilidad del acoplamiento<\/strong><\/td>\n<td>&gt; 1000 ciclos<\/td>\n<\/tr>\n<tr>\n<td><strong>Temperatura de funcionamiento<\/strong><\/td>\n<td>De -40 \u00b0C a +85 \u00b0C<\/td>\n<\/tr>\n<tr>\n<td><strong>Color<\/strong><\/td>\n<td>Azul (est\u00e1ndar para UPC monomodo)<\/td>\n<\/tr>\n<\/tbody>\n<\/table>\n<p><strong>Control de calidad y aplicaci\u00f3n<\/strong><\/p>\n<p>Gracias a las s\u00f3lidas capacidades de I+D y a los estrictos sistemas de gesti\u00f3n de calidad de Fenxi Optoelectronics, todos los adaptadores de fibra \u00f3ptica se someten a rigurosas pruebas antes de su env\u00edo. Nuestros adaptadores cumplen plenamente con las normas IEC y TIA\/EIA. Se utilizan ampliamente en:<\/p>\n<ul>\n<li><strong>Telecomunicaciones:<\/strong>\u00a0Redes de central y de bucle local.<\/li>\n<li><strong>Redes de datos:<\/strong>\u00a0Paneles de conexi\u00f3n de alta densidad y bastidores para servidores.<\/li>\n<li><strong>CATV y multimedia:<\/strong>\u00a0Enrutamiento fiable de se\u00f1ales de v\u00eddeo y datos.<\/li>\n<li><strong>Implementaci\u00f3n de FTTx:<\/strong>\u00a0Ideal para divisores y cajas de terminaci\u00f3n.<\/li>\n<\/ul>","protected":false},"excerpt":{"rendered":"<p><strong>Productos<\/strong><\/p>\n<p>En\u00a0<strong>Adaptador de fibra \u00f3ptica LC\/UPC cu\u00e1druple<\/strong>\u00a0es una soluci\u00f3n de conectividad de primera clase dise\u00f1ada para entornos modernos de cableado de alta densidad. Fabricada por\u00a0<strong>Tecnolog\u00eda optoelectr\u00f3nica Fenxi<\/strong>, Este adaptador permite conectar sin problemas cuatro conectores LC en un solo espacio, lo que optimiza considerablemente el uso del espacio en los armarios de distribuci\u00f3n \u00f3ptica (ODF) y las cajas de terminaci\u00f3n de fibra. Ya sea para implementaciones de fibra hasta el hogar (FTTH), redes de telecomunicaciones o proyectos de integraci\u00f3n de sistemas, nuestro adaptador LC Quad garantiza una transmisi\u00f3n de se\u00f1al confiable con una estabilidad mec\u00e1nica superior.<\/p>","protected":false},"featured_media":433,"comment_status":"open","ping_status":"closed","template":"","meta":[],"product_brand":[],"product_cat":[25],"product_tag":[],"class_list":{"0":"post-432","1":"product","2":"type-product","3":"status-publish","4":"has-post-thumbnail","6":"product_cat-fiber-optic-adapter","8":"first","9":"instock","10":"shipping-taxable","11":"product-type-simple"},"_links":{"self":[{"href":"https:\/\/www.fenxifiber.com\/es\/wp-json\/wp\/v2\/product\/432","targetHints":{"allow":["GET"]}}],"collection":[{"href":"https:\/\/www.fenxifiber.com\/es\/wp-json\/wp\/v2\/product"}],"about":[{"href":"https:\/\/www.fenxifiber.com\/es\/wp-json\/wp\/v2\/types\/product"}],"replies":[{"embeddable":true,"href":"https:\/\/www.fenxifiber.com\/es\/wp-json\/wp\/v2\/comments?post=432"}],"wp:featuredmedia":[{"embeddable":true,"href":"https:\/\/www.fenxifiber.com\/es\/wp-json\/wp\/v2\/media\/433"}],"wp:attachment":[{"href":"https:\/\/www.fenxifiber.com\/es\/wp-json\/wp\/v2\/media?parent=432"}],"wp:term":[{"taxonomy":"product_brand","embeddable":true,"href":"https:\/\/www.fenxifiber.com\/es\/wp-json\/wp\/v2\/product_brand?post=432"},{"taxonomy":"product_cat","embeddable":true,"href":"https:\/\/www.fenxifiber.com\/es\/wp-json\/wp\/v2\/product_cat?post=432"},{"taxonomy":"product_tag","embeddable":true,"href":"https:\/\/www.fenxifiber.com\/es\/wp-json\/wp\/v2\/product_tag?post=432"}],"curies":[{"name":"wp","href":"https:\/\/api.w.org\/{rel}","templated":true}]}}