{"id":434,"date":"2026-01-28T06:18:56","date_gmt":"2026-01-28T06:18:56","guid":{"rendered":"https:\/\/www.fenxifiber.com\/?post_type=product&#038;p=434"},"modified":"2026-01-28T06:18:56","modified_gmt":"2026-01-28T06:18:56","slug":"adaptador-de-fibra-optica-lc-upc-dx-acoplador-duplex-de-precision","status":"publish","type":"product","link":"https:\/\/www.fenxifiber.com\/es\/product\/fiber-optic-adapter-lc-upc-dx-precision-duplex-coupler\/","title":{"rendered":"Adaptador de fibra \u00f3ptica LC\/UPC-DX: acoplador d\u00faplex de precisi\u00f3n"},"content":{"rendered":"<p><strong>Rendimiento \u00f3ptico y durabilidad superiores<\/strong><\/p>\n<p>Nuestro adaptador LC\/UPC d\u00faplex cuenta con una alta precisi\u00f3n.\u00a0<strong>Manguito cer\u00e1mico de circonio<\/strong>, que ofrece una tolerancia m\u00e1s estricta y una mayor elasticidad que las alternativas de bronce fosforoso. Esto garantiza un contacto f\u00edsico preciso entre los n\u00facleos de fibra, lo que se traduce en una p\u00e9rdida de inserci\u00f3n m\u00ednima. El pulido UPC (Ultra Physical Contact) garantiza una alta p\u00e9rdida de retorno, lo que reduce eficazmente el ruido de reflexi\u00f3n trasera. El cuerpo del adaptador est\u00e1 fabricado con termopl\u00e1stico duradero y homologado por UL, lo que le confiere una excelente resistencia al calor y a los impactos, por lo que es adecuado para su uso a largo plazo en ODF (marcos de distribuci\u00f3n \u00f3ptica) y cajas de terminaci\u00f3n de fibra.<\/p>\n<p><strong>Especificaciones t\u00e9cnicas<\/strong><\/p>\n<p>Para ayudar a los ingenieros de redes y a los especialistas en compras, la siguiente tabla enumera los par\u00e1metros t\u00e9cnicos est\u00e1ndar del adaptador LC\/UPC-DX de Fenxi Optoelectronics, basados en los est\u00e1ndares actuales de la industria (IEC\/TIA):<\/p>\n<table>\n<thead>\n<tr>\n<th>Caracter\u00edstica<\/th>\n<th>Datos t\u00e9cnicos<\/th>\n<\/tr>\n<\/thead>\n<tbody>\n<tr>\n<td><strong>Nombre del producto<\/strong><\/td>\n<td>Adaptador de fibra \u00f3ptica LC\/UPC-DX<\/td>\n<\/tr>\n<tr>\n<td><strong>Configuraci\u00f3n<\/strong><\/td>\n<td>D\u00faplex (2 canales)<\/td>\n<\/tr>\n<tr>\n<td><strong>Tipo de fibra<\/strong><\/td>\n<td>Modo \u00fanico (9\/125 \u00b5m)<\/td>\n<\/tr>\n<tr>\n<td><strong>P\u00e9rdida de inserci\u00f3n (IL)<\/strong><\/td>\n<td><span class=\"katex\"><span class=\"katex-html\" aria-hidden=\"true\"><span class=\"base\"><span class=\"mrel\">\u2264<\/span><\/span><\/span><\/span>\u00a00,20 dB (t\u00edpico 0,10 dB)<\/td>\n<\/tr>\n<tr>\n<td><strong>P\u00e9rdida de retorno (RL)<\/strong><\/td>\n<td><span class=\"katex\"><span class=\"katex-html\" aria-hidden=\"true\"><span class=\"base\"><span class=\"mrel\">\u2265<\/span><\/span><\/span><\/span>\u00a050 dB<\/td>\n<\/tr>\n<tr>\n<td><strong>Manguito de alineaci\u00f3n<\/strong><\/td>\n<td>Cer\u00e1mica de circonio de alta precisi\u00f3n<\/td>\n<\/tr>\n<tr>\n<td><strong>Material de la carcasa<\/strong><\/td>\n<td>PBT \/ Policarbonato (UL94-V0)<\/td>\n<\/tr>\n<tr>\n<td><strong>Tipo de montaje<\/strong><\/td>\n<td>Con reborde o sin reborde (encaje a presi\u00f3n)<\/td>\n<\/tr>\n<tr>\n<td><strong>Durabilidad<\/strong><\/td>\n<td>&lt; 0,1 dB de cambio despu\u00e9s de 500 acoplamientos<\/td>\n<\/tr>\n<tr>\n<td><strong>Temperatura de funcionamiento<\/strong><\/td>\n<td>De -40 \u00b0C a +75 \u00b0C<\/td>\n<\/tr>\n<\/tbody>\n<\/table>\n<p><strong>Garant\u00eda de calidad y aplicaciones<\/strong><\/p>\n<p>En Fenxi Optoelectronics, damos prioridad a la confiabilidad. Nuestros equipos de producci\u00f3n y gesti\u00f3n de calidad prueban rigurosamente cada lote para garantizar el cumplimiento de las normas RoHS y Telcordia GR-326-CORE. El adaptador de fibra \u00f3ptica LC\/UPC-DX es ampliamente compatible y f\u00e1cil de instalar, lo que lo convierte en la opci\u00f3n ideal para:<\/p>\n<ul>\n<li><strong>Telecomunicaciones:<\/strong>\u00a0Redes Gigabit Ethernet y ATM.<\/li>\n<li><strong>Integraci\u00f3n de sistemas:<\/strong>\u00a0Conexi\u00f3n de cables de conexi\u00f3n en paneles de conexi\u00f3n de alta densidad.<\/li>\n<li><strong>Acceso de banda ancha:<\/strong>\u00a0Redes \u00f3pticas pasivas (PON) e implementaciones FTTx.<\/li>\n<li><strong>Equipo de prueba:<\/strong>\u00a0Proporciona interfaces estables para mediciones \u00f3pticas.<\/li>\n<\/ul>","protected":false},"excerpt":{"rendered":"<p><strong>Presentaci\u00f3n del producto<\/strong><\/p>\n<p>En\u00a0<strong>Adaptador de fibra \u00f3ptica LC\/UPC-DX<\/strong>\u00a0es una soluci\u00f3n compacta y de alto rendimiento dise\u00f1ada para conectar dos pares de conectores de fibra LC en un solo espacio. Dise\u00f1ada por\u00a0<strong>Tecnolog\u00eda optoelectr\u00f3nica Fenxi<\/strong>, Este adaptador aprovecha la experiencia de nuestro equipo s\u00e9nior de I+D para ofrecer una alineaci\u00f3n \u00f3ptica y una estabilidad mec\u00e1nica superiores. Es un componente esencial para entornos de alta densidad, como centros de datos, redes FTTH y oficinas centrales de telecomunicaciones, ya que garantiza una transmisi\u00f3n de se\u00f1al con bajas p\u00e9rdidas para enlaces de red cr\u00edticos.<\/p>","protected":false},"featured_media":435,"comment_status":"open","ping_status":"closed","template":"","meta":[],"product_brand":[],"product_cat":[25],"product_tag":[],"class_list":{"0":"post-434","1":"product","2":"type-product","3":"status-publish","4":"has-post-thumbnail","6":"product_cat-fiber-optic-adapter","8":"first","9":"instock","10":"shipping-taxable","11":"product-type-simple"},"_links":{"self":[{"href":"https:\/\/www.fenxifiber.com\/es\/wp-json\/wp\/v2\/product\/434","targetHints":{"allow":["GET"]}}],"collection":[{"href":"https:\/\/www.fenxifiber.com\/es\/wp-json\/wp\/v2\/product"}],"about":[{"href":"https:\/\/www.fenxifiber.com\/es\/wp-json\/wp\/v2\/types\/product"}],"replies":[{"embeddable":true,"href":"https:\/\/www.fenxifiber.com\/es\/wp-json\/wp\/v2\/comments?post=434"}],"wp:featuredmedia":[{"embeddable":true,"href":"https:\/\/www.fenxifiber.com\/es\/wp-json\/wp\/v2\/media\/435"}],"wp:attachment":[{"href":"https:\/\/www.fenxifiber.com\/es\/wp-json\/wp\/v2\/media?parent=434"}],"wp:term":[{"taxonomy":"product_brand","embeddable":true,"href":"https:\/\/www.fenxifiber.com\/es\/wp-json\/wp\/v2\/product_brand?post=434"},{"taxonomy":"product_cat","embeddable":true,"href":"https:\/\/www.fenxifiber.com\/es\/wp-json\/wp\/v2\/product_cat?post=434"},{"taxonomy":"product_tag","embeddable":true,"href":"https:\/\/www.fenxifiber.com\/es\/wp-json\/wp\/v2\/product_tag?post=434"}],"curies":[{"name":"wp","href":"https:\/\/api.w.org\/{rel}","templated":true}]}}