{"id":441,"date":"2026-01-28T06:33:36","date_gmt":"2026-01-28T06:33:36","guid":{"rendered":"https:\/\/www.fenxifiber.com\/?post_type=product&#038;p=441"},"modified":"2026-01-28T06:33:36","modified_gmt":"2026-01-28T06:33:36","slug":"adaptador-de-fibra-optica-lc-apc-trapezoidal-para-redes-de-telecomunicaciones","status":"publish","type":"product","link":"https:\/\/www.fenxifiber.com\/es\/product\/fiber-optic-adapter-lc-apc-trapezoid-for-telecom-networks\/","title":{"rendered":"Adaptador de fibra \u00f3ptica LC\/APC trapezoidal para redes de telecomunicaciones"},"content":{"rendered":"<h2>Caracter\u00edsticas principales<\/h2>\n<ul>\n<li><strong>Interfaz LC\/APC<\/strong>: El contacto f\u00edsico con un \u00e1ngulo de 8\u00b0 reduce la reflexi\u00f3n trasera y mejora la calidad de la se\u00f1al.<\/li>\n<li><strong>Dise\u00f1o de carcasa trapezoidal<\/strong>: Garantiza una instalaci\u00f3n firme y la compatibilidad con paneles adaptadores est\u00e1ndar.<\/li>\n<li><strong>Baja p\u00e9rdida de inserci\u00f3n<\/strong>: Mangas cer\u00e1micas optimizadas para una alineaci\u00f3n precisa del n\u00facleo.<\/li>\n<li><strong>Alta p\u00e9rdida de retorno<\/strong>: Adecuado para la transmisi\u00f3n \u00f3ptica de alta velocidad y larga distancia.<\/li>\n<li><strong>Materiales duraderos<\/strong>Carcasa ign\u00edfuga con excelente estabilidad mec\u00e1nica.<\/li>\n<li><strong>Conformidad<\/strong>: Cumple con las normas industriales IEC y Telcordia.<\/li>\n<\/ul>\n<h2>Especificaciones t\u00e9cnicas<\/h2>\n<table>\n<thead>\n<tr>\n<th>Par\u00e1metro<\/th>\n<th>Especificaci\u00f3n<\/th>\n<\/tr>\n<\/thead>\n<tbody>\n<tr>\n<td>Tipo de conector<\/td>\n<td>LC\/APC a LC\/APC<\/td>\n<\/tr>\n<tr>\n<td>Tipo de pulido<\/td>\n<td>APC (\u00e1ngulo de 8\u00b0)<\/td>\n<\/tr>\n<tr>\n<td>P\u00e9rdida de inserci\u00f3n<\/td>\n<td>\u2264 0,2 dB<\/td>\n<\/tr>\n<tr>\n<td>P\u00e9rdida de retorno<\/td>\n<td>\u2265 60 dB<\/td>\n<\/tr>\n<tr>\n<td>Material de la manga<\/td>\n<td>Cer\u00e1mica de circonio<\/td>\n<\/tr>\n<tr>\n<td>Temperatura de funcionamiento<\/td>\n<td>De -40 \u00b0C a +75 \u00b0C<\/td>\n<\/tr>\n<tr>\n<td>Temperatura de almacenamiento<\/td>\n<td>De -40 \u00b0C a +85 \u00b0C<\/td>\n<\/tr>\n<tr>\n<td>Durabilidad<\/td>\n<td>\u2265 500 ciclos de apareamiento<\/td>\n<\/tr>\n<\/tbody>\n<\/table>\n<h2>Escenarios de aplicaci\u00f3n<\/h2>\n<p>El adaptador de fibra \u00f3ptica LC\/APC trapezoidal es adecuado para una amplia gama de entornos de comunicaci\u00f3n \u00f3ptica, entre los que se incluyen:<\/p>\n<ul>\n<li>Oficinas centrales de telecomunicaciones<\/li>\n<li>Redes de acceso FTTH y FTTx<\/li>\n<li>Centros de datos y redes empresariales<\/li>\n<li>Cuadros de distribuci\u00f3n \u00f3ptica (ODF)<\/li>\n<li>Cajas de terminaci\u00f3n y empalmes de fibra \u00f3ptica<\/li>\n<\/ul>\n<p>Su rendimiento \u00f3ptico estable lo hace especialmente adecuado para aplicaciones de gran ancho de banda, como fronthaul 5G, redes metropolitanas y sistemas de transmisi\u00f3n troncales.<\/p>\n<h2>Ventaja en calidad y fabricaci\u00f3n<\/h2>\n<p>Fenxi Optoelectronics Technology integra procesos de producci\u00f3n avanzados con estrictos sistemas de gesti\u00f3n de calidad. Cada adaptador se somete a exhaustivas pruebas \u00f3pticas y mec\u00e1nicas para garantizar su consistencia, fiabilidad y conformidad con las normas internacionales, lo que proporciona a los clientes B2B una capacidad de suministro confiable y escalable.<\/p>\n<h2>Capacidad de personalizaci\u00f3n y suministro<\/h2>\n<p>El adaptador de fibra \u00f3ptica LC\/APC trapezoidal se puede personalizar en cuanto al color de la carcasa, el etiquetado y el empaque para satisfacer los requisitos espec\u00edficos del proyecto o de la marca. Se ofrecen servicios de suministro a granel, OEM y ODM para operadores de telecomunicaciones, integradores de sistemas y distribuidores de todo el mundo.<\/p>","protected":false},"excerpt":{"rendered":"<h2>Productos<\/h2>\n<p>En\u00a0<strong>Adaptador de fibra \u00f3ptica LC\/APC trapezoidal<\/strong>\u00a0es un componente pasivo de alta precisi\u00f3n dise\u00f1ado para una interconexi\u00f3n fiable de fibra \u00f3ptica en las redes de comunicaci\u00f3n modernas. Fabricado por Fenxi Optoelectronics Technology, este adaptador est\u00e1 dise\u00f1ado para garantizar una alineaci\u00f3n precisa de la fibra, una baja p\u00e9rdida de inserci\u00f3n y un rendimiento estable a largo plazo, cumpliendo con los estrictos requisitos de los operadores de telecomunicaciones, integradores de sistemas y proveedores de infraestructura de red.<\/p>\n<p>Con su interfaz LC\/APC y su dise\u00f1o de carcasa trapezoidal, el adaptador se utiliza ampliamente en entornos de distribuci\u00f3n de alta densidad, como ODF, cajas de terminaci\u00f3n de fibra y redes de acceso FTTH.<\/p>","protected":false},"featured_media":442,"comment_status":"open","ping_status":"closed","template":"","meta":[],"product_brand":[],"product_cat":[25],"product_tag":[],"class_list":{"0":"post-441","1":"product","2":"type-product","3":"status-publish","4":"has-post-thumbnail","6":"product_cat-fiber-optic-adapter","8":"first","9":"instock","10":"shipping-taxable","11":"product-type-simple"},"_links":{"self":[{"href":"https:\/\/www.fenxifiber.com\/es\/wp-json\/wp\/v2\/product\/441","targetHints":{"allow":["GET"]}}],"collection":[{"href":"https:\/\/www.fenxifiber.com\/es\/wp-json\/wp\/v2\/product"}],"about":[{"href":"https:\/\/www.fenxifiber.com\/es\/wp-json\/wp\/v2\/types\/product"}],"replies":[{"embeddable":true,"href":"https:\/\/www.fenxifiber.com\/es\/wp-json\/wp\/v2\/comments?post=441"}],"wp:featuredmedia":[{"embeddable":true,"href":"https:\/\/www.fenxifiber.com\/es\/wp-json\/wp\/v2\/media\/442"}],"wp:attachment":[{"href":"https:\/\/www.fenxifiber.com\/es\/wp-json\/wp\/v2\/media?parent=441"}],"wp:term":[{"taxonomy":"product_brand","embeddable":true,"href":"https:\/\/www.fenxifiber.com\/es\/wp-json\/wp\/v2\/product_brand?post=441"},{"taxonomy":"product_cat","embeddable":true,"href":"https:\/\/www.fenxifiber.com\/es\/wp-json\/wp\/v2\/product_cat?post=441"},{"taxonomy":"product_tag","embeddable":true,"href":"https:\/\/www.fenxifiber.com\/es\/wp-json\/wp\/v2\/product_tag?post=441"}],"curies":[{"name":"wp","href":"https:\/\/api.w.org\/{rel}","templated":true}]}}