{"id":443,"date":"2026-01-28T06:38:05","date_gmt":"2026-01-28T06:38:05","guid":{"rendered":"https:\/\/www.fenxifiber.com\/?post_type=product&#038;p=443"},"modified":"2026-01-28T06:38:05","modified_gmt":"2026-01-28T06:38:05","slug":"fabricante-de-adaptadores-de-fibra-optica-sc-apc-sm-para-redes-ftth","status":"publish","type":"product","link":"https:\/\/www.fenxifiber.com\/es\/product\/fiber-optic-adapter-sc-apc-sm-manufacturer-for-ftth-networks\/","title":{"rendered":"Adaptador de fibra \u00f3ptica SC\/APC-SM Fabricante para redes FTTH"},"content":{"rendered":"<h2>Caracter\u00edsticas principales<\/h2>\n<ul>\n<li><strong>Interfaz SC\/APC<\/strong>: El pulido con un \u00e1ngulo de 8 grados minimiza eficazmente la reflexi\u00f3n trasera.<\/li>\n<li><strong>Dise\u00f1o monomodo<\/strong>Optimizado para transmisiones de larga distancia y gran ancho de banda.<\/li>\n<li><strong>Baja p\u00e9rdida de inserci\u00f3n<\/strong>: Los manguitos de alineaci\u00f3n cer\u00e1micos de precisi\u00f3n garantizan un acoplamiento preciso de las fibras.<\/li>\n<li><strong>Alta p\u00e9rdida de retorno<\/strong>: Adecuado para redes PON, CATV y redes de telecomunicaciones de alta velocidad.<\/li>\n<li><strong>Vivienda s\u00f3lida<\/strong>: Material ign\u00edfugo con excelente resistencia mec\u00e1nica.<\/li>\n<li><strong>Cumplimiento de normas<\/strong>: Cumple con los requisitos de las normas IEC 61754 y Telcordia GR-326.<\/li>\n<\/ul>\n<h2>Especificaciones t\u00e9cnicas<\/h2>\n<table>\n<thead>\n<tr>\n<th>Par\u00e1metro<\/th>\n<th>Especificaci\u00f3n<\/th>\n<\/tr>\n<\/thead>\n<tbody>\n<tr>\n<td>Tipo de conector<\/td>\n<td>SC\/APC a SC\/APC<\/td>\n<\/tr>\n<tr>\n<td>Modo Fibra<\/td>\n<td>Modo \u00fanico (OS2, 9\/125 \u03bcm)<\/td>\n<\/tr>\n<tr>\n<td>P\u00e9rdida de inserci\u00f3n<\/td>\n<td>\u2264 0,2 dB<\/td>\n<\/tr>\n<tr>\n<td>P\u00e9rdida de retorno<\/td>\n<td>\u2265 60 dB<\/td>\n<\/tr>\n<tr>\n<td>Material de la manga<\/td>\n<td>Cer\u00e1mica de circonio<\/td>\n<\/tr>\n<tr>\n<td>Temperatura de funcionamiento<\/td>\n<td>De -40 \u00b0C a +75 \u00b0C<\/td>\n<\/tr>\n<tr>\n<td>Temperatura de almacenamiento<\/td>\n<td>De -40 \u00b0C a +85 \u00b0C<\/td>\n<\/tr>\n<tr>\n<td>Durabilidad del acoplamiento<\/td>\n<td>\u2265 500 ciclos<\/td>\n<\/tr>\n<\/tbody>\n<\/table>\n<h2>Escenarios de aplicaci\u00f3n<\/h2>\n<p>El adaptador de fibra \u00f3ptica SC\/APC-SM se utiliza ampliamente en:<\/p>\n<ul>\n<li>Redes de acceso FTTH y FTTx<\/li>\n<li>Oficinas centrales de telecomunicaciones<\/li>\n<li>Cuadros de distribuci\u00f3n \u00f3ptica (ODF)<\/li>\n<li>Cajas de terminaci\u00f3n de fibra \u00f3ptica y cierres de empalme<\/li>\n<li>Sistemas CATV y PON<\/li>\n<\/ul>\n<p>Su rendimiento \u00f3ptico estable es compatible con los est\u00e1ndares de transmisi\u00f3n actuales m\u00e1s habituales, incluidas las redes GPON y 10G PON, que siguen estando ampliamente implantadas en todo el mundo en 2025.<\/p>\n<h2>Fabricaci\u00f3n y control de calidad<\/h2>\n<p>Fenxi Optoelectronics Technology combina equipos de producci\u00f3n avanzados con estrictos procedimientos de control de calidad. Cada adaptador SC\/APC se somete a pruebas de rendimiento \u00f3ptico e inspecciones mec\u00e1nicas para garantizar su consistencia y fiabilidad para su implementaci\u00f3n comercial a gran escala.<\/p>\n<p>Con equipos experimentados de investigaci\u00f3n y desarrollo y gesti\u00f3n de calidad, la empresa ofrece una capacidad de suministro confiable para operadores de telecomunicaciones, integradores de sistemas y distribuidores globales.<\/p>\n<h2>Personalizaci\u00f3n y suministro B2B<\/h2>\n<p>El adaptador de fibra \u00f3ptica SC\/APC-SM admite servicios OEM y ODM, incluyendo colores de carcasa personalizados, marcado l\u00e1ser y opciones de empaque. La producci\u00f3n a granel y los plazos de entrega estables lo hacen adecuado para proyectos a largo plazo y compras internacionales.<\/p>","protected":false},"excerpt":{"rendered":"<h2>Productos<\/h2>\n<p>En\u00a0<strong>Adaptador de fibra \u00f3ptica SC\/APC-SM<\/strong>\u00a0es un componente \u00f3ptico pasivo de alto rendimiento dise\u00f1ado para proporcionar una alineaci\u00f3n precisa y una conexi\u00f3n estable entre conectores de fibra \u00f3ptica monomodo. Desarrollado y fabricado por Fenxi Optoelectronics Technology, este adaptador est\u00e1 dise\u00f1ado para ofrecer una baja p\u00e9rdida de inserci\u00f3n y una alta p\u00e9rdida de retorno, lo que lo hace ideal para las telecomunicaciones modernas, las implementaciones FTTH y los sistemas de transmisi\u00f3n \u00f3ptica.<\/p>\n<p>Con una interfaz SC\/APC est\u00e1ndar y compatibilidad monomodo, el adaptador garantiza una transmisi\u00f3n de se\u00f1al confiable y una estabilidad de red a largo plazo tanto en aplicaciones interiores como exteriores.<\/p>","protected":false},"featured_media":444,"comment_status":"open","ping_status":"closed","template":"","meta":[],"product_brand":[],"product_cat":[25],"product_tag":[],"class_list":{"0":"post-443","1":"product","2":"type-product","3":"status-publish","4":"has-post-thumbnail","6":"product_cat-fiber-optic-adapter","8":"first","9":"instock","10":"shipping-taxable","11":"product-type-simple"},"_links":{"self":[{"href":"https:\/\/www.fenxifiber.com\/es\/wp-json\/wp\/v2\/product\/443","targetHints":{"allow":["GET"]}}],"collection":[{"href":"https:\/\/www.fenxifiber.com\/es\/wp-json\/wp\/v2\/product"}],"about":[{"href":"https:\/\/www.fenxifiber.com\/es\/wp-json\/wp\/v2\/types\/product"}],"replies":[{"embeddable":true,"href":"https:\/\/www.fenxifiber.com\/es\/wp-json\/wp\/v2\/comments?post=443"}],"wp:featuredmedia":[{"embeddable":true,"href":"https:\/\/www.fenxifiber.com\/es\/wp-json\/wp\/v2\/media\/444"}],"wp:attachment":[{"href":"https:\/\/www.fenxifiber.com\/es\/wp-json\/wp\/v2\/media?parent=443"}],"wp:term":[{"taxonomy":"product_brand","embeddable":true,"href":"https:\/\/www.fenxifiber.com\/es\/wp-json\/wp\/v2\/product_brand?post=443"},{"taxonomy":"product_cat","embeddable":true,"href":"https:\/\/www.fenxifiber.com\/es\/wp-json\/wp\/v2\/product_cat?post=443"},{"taxonomy":"product_tag","embeddable":true,"href":"https:\/\/www.fenxifiber.com\/es\/wp-json\/wp\/v2\/product_tag?post=443"}],"curies":[{"name":"wp","href":"https:\/\/api.w.org\/{rel}","templated":true}]}}