{"id":458,"date":"2026-01-28T07:06:18","date_gmt":"2026-01-28T07:06:18","guid":{"rendered":"https:\/\/www.fenxifiber.com\/?post_type=product&#038;p=458"},"modified":"2026-02-03T00:52:56","modified_gmt":"2026-02-03T00:52:56","slug":"adaptador-de-fibra-optica-sc-upc-om3-dx-para-centros-de-datos","status":"publish","type":"product","link":"https:\/\/www.fenxifiber.com\/es\/product\/fiber-fiber-optic-adapter-sc-upc-om3-dx-manufacturer-for-data-centers\/","title":{"rendered":"Adaptador de fibra \u00f3ptica SC\/UPC-OM3-DX Fabricante para centros de datos"},"content":{"rendered":"<h2>Caracter\u00edsticas principales<\/h2>\n<ul>\n<li><strong>Interfaz d\u00faplex SC\/UPC<\/strong>: Admite conexiones simult\u00e1neas de doble fibra.<\/li>\n<li><strong>Compatibilidad multimodo OM3<\/strong>: Optimizado para transmisiones de corto alcance y alta velocidad.<\/li>\n<li><strong>Baja p\u00e9rdida de inserci\u00f3n<\/strong>: Los manguitos de cer\u00e1mica de circonio de alta precisi\u00f3n garantizan una alineaci\u00f3n precisa.<\/li>\n<li><strong>P\u00e9rdida de retorno estable<\/strong>El pulido UPC proporciona un contacto suave entre los extremos de la fibra.<\/li>\n<li><strong>Dise\u00f1o robusto de la carcasa<\/strong>: Materiales ign\u00edfugos para una mayor durabilidad mec\u00e1nica.<\/li>\n<li><strong>Cumplimiento de normas<\/strong>: Cumple con las normas IEC 61754 y TIA\/EIA para componentes \u00f3pticos.<\/li>\n<\/ul>\n<h2>Especificaciones t\u00e9cnicas<\/h2>\n<table>\n<thead>\n<tr>\n<th>Par\u00e1metro<\/th>\n<th>Especificaci\u00f3n<\/th>\n<\/tr>\n<\/thead>\n<tbody>\n<tr>\n<td>Tipo de conector<\/td>\n<td>SC\/UPC d\u00faplex<\/td>\n<\/tr>\n<tr>\n<td>Tipo de fibra<\/td>\n<td>OM3 multimodo (50\/125 \u03bcm)<\/td>\n<\/tr>\n<tr>\n<td>Longitud de onda operativa<\/td>\n<td>850 nm<\/td>\n<\/tr>\n<tr>\n<td>P\u00e9rdida de inserci\u00f3n<\/td>\n<td>\u2264 0,2 dB<\/td>\n<\/tr>\n<tr>\n<td>P\u00e9rdida de retorno<\/td>\n<td>\u2265 35 dB<\/td>\n<\/tr>\n<tr>\n<td>Material de la manga<\/td>\n<td>Cer\u00e1mica de circonio<\/td>\n<\/tr>\n<tr>\n<td>Temperatura de funcionamiento<\/td>\n<td>De -40 \u00b0C a +75 \u00b0C<\/td>\n<\/tr>\n<tr>\n<td>Temperatura de almacenamiento<\/td>\n<td>De -40 \u00b0C a +85 \u00b0C<\/td>\n<\/tr>\n<tr>\n<td>Durabilidad del acoplamiento<\/td>\n<td>\u2265 500 ciclos<\/td>\n<\/tr>\n<\/tbody>\n<\/table>\n<h2>Escenarios de aplicaci\u00f3n<\/h2>\n<p>El adaptador de fibra \u00f3ptica SC\/UPC-OM3-DX se utiliza ampliamente en:<\/p>\n<ul>\n<li>Centros de datos e instalaciones de computaci\u00f3n en la nube<\/li>\n<li>Redes empresariales y universitarias<\/li>\n<li>Sistemas Ethernet de alta velocidad<\/li>\n<li>Cuadros de distribuci\u00f3n \u00f3ptica y paneles de conexi\u00f3n<\/li>\n<\/ul>\n<p>La fibra multimodo OM3 sigue siendo la opci\u00f3n predominante para la transmisi\u00f3n Ethernet de 10G y 40G hasta 300 metros, y sigue estando ampliamente implantada en la infraestructura de los centros de datos mundiales en 2025.<\/p>\n<h2>Fabricaci\u00f3n y control de calidad<\/h2>\n<p>Fenxi Optoelectronics Technology combina procesos de producci\u00f3n automatizados con estrictos procedimientos de control de calidad. Cada adaptador se somete a pruebas de rendimiento \u00f3ptico y a inspecciones de fiabilidad mec\u00e1nica para garantizar una calidad constante y un rendimiento estable para su implementaci\u00f3n B2B a gran escala.<\/p>\n<p>Con el respaldo de equipos experimentados de investigaci\u00f3n y desarrollo y gesti\u00f3n de calidad, la empresa ofrece una capacidad de suministro confiable y asistencia t\u00e9cnica a clientes internacionales.<\/p>\n<h2>Servicios de personalizaci\u00f3n y OEM<\/h2>\n<p>El adaptador de fibra \u00f3ptica SC\/UPC-OM3-DX admite la personalizaci\u00f3n OEM y ODM, incluyendo opciones de color de la carcasa, etiquetado y empaquetado. Su capacidad de producci\u00f3n flexible y sus procesos de fabricaci\u00f3n estandarizados lo hacen adecuado para compras a granel y cooperaciones a largo plazo.<\/p>","protected":false},"excerpt":{"rendered":"<h2>Productos<\/h2>\n<p>En\u00a0<strong>Adaptador de fibra \u00f3ptica SC\/UPC-OM3-DX<\/strong>\u00a0es un adaptador multimodo d\u00faplex de alto rendimiento dise\u00f1ado para proporcionar una interconexi\u00f3n \u00f3ptica fiable en centros de datos y redes empresariales. Desarrollado por Fenxi Optoelectronics Technology, este adaptador es compatible con fibra multimodo OM3 y cuenta con una interfaz d\u00faplex SC\/UPC, lo que permite una conectividad eficiente de dos fibras con un rendimiento \u00f3ptico estable.<\/p>\n<p>Su estructura de alineaci\u00f3n precisa y su carcasa resistente lo hacen adecuado para instalaciones de alta densidad en las que se requiere una calidad de se\u00f1al constante y una fiabilidad a largo plazo.<\/p>","protected":false},"featured_media":459,"comment_status":"open","ping_status":"closed","template":"","meta":[],"product_brand":[],"product_cat":[25],"product_tag":[],"class_list":{"0":"post-458","1":"product","2":"type-product","3":"status-publish","4":"has-post-thumbnail","6":"product_cat-fiber-optic-adapter","8":"first","9":"instock","10":"shipping-taxable","11":"product-type-simple"},"_links":{"self":[{"href":"https:\/\/www.fenxifiber.com\/es\/wp-json\/wp\/v2\/product\/458","targetHints":{"allow":["GET"]}}],"collection":[{"href":"https:\/\/www.fenxifiber.com\/es\/wp-json\/wp\/v2\/product"}],"about":[{"href":"https:\/\/www.fenxifiber.com\/es\/wp-json\/wp\/v2\/types\/product"}],"replies":[{"embeddable":true,"href":"https:\/\/www.fenxifiber.com\/es\/wp-json\/wp\/v2\/comments?post=458"}],"wp:featuredmedia":[{"embeddable":true,"href":"https:\/\/www.fenxifiber.com\/es\/wp-json\/wp\/v2\/media\/459"}],"wp:attachment":[{"href":"https:\/\/www.fenxifiber.com\/es\/wp-json\/wp\/v2\/media?parent=458"}],"wp:term":[{"taxonomy":"product_brand","embeddable":true,"href":"https:\/\/www.fenxifiber.com\/es\/wp-json\/wp\/v2\/product_brand?post=458"},{"taxonomy":"product_cat","embeddable":true,"href":"https:\/\/www.fenxifiber.com\/es\/wp-json\/wp\/v2\/product_cat?post=458"},{"taxonomy":"product_tag","embeddable":true,"href":"https:\/\/www.fenxifiber.com\/es\/wp-json\/wp\/v2\/product_tag?post=458"}],"curies":[{"name":"wp","href":"https:\/\/api.w.org\/{rel}","templated":true}]}}