{"id":462,"date":"2026-01-28T07:13:37","date_gmt":"2026-01-28T07:13:37","guid":{"rendered":"https:\/\/www.fenxifiber.com\/?post_type=product&#038;p=462"},"modified":"2026-02-03T00:52:38","modified_gmt":"2026-02-03T00:52:38","slug":"fabricante-de-adaptadores-de-fibra-optica-sc-upc-y-om3-para-centros-de-datos","status":"publish","type":"product","link":"https:\/\/www.fenxifiber.com\/es\/product\/fiber-fiber-optic-adapter-sc-upc-om3-manufacturer-for-data-centers\/","title":{"rendered":"Adaptador de fibra \u00f3ptica SC\/UPC-OM3 Fabricante para centros de datos"},"content":{"rendered":"<h2>Caracter\u00edsticas principales<\/h2>\n<ul>\n<li><strong>Interfaz SC\/UPC<\/strong>: Garantiza un contacto f\u00edsico fluido y un rendimiento \u00f3ptico constante.<\/li>\n<li><strong>Compatibilidad multimodo OM3<\/strong>: Optimizado para la transmisi\u00f3n en la longitud de onda de 850 nm<\/li>\n<li><strong>Baja p\u00e9rdida de inserci\u00f3n<\/strong>: Los manguitos de cer\u00e1mica de circonio de precisi\u00f3n garantizan una alineaci\u00f3n precisa de la fibra<\/li>\n<li><strong>P\u00e9rdida de retorno estable<\/strong>El pulido UPC reduce la reflexi\u00f3n de la se\u00f1al en enlaces multimodo.<\/li>\n<li><strong>Vivienda duradera<\/strong>: Materiales ign\u00edfugos para una fiabilidad mec\u00e1nica a largo plazo<\/li>\n<li><strong>Cumplimiento de normas<\/strong>: Cumple con las normas IEC 61754 y TIA\/EIA para componentes \u00f3pticos.<\/li>\n<\/ul>\n<h2>Especificaciones t\u00e9cnicas<\/h2>\n<table>\n<thead>\n<tr>\n<th>Par\u00e1metro<\/th>\n<th>Especificaci\u00f3n<\/th>\n<\/tr>\n<\/thead>\n<tbody>\n<tr>\n<td>Tipo de conector<\/td>\n<td>SC\/UPC a SC\/UPC<\/td>\n<\/tr>\n<tr>\n<td>Tipo de fibra<\/td>\n<td>OM3 multimodo (50\/125 \u03bcm)<\/td>\n<\/tr>\n<tr>\n<td>Longitud de onda operativa<\/td>\n<td>850 nm<\/td>\n<\/tr>\n<tr>\n<td>P\u00e9rdida de inserci\u00f3n<\/td>\n<td>\u2264 0,2 dB<\/td>\n<\/tr>\n<tr>\n<td>P\u00e9rdida de retorno<\/td>\n<td>\u2265 35 dB<\/td>\n<\/tr>\n<tr>\n<td>Material de la manga<\/td>\n<td>Cer\u00e1mica de circonio<\/td>\n<\/tr>\n<tr>\n<td>Temperatura de funcionamiento<\/td>\n<td>De -40 \u00b0C a +75 \u00b0C<\/td>\n<\/tr>\n<tr>\n<td>Temperatura de almacenamiento<\/td>\n<td>De -40 \u00b0C a +85 \u00b0C<\/td>\n<\/tr>\n<tr>\n<td>Durabilidad del acoplamiento<\/td>\n<td>\u2265 500 ciclos<\/td>\n<\/tr>\n<\/tbody>\n<\/table>\n<h2>Escenarios de aplicaci\u00f3n<\/h2>\n<p>El adaptador de fibra \u00f3ptica SC\/UPC-OM3 se utiliza ampliamente en:<\/p>\n<ul>\n<li>Centros de datos e instalaciones de computaci\u00f3n en la nube<\/li>\n<li>Redes empresariales y universitarias<\/li>\n<li>Sistemas Ethernet de alta velocidad<\/li>\n<li>Armarios de distribuci\u00f3n \u00f3ptica (ODF) y paneles de conexi\u00f3n<\/li>\n<\/ul>\n<p>La fibra multimodo OM3 sigue siendo la soluci\u00f3n m\u00e1s habitual para la transmisi\u00f3n Ethernet de 10G y 40G hasta 300 metros, y en 2025 seguir\u00e1 utiliz\u00e1ndose ampliamente en la infraestructura de centros de datos de todo el mundo.<\/p>\n<h2>Fabricaci\u00f3n y control de calidad<\/h2>\n<p>Fenxi Optoelectronics Technology integra l\u00edneas de producci\u00f3n automatizadas con estrictos procedimientos de control de calidad. Cada adaptador se somete a pruebas de rendimiento \u00f3ptico y a inspecciones de fiabilidad mec\u00e1nica para garantizar una calidad constante y un rendimiento estable en implementaciones B2B a gran escala.<\/p>\n<p>Los experimentados equipos de I+D y de gesti\u00f3n de calidad de la empresa garantizan un suministro fiable y una colaboraci\u00f3n a largo plazo con integradores de sistemas y distribuidores.<\/p>\n<h2>Servicios de personalizaci\u00f3n y OEM<\/h2>\n<p>El adaptador de fibra \u00f3ptica SC\/UPC-OM3 admite personalizaciones OEM y ODM, incluyendo opciones de color de la carcasa, etiquetado y embalaje. Su capacidad de producci\u00f3n flexible y sus procesos de fabricaci\u00f3n estandarizados lo hacen ideal para compras a granel y suministros para proyectos espec\u00edficos.<\/p>","protected":false},"excerpt":{"rendered":"<h2>Productos<\/h2>\n<p>En\u00a0<strong>Adaptador de fibra \u00f3ptica SC\/UPC-OM3<\/strong>\u00a0es un adaptador \u00f3ptico multimodo de alto rendimiento dise\u00f1ado para ofrecer una conectividad de fibra estable y eficiente en centros de datos y redes empresariales. Fabricado por Fenxi Optoelectronics Technology, este adaptador cuenta con una interfaz SC\/UPC est\u00e1ndar y est\u00e1 optimizado para fibra multimodo OM3, lo que permite una transmisi\u00f3n \u00f3ptica fiable de corto alcance y alta velocidad.<\/p>\n<p>Gracias a su alineaci\u00f3n precisa y su construcci\u00f3n robusta, es adecuado tanto para sistemas de gesti\u00f3n de fibra de alta densidad como para los convencionales.<\/p>","protected":false},"featured_media":463,"comment_status":"open","ping_status":"closed","template":"","meta":[],"product_brand":[],"product_cat":[25],"product_tag":[],"class_list":{"0":"post-462","1":"product","2":"type-product","3":"status-publish","4":"has-post-thumbnail","6":"product_cat-fiber-optic-adapter","8":"first","9":"instock","10":"shipping-taxable","11":"product-type-simple"},"_links":{"self":[{"href":"https:\/\/www.fenxifiber.com\/es\/wp-json\/wp\/v2\/product\/462","targetHints":{"allow":["GET"]}}],"collection":[{"href":"https:\/\/www.fenxifiber.com\/es\/wp-json\/wp\/v2\/product"}],"about":[{"href":"https:\/\/www.fenxifiber.com\/es\/wp-json\/wp\/v2\/types\/product"}],"replies":[{"embeddable":true,"href":"https:\/\/www.fenxifiber.com\/es\/wp-json\/wp\/v2\/comments?post=462"}],"wp:featuredmedia":[{"embeddable":true,"href":"https:\/\/www.fenxifiber.com\/es\/wp-json\/wp\/v2\/media\/463"}],"wp:attachment":[{"href":"https:\/\/www.fenxifiber.com\/es\/wp-json\/wp\/v2\/media?parent=462"}],"wp:term":[{"taxonomy":"product_brand","embeddable":true,"href":"https:\/\/www.fenxifiber.com\/es\/wp-json\/wp\/v2\/product_brand?post=462"},{"taxonomy":"product_cat","embeddable":true,"href":"https:\/\/www.fenxifiber.com\/es\/wp-json\/wp\/v2\/product_cat?post=462"},{"taxonomy":"product_tag","embeddable":true,"href":"https:\/\/www.fenxifiber.com\/es\/wp-json\/wp\/v2\/product_tag?post=462"}],"curies":[{"name":"wp","href":"https:\/\/api.w.org\/{rel}","templated":true}]}}