{"id":466,"date":"2026-01-29T06:06:43","date_gmt":"2026-01-29T06:06:43","guid":{"rendered":"https:\/\/www.fenxifiber.com\/?post_type=product&#038;p=466"},"modified":"2026-02-03T00:55:47","modified_gmt":"2026-02-03T00:55:47","slug":"divisor-de-fibra-optica-sc-apc-14-distribucion-ftth-eficiente","status":"publish","type":"product","link":"https:\/\/www.fenxifiber.com\/es\/product\/fiber-optical-splitter-sc-apc-14-efficient-ftth-distribution\/","title":{"rendered":"Divisor de fibra \u00f3ptica SC\/APC-1*4: distribuci\u00f3n FTTH eficiente"},"content":{"rendered":"<p><strong>Caracter\u00edsticas principales y ventajas de dise\u00f1o<\/strong><\/p>\n<p>Fenxi Optoelectronics aprovecha su experimentada gesti\u00f3n de producci\u00f3n para garantizar que todas las unidades cumplan con los est\u00e1ndares internacionales. Nuestro divisor 1*4 destaca por:<\/p>\n<ul>\n<li><strong>Conectores SC\/APC de precisi\u00f3n:<\/strong>\u00a0Equipado con conectores SC de alta calidad con pulido de contacto f\u00edsico angular (APC). Este dise\u00f1o minimiza la reflexi\u00f3n trasera (p\u00e9rdida de retorno &gt; 60 dB), lo cual es crucial para los servicios triple play (datos, voz y v\u00eddeo).<\/li>\n<li><strong>Tecnolog\u00eda PLC compacta:<\/strong>\u00a0Gracias a la tecnolog\u00eda Planar Lightwave Circuit, esta unidad ocupa poco espacio, lo que la hace ideal para su instalaci\u00f3n en entornos con limitaciones de espacio, como\u00a0<strong>cajas de terminaci\u00f3n de fibra \u00f3ptica<\/strong>\u00a0o\u00a0<strong>cierres de empalme<\/strong>.<\/li>\n<li><strong>Versatilidad de banda ancha:<\/strong>\u00a0Admite transmisi\u00f3n de espectro completo (1260 nm-1650 nm), lo que garantiza la compatibilidad con los est\u00e1ndares GPON\/EPON actuales y las futuras actualizaciones XGS-PON.<\/li>\n<\/ul>\n<p><strong>Ficha t\u00e9cnica<\/strong><\/p>\n<p>Para ayudar a los ingenieros e integradores de sistemas en la planificaci\u00f3n de redes, proporcionamos datos de rendimiento transparentes y en tiempo real. La siguiente tabla resume las especificaciones t\u00edpicas de nuestro m\u00f3dulo divisor PLC 1*4.<\/p>\n<table>\n<thead>\n<tr>\n<th>Nombre del producto<\/th>\n<th>Divisor de fibra \u00f3ptica SC\/APC-1*4<\/th>\n<\/tr>\n<\/thead>\n<tbody>\n<tr>\n<td>Tipo de conector<\/td>\n<td>SC\/UPC, SC\/APC, FC\/UPC, FC\/APC, LC\/UPC, LC\/APC, ST\/UPC<\/td>\n<\/tr>\n<tr>\n<td>Color<\/td>\n<td>Amarillo\/blanco\/color<\/td>\n<\/tr>\n<tr>\n<td>Ancho de banda<\/td>\n<td>\u00b140 nm<\/td>\n<\/tr>\n<tr>\n<td>Resistencia a la tensi\u00f3n<\/td>\n<td>\u2265200 N<\/td>\n<\/tr>\n<tr>\n<td>Longitud de onda<\/td>\n<td>1310nm-1490nm-1550nm\/850nm<\/td>\n<\/tr>\n<tr>\n<td>Durabilidad<\/td>\n<td>\u22651000 veces<\/td>\n<\/tr>\n<tr>\n<td>Material<\/td>\n<td>LSZH<\/td>\n<\/tr>\n<tr>\n<td>P\u00e9rdida de inserci\u00f3n<\/td>\n<td>\\<\/td>\n<\/tr>\n<tr>\n<td>P\u00e9rdida de retorno<\/td>\n<td>UPC &gt; 50 dB, APC &gt; 60 dB<\/td>\n<\/tr>\n<\/tbody>\n<\/table>\n<p><strong>Integraci\u00f3n y aplicaci\u00f3n<\/strong><\/p>\n<p>Fenxi Optoelectronics Technology se especializa en soluciones integrales de integraci\u00f3n de sistemas. Este divisor \u00f3ptico 1*4 est\u00e1 dise\u00f1ado para integrarse perfectamente con nuestro amplio ecosistema de productos:<\/p>\n<ol>\n<li><strong>Instalaci\u00f3n de ODF:<\/strong>\u00a0F\u00e1cil de montar en nuestro\u00a0<strong>Cuadros de distribuci\u00f3n de fibra \u00f3ptica ODF<\/strong>\u00a0para la gesti\u00f3n de la oficina central.<\/li>\n<li><strong>Distribuci\u00f3n de los pisos:<\/strong>\u00a0Ideal para colocar en interiores.\u00a0<strong>Casetes de fibra \u00f3ptica de 12 n\u00facleos<\/strong>\u00a0distribuir se\u00f1ales a varios departamentos u oficinas desde una sola fuente.<\/li>\n<li><strong>Durabilidad robusta:<\/strong>\u00a0La cubierta exterior y el alivio de tensi\u00f3n est\u00e1n dise\u00f1ados para soportar las duras condiciones de uso en el campo, lo que garantiza una fiabilidad a largo plazo para los operadores de telecomunicaciones.<\/li>\n<\/ol>\n<p><strong>Compromiso con la calidad<\/strong><\/p>\n<p>Con el respaldo de un equipo de expertos nacionales e internacionales, Fenxi garantiza que cada divisor \u00f3ptico SC\/APC-1*4 se somete a estrictas pruebas antes de su env\u00edo. Nos dedicamos a proporcionar productos de comunicaci\u00f3n \u00f3ptica que potencian el crecimiento y la estabilidad de su red.<\/p>","protected":false},"excerpt":{"rendered":"<p><strong>Optimizaci\u00f3n de la arquitectura de red con Fenxi Optoelectronics<\/strong><\/p>\n<p>En la era de la banda ancha de alta velocidad, la eficiencia de la red se define por la eficacia con la que se puede distribuir el ancho de banda a m\u00faltiples suscriptores. El\u00a0<strong>Divisor \u00f3ptico SC\/APC-1*4<\/strong>\u00a0ofrecido por Fenxi Optoelectronics Technology es un componente b\u00e1sico para las implementaciones de fibra hasta el hogar (FTTH) y redes \u00f3pticas pasivas (PON). Dise\u00f1ado por nuestro equipo s\u00e9nior de I+D, este divisor permite dividir sin problemas una sola entrada \u00f3ptica en cuatro salidas, lo que maximiza el potencial de su infraestructura de fibra y mantiene al mismo tiempo una integridad de se\u00f1al rigurosa.<\/p>","protected":false},"featured_media":467,"comment_status":"open","ping_status":"closed","template":"","meta":[],"product_brand":[],"product_cat":[28],"product_tag":[],"class_list":{"0":"post-466","1":"product","2":"type-product","3":"status-publish","4":"has-post-thumbnail","6":"product_cat-fiber-optic-splitter","8":"first","9":"instock","10":"shipping-taxable","11":"product-type-simple"},"_links":{"self":[{"href":"https:\/\/www.fenxifiber.com\/es\/wp-json\/wp\/v2\/product\/466","targetHints":{"allow":["GET"]}}],"collection":[{"href":"https:\/\/www.fenxifiber.com\/es\/wp-json\/wp\/v2\/product"}],"about":[{"href":"https:\/\/www.fenxifiber.com\/es\/wp-json\/wp\/v2\/types\/product"}],"replies":[{"embeddable":true,"href":"https:\/\/www.fenxifiber.com\/es\/wp-json\/wp\/v2\/comments?post=466"}],"wp:featuredmedia":[{"embeddable":true,"href":"https:\/\/www.fenxifiber.com\/es\/wp-json\/wp\/v2\/media\/467"}],"wp:attachment":[{"href":"https:\/\/www.fenxifiber.com\/es\/wp-json\/wp\/v2\/media?parent=466"}],"wp:term":[{"taxonomy":"product_brand","embeddable":true,"href":"https:\/\/www.fenxifiber.com\/es\/wp-json\/wp\/v2\/product_brand?post=466"},{"taxonomy":"product_cat","embeddable":true,"href":"https:\/\/www.fenxifiber.com\/es\/wp-json\/wp\/v2\/product_cat?post=466"},{"taxonomy":"product_tag","embeddable":true,"href":"https:\/\/www.fenxifiber.com\/es\/wp-json\/wp\/v2\/product_tag?post=466"}],"curies":[{"name":"wp","href":"https:\/\/api.w.org\/{rel}","templated":true}]}}