{"id":468,"date":"2026-01-29T06:16:49","date_gmt":"2026-01-29T06:16:49","guid":{"rendered":"https:\/\/www.fenxifiber.com\/?post_type=product&#038;p=468"},"modified":"2026-02-03T04:02:58","modified_gmt":"2026-02-03T04:02:58","slug":"divisor-de-fibra-optica-sc-apc-18-soluciones-pon-eficientes","status":"publish","type":"product","link":"https:\/\/www.fenxifiber.com\/es\/product\/fiber-optical-splitter-sc-apc-18-efficient-pon-solutions\/","title":{"rendered":"Divisor de fibra \u00f3ptica SC\/APC-1*8: soluciones PON eficientes"},"content":{"rendered":"<p><strong>\u00bfPor qu\u00e9 elegir el divisor 1\u00d78 de Fenxi?<\/strong><\/p>\n<p>A diferencia de los componentes est\u00e1ndar, nuestro divisor 1*8 se centra en la estabilidad a largo plazo y la facilidad de integraci\u00f3n. Tanto si est\u00e1 actualizando una operaci\u00f3n de telecomunicaciones como si est\u00e1 gestionando un proyecto complejo de integraci\u00f3n de sistemas, este dispositivo ofrece ventajas distintivas:<\/p>\n<ul>\n<li><strong>Pulido de precisi\u00f3n:<\/strong>\u00a0Los conectores SC\/APC (contacto f\u00edsico en \u00e1ngulo) presentan un \u00e1ngulo de 8\u00b0 que minimiza la reflexi\u00f3n trasera, lo que garantiza una calidad superior en la transmisi\u00f3n de video y datos.<\/li>\n<li><strong>Divisi\u00f3n uniforme de la potencia:<\/strong>\u00a0Nuestra tecnolog\u00eda PLC (circuito plano de onda luminosa) garantiza que la potencia \u00f3ptica se distribuya de manera uniforme en los 8 puertos, lo que evita el desequilibrio en la p\u00e9rdida de se\u00f1al.<\/li>\n<li><strong>Compacto y duradero:<\/strong>\u00a0Dise\u00f1ado para encajar perfectamente en\u00a0<strong>cajas de terminaci\u00f3n de fibra \u00f3ptica<\/strong>\u00a0y\u00a0<strong>cierres de empalme<\/strong>, lo que permite ahorrar un valioso espacio en las cabinas de calle y las salas de servidores.<\/li>\n<\/ul>\n<p><strong>Especificaciones t\u00e9cnicas (est\u00e1ndar de la industria)<\/strong><\/p>\n<p>Entendemos que la precisi\u00f3n t\u00e9cnica es innegociable. Nuestras l\u00edneas de producci\u00f3n cumplen con estrictas normas de calidad ISO. A continuaci\u00f3n se muestran los datos t\u00e9cnicos en tiempo real de nuestro divisor PLC 1*8 de primera calidad, que garantiza que su red cumpla con los requisitos globales de clase portadora.<\/p>\n<table>\n<thead>\n<tr>\n<th>Nombre del producto<\/th>\n<th>Divisor de fibra \u00f3ptica SC\/APC-1*8<\/th>\n<\/tr>\n<\/thead>\n<tbody>\n<tr>\n<td>Tipo de conector<\/td>\n<td>SC\/UPC, SC\/APC, FC\/UPC, FC\/APC, LC\/UPC, LC\/APC, ST\/UPC<\/td>\n<\/tr>\n<tr>\n<td>Color<\/td>\n<td>Amarillo\/blanco\/color<\/td>\n<\/tr>\n<tr>\n<td>Ancho de banda<\/td>\n<td>\u00b140 nm<\/td>\n<\/tr>\n<tr>\n<td>Resistencia a la tensi\u00f3n<\/td>\n<td>\u2265200 N<\/td>\n<\/tr>\n<tr>\n<td>Longitud de onda<\/td>\n<td>1310nm-1490nm-1550nm\/850nm<\/td>\n<\/tr>\n<tr>\n<td>Durabilidad<\/td>\n<td>\u22651000 veces<\/td>\n<\/tr>\n<tr>\n<td>Material<\/td>\n<td>LSZH<\/td>\n<\/tr>\n<tr>\n<td>P\u00e9rdida de inserci\u00f3n<\/td>\n<td>\\<\/td>\n<\/tr>\n<tr>\n<td>P\u00e9rdida de retorno<\/td>\n<td>UPC &gt; 50 dB, APC &gt; 60 dB<\/td>\n<\/tr>\n<\/tbody>\n<\/table>\n<p><strong>Integraci\u00f3n perfecta para redes modernas<\/strong><\/p>\n<p>En\u00a0<strong>Divisor \u00f3ptico SC\/APC-1*8<\/strong>\u00a0es el caballo de batalla de las redes \u00f3pticas pasivas modernas. Fenxi Optoelectronics ha optimizado este producto para entornos de alta densidad. Es totalmente compatible con nuestra gama de\u00a0<strong>Cuadros de distribuci\u00f3n de fibra \u00f3ptica ODF<\/strong>\u00a0y\u00a0<strong>Casetes de fibra \u00f3ptica de 12 n\u00facleos<\/strong>, lo que permite una instalaci\u00f3n \u201cPlug and Play\u201d.<\/p>\n<p>Al elegir Fenxi, no solo est\u00e1 comprando un divisor, sino que tambi\u00e9n est\u00e1 aprovechando la experiencia de una empresa dedicada a la innovaci\u00f3n en I+D. Nos aseguramos de que cada unidad contribuya a reducir el costo total de propiedad (TCO) para los operadores, al disminuir las necesidades de mantenimiento y prolongar la vida \u00fatil de la red.<\/p>","protected":false},"excerpt":{"rendered":"<p><strong>Potencia la expansi\u00f3n de tu red con una distribuci\u00f3n de se\u00f1al de alta densidad<\/strong><\/p>\n<p>En el competitivo \u00e1mbito de la fibra \u00f3ptica, la escalabilidad es la clave del \u00e9xito. Fenxi Optoelectronics Technology presenta el\u00a0<strong>Divisor \u00f3ptico SC\/APC-1*8<\/strong>, un componente crucial dise\u00f1ado para dividir sin problemas una sola entrada \u00f3ptica en ocho salidas. Con el respaldo de nuestro equipo de profesionales s\u00e9nior de I+D y expertos internacionales en gesti\u00f3n de calidad, este divisor est\u00e1 dise\u00f1ado para maximizar la cobertura de red para arquitecturas de fibra hasta el hogar (FTTH) y GPON\/EPON sin comprometer la integridad de la se\u00f1al.<\/p>","protected":false},"featured_media":625,"comment_status":"open","ping_status":"closed","template":"","meta":[],"product_brand":[],"product_cat":[28],"product_tag":[],"class_list":{"0":"post-468","1":"product","2":"type-product","3":"status-publish","4":"has-post-thumbnail","6":"product_cat-fiber-optic-splitter","8":"first","9":"instock","10":"shipping-taxable","11":"product-type-simple"},"_links":{"self":[{"href":"https:\/\/www.fenxifiber.com\/es\/wp-json\/wp\/v2\/product\/468","targetHints":{"allow":["GET"]}}],"collection":[{"href":"https:\/\/www.fenxifiber.com\/es\/wp-json\/wp\/v2\/product"}],"about":[{"href":"https:\/\/www.fenxifiber.com\/es\/wp-json\/wp\/v2\/types\/product"}],"replies":[{"embeddable":true,"href":"https:\/\/www.fenxifiber.com\/es\/wp-json\/wp\/v2\/comments?post=468"}],"wp:featuredmedia":[{"embeddable":true,"href":"https:\/\/www.fenxifiber.com\/es\/wp-json\/wp\/v2\/media\/625"}],"wp:attachment":[{"href":"https:\/\/www.fenxifiber.com\/es\/wp-json\/wp\/v2\/media?parent=468"}],"wp:term":[{"taxonomy":"product_brand","embeddable":true,"href":"https:\/\/www.fenxifiber.com\/es\/wp-json\/wp\/v2\/product_brand?post=468"},{"taxonomy":"product_cat","embeddable":true,"href":"https:\/\/www.fenxifiber.com\/es\/wp-json\/wp\/v2\/product_cat?post=468"},{"taxonomy":"product_tag","embeddable":true,"href":"https:\/\/www.fenxifiber.com\/es\/wp-json\/wp\/v2\/product_tag?post=468"}],"curies":[{"name":"wp","href":"https:\/\/api.w.org\/{rel}","templated":true}]}}