{"id":497,"date":"2026-01-29T08:40:48","date_gmt":"2026-01-29T08:40:48","guid":{"rendered":"https:\/\/www.fenxifiber.com\/?post_type=product&#038;p=497"},"modified":"2026-02-03T01:10:25","modified_gmt":"2026-02-03T01:10:25","slug":"divisor-de-fibra-optica-sc-upc-12-para-una-distribucion-estable-de-la-senal-pon","status":"publish","type":"product","link":"https:\/\/www.fenxifiber.com\/es\/product\/fiber-optical-splitter-sc-upc-12-for-stable-pon-signal-distribution\/","title":{"rendered":"Divisor de fibra \u00f3ptica SC\/UPC-1*2 para una distribuci\u00f3n estable de la se\u00f1al PON"},"content":{"rendered":"<h3>Ventajas de dise\u00f1o y rendimiento<\/h3>\n<p>Este divisor \u00f3ptico 1\u00d72 adopta una avanzada tecnolog\u00eda de fabricaci\u00f3n de gu\u00edas de onda de s\u00edlice para garantizar una divisi\u00f3n uniforme de la potencia y una dependencia m\u00ednima de la longitud de onda. Los conectores SC\/UPC se fabrican con procesos de pulido de alta precisi\u00f3n para lograr una baja reflexi\u00f3n trasera y una mayor estabilidad de conexi\u00f3n.<\/p>\n<p>En combinaci\u00f3n con el estricto control de producci\u00f3n y el sistema de inspecci\u00f3n de calidad de Fenxi, el divisor funciona de manera confiable tanto en entornos interiores como exteriores, lo que permite un funcionamiento prolongado de la red con menores requisitos de mantenimiento.<\/p>\n<h3>Especificaciones t\u00e9cnicas clave<\/h3>\n<p>Las siguientes especificaciones reflejan los est\u00e1ndares actuales de la industria para divisores PLC utilizados en redes de telecomunicaciones y acceso:<\/p>\n<table>\n<thead>\n<tr>\n<th>Nombre del producto<\/th>\n<th>Divisor de fibra \u00f3ptica SC\/UPC-1*2<\/th>\n<\/tr>\n<\/thead>\n<tbody>\n<tr>\n<td>Tipo de conector<\/td>\n<td>SC\/UPC, SC\/APC, FC\/UPC, FC\/APC, LC\/UPC, LC\/APC, ST\/UPC<\/td>\n<\/tr>\n<tr>\n<td>Color<\/td>\n<td>Amarillo\/blanco\/color<\/td>\n<\/tr>\n<tr>\n<td>Ancho de banda<\/td>\n<td>\u00b140 nm<\/td>\n<\/tr>\n<tr>\n<td>Resistencia a la tensi\u00f3n<\/td>\n<td>\u2265200 N<\/td>\n<\/tr>\n<tr>\n<td>Longitud de onda<\/td>\n<td>1310nm-1490nm-1550nm\/850nm<\/td>\n<\/tr>\n<tr>\n<td>Durabilidad<\/td>\n<td>\u22651000 veces<\/td>\n<\/tr>\n<tr>\n<td>Material<\/td>\n<td>LSZH<\/td>\n<\/tr>\n<tr>\n<td>P\u00e9rdida de inserci\u00f3n<\/td>\n<td>\\<\/td>\n<\/tr>\n<tr>\n<td>P\u00e9rdida de retorno<\/td>\n<td>UPC &gt; 50 dB, APC &gt; 60 dB<\/td>\n<\/tr>\n<\/tbody>\n<\/table>\n<h3>Escenarios de aplicaci\u00f3n<\/h3>\n<p>El divisor \u00f3ptico SC\/UPC-1*2 est\u00e1 dise\u00f1ado para satisfacer las necesidades de m\u00faltiples arquitecturas de redes \u00f3pticas, entre las que se incluyen:<\/p>\n<ul>\n<li>Redes de acceso de fibra hasta el hogar (FTTH)<\/li>\n<li>Redes \u00f3pticas pasivas (GPON\/EPON)<\/li>\n<li>Centrales de telecomunicaciones y nodos de distribuci\u00f3n.<\/li>\n<li>Sistemas de CATV y transmisi\u00f3n de datos<\/li>\n<li>Entornos de monitoreo y prueba de se\u00f1ales \u00f3pticas<\/li>\n<\/ul>\n<p>Su estructura compacta y sus caracter\u00edsticas \u00f3pticas estables lo hacen adecuado para su instalaci\u00f3n en ODF, cajas de terminaci\u00f3n de fibra y cierres de empalme.<\/p>\n<h3>Fortaleza de fabricaci\u00f3n de Fenxi Optoelectronics Technology<\/h3>\n<p>Fenxi Optoelectronics Technology cuenta con ingenieros de I+D con amplia experiencia y equipos profesionales de producci\u00f3n y gesti\u00f3n de calidad. Desde la selecci\u00f3n de las materias primas hasta las pruebas finales, cada divisor \u00f3ptico SC\/UPC-1*2 se fabrica siguiendo procesos controlados para garantizar el cumplimiento de las normas internacionales de comunicaci\u00f3n \u00f3ptica.<\/p>\n<p>Al centrarse en la consistencia del rendimiento y la adaptabilidad de las aplicaciones, Fenxi sigue proporcionando soluciones \u00f3pticas fiables para los integradores de telecomunicaciones y redes de todo el mundo.<\/p>","protected":false},"excerpt":{"rendered":"<h3>Descripci\u00f3n del producto<\/h3>\n<p>En\u00a0<strong>Divisor \u00f3ptico SC\/UPC-1*2<\/strong>\u00a0desde\u00a0<strong>Tecnolog\u00eda optoelectr\u00f3nica Fenxi<\/strong>\u00a0Es un componente \u00f3ptico pasivo dise\u00f1ado con precisi\u00f3n que se utiliza para dividir de manera uniforme las se\u00f1ales \u00f3pticas en las redes modernas de fibra \u00f3ptica. Basado en la tecnolog\u00eda PLC (circuito plano de onda luminosa), este divisor ofrece un rendimiento \u00f3ptico constante, una baja p\u00e9rdida de inserci\u00f3n y una excelente confiabilidad a largo plazo.<\/p>\n<p>Dise\u00f1ado para su implementaci\u00f3n a gran escala, se aplica ampliamente en infraestructuras FTTH, FTTB y PON (GPON\/EPON), donde es fundamental una distribuci\u00f3n estable de la se\u00f1al.<\/p>","protected":false},"featured_media":498,"comment_status":"open","ping_status":"closed","template":"","meta":[],"product_brand":[],"product_cat":[28],"product_tag":[],"class_list":{"0":"post-497","1":"product","2":"type-product","3":"status-publish","4":"has-post-thumbnail","6":"product_cat-fiber-optic-splitter","8":"first","9":"instock","10":"shipping-taxable","11":"product-type-simple"},"_links":{"self":[{"href":"https:\/\/www.fenxifiber.com\/es\/wp-json\/wp\/v2\/product\/497","targetHints":{"allow":["GET"]}}],"collection":[{"href":"https:\/\/www.fenxifiber.com\/es\/wp-json\/wp\/v2\/product"}],"about":[{"href":"https:\/\/www.fenxifiber.com\/es\/wp-json\/wp\/v2\/types\/product"}],"replies":[{"embeddable":true,"href":"https:\/\/www.fenxifiber.com\/es\/wp-json\/wp\/v2\/comments?post=497"}],"wp:featuredmedia":[{"embeddable":true,"href":"https:\/\/www.fenxifiber.com\/es\/wp-json\/wp\/v2\/media\/498"}],"wp:attachment":[{"href":"https:\/\/www.fenxifiber.com\/es\/wp-json\/wp\/v2\/media?parent=497"}],"wp:term":[{"taxonomy":"product_brand","embeddable":true,"href":"https:\/\/www.fenxifiber.com\/es\/wp-json\/wp\/v2\/product_brand?post=497"},{"taxonomy":"product_cat","embeddable":true,"href":"https:\/\/www.fenxifiber.com\/es\/wp-json\/wp\/v2\/product_cat?post=497"},{"taxonomy":"product_tag","embeddable":true,"href":"https:\/\/www.fenxifiber.com\/es\/wp-json\/wp\/v2\/product_tag?post=497"}],"curies":[{"name":"wp","href":"https:\/\/api.w.org\/{rel}","templated":true}]}}