{"id":499,"date":"2026-01-29T08:45:23","date_gmt":"2026-01-29T08:45:23","guid":{"rendered":"https:\/\/www.fenxifiber.com\/?post_type=product&#038;p=499"},"modified":"2026-02-03T01:09:59","modified_gmt":"2026-02-03T01:09:59","slug":"divisor-de-fibra-optica-sc-upc-14-para-una-expansion-eficiente-de-la-red-optica","status":"publish","type":"product","link":"https:\/\/www.fenxifiber.com\/es\/product\/fiber-optical-splitter-sc-upc-14-for-efficient-optical-network-expansion\/","title":{"rendered":"Divisor de fibra \u00f3ptica SC\/UPC-1*4 para una expansi\u00f3n eficiente de la red \u00f3ptica"},"content":{"rendered":"<h3>Productos<\/h3>\n<p>En\u00a0<strong>Divisor \u00f3ptico SC\/UPC-1*4<\/strong>\u00a0es un dispositivo \u00f3ptico pasivo de alta precisi\u00f3n desarrollado por\u00a0<strong>Tecnolog\u00eda optoelectr\u00f3nica Fenxi<\/strong>\u00a0para respaldar la distribuci\u00f3n eficiente de se\u00f1ales en las redes modernas de acceso de fibra \u00f3ptica. Al dividir una entrada \u00f3ptica en cuatro salidas uniformes, este divisor permite una expansi\u00f3n escalable de la red al tiempo que mantiene una calidad de transmisi\u00f3n estable.<\/p>\n<p>Basado en la tecnolog\u00eda PLC (circuito planar de onda luminosa) madura, el producto ofrece una baja p\u00e9rdida de inserci\u00f3n, una excelente consistencia de canal y una fiabilidad operativa a largo plazo, lo que lo hace adecuado tanto para redes de fibra \u00f3ptica de nivel carrier como para redes empresariales.<\/p>\n<h3>Dise\u00f1o estructural y estabilidad \u00f3ptica<\/h3>\n<p>Este divisor \u00f3ptico 1\u00d74 adopta tecnolog\u00eda de gu\u00eda de onda basada en s\u00edlice para garantizar una potencia \u00f3ptica equilibrada en todos los puertos de salida. El dise\u00f1o del circuito integrado minimiza la sensibilidad a la longitud de onda y mejora la estabilidad ambiental.<\/p>\n<p>Equipado con\u00a0<strong>Conectores SC\/UPC<\/strong>, El divisor cuenta con un pulido preciso de los extremos para reducir la p\u00e9rdida de retorno y la fluctuaci\u00f3n de inserci\u00f3n. Este dise\u00f1o mejora el rendimiento general del enlace y ayuda a mantener una calidad de se\u00f1al constante en implementaciones de redes de alta densidad.<\/p>\n<h3>Par\u00e1metros t\u00e9cnicos<\/h3>\n<p>La siguiente tabla enumera las especificaciones t\u00e9cnicas t\u00edpicas del divisor \u00f3ptico SC\/UPC-1*4, alineadas con los est\u00e1ndares actuales de la industria de las telecomunicaciones:<\/p>\n<table>\n<thead>\n<tr>\n<th>Nombre del producto<\/th>\n<th>Divisor de fibra \u00f3ptica SC\/UPC-1*4<\/th>\n<\/tr>\n<\/thead>\n<tbody>\n<tr>\n<td>Tipo de conector<\/td>\n<td>SC\/UPC, SC\/APC, FC\/UPC, FC\/APC, LC\/UPC, LC\/APC, ST\/UPC<\/td>\n<\/tr>\n<tr>\n<td>Color<\/td>\n<td>Amarillo\/blanco\/color<\/td>\n<\/tr>\n<tr>\n<td>Ancho de banda<\/td>\n<td>\u00b140 nm<\/td>\n<\/tr>\n<tr>\n<td>Resistencia a la tensi\u00f3n<\/td>\n<td>\u2265200 N<\/td>\n<\/tr>\n<tr>\n<td>Longitud de onda<\/td>\n<td>1310nm-1490nm-1550nm\/850nm<\/td>\n<\/tr>\n<tr>\n<td>Durabilidad<\/td>\n<td>\u22651000 veces<\/td>\n<\/tr>\n<tr>\n<td>Material<\/td>\n<td>LSZH<\/td>\n<\/tr>\n<tr>\n<td>P\u00e9rdida de inserci\u00f3n<\/td>\n<td>\\<\/td>\n<\/tr>\n<tr>\n<td>P\u00e9rdida de retorno<\/td>\n<td>UPC &gt; 50 dB, APC &gt; 60 dB<\/td>\n<\/tr>\n<\/tbody>\n<\/table>\n<h3><span style=\"font-size: 16px;\">Fabricaci\u00f3n y control de calidad<\/span><\/h3>\n<p>Fenxi Optoelectronics Technology combina equipos de producci\u00f3n avanzados con estrictos procesos de control de calidad. Cada divisor \u00f3ptico se somete a pruebas exhaustivas de p\u00e9rdida de inserci\u00f3n, p\u00e9rdida de retorno y durabilidad ambiental antes de su entrega.<\/p>\n<p>Aprovechando la experiencia de ingenieros de I+D con amplia trayectoria y equipos profesionales de gesti\u00f3n de calidad, Fenxi garantiza que cada divisor \u00f3ptico SC\/UPC-1*4 cumpla con las expectativas de rendimiento y confiabilidad de los proyectos de comunicaci\u00f3n \u00f3ptica a nivel mundial.<\/p>","protected":false},"excerpt":{"rendered":"<h3>Aplicaciones t\u00edpicas<\/h3>\n<p>El divisor \u00f3ptico SC\/UPC-1*4 se utiliza ampliamente en diversos escenarios de comunicaci\u00f3n \u00f3ptica, entre los que se incluyen:<\/p>\n<ul>\n<li>Redes de acceso FTTH y FTTB<\/li>\n<li>Sistemas \u00f3pticos pasivos GPON\/EPON<\/li>\n<li>Armarios de distribuci\u00f3n de telecomunicaciones y ODF<\/li>\n<li>Sistemas de distribuci\u00f3n y monitoreo de se\u00f1ales \u00f3pticas<\/li>\n<li>CATV y redes de transmisi\u00f3n de datos de banda ancha<\/li>\n<\/ul>\n<p>Su dise\u00f1o compacto permite una instalaci\u00f3n flexible en cajas de terminaci\u00f3n de fibra, cierres de empalme y bastidores de distribuci\u00f3n interiores.<\/p>","protected":false},"featured_media":500,"comment_status":"open","ping_status":"closed","template":"","meta":[],"product_brand":[],"product_cat":[28],"product_tag":[],"class_list":{"0":"post-499","1":"product","2":"type-product","3":"status-publish","4":"has-post-thumbnail","6":"product_cat-fiber-optic-splitter","8":"first","9":"instock","10":"shipping-taxable","11":"product-type-simple"},"_links":{"self":[{"href":"https:\/\/www.fenxifiber.com\/es\/wp-json\/wp\/v2\/product\/499","targetHints":{"allow":["GET"]}}],"collection":[{"href":"https:\/\/www.fenxifiber.com\/es\/wp-json\/wp\/v2\/product"}],"about":[{"href":"https:\/\/www.fenxifiber.com\/es\/wp-json\/wp\/v2\/types\/product"}],"replies":[{"embeddable":true,"href":"https:\/\/www.fenxifiber.com\/es\/wp-json\/wp\/v2\/comments?post=499"}],"wp:featuredmedia":[{"embeddable":true,"href":"https:\/\/www.fenxifiber.com\/es\/wp-json\/wp\/v2\/media\/500"}],"wp:attachment":[{"href":"https:\/\/www.fenxifiber.com\/es\/wp-json\/wp\/v2\/media?parent=499"}],"wp:term":[{"taxonomy":"product_brand","embeddable":true,"href":"https:\/\/www.fenxifiber.com\/es\/wp-json\/wp\/v2\/product_brand?post=499"},{"taxonomy":"product_cat","embeddable":true,"href":"https:\/\/www.fenxifiber.com\/es\/wp-json\/wp\/v2\/product_cat?post=499"},{"taxonomy":"product_tag","embeddable":true,"href":"https:\/\/www.fenxifiber.com\/es\/wp-json\/wp\/v2\/product_tag?post=499"}],"curies":[{"name":"wp","href":"https:\/\/api.w.org\/{rel}","templated":true}]}}