{"id":506,"date":"2026-01-29T08:59:55","date_gmt":"2026-01-29T08:59:55","guid":{"rendered":"https:\/\/www.fenxifiber.com\/?post_type=product&#038;p=506"},"modified":"2026-02-03T01:08:25","modified_gmt":"2026-02-03T01:08:25","slug":"divisor-de-fibra-optica-sc-upc-132-para-acceso-de-fibra-a-gran-escala","status":"publish","type":"product","link":"https:\/\/www.fenxifiber.com\/es\/product\/fiber-optical-splitter-sc-upc-132-for-large-scale-fiber-access\/","title":{"rendered":"Divisor de fibra \u00f3ptica SC\/UPC-1*32 para acceso de fibra a gran escala"},"content":{"rendered":"<h3>Resumen del producto<\/h3>\n<p>En\u00a0<strong>Divisor \u00f3ptico SC\/UPC-1*32<\/strong>\u00a0es un dispositivo \u00f3ptico pasivo de alta densidad desarrollado por\u00a0<strong>Tecnolog\u00eda optoelectr\u00f3nica Fenxi<\/strong>\u00a0para satisfacer la creciente demanda de redes de acceso de fibra a gran escala. Dise\u00f1ado para distribuir una se\u00f1al de entrada \u00f3ptica en treinta y dos canales de salida, este divisor permite una expansi\u00f3n eficiente de la red al tiempo que mantiene un rendimiento \u00f3ptico estable.<\/p>\n<p>Basado en la tecnolog\u00eda PLC, ofrece una excelente consistencia de longitud de onda y fiabilidad a largo plazo, lo que lo hace muy adecuado para las modernas infraestructuras FTTH y PON.<\/p>\n<h3>Especificaciones de rendimiento \u00f3ptico<\/h3>\n<p>Los siguientes datos t\u00e9cnicos reflejan los valores de rendimiento m\u00e1s comunes de los divisores \u00f3pticos PLC 1\u00d732 de grado carrier utilizados en las redes de telecomunicaciones actuales:<\/p>\n<table>\n<thead>\n<tr>\n<th>Nombre del producto<\/th>\n<th>Divisor de fibra \u00f3ptica SC\/UPC-1*32<\/th>\n<\/tr>\n<\/thead>\n<tbody>\n<tr>\n<td>Tipo de conector<\/td>\n<td>SC\/UPC, SC\/APC, FC\/UPC, FC\/APC, LC\/UPC, LC\/APC, ST\/UPC<\/td>\n<\/tr>\n<tr>\n<td>Color<\/td>\n<td>Amarillo\/blanco\/color<\/td>\n<\/tr>\n<tr>\n<td>Ancho de banda<\/td>\n<td>\u00b140 nm<\/td>\n<\/tr>\n<tr>\n<td>Resistencia a la tensi\u00f3n<\/td>\n<td>\u2265200 N<\/td>\n<\/tr>\n<tr>\n<td>Longitud de onda<\/td>\n<td>1310nm-1490nm-1550nm\/850nm<\/td>\n<\/tr>\n<tr>\n<td>Durabilidad<\/td>\n<td>\u22651000 veces<\/td>\n<\/tr>\n<tr>\n<td>Material<\/td>\n<td>LSZH<\/td>\n<\/tr>\n<tr>\n<td>P\u00e9rdida de inserci\u00f3n<\/td>\n<td>\\<\/td>\n<\/tr>\n<tr>\n<td>P\u00e9rdida de retorno<\/td>\n<td>UPC &gt; 50 dB, APC &gt; 60 dB<\/td>\n<\/tr>\n<\/tbody>\n<\/table>\n<h3>Valor de la aplicaci\u00f3n en redes de fibra \u00f3ptica<\/h3>\n<p>El divisor \u00f3ptico SC\/UPC-1*32 se utiliza ampliamente en situaciones en las que se requiere una alta densidad de usuarios y una distribuci\u00f3n centralizada de la se\u00f1al, entre las que se incluyen:<\/p>\n<ul>\n<li>Redes FTTH en comunidades residenciales y edificios comerciales<\/li>\n<li>Sistemas GPON y EPON para operadores de telecomunicaciones<\/li>\n<li>Redes de acceso de banda ancha en \u00e1reas metropolitanas<\/li>\n<li>Cuadros de distribuci\u00f3n \u00f3ptica y armarios de fibra \u00f3ptica<\/li>\n<li>Proyectos de ampliaci\u00f3n y mejora de la red<\/li>\n<\/ul>\n<p>Al permitir que m\u00e1s usuarios finales reciban servicio desde una sola fibra alimentadora, se reduce significativamente la complejidad de la infraestructura y los costos de implementaci\u00f3n.<\/p>\n<h3>Ventaja de fabricaci\u00f3n de Fenxi Optoelectronics Technology<\/h3>\n<p>Fenxi Optoelectronics Technology integra capacidades avanzadas de investigaci\u00f3n y desarrollo con estrictos sistemas de gesti\u00f3n de la producci\u00f3n y la calidad. Cada divisor \u00f3ptico SC\/UPC-1*32 se somete a exhaustivas pruebas \u00f3pticas y controles de fiabilidad ambiental antes de su entrega.<\/p>\n<p>A trav\u00e9s de la optimizaci\u00f3n continua de los procesos y el control de calidad, Fenxi ofrece soluciones de divisi\u00f3n \u00f3ptica estables y escalables que respaldan el desarrollo a largo plazo de las redes de comunicaci\u00f3n de fibra \u00f3ptica a nivel mundial.<\/p>","protected":false},"excerpt":{"rendered":"<h3>Estructura de ingenier\u00eda y control de se\u00f1ales<\/h3>\n<p>El divisor 1\u00d732 adopta procesos avanzados de fabricaci\u00f3n de circuitos planos de onda luminosa para garantizar un control preciso de la trayectoria \u00f3ptica y una distribuci\u00f3n equilibrada de la se\u00f1al. Cada conector SC\/UPC se ensambla con f\u00e9rulas cer\u00e1micas de alta precisi\u00f3n y extremos cuidadosamente pulidos, lo que reduce eficazmente la reflexi\u00f3n trasera y mejora la calidad general de la transmisi\u00f3n.<\/p>\n<p>Su dise\u00f1o compacto y robusto permite una instalaci\u00f3n flexible en bastidores de distribuci\u00f3n de fibra, gabinetes exteriores y cierres de empalme, lo que facilita la implementaci\u00f3n de redes centralizadas.<\/p>","protected":false},"featured_media":508,"comment_status":"open","ping_status":"closed","template":"","meta":[],"product_brand":[],"product_cat":[28],"product_tag":[],"class_list":{"0":"post-506","1":"product","2":"type-product","3":"status-publish","4":"has-post-thumbnail","6":"product_cat-fiber-optic-splitter","8":"first","9":"instock","10":"shipping-taxable","11":"product-type-simple"},"_links":{"self":[{"href":"https:\/\/www.fenxifiber.com\/es\/wp-json\/wp\/v2\/product\/506","targetHints":{"allow":["GET"]}}],"collection":[{"href":"https:\/\/www.fenxifiber.com\/es\/wp-json\/wp\/v2\/product"}],"about":[{"href":"https:\/\/www.fenxifiber.com\/es\/wp-json\/wp\/v2\/types\/product"}],"replies":[{"embeddable":true,"href":"https:\/\/www.fenxifiber.com\/es\/wp-json\/wp\/v2\/comments?post=506"}],"wp:featuredmedia":[{"embeddable":true,"href":"https:\/\/www.fenxifiber.com\/es\/wp-json\/wp\/v2\/media\/508"}],"wp:attachment":[{"href":"https:\/\/www.fenxifiber.com\/es\/wp-json\/wp\/v2\/media?parent=506"}],"wp:term":[{"taxonomy":"product_brand","embeddable":true,"href":"https:\/\/www.fenxifiber.com\/es\/wp-json\/wp\/v2\/product_brand?post=506"},{"taxonomy":"product_cat","embeddable":true,"href":"https:\/\/www.fenxifiber.com\/es\/wp-json\/wp\/v2\/product_cat?post=506"},{"taxonomy":"product_tag","embeddable":true,"href":"https:\/\/www.fenxifiber.com\/es\/wp-json\/wp\/v2\/product_tag?post=506"}],"curies":[{"name":"wp","href":"https:\/\/api.w.org\/{rel}","templated":true}]}}