{"id":509,"date":"2026-01-30T02:54:50","date_gmt":"2026-01-30T02:54:50","guid":{"rendered":"https:\/\/www.fenxifiber.com\/?post_type=product&#038;p=509"},"modified":"2026-02-03T04:48:35","modified_gmt":"2026-02-03T04:48:35","slug":"divisor-de-fibra-optica-sc-apc-12-divisor-de-fibra-plc-de-baja-perdida","status":"publish","type":"product","link":"https:\/\/www.fenxifiber.com\/es\/product\/fiber-optical-splitter-sc-apc-12-low-loss-plc-fiber-splitter\/","title":{"rendered":"Divisor de fibra \u00f3ptica SC\/APC-1*2 | Divisor de fibra PLC de baja p\u00e9rdida"},"content":{"rendered":"<h2>Productos<\/h2>\n<p>En\u00a0<strong>Divisor \u00f3ptico SC\/APC-1*2<\/strong>\u00a0es un divisor de fibra \u00f3ptica PLC (circuito planar de onda luminosa) de alto rendimiento dise\u00f1ado para una distribuci\u00f3n estable y eficiente de la se\u00f1al \u00f3ptica en las modernas redes FTTx y de telecomunicaciones. Desarrollado con una fabricaci\u00f3n de precisi\u00f3n y un estricto control de calidad, este divisor garantiza una baja p\u00e9rdida de inserci\u00f3n, una excelente uniformidad y una fiabilidad a largo plazo para aplicaciones de nivel carrier.<\/p>\n<h2>Especificaciones t\u00e9cnicas t\u00edpicas (Referencia industrial 2025)<\/h2>\n<table>\n<thead>\n<tr>\n<th>Nombre del producto<\/th>\n<th>Divisor de fibra \u00f3ptica SC\/APC-1*2<\/th>\n<\/tr>\n<\/thead>\n<tbody>\n<tr>\n<td>Tipo de conector<\/td>\n<td>SC\/UPC, SC\/APC, FC\/UPC, FC\/APC, LC\/UPC, LC\/APC, ST\/UPC<\/td>\n<\/tr>\n<tr>\n<td>Color<\/td>\n<td>Amarillo\/blanco\/color<\/td>\n<\/tr>\n<tr>\n<td>Ancho de banda<\/td>\n<td>\u00b140 nm<\/td>\n<\/tr>\n<tr>\n<td>Resistencia a la tensi\u00f3n<\/td>\n<td>\u2265200 N<\/td>\n<\/tr>\n<tr>\n<td>Longitud de onda<\/td>\n<td>1310nm-1490nm-1550nm\/850nm<\/td>\n<\/tr>\n<tr>\n<td>Durabilidad<\/td>\n<td>\u22651000 veces<\/td>\n<\/tr>\n<tr>\n<td>Material<\/td>\n<td>LSZH<\/td>\n<\/tr>\n<tr>\n<td>P\u00e9rdida de inserci\u00f3n<\/td>\n<td>\\<\/td>\n<\/tr>\n<tr>\n<td>P\u00e9rdida de retorno<\/td>\n<td>UPC &gt; 50 dB, APC &gt; 60 dB<\/td>\n<\/tr>\n<\/tbody>\n<\/table>\n<p><em>Nota: Los valores se basan en los est\u00e1ndares actuales de la industria y en datos t\u00edpicos de implementaci\u00f3n para divisores PLC.<\/em><\/p>\n<h2>Solicitudes<\/h2>\n<ul>\n<li>Redes de fibra hasta el hogar (FTTH)<\/li>\n<li>Redes \u00f3pticas pasivas (PON, GPON, EPON)<\/li>\n<li>Oficinas centrales de telecomunicaciones<\/li>\n<li>Cuadros de distribuci\u00f3n \u00f3ptica (ODF) y sistemas de gesti\u00f3n de fibra<\/li>\n<li>Proyectos de integraci\u00f3n de sistemas y acceso de banda ancha.<\/li>\n<\/ul>\n<h2>Ventaja en calidad y fabricaci\u00f3n<\/h2>\n<p>Con el respaldo de los experimentados equipos de investigaci\u00f3n y desarrollo, producci\u00f3n y gesti\u00f3n de calidad de Fenxi Optoelectronics Technology, cada divisor \u00f3ptico SC\/APC-1*2 se somete a rigurosas pruebas \u00f3pticas y ambientales para garantizar un rendimiento constante, resistencia mec\u00e1nica y una larga vida \u00fatil en entornos de red exigentes.<\/p>","protected":false},"excerpt":{"rendered":"<h2>Caracter\u00edsticas principales<\/h2>\n<ul>\n<li><strong>Interfaz SC\/APC<\/strong>El contacto f\u00edsico en \u00e1ngulo minimiza la reflexi\u00f3n trasera, mejorando la estabilidad de la red.<\/li>\n<li><strong>Distribuci\u00f3n de se\u00f1al 1\u00d72<\/strong>: Divisi\u00f3n \u00f3ptica de potencia uniforme para una expansi\u00f3n eficiente de la red.<\/li>\n<li><strong>Tecnolog\u00eda PLC<\/strong>: Consistencia y fiabilidad superiores en comparaci\u00f3n con los divisores FBT tradicionales.<\/li>\n<li><strong>Amplio soporte de longitudes de onda<\/strong>: Adecuado para sistemas PON en m\u00faltiples bandas de longitud de onda.<\/li>\n<li><strong>Compacto y duradero<\/strong>: Ideal para instalaciones de alta densidad en ODF, cajas de terminaci\u00f3n y gabinetes.<\/li>\n<\/ul>","protected":false},"featured_media":630,"comment_status":"open","ping_status":"closed","template":"","meta":[],"product_brand":[],"product_cat":[28],"product_tag":[],"class_list":{"0":"post-509","1":"product","2":"type-product","3":"status-publish","4":"has-post-thumbnail","6":"product_cat-fiber-optic-splitter","8":"first","9":"instock","10":"shipping-taxable","11":"product-type-simple"},"_links":{"self":[{"href":"https:\/\/www.fenxifiber.com\/es\/wp-json\/wp\/v2\/product\/509","targetHints":{"allow":["GET"]}}],"collection":[{"href":"https:\/\/www.fenxifiber.com\/es\/wp-json\/wp\/v2\/product"}],"about":[{"href":"https:\/\/www.fenxifiber.com\/es\/wp-json\/wp\/v2\/types\/product"}],"replies":[{"embeddable":true,"href":"https:\/\/www.fenxifiber.com\/es\/wp-json\/wp\/v2\/comments?post=509"}],"wp:featuredmedia":[{"embeddable":true,"href":"https:\/\/www.fenxifiber.com\/es\/wp-json\/wp\/v2\/media\/630"}],"wp:attachment":[{"href":"https:\/\/www.fenxifiber.com\/es\/wp-json\/wp\/v2\/media?parent=509"}],"wp:term":[{"taxonomy":"product_brand","embeddable":true,"href":"https:\/\/www.fenxifiber.com\/es\/wp-json\/wp\/v2\/product_brand?post=509"},{"taxonomy":"product_cat","embeddable":true,"href":"https:\/\/www.fenxifiber.com\/es\/wp-json\/wp\/v2\/product_cat?post=509"},{"taxonomy":"product_tag","embeddable":true,"href":"https:\/\/www.fenxifiber.com\/es\/wp-json\/wp\/v2\/product_tag?post=509"}],"curies":[{"name":"wp","href":"https:\/\/api.w.org\/{rel}","templated":true}]}}