{"id":546,"date":"2026-02-03T01:33:16","date_gmt":"2026-02-03T01:33:16","guid":{"rendered":"https:\/\/www.fenxifiber.com\/?post_type=product&#038;p=546"},"modified":"2026-02-04T01:06:05","modified_gmt":"2026-02-04T01:06:05","slug":"mpo-mpo-om3-de-8-hilos-y-12-hilos","status":"publish","type":"product","link":"https:\/\/www.fenxifiber.com\/es\/product\/mpo-mpo-om3-8core-12core\/","title":{"rendered":"MPO-MPO-OM3-8core\/12core Cable de conexi\u00f3n de fibra \u00f3ptica"},"content":{"rendered":"<h3 data-start=\"872\" data-end=\"892\"><strong data-start=\"876\" data-end=\"892\">Ventajas principales<\/strong><\/h3>\n<ul data-start=\"894\" data-end=\"2124\">\n<li data-start=\"894\" data-end=\"1142\">\n<p data-start=\"896\" data-end=\"1142\"><strong data-start=\"896\" data-end=\"934\">Optimizado para redes de alta velocidad:<\/strong> La fibra multimodo OM3 optimizada para l\u00e1ser es compatible con aplicaciones de 10 GbE, 40 GbE y 100 GbE, y ofrece una baja atenuaci\u00f3n y una transmisi\u00f3n confiable hasta distancias est\u00e1ndar del sector.<\/p>\n<\/li>\n<li data-start=\"1143\" data-end=\"1330\">\n<p data-start=\"1145\" data-end=\"1330\"><strong data-start=\"1145\" data-end=\"1176\">Opciones de alta densidad de fibra:<\/strong> Disponible en <strong data-start=\"1192\" data-end=\"1215\">8 n\u00facleos o 12 n\u00facleos<\/strong> en un solo equipo compacto, lo que permite una conectividad escalable para redes en expansi\u00f3n.<\/p>\n<\/li>\n<li data-start=\"1331\" data-end=\"1553\">\n<p data-start=\"1333\" data-end=\"1553\"><strong data-start=\"1333\" data-end=\"1369\">Preterminados y probados en f\u00e1brica:<\/strong> El modelo 100% ha sido pulido y sometido a pruebas de p\u00e9rdida de inserci\u00f3n, p\u00e9rdida de retorno y rendimiento del canal, lo que garantiza una calidad constante y una instalaci\u00f3n \u00abplug-and-play\u00bb.<\/p>\n<\/li>\n<li data-start=\"1554\" data-end=\"1776\">\n<p data-start=\"1556\" data-end=\"1776\"><strong data-start=\"1556\" data-end=\"1587\">Baja p\u00e9rdida, alta p\u00e9rdida de retorno:<\/strong> Dise\u00f1ado para superar el rendimiento t\u00edpico de los cables multimodo, con una baja p\u00e9rdida de inserci\u00f3n (a menudo \u2264 0,35 dB) y una alta p\u00e9rdida de retorno para un mejor rendimiento de la se\u00f1al.<\/p>\n<\/li>\n<li data-start=\"1777\" data-end=\"1963\">\n<p data-start=\"1779\" data-end=\"1963\"><strong data-start=\"1779\" data-end=\"1802\">Revestimiento LSZH o de PVC:<\/strong> Opciones de revestimiento de bajo desprendimiento de humos y sin hal\u00f3genos (LSZH) o de PVC para garantizar la seguridad en entornos de cableado de centros de datos y en interiores.<\/p>\n<\/li>\n<li data-start=\"1964\" data-end=\"2124\">\n<p data-start=\"1966\" data-end=\"2124\"><strong data-start=\"1966\" data-end=\"1996\">Compatibilidad con polaridad flexible:<\/strong> Disponible en configuraciones de polaridad de tipo A, B o C para adaptarse a diversas topolog\u00edas de red.<\/p>\n<\/li>\n<\/ul>\n<h3 data-start=\"2126\" data-end=\"2158\"><strong data-start=\"2130\" data-end=\"2158\">Especificaciones t\u00e9cnicas<\/strong><\/h3>\n<div class=\"TyagGW_tableContainer\">\n<div class=\"group TyagGW_tableWrapper flex flex-col-reverse w-fit\" tabindex=\"-1\">\n<table class=\"w-fit min-w-(--thread-content-width)\" data-start=\"2160\" data-end=\"2687\">\n<thead data-start=\"2160\" data-end=\"2187\">\n<tr data-start=\"2160\" data-end=\"2187\">\n<th class=\"\" data-start=\"2160\" data-end=\"2170\" data-col-size=\"sm\">Caracter\u00edstica<\/th>\n<th class=\"\" data-start=\"2170\" data-end=\"2187\" data-col-size=\"md\">Especificaci\u00f3n<\/th>\n<\/tr>\n<\/thead>\n<tbody data-start=\"2215\" data-end=\"2687\">\n<tr data-start=\"2215\" data-end=\"2257\">\n<td data-start=\"2215\" data-end=\"2228\" data-col-size=\"sm\">Tipo de fibra<\/td>\n<td data-start=\"2228\" data-end=\"2257\" data-col-size=\"md\">Multimodo OM3 (50\/125 \u00b5m)<\/td>\n<\/tr>\n<tr data-start=\"2258\" data-end=\"2293\">\n<td data-start=\"2258\" data-end=\"2271\" data-col-size=\"sm\">Recuento de n\u00facleos<\/td>\n<td data-start=\"2271\" data-end=\"2293\" data-col-size=\"md\">8 n\u00facleos \/ 12 n\u00facleos<\/td>\n<\/tr>\n<tr data-start=\"2294\" data-end=\"2336\">\n<td data-start=\"2294\" data-end=\"2306\" data-col-size=\"sm\">Conector<\/td>\n<td data-col-size=\"md\" data-start=\"2306\" data-end=\"2336\">MPO a MPO (hembra\/hembra)<\/td>\n<\/tr>\n<tr data-start=\"2337\" data-end=\"2382\">\n<td data-start=\"2337\" data-end=\"2349\" data-col-size=\"sm\">Pulido<\/td>\n<td data-start=\"2349\" data-end=\"2382\" data-col-size=\"md\">Est\u00e1ndar PC\/UPC; APC opcional<\/td>\n<\/tr>\n<tr data-start=\"2383\" data-end=\"2407\">\n<td data-start=\"2383\" data-end=\"2392\" data-col-size=\"sm\">Chamarra<\/td>\n<td data-start=\"2392\" data-end=\"2407\" data-col-size=\"md\">LSZH o PVC<\/td>\n<\/tr>\n<tr data-start=\"2408\" data-end=\"2438\">\n<td data-start=\"2408\" data-end=\"2419\" data-col-size=\"sm\">Di\u00e1metro<\/td>\n<td data-col-size=\"md\" data-start=\"2419\" data-end=\"2438\">~3,0 mm (valor t\u00edpico)<\/td>\n<\/tr>\n<tr data-start=\"2439\" data-end=\"2508\">\n<td data-start=\"2439\" data-end=\"2456\" data-col-size=\"sm\">P\u00e9rdida de inserci\u00f3n<\/td>\n<td data-col-size=\"md\" data-start=\"2456\" data-end=\"2508\">\u2264 0,35 dB (est\u00e1ndar); \u2264 0,20 dB (de \u00e9lite\/baja p\u00e9rdida)<\/td>\n<\/tr>\n<tr data-start=\"2509\" data-end=\"2544\">\n<td data-start=\"2509\" data-end=\"2523\" data-col-size=\"sm\">P\u00e9rdida de retorno<\/td>\n<td data-start=\"2523\" data-end=\"2544\" data-col-size=\"md\">\u2265 35 dB o mejor<\/td>\n<\/tr>\n<tr data-start=\"2545\" data-end=\"2583\">\n<td data-start=\"2545\" data-end=\"2562\" data-col-size=\"sm\">Temperatura de funcionamiento<\/td>\n<td data-col-size=\"md\" data-start=\"2562\" data-end=\"2583\">De -10 \u00b0C a +70 \u00b0C<\/td>\n<\/tr>\n<tr data-start=\"2584\" data-end=\"2687\">\n<td data-start=\"2584\" data-end=\"2596\" data-col-size=\"sm\">Normas<\/td>\n<td data-start=\"2596\" data-end=\"2648\" data-col-size=\"md\">Cumple con las normas IEC-61754-7, EIA\/TIA-604-5, RoHS y REACH<\/td>\n<\/tr>\n<\/tbody>\n<\/table>\n<\/div>\n<\/div>\n<h3 data-start=\"2689\" data-end=\"2717\"><strong data-start=\"2693\" data-end=\"2717\">Aplicaciones t\u00edpicas<\/strong><\/h3>\n<ul data-start=\"2719\" data-end=\"3120\">\n<li data-start=\"2719\" data-end=\"2820\">\n<p data-start=\"2721\" data-end=\"2820\">Alta densidad <strong data-start=\"2734\" data-end=\"2750\">centros de datos<\/strong> y el cableado de red troncal de telecomunicaciones.<\/p>\n<\/li>\n<li data-start=\"2821\" data-end=\"2915\">\n<p data-start=\"2823\" data-end=\"2915\"><strong data-start=\"2823\" data-end=\"2855\">Redes Ethernet de alta velocidad<\/strong> (10G \/ 40G \/ 100G).<\/p>\n<\/li>\n<li data-start=\"2916\" data-end=\"3019\">\n<p data-start=\"2918\" data-end=\"3019\"><strong data-start=\"2918\" data-end=\"2950\">Redes de \u00e1rea de almacenamiento (SAN)<\/strong> y sistemas Fibre Channel.<\/p>\n<\/li>\n<li data-start=\"3020\" data-end=\"3120\">\n<p data-start=\"3022\" data-end=\"3120\"><strong data-start=\"3022\" data-end=\"3041\">\u00d3ptica paralela<\/strong> y conexiones de transceptores QSFP\/SFP+.<\/p>\n<\/li>\n<\/ul>\n<h3 data-start=\"3122\" data-end=\"3165\"><strong data-start=\"3126\" data-end=\"3165\">\u00bfPor qu\u00e9 elegir este cable de conexi\u00f3n MPO\/MTP?<\/strong><\/h3>\n<p data-start=\"3167\" data-end=\"3650\">Dise\u00f1ado para ofrecer fiabilidad y rendimiento, el cable de conexi\u00f3n MPO-MPO-OM3 de 8 y 12 n\u00facleos ofrece una soluci\u00f3n rentable para infraestructuras de fibra de alta densidad. Su dise\u00f1o preterminado ahorra tiempo de instalaci\u00f3n, reduce los errores humanos y garantiza un rendimiento uniforme independientemente del n\u00famero de n\u00facleos y la longitud del cable. Con opciones de bajo nivel de p\u00e9rdida y alto nivel de p\u00e9rdida de retorno, este cable de conexi\u00f3n cumple con los exigentes requisitos de las redes sin concesiones.<\/p>\n<hr data-start=\"3652\" data-end=\"3655\" \/>\n<h2 data-start=\"3657\" data-end=\"3680\"><strong data-start=\"3660\" data-end=\"3680\">Preguntas y respuestas profesionales<\/strong><\/h2>\n<p data-start=\"3682\" data-end=\"4109\"><strong data-start=\"3682\" data-end=\"3760\">P1: \u00bfCu\u00e1l es la diferencia entre los cables de conexi\u00f3n OM3 MPO de 8 n\u00facleos y los de 12 n\u00facleos?<\/strong><br data-start=\"3760\" data-end=\"3763\" \/>R1: La diferencia principal es el n\u00famero de fibras \u00f3pticas que contiene el conjunto de cinta. <strong data-start=\"3842\" data-end=\"3852\">de 8 n\u00facleos<\/strong> se utiliza a menudo para aplicaciones espec\u00edficas de 40G\/100G en las que solo se necesitan ocho fibras, mientras que <strong data-start=\"3946\" data-end=\"3957\">de 12 n\u00facleos<\/strong> admite la capacidad total de fibra y configuraciones MPO est\u00e1ndar, lo que permite una mayor escalabilidad y garantiza su viabilidad a largo plazo.<\/p>\n<p data-start=\"4111\" data-end=\"4419\"><strong data-start=\"4111\" data-end=\"4166\">P2: \u00bfPor qu\u00e9 se utiliza habitualmente la fibra OM3 en los centros de datos?<\/strong><br data-start=\"4166\" data-end=\"4169\" \/>R2: La fibra OM3 es <strong data-start=\"4186\" data-end=\"4205\">optimizado para l\u00e1ser<\/strong> para la transmisi\u00f3n multimodo, lo que ofrece un soporte confiable para Ethernet de alta velocidad en distancias cortas y medias con una dispersi\u00f3n modal reducida, lo que lo hace ideal para los enlaces de los centros de datos modernos.<\/p>\n<p data-start=\"4421\" data-end=\"4773\"><strong data-start=\"4421\" data-end=\"4483\">P3: \u00bfQu\u00e9 significa \u00abp\u00e9rdida de inserci\u00f3n\u00bb y por qu\u00e9 es importante?<\/strong><br data-start=\"4483\" data-end=\"4486\" \/>R3: La p\u00e9rdida de inserci\u00f3n mide la potencia de la se\u00f1al que se pierde cuando la luz atraviesa el cable de conexi\u00f3n y los conectores. Una p\u00e9rdida de inserci\u00f3n m\u00e1s baja (por ejemplo, \u2264 0,35 dB) garantiza una mayor integridad de la se\u00f1al y un mejor rendimiento de la red, especialmente en aplicaciones de alta velocidad.<\/p>\n<p data-start=\"4775\" data-end=\"5074\"><strong data-start=\"4775\" data-end=\"4839\">P4: \u00bfC\u00f3mo influyen los tipos de polaridad (A\/B\/C) en el uso de los cables de conexi\u00f3n MPO?<\/strong><br data-start=\"4839\" data-end=\"4842\" \/>A4: La polaridad define el <strong data-start=\"4867\" data-end=\"4890\">pedido de mapeo de fibra<\/strong> entre conectores. La elecci\u00f3n del tipo de polaridad correcto garantiza una alineaci\u00f3n adecuada de la se\u00f1al en redes MPO complejas, lo que reduce los posibles errores de enlace.<\/p>","protected":false},"excerpt":{"rendered":"<p>En <strong data-start=\"335\" data-end=\"363\">MPO-MPO-OM3-8core\/12core<\/strong> es un cable de alto rendimiento, con terminaci\u00f3n de f\u00e1brica <strong data-start=\"406\" data-end=\"440\">Cable de conexi\u00f3n de fibra \u00f3ptica MPO\/MTP<\/strong> dise\u00f1ado para redes modernas de centros de datos de alta densidad y aplicaciones de red troncal empresarial. Fabricado con <strong data-start=\"546\" data-end=\"597\">fibra multimodo OM3 optimizada para l\u00e1ser (50\/125 \u00b5m)<\/strong>, Este cable ofrece una integridad de se\u00f1al excepcional, una baja p\u00e9rdida de inserci\u00f3n y una conectividad fiable en entornos de corto alcance y alto tr\u00e1fico, lo que lo hace ideal para Ethernet 40G\/100G, Fibre Channel, InfiniBand y otros enlaces de alta velocidad.<\/p>","protected":false},"featured_media":547,"comment_status":"open","ping_status":"closed","template":"","meta":[],"product_brand":[],"product_cat":[42],"product_tag":[],"class_list":{"0":"post-546","1":"product","2":"type-product","3":"status-publish","4":"has-post-thumbnail","6":"product_cat-mpo-mtp-fiber-optic-patch-cord","8":"first","9":"instock","10":"shipping-taxable","11":"product-type-simple"},"_links":{"self":[{"href":"https:\/\/www.fenxifiber.com\/es\/wp-json\/wp\/v2\/product\/546","targetHints":{"allow":["GET"]}}],"collection":[{"href":"https:\/\/www.fenxifiber.com\/es\/wp-json\/wp\/v2\/product"}],"about":[{"href":"https:\/\/www.fenxifiber.com\/es\/wp-json\/wp\/v2\/types\/product"}],"replies":[{"embeddable":true,"href":"https:\/\/www.fenxifiber.com\/es\/wp-json\/wp\/v2\/comments?post=546"}],"wp:featuredmedia":[{"embeddable":true,"href":"https:\/\/www.fenxifiber.com\/es\/wp-json\/wp\/v2\/media\/547"}],"wp:attachment":[{"href":"https:\/\/www.fenxifiber.com\/es\/wp-json\/wp\/v2\/media?parent=546"}],"wp:term":[{"taxonomy":"product_brand","embeddable":true,"href":"https:\/\/www.fenxifiber.com\/es\/wp-json\/wp\/v2\/product_brand?post=546"},{"taxonomy":"product_cat","embeddable":true,"href":"https:\/\/www.fenxifiber.com\/es\/wp-json\/wp\/v2\/product_cat?post=546"},{"taxonomy":"product_tag","embeddable":true,"href":"https:\/\/www.fenxifiber.com\/es\/wp-json\/wp\/v2\/product_tag?post=546"}],"curies":[{"name":"wp","href":"https:\/\/api.w.org\/{rel}","templated":true}]}}