{"id":548,"date":"2026-02-03T01:38:34","date_gmt":"2026-02-03T01:38:34","guid":{"rendered":"https:\/\/www.fenxifiber.com\/?post_type=product&#038;p=548"},"modified":"2026-02-04T01:07:28","modified_gmt":"2026-02-04T01:07:28","slug":"mpo-lc-om3-om4-12-nucleos","status":"publish","type":"product","link":"https:\/\/www.fenxifiber.com\/es\/product\/mpo-lc-om3-om4-12core\/","title":{"rendered":"MPO-LC-OM3\/OM4-12Core Cable de conexi\u00f3n de fibra para centros de datos"},"content":{"rendered":"<h3 data-start=\"786\" data-end=\"818\"><strong data-start=\"790\" data-end=\"818\">Caracter\u00edsticas y ventajas principales<\/strong><\/h3>\n<ul data-start=\"820\" data-end=\"2158\">\n<li data-start=\"820\" data-end=\"1093\">\n<p data-start=\"822\" data-end=\"1093\"><strong data-start=\"822\" data-end=\"855\">Compatibilidad multimodo de alta velocidad:<\/strong> Construido con <strong data-start=\"873\" data-end=\"897\">OM3 u OM4 50\/125 \u00b5m<\/strong> Fibra multimodo, que ofrece un excelente rendimiento para Ethernet de 10G, 40G y 100G y m\u00e1s all\u00e1. OM4 ofrece un ancho de banda y una distancia mejorados en comparaci\u00f3n con OM3.<\/p>\n<\/li>\n<li data-start=\"1094\" data-end=\"1344\">\n<p data-start=\"1096\" data-end=\"1344\"><strong data-start=\"1096\" data-end=\"1126\">Dise\u00f1o de conexi\u00f3n MPO a LC:<\/strong> Un extremo terminado con una alta densidad. <strong data-start=\"1166\" data-end=\"1198\">Conector multifibra MPO\/MTP<\/strong> y el otro con <strong data-start=\"1218\" data-end=\"1238\">12 conectores LC<\/strong>, lo que simplifica la implementaci\u00f3n en abanico a transceptores y paneles de conexi\u00f3n.<\/p>\n<\/li>\n<li data-start=\"1345\" data-end=\"1596\">\n<p data-start=\"1347\" data-end=\"1596\"><strong data-start=\"1347\" data-end=\"1389\">Baja p\u00e9rdida de inserci\u00f3n y alta p\u00e9rdida de retorno:<\/strong> Los valores t\u00edpicos de p\u00e9rdida de inserci\u00f3n tan bajos como \u2264 0,3 \u2013 0,35 dB en MPO y \u2264 0,3 dB en LC garantizan una degradaci\u00f3n m\u00ednima de la se\u00f1al, con una fuerte p\u00e9rdida de retorno para una transmisi\u00f3n estable.<\/p>\n<\/li>\n<li data-start=\"1597\" data-end=\"1793\">\n<p data-start=\"1599\" data-end=\"1793\"><strong data-start=\"1599\" data-end=\"1629\">Probado en f\u00e1brica y confiable:<\/strong> Cada cable se ensambla con precisi\u00f3n y se somete a pruebas 100% para comprobar su rendimiento \u00f3ptico antes de su env\u00edo, lo que garantiza resultados fiables sobre el terreno.<\/p>\n<\/li>\n<li data-start=\"1794\" data-end=\"1955\">\n<p data-start=\"1796\" data-end=\"1955\"><strong data-start=\"1796\" data-end=\"1824\">Opciones de cubiertas flexibles:<\/strong> Disponible en <strong data-start=\"1838\" data-end=\"1871\">LSZH (bajo nivel de humo y sin hal\u00f3genos)<\/strong> para uso seguro en interiores o PVC donde est\u00e9 permitido.<\/p>\n<\/li>\n<li data-start=\"1956\" data-end=\"2158\">\n<p data-start=\"1958\" data-end=\"2158\"><strong data-start=\"1958\" data-end=\"1988\">Polaridad y opciones personalizadas:<\/strong> Admite configuraciones de polaridad est\u00e1ndar de la industria (tipo A\/B\/C) y se puede personalizar en cuanto a longitud, tipo de cubierta y pulido del conector.<\/p>\n<\/li>\n<\/ul>\n<h3 data-start=\"2160\" data-end=\"2192\"><strong data-start=\"2164\" data-end=\"2192\">Especificaciones t\u00e9cnicas<\/strong><\/h3>\n<div class=\"TyagGW_tableContainer\">\n<div class=\"group TyagGW_tableWrapper flex flex-col-reverse w-fit\" tabindex=\"-1\">\n<table class=\"w-fit min-w-(--thread-content-width)\" data-start=\"2194\" data-end=\"2716\">\n<thead data-start=\"2194\" data-end=\"2221\">\n<tr data-start=\"2194\" data-end=\"2221\">\n<th class=\"align-top\" data-start=\"2194\" data-end=\"2204\" data-col-size=\"sm\">Caracter\u00edstica<\/th>\n<th class=\"align-top\" data-start=\"2204\" data-end=\"2221\" data-col-size=\"sm\">Especificaci\u00f3n<\/th>\n<\/tr>\n<\/thead>\n<tbody data-start=\"2250\" data-end=\"2716\">\n<tr data-start=\"2250\" data-end=\"2302\">\n<td data-start=\"2250\" data-end=\"2267\" data-col-size=\"sm\"><strong data-start=\"2252\" data-end=\"2266\">Tipo de fibra<\/strong><\/td>\n<td data-start=\"2267\" data-end=\"2302\" data-col-size=\"sm\">Multimodo OM3 \/ OM4 (50\/125 \u00b5m)<\/td>\n<\/tr>\n<tr data-start=\"2303\" data-end=\"2333\">\n<td data-start=\"2303\" data-end=\"2320\" data-col-size=\"sm\"><strong data-start=\"2305\" data-end=\"2319\">Recuento de n\u00facleos<\/strong><\/td>\n<td data-start=\"2320\" data-end=\"2333\" data-col-size=\"sm\">12 fibras<\/td>\n<\/tr>\n<tr data-start=\"2334\" data-end=\"2376\">\n<td data-start=\"2334\" data-end=\"2352\" data-col-size=\"sm\"><strong data-start=\"2336\" data-end=\"2351\">Conector A<\/strong><\/td>\n<td data-start=\"2352\" data-end=\"2376\" data-col-size=\"sm\">MPO\/MTP (multifibra)<\/td>\n<\/tr>\n<tr data-start=\"2377\" data-end=\"2417\">\n<td data-start=\"2377\" data-end=\"2395\" data-col-size=\"sm\"><strong data-start=\"2379\" data-end=\"2394\">Conector B<\/strong><\/td>\n<td data-start=\"2395\" data-end=\"2417\" data-col-size=\"sm\">12 conectores LC<\/td>\n<\/tr>\n<tr data-start=\"2418\" data-end=\"2484\">\n<td data-start=\"2418\" data-end=\"2446\" data-col-size=\"sm\"><strong data-start=\"2420\" data-end=\"2445\">P\u00e9rdida de inserci\u00f3n (t\u00edpica)<\/strong><\/td>\n<td data-start=\"2446\" data-end=\"2484\" data-col-size=\"sm\">MPO \u2264 0,30 \u2013 0,35 dB, LC \u2264 0,30 dB<\/td>\n<\/tr>\n<tr data-start=\"2485\" data-end=\"2538\">\n<td data-start=\"2485\" data-end=\"2503\" data-col-size=\"sm\"><strong data-start=\"2487\" data-end=\"2502\">P\u00e9rdida de retorno<\/strong><\/td>\n<td data-start=\"2503\" data-end=\"2538\" data-col-size=\"sm\">\u2265 30 dB (rendimiento multimodo)<\/td>\n<\/tr>\n<tr data-start=\"2539\" data-end=\"2566\">\n<td data-start=\"2539\" data-end=\"2552\" data-col-size=\"sm\"><strong data-start=\"2541\" data-end=\"2551\">Chamarra<\/strong><\/td>\n<td data-start=\"2552\" data-end=\"2566\" data-col-size=\"sm\">LSZH \/ PVC<\/td>\n<\/tr>\n<tr data-start=\"2567\" data-end=\"2613\">\n<td data-start=\"2567\" data-end=\"2594\" data-col-size=\"sm\"><strong data-start=\"2569\" data-end=\"2593\">Di\u00e1metro exterior del cable<\/strong><\/td>\n<td data-start=\"2594\" data-end=\"2613\" data-col-size=\"sm\">~3 mm (t\u00edpico)<\/td>\n<\/tr>\n<tr data-start=\"2614\" data-end=\"2656\">\n<td data-start=\"2614\" data-end=\"2636\" data-col-size=\"sm\"><strong data-start=\"2616\" data-end=\"2635\">Temperatura de funcionamiento.<\/strong><\/td>\n<td data-start=\"2636\" data-end=\"2656\" data-col-size=\"sm\">De -10 \u00b0C a +70 \u00b0C<\/td>\n<\/tr>\n<tr data-start=\"2657\" data-end=\"2716\">\n<td data-start=\"2657\" data-end=\"2673\" data-col-size=\"sm\"><strong data-start=\"2659\" data-end=\"2672\">Normas<\/strong><\/td>\n<td data-start=\"2673\" data-end=\"2716\" data-col-size=\"sm\">Cumple con las normas RoHS, EIA\/TIA, IEC y Telcordia.<\/td>\n<\/tr>\n<\/tbody>\n<\/table>\n<\/div>\n<\/div>\n<blockquote data-start=\"2718\" data-end=\"2891\">\n<p data-start=\"2720\" data-end=\"2891\"><strong data-start=\"2720\" data-end=\"2729\">Nota:<\/strong> La fibra OM4 (revestimiento violeta) suele ofrecer un mayor ancho de banda y un mayor alcance que la OM3 (azul turquesa) para aplicaciones equivalentes.<\/p>\n<\/blockquote>\n<h3 data-start=\"2893\" data-end=\"2921\"><strong data-start=\"2897\" data-end=\"2921\">Aplicaciones t\u00edpicas<\/strong><\/h3>\n<ul data-start=\"2923\" data-end=\"3528\">\n<li data-start=\"2923\" data-end=\"3072\">\n<p data-start=\"2925\" data-end=\"3072\"><strong data-start=\"2925\" data-end=\"2954\">Conectividad del centro de datos:<\/strong> Perfecto para enlaces de bastidores de servidores de alta densidad, conexiones cruzadas y paneles de conexi\u00f3n.<\/p>\n<\/li>\n<li data-start=\"3073\" data-end=\"3232\">\n<p data-start=\"3075\" data-end=\"3232\"><strong data-start=\"3075\" data-end=\"3103\">Sistemas \u00f3pticos paralelos:<\/strong> Se integra perfectamente con los transceptores QSFP+ y QSFP28 en redes multimodo de 40G\/100G.<\/p>\n<\/li>\n<li data-start=\"3233\" data-end=\"3377\">\n<p data-start=\"3235\" data-end=\"3377\"><strong data-start=\"3235\" data-end=\"3269\">Infraestructuras SAN y en la nube:<\/strong> Compatible con entornos de almacenamiento empresarial y redes virtualizadas.<\/p>\n<\/li>\n<li data-start=\"3378\" data-end=\"3528\">\n<p data-start=\"3380\" data-end=\"3528\"><strong data-start=\"3380\" data-end=\"3403\">Cableado estructurado:<\/strong> Ideal para cableado troncal MPO con conexi\u00f3n LC en armarios horizontales o de equipos.<\/p>\n<\/li>\n<\/ul>\n<h3 data-start=\"3530\" data-end=\"3573\"><strong data-start=\"3534\" data-end=\"3573\">\u00bfPor qu\u00e9 elegir este cable de conexi\u00f3n MPO-LC?<\/strong><\/h3>\n<p data-start=\"3575\" data-end=\"4018\">Esto <strong data-start=\"3580\" data-end=\"3619\">Cable de conexi\u00f3n multimodo MPO-LC de 12 n\u00facleos<\/strong> est\u00e1 dise\u00f1ado para ofrecer rendimiento, fiabilidad y facilidad de implementaci\u00f3n. Su terminaci\u00f3n MPO de alta densidad reduce el desorden en los bastidores y mejora el flujo de aire, mientras que la conexi\u00f3n de 12 LC optimiza las conexiones a los puertos de red individuales. Totalmente probado en f\u00e1brica y conforme con los est\u00e1ndares del sector, es una soluci\u00f3n rentable para actualizar o ampliar redes de alta velocidad.<\/p>\n<hr data-start=\"4020\" data-end=\"4023\" \/>\n<h2 data-start=\"4025\" data-end=\"4048\"><strong data-start=\"4028\" data-end=\"4048\">Preguntas y respuestas profesionales<\/strong><\/h2>\n<p data-start=\"4050\" data-end=\"4349\"><strong data-start=\"4050\" data-end=\"4119\">P1: \u00bfCu\u00e1l es la diferencia entre OM3 y OM4 en este cable de conexi\u00f3n?<\/strong><br data-start=\"4119\" data-end=\"4122\" \/><strong data-start=\"4122\" data-end=\"4128\">A:<\/strong> OM3 y OM4 son ambas fibras multimodo de 50\/125 \u00b5m, pero OM4 ofrece un mayor ancho de banda modal y admite distancias de transmisi\u00f3n m\u00e1s largas a altas velocidades de datos (por ejemplo, 100G) en comparaci\u00f3n con OM3.<\/p>\n<p data-start=\"4351\" data-end=\"4682\"><strong data-start=\"4351\" data-end=\"4427\">P2: \u00bfPor qu\u00e9 utilizar un cable divisor MPO a LC en lugar de un troncal MPO recto?<\/strong><br data-start=\"4427\" data-end=\"4430\" \/><strong data-start=\"4430\" data-end=\"4436\">A:<\/strong> El dise\u00f1o de conexi\u00f3n MPO-LC permite que un solo cable multifibra se ramifique en conectores LC individuales, que se utilizan ampliamente en transceptores y paneles de conexi\u00f3n, lo que reduce la necesidad de hardware de conexi\u00f3n adicional.<\/p>\n<p data-start=\"4684\" data-end=\"4990\"><strong data-start=\"4684\" data-end=\"4756\">P3: \u00bfQu\u00e9 significa la polaridad en el cableado MPO y por qu\u00e9 es importante?<\/strong><br data-start=\"4756\" data-end=\"4759\" \/><strong data-start=\"4759\" data-end=\"4765\">A:<\/strong> La polaridad define c\u00f3mo se asignan las fibras de un extremo al otro del cable. Elegir la polaridad correcta garantiza un emparejamiento adecuado de la se\u00f1al, lo cual es crucial para la conectividad de los equipos activos.<\/p>\n<p data-start=\"4992\" data-end=\"5262\"><strong data-start=\"4992\" data-end=\"5046\">P4: \u00bfPuedo mezclar fibras OM3 y OM4 en el mismo enlace?<\/strong><br data-start=\"5046\" data-end=\"5049\" \/><strong data-start=\"5049\" data-end=\"5055\">A:<\/strong> S\u00ed, OM3 y OM4 son compatibles porque ambos utilizan fibra multimodo de 50\/125 \u00b5m, pero el rendimiento del enlace normalmente se ver\u00e1 limitado por la capacidad de la fibra de menor calidad.<\/p>","protected":false},"excerpt":{"rendered":"<p data-start=\"248\" data-end=\"784\">En <strong data-start=\"252\" data-end=\"277\">MPO-LC-OM3\/OM4-12core<\/strong> El cable de conexi\u00f3n es un cable avanzado y de alto rendimiento. <strong data-start=\"322\" data-end=\"363\">Cable de fibra \u00f3ptica multimodo MPO a LC<\/strong> Dise\u00f1ado para los exigentes centros de datos, empresas y redes de telecomunicaciones actuales. Fabricado con conectores de terminaci\u00f3n de precisi\u00f3n y fibra multimodo OM3\/OM4 optimizada, este conjunto permite una transmisi\u00f3n eficiente y de bajas p\u00e9rdidas en entornos de alta densidad. Su configuraci\u00f3n de 12 fibras admite \u00f3ptica paralela y conectividad fan-out, ideal para las modernas aplicaciones de 40 GbE y 100 GbE.<\/p>\n<h3 data-start=\"786\" data-end=\"818\"><\/h3>","protected":false},"featured_media":549,"comment_status":"open","ping_status":"closed","template":"","meta":[],"product_brand":[],"product_cat":[42],"product_tag":[],"class_list":{"0":"post-548","1":"product","2":"type-product","3":"status-publish","4":"has-post-thumbnail","6":"product_cat-mpo-mtp-fiber-optic-patch-cord","8":"first","9":"instock","10":"shipping-taxable","11":"product-type-simple"},"_links":{"self":[{"href":"https:\/\/www.fenxifiber.com\/es\/wp-json\/wp\/v2\/product\/548","targetHints":{"allow":["GET"]}}],"collection":[{"href":"https:\/\/www.fenxifiber.com\/es\/wp-json\/wp\/v2\/product"}],"about":[{"href":"https:\/\/www.fenxifiber.com\/es\/wp-json\/wp\/v2\/types\/product"}],"replies":[{"embeddable":true,"href":"https:\/\/www.fenxifiber.com\/es\/wp-json\/wp\/v2\/comments?post=548"}],"wp:featuredmedia":[{"embeddable":true,"href":"https:\/\/www.fenxifiber.com\/es\/wp-json\/wp\/v2\/media\/549"}],"wp:attachment":[{"href":"https:\/\/www.fenxifiber.com\/es\/wp-json\/wp\/v2\/media?parent=548"}],"wp:term":[{"taxonomy":"product_brand","embeddable":true,"href":"https:\/\/www.fenxifiber.com\/es\/wp-json\/wp\/v2\/product_brand?post=548"},{"taxonomy":"product_cat","embeddable":true,"href":"https:\/\/www.fenxifiber.com\/es\/wp-json\/wp\/v2\/product_cat?post=548"},{"taxonomy":"product_tag","embeddable":true,"href":"https:\/\/www.fenxifiber.com\/es\/wp-json\/wp\/v2\/product_tag?post=548"}],"curies":[{"name":"wp","href":"https:\/\/api.w.org\/{rel}","templated":true}]}}