{"id":554,"date":"2026-02-03T01:50:18","date_gmt":"2026-02-03T01:50:18","guid":{"rendered":"https:\/\/www.fenxifiber.com\/?post_type=product&#038;p=554"},"modified":"2026-02-04T01:09:41","modified_gmt":"2026-02-04T01:09:41","slug":"mpo-mpo-om5-8-12core","status":"publish","type":"product","link":"https:\/\/www.fenxifiber.com\/es\/product\/mpo-mpo-om5-8-12core\/","title":{"rendered":"MPO-MPO-OM5-8\/12Core Cable de conexi\u00f3n de fibra multimodo de banda ancha"},"content":{"rendered":"<h3 data-start=\"705\" data-end=\"727\"><strong data-start=\"709\" data-end=\"727\">Principales ventajas<\/strong><\/h3>\n<ul data-start=\"729\" data-end=\"1507\">\n<li data-start=\"729\" data-end=\"947\">\n<p data-start=\"731\" data-end=\"947\"><strong data-start=\"731\" data-end=\"763\">Fibra multimodo OM5 de banda ancha<\/strong><br data-start=\"763\" data-end=\"766\" \/>Admite SWDM (multiplexaci\u00f3n por divisi\u00f3n de longitud de onda corta), lo que permite m\u00faltiples longitudes de onda en una sola fibra y aumenta significativamente la capacidad total del enlace en comparaci\u00f3n con OM3 y OM4.<\/p>\n<\/li>\n<li data-start=\"949\" data-end=\"1100\">\n<p data-start=\"951\" data-end=\"1100\"><strong data-start=\"951\" data-end=\"979\">Opciones de 8 y 12 n\u00facleos<\/strong><br data-start=\"979\" data-end=\"982\" \/>Disponible en configuraciones de 8 o 12 fibras para adaptarse a los requisitos de los transceptores QSFP, QSFP-DD y \u00f3pticos paralelos.<\/p>\n<\/li>\n<li data-start=\"1102\" data-end=\"1223\">\n<p data-start=\"1104\" data-end=\"1223\"><strong data-start=\"1104\" data-end=\"1134\">Interfaz MPO de alta densidad<\/strong><br data-start=\"1134\" data-end=\"1137\" \/>Reduce la congesti\u00f3n de cables, mejora el flujo de aire y maximiza la utilizaci\u00f3n de bastidores y bandejas.<\/p>\n<\/li>\n<li data-start=\"1225\" data-end=\"1373\">\n<p data-start=\"1227\" data-end=\"1373\"><strong data-start=\"1227\" data-end=\"1267\">Terminaci\u00f3n de baja p\u00e9rdida y alta precisi\u00f3n<\/strong><br data-start=\"1267\" data-end=\"1270\" \/>Los conectores MPO pulidos en f\u00e1brica garantizan una baja p\u00e9rdida de inserci\u00f3n y un rendimiento \u00f3ptico estable y de alta velocidad.<\/p>\n<\/li>\n<li data-start=\"1375\" data-end=\"1507\">\n<p data-start=\"1377\" data-end=\"1507\"><strong data-start=\"1377\" data-end=\"1400\">Compatible con versiones anteriores<\/strong><br data-start=\"1400\" data-end=\"1403\" \/>Totalmente compatible con los sistemas OM4 y OM3 a 850 nm, al tiempo que proporciona capacidad de banda ancha preparada para el futuro.<\/p>\n<\/li>\n<\/ul>\n<hr data-start=\"1509\" data-end=\"1512\" \/>\n<h3 data-start=\"1514\" data-end=\"1546\"><strong data-start=\"1518\" data-end=\"1546\">Especificaciones t\u00e9cnicas<\/strong><\/h3>\n<div class=\"TyagGW_tableContainer\">\n<div class=\"group TyagGW_tableWrapper flex flex-col-reverse w-fit\" tabindex=\"-1\">\n<table class=\"w-fit min-w-(--thread-content-width)\" data-start=\"1548\" data-end=\"2034\">\n<thead data-start=\"1548\" data-end=\"1584\">\n<tr data-start=\"1548\" data-end=\"1584\">\n<th class=\"\" data-start=\"1548\" data-end=\"1560\" data-col-size=\"sm\">Par\u00e1metro<\/th>\n<th class=\"\" data-start=\"1560\" data-end=\"1584\" data-col-size=\"md\">MPO-MPO-OM5-8\/12N\u00facleo<\/th>\n<\/tr>\n<\/thead>\n<tbody data-start=\"1613\" data-end=\"2034\">\n<tr data-start=\"1613\" data-end=\"1664\">\n<td data-start=\"1613\" data-end=\"1626\" data-col-size=\"sm\">Tipo de fibra<\/td>\n<td data-start=\"1626\" data-end=\"1664\" data-col-size=\"md\">OM5 multimodo de banda ancha (50\/125 \u00b5m)<\/td>\n<\/tr>\n<tr data-start=\"1665\" data-end=\"1696\">\n<td data-start=\"1665\" data-end=\"1678\" data-col-size=\"sm\">Recuento de n\u00facleos<\/td>\n<td data-start=\"1678\" data-end=\"1696\" data-col-size=\"md\">8 o 12 fibras<\/td>\n<\/tr>\n<tr data-start=\"1697\" data-end=\"1740\">\n<td data-start=\"1697\" data-end=\"1714\" data-col-size=\"sm\">Tipo de conector<\/td>\n<td data-col-size=\"md\" data-start=\"1714\" data-end=\"1740\">MPO \/ MTP a MPO \/ MTP<\/td>\n<\/tr>\n<tr data-start=\"1741\" data-end=\"1792\">\n<td data-start=\"1741\" data-end=\"1765\" data-col-size=\"sm\">Longitudes de onda operativas<\/td>\n<td data-col-size=\"md\" data-start=\"1765\" data-end=\"1792\">850-953 nm (preparado para SWDM)<\/td>\n<\/tr>\n<tr data-start=\"1793\" data-end=\"1865\">\n<td data-start=\"1793\" data-end=\"1810\" data-col-size=\"sm\">P\u00e9rdida de inserci\u00f3n<\/td>\n<td data-col-size=\"md\" data-start=\"1810\" data-end=\"1865\">\u2264 0,35 dB (est\u00e1ndar), \u2264 0,20 dB (baja p\u00e9rdida opcional)<\/td>\n<\/tr>\n<tr data-start=\"1866\" data-end=\"1891\">\n<td data-start=\"1866\" data-end=\"1880\" data-col-size=\"sm\">P\u00e9rdida de retorno<\/td>\n<td data-col-size=\"md\" data-start=\"1880\" data-end=\"1891\">\u2265 30 dB<\/td>\n<\/tr>\n<tr data-start=\"1892\" data-end=\"1921\">\n<td data-start=\"1892\" data-end=\"1906\" data-col-size=\"sm\">Tipo de chaqueta<\/td>\n<td data-col-size=\"md\" data-start=\"1906\" data-end=\"1921\">LSZH o PVC<\/td>\n<\/tr>\n<tr data-start=\"1922\" data-end=\"1950\">\n<td data-start=\"1922\" data-end=\"1939\" data-col-size=\"sm\">Di\u00e1metro del cable<\/td>\n<td data-col-size=\"md\" data-start=\"1939\" data-end=\"1950\">~3,0 mm<\/td>\n<\/tr>\n<tr data-start=\"1951\" data-end=\"1995\">\n<td data-start=\"1951\" data-end=\"1975\" data-col-size=\"sm\">Temperatura de funcionamiento<\/td>\n<td data-col-size=\"md\" data-start=\"1975\" data-end=\"1995\">De -10 \u00b0C a +70 \u00b0C<\/td>\n<\/tr>\n<tr data-start=\"1996\" data-end=\"2034\">\n<td data-start=\"1996\" data-end=\"2009\" data-col-size=\"sm\">Conformidad<\/td>\n<td data-col-size=\"md\" data-start=\"2009\" data-end=\"2034\">IEC, TIA, RoHS, REACH<\/td>\n<\/tr>\n<\/tbody>\n<\/table>\n<\/div>\n<\/div>\n<hr data-start=\"2036\" data-end=\"2039\" \/>\n<h3 data-start=\"2041\" data-end=\"2069\"><strong data-start=\"2045\" data-end=\"2069\">Aplicaciones t\u00edpicas<\/strong><\/h3>\n<ul data-start=\"2071\" data-end=\"2319\">\n<li data-start=\"2071\" data-end=\"2118\">\n<p data-start=\"2073\" data-end=\"2118\"><strong data-start=\"2073\" data-end=\"2116\">Redes de centros de datos de 100G \/ 200G \/ 400G<\/strong><\/p>\n<\/li>\n<li data-start=\"2119\" data-end=\"2163\">\n<p data-start=\"2121\" data-end=\"2163\"><strong data-start=\"2121\" data-end=\"2161\">Enlaces troncales y transversales MPO<\/strong><\/p>\n<\/li>\n<li data-start=\"2164\" data-end=\"2222\">\n<p data-start=\"2166\" data-end=\"2222\"><strong data-start=\"2166\" data-end=\"2220\">IA, nube y cl\u00fasteres inform\u00e1ticos de alto rendimiento<\/strong><\/p>\n<\/li>\n<li data-start=\"2223\" data-end=\"2261\">\n<p data-start=\"2225\" data-end=\"2261\"><strong data-start=\"2225\" data-end=\"2259\">Sistemas \u00f3pticos multimodo SWDM<\/strong><\/p>\n<\/li>\n<li data-start=\"2262\" data-end=\"2319\">\n<p data-start=\"2264\" data-end=\"2319\"><strong data-start=\"2264\" data-end=\"2319\">Conexiones de transceptores \u00f3pticos en paralelo de alta densidad<\/strong><\/p>\n<\/li>\n<\/ul>\n<hr data-start=\"2321\" data-end=\"2324\" \/>\n<h3 data-start=\"2326\" data-end=\"2366\"><strong data-start=\"2330\" data-end=\"2366\">\u00bfPor qu\u00e9 elegir MPO-MPO-OM5-8\/12Core?<\/strong><\/h3>\n<p data-start=\"2368\" data-end=\"2650\">A diferencia de los cables OM3 u OM4 convencionales, que se basan en una \u00fanica longitud de onda, <strong data-start=\"2440\" data-end=\"2532\">La fibra de banda ancha OM5 permite utilizar varias longitudes de onda simult\u00e1neamente en la misma fibra.<\/strong>. Esto permite mayores velocidades de transmisi\u00f3n de datos sin aumentar el n\u00famero de fibras, lo que reduce la complejidad del cableado y los costes de futuras actualizaciones.<\/p>\n<p data-start=\"2652\" data-end=\"2806\">En <strong data-start=\"2656\" data-end=\"2680\">MPO-MPO-OM5-8\/12N\u00facleo<\/strong> es la opci\u00f3n ideal para las organizaciones que construyen <strong data-start=\"2739\" data-end=\"2805\">infraestructuras de fibra escalables, de alta densidad y preparadas para el futuro<\/strong>.<\/p>\n<hr data-start=\"2808\" data-end=\"2811\" \/>\n<h2 data-start=\"2813\" data-end=\"2836\"><strong data-start=\"2816\" data-end=\"2836\">Preguntas y respuestas profesionales<\/strong><\/h2>\n<p data-start=\"2838\" data-end=\"3093\"><strong data-start=\"2838\" data-end=\"2907\">P1: \u00bfCu\u00e1l es la diferencia entre los cables MPO de 8 y 12 n\u00facleos?<\/strong><br data-start=\"2907\" data-end=\"2910\" \/>Los cables de 8 n\u00facleos est\u00e1n optimizados para muchas aplicaciones de 40G\/100G y breakout, mientras que los cables de 12 n\u00facleos proporcionan una capacidad MPO completa y una mayor flexibilidad para los sistemas troncales y de conexi\u00f3n cruzada.<\/p>\n<p data-start=\"3095\" data-end=\"3260\"><strong data-start=\"3095\" data-end=\"3148\">P2: \u00bfSe pueden utilizar cables OM5 con transceptores OM4?<\/strong><br data-start=\"3148\" data-end=\"3151\" \/>S\u00ed. OM5 es totalmente compatible con OM4 y OM3 a 850 nm, por lo que funciona con \u00f3pticas multimodo est\u00e1ndar.<\/p>\n<p data-start=\"3262\" data-end=\"3476\"><strong data-start=\"3262\" data-end=\"3307\">P3: \u00bfQu\u00e9 es la SWDM y por qu\u00e9 es importante?<\/strong><br data-start=\"3307\" data-end=\"3310\" \/>La multiplexaci\u00f3n por divisi\u00f3n de longitud de onda corta (SWDM) transmite varias longitudes de onda por una sola fibra multimodo, lo que aumenta el ancho de banda total sin necesidad de instalar m\u00e1s fibras.<\/p>\n<p data-start=\"3478\" data-end=\"3685\"><strong data-start=\"3478\" data-end=\"3528\">P4: \u00bfEs MPO-MPO-OM5 adecuado para redes de 400 G?<\/strong><br data-start=\"3528\" data-end=\"3531\" \/>S\u00ed. OM5 est\u00e1 dise\u00f1ado para soportar <strong data-start=\"3563\" data-end=\"3634\">multi-longitud de onda multimodo 400G y futuros enlaces \u00f3pticos de alta velocidad<\/strong>, por lo que resulta ideal para los centros de datos de nueva generaci\u00f3n.<\/p>","protected":false},"excerpt":{"rendered":"<p data-start=\"65\" data-end=\"478\">En <strong data-start=\"69\" data-end=\"93\">MPO-MPO-OM5-8\/12N\u00facleo<\/strong> es una nueva generaci\u00f3n <strong data-start=\"115\" data-end=\"152\">cable de conexi\u00f3n de fibra MPO de alta densidad<\/strong> construido con <strong data-start=\"164\" data-end=\"204\">Fibra multimodo de banda ancha OM5 (WBMMF)<\/strong> para soportar las redes 100G\/400G actuales y los futuros sistemas \u00f3pticos basados en SWDM. Dise\u00f1ado para centros de datos de capacidad ultraelevada, cl\u00fasteres de IA e infraestructuras en la nube, este cable ofrece m\u00e1s ancho de banda por fibra al permitir <strong data-start=\"425\" data-end=\"477\">transmisi\u00f3n multi-longitud de onda de 850 a 953 nm<\/strong>.<\/p>\n<p data-start=\"480\" data-end=\"698\">Con conectores MPO en ambos extremos, este cable de conexi\u00f3n es ideal para <strong data-start=\"543\" data-end=\"614\">Enlaces troncales MPO, conexiones cruzadas y transceptores \u00f3pticos paralelos<\/strong>, que permite un cableado compacto, de bajas p\u00e9rdidas y preparado para el futuro en entornos de alta densidad.<\/p>","protected":false},"featured_media":555,"comment_status":"open","ping_status":"closed","template":"","meta":[],"product_brand":[],"product_cat":[42],"product_tag":[],"class_list":{"0":"post-554","1":"product","2":"type-product","3":"status-publish","4":"has-post-thumbnail","6":"product_cat-mpo-mtp-fiber-optic-patch-cord","8":"first","9":"instock","10":"shipping-taxable","11":"product-type-simple"},"_links":{"self":[{"href":"https:\/\/www.fenxifiber.com\/es\/wp-json\/wp\/v2\/product\/554","targetHints":{"allow":["GET"]}}],"collection":[{"href":"https:\/\/www.fenxifiber.com\/es\/wp-json\/wp\/v2\/product"}],"about":[{"href":"https:\/\/www.fenxifiber.com\/es\/wp-json\/wp\/v2\/types\/product"}],"replies":[{"embeddable":true,"href":"https:\/\/www.fenxifiber.com\/es\/wp-json\/wp\/v2\/comments?post=554"}],"wp:featuredmedia":[{"embeddable":true,"href":"https:\/\/www.fenxifiber.com\/es\/wp-json\/wp\/v2\/media\/555"}],"wp:attachment":[{"href":"https:\/\/www.fenxifiber.com\/es\/wp-json\/wp\/v2\/media?parent=554"}],"wp:term":[{"taxonomy":"product_brand","embeddable":true,"href":"https:\/\/www.fenxifiber.com\/es\/wp-json\/wp\/v2\/product_brand?post=554"},{"taxonomy":"product_cat","embeddable":true,"href":"https:\/\/www.fenxifiber.com\/es\/wp-json\/wp\/v2\/product_cat?post=554"},{"taxonomy":"product_tag","embeddable":true,"href":"https:\/\/www.fenxifiber.com\/es\/wp-json\/wp\/v2\/product_tag?post=554"}],"curies":[{"name":"wp","href":"https:\/\/api.w.org\/{rel}","templated":true}]}}