{"id":558,"date":"2026-02-03T01:54:58","date_gmt":"2026-02-03T01:54:58","guid":{"rendered":"https:\/\/www.fenxifiber.com\/?post_type=product&#038;p=558"},"modified":"2026-02-04T01:10:37","modified_gmt":"2026-02-04T01:10:37","slug":"mpo-lc-om4-12-nucleos","status":"publish","type":"product","link":"https:\/\/www.fenxifiber.com\/es\/product\/mpo-lc-om4-12core\/","title":{"rendered":"MPO-LC-OM4-12Core Cable de conexi\u00f3n de fibra multimodo de alta densidad"},"content":{"rendered":"<h3 data-start=\"748\" data-end=\"770\"><strong data-start=\"752\" data-end=\"770\">Principales ventajas<\/strong><\/h3>\n<ul data-start=\"772\" data-end=\"1483\">\n<li data-start=\"772\" data-end=\"934\">\n<p data-start=\"774\" data-end=\"934\"><strong data-start=\"774\" data-end=\"802\">Fibra OM4 de alto ancho de banda<\/strong><br data-start=\"802\" data-end=\"805\" \/>OM4 admite un mayor alcance y velocidades de datos m\u00e1s altas en comparaci\u00f3n con OM3, lo que lo hace adecuado para entornos exigentes de centros de datos.<\/p>\n<\/li>\n<li data-start=\"936\" data-end=\"1100\">\n<p data-start=\"938\" data-end=\"1100\"><strong data-start=\"938\" data-end=\"969\">Conector MPO de 12 fibras a LC<\/strong><br data-start=\"969\" data-end=\"972\" \/>Una \u00fanica interfaz MPO se conecta a doce puertos LC, lo que proporciona una distribuci\u00f3n limpia y organizada a conmutadores, servidores y paneles de conexi\u00f3n.<\/p>\n<\/li>\n<li data-start=\"1102\" data-end=\"1256\">\n<p data-start=\"1104\" data-end=\"1256\"><strong data-start=\"1104\" data-end=\"1145\">Baja p\u00e9rdida de inserci\u00f3n y alta confiabilidad<\/strong><br data-start=\"1145\" data-end=\"1148\" \/>Los conectores pulidos con precisi\u00f3n y las pruebas de f\u00e1brica garantizan una excelente calidad de se\u00f1al y estabilidad a largo plazo.<\/p>\n<\/li>\n<li data-start=\"1258\" data-end=\"1370\">\n<p data-start=\"1260\" data-end=\"1370\"><strong data-start=\"1260\" data-end=\"1297\">Dise\u00f1o de alta densidad que ahorra espacio<\/strong><br data-start=\"1297\" data-end=\"1300\" \/>Reduce la congesti\u00f3n de cables y mejora el flujo de aire en bastidores y gabinetes.<\/p>\n<\/li>\n<li data-start=\"1372\" data-end=\"1483\">\n<p data-start=\"1374\" data-end=\"1483\"><strong data-start=\"1374\" data-end=\"1404\">Instalaci\u00f3n Plug-and-Play<\/strong><br data-start=\"1404\" data-end=\"1407\" \/>Preterminado y probado para un despliegue r\u00e1pido con un riesgo m\u00ednimo de errores.<\/p>\n<\/li>\n<\/ul>\n<hr data-start=\"1485\" data-end=\"1488\" \/>\n<h3 data-start=\"1490\" data-end=\"1522\"><strong data-start=\"1494\" data-end=\"1522\">Especificaciones t\u00e9cnicas<\/strong><\/h3>\n<div class=\"TyagGW_tableContainer\">\n<div class=\"group TyagGW_tableWrapper flex flex-col-reverse w-fit\" tabindex=\"-1\">\n<table class=\"w-fit min-w-(--thread-content-width)\" data-start=\"1524\" data-end=\"1987\">\n<thead data-start=\"1524\" data-end=\"1557\">\n<tr data-start=\"1524\" data-end=\"1557\">\n<th class=\"\" data-start=\"1524\" data-end=\"1536\" data-col-size=\"sm\">Par\u00e1metro<\/th>\n<th class=\"\" data-start=\"1536\" data-end=\"1557\" data-col-size=\"sm\">MPO-LC-OM4-12 n\u00facleos<\/th>\n<\/tr>\n<\/thead>\n<tbody data-start=\"1586\" data-end=\"1987\">\n<tr data-start=\"1586\" data-end=\"1628\">\n<td data-start=\"1586\" data-end=\"1599\" data-col-size=\"sm\">Tipo de fibra<\/td>\n<td data-start=\"1599\" data-end=\"1628\" data-col-size=\"sm\">OM4 multimodo (50\/125 \u00b5m)<\/td>\n<\/tr>\n<tr data-start=\"1629\" data-end=\"1655\">\n<td data-start=\"1629\" data-end=\"1642\" data-col-size=\"sm\">Recuento de n\u00facleos<\/td>\n<td data-start=\"1642\" data-end=\"1655\" data-col-size=\"sm\">12 fibras<\/td>\n<\/tr>\n<tr data-start=\"1656\" data-end=\"1694\">\n<td data-start=\"1656\" data-end=\"1670\" data-col-size=\"sm\">Conector A<\/td>\n<td data-start=\"1670\" data-end=\"1694\" data-col-size=\"sm\">MPO\/MTP (12 fibras)<\/td>\n<\/tr>\n<tr data-start=\"1695\" data-end=\"1731\">\n<td data-start=\"1695\" data-end=\"1709\" data-col-size=\"sm\">Conector B<\/td>\n<td data-start=\"1709\" data-end=\"1731\" data-col-size=\"sm\">12 conectores LC<\/td>\n<\/tr>\n<tr data-start=\"1732\" data-end=\"1765\">\n<td data-start=\"1732\" data-end=\"1755\" data-col-size=\"sm\">Longitud de onda operativa<\/td>\n<td data-start=\"1755\" data-end=\"1765\" data-col-size=\"sm\">850 nm<\/td>\n<\/tr>\n<tr data-start=\"1766\" data-end=\"1818\">\n<td data-start=\"1766\" data-end=\"1783\" data-col-size=\"sm\">P\u00e9rdida de inserci\u00f3n<\/td>\n<td data-start=\"1783\" data-end=\"1818\" data-col-size=\"sm\">\u2264 0,35 dB (MPO), \u2264 0,30 dB (LC)<\/td>\n<\/tr>\n<tr data-start=\"1819\" data-end=\"1844\">\n<td data-start=\"1819\" data-end=\"1833\" data-col-size=\"sm\">P\u00e9rdida de retorno<\/td>\n<td data-col-size=\"sm\" data-start=\"1833\" data-end=\"1844\">\u2265 30 dB<\/td>\n<\/tr>\n<tr data-start=\"1845\" data-end=\"1874\">\n<td data-start=\"1845\" data-end=\"1859\" data-col-size=\"sm\">Tipo de chaqueta<\/td>\n<td data-start=\"1859\" data-end=\"1874\" data-col-size=\"sm\">LSZH o PVC<\/td>\n<\/tr>\n<tr data-start=\"1875\" data-end=\"1903\">\n<td data-start=\"1875\" data-end=\"1892\" data-col-size=\"sm\">Di\u00e1metro del cable<\/td>\n<td data-col-size=\"sm\" data-start=\"1892\" data-end=\"1903\">~3,0 mm<\/td>\n<\/tr>\n<tr data-start=\"1904\" data-end=\"1948\">\n<td data-start=\"1904\" data-end=\"1928\" data-col-size=\"sm\">Temperatura de funcionamiento<\/td>\n<td data-col-size=\"sm\" data-start=\"1928\" data-end=\"1948\">De -10 \u00b0C a +70 \u00b0C<\/td>\n<\/tr>\n<tr data-start=\"1949\" data-end=\"1987\">\n<td data-start=\"1949\" data-end=\"1962\" data-col-size=\"sm\">Conformidad<\/td>\n<td data-col-size=\"sm\" data-start=\"1962\" data-end=\"1987\">IEC, TIA, RoHS, REACH<\/td>\n<\/tr>\n<\/tbody>\n<\/table>\n<\/div>\n<\/div>\n<hr data-start=\"1989\" data-end=\"1992\" \/>\n<h3 data-start=\"1994\" data-end=\"2022\"><strong data-start=\"1998\" data-end=\"2022\">Aplicaciones t\u00edpicas<\/strong><\/h3>\n<ul data-start=\"2024\" data-end=\"2258\">\n<li data-start=\"2024\" data-end=\"2070\">\n<p data-start=\"2026\" data-end=\"2070\"><strong data-start=\"2026\" data-end=\"2068\">Redes de centros de datos de 40G \/ 100G \/ 400G<\/strong><\/p>\n<\/li>\n<li data-start=\"2071\" data-end=\"2119\">\n<p data-start=\"2073\" data-end=\"2119\"><strong data-start=\"2073\" data-end=\"2117\">Conexiones entre el equipo troncal MPO y el equipo LC<\/strong><\/p>\n<\/li>\n<li data-start=\"2120\" data-end=\"2175\">\n<p data-start=\"2122\" data-end=\"2175\"><strong data-start=\"2122\" data-end=\"2173\">Nube, inteligencia artificial y computaci\u00f3n de alto rendimiento (HPC)<\/strong><\/p>\n<\/li>\n<li data-start=\"2176\" data-end=\"2212\">\n<p data-start=\"2178\" data-end=\"2212\"><strong data-start=\"2178\" data-end=\"2210\">Redes de \u00e1rea de almacenamiento (SAN)<\/strong><\/p>\n<\/li>\n<li data-start=\"2213\" data-end=\"2258\">\n<p data-start=\"2215\" data-end=\"2258\"><strong data-start=\"2215\" data-end=\"2258\">Sistemas de cableado estructurado de alta densidad<\/strong><\/p>\n<\/li>\n<\/ul>\n<hr data-start=\"2260\" data-end=\"2263\" \/>\n<h3 data-start=\"2265\" data-end=\"2302\"><strong data-start=\"2269\" data-end=\"2302\">\u00bfPor qu\u00e9 elegir MPO-LC-OM4-12Core?<\/strong><\/h3>\n<p data-start=\"2304\" data-end=\"2677\">En <strong data-start=\"2308\" data-end=\"2329\">MPO-LC-OM4-12 n\u00facleos<\/strong> El cable de conexi\u00f3n ofrece un equilibrio perfecto entre <strong data-start=\"2369\" data-end=\"2402\">conectividad MPO de alta densidad<\/strong> y <strong data-start=\"2407\" data-end=\"2437\">Compatibilidad universal con LC<\/strong>. Su fibra OM4 ofrece un ancho de banda y un alcance superiores, mientras que el dise\u00f1o de salida simplifica la arquitectura de la red y reduce el tiempo de instalaci\u00f3n. Es la soluci\u00f3n ideal para la construcci\u00f3n. <strong data-start=\"2619\" data-end=\"2676\">Redes de fibra \u00f3ptica escalables, de alta velocidad y preparadas para el futuro.<\/strong>.<\/p>\n<hr data-start=\"2679\" data-end=\"2682\" \/>\n<h2 data-start=\"2684\" data-end=\"2707\"><strong data-start=\"2687\" data-end=\"2707\">Preguntas y respuestas profesionales<\/strong><\/h2>\n<p data-start=\"2709\" data-end=\"2882\"><strong data-start=\"2709\" data-end=\"2747\">P1: \u00bfPor qu\u00e9 elegir OM4 en lugar de OM3?<\/strong><br data-start=\"2747\" data-end=\"2750\" \/>OM4 proporciona un mayor ancho de banda y mayores distancias de transmisi\u00f3n, lo que lo hace m\u00e1s adecuado para aplicaciones de centros de datos de 100G y 400G.<\/p>\n<p data-start=\"2884\" data-end=\"3089\"><strong data-start=\"2884\" data-end=\"2941\">P2: \u00bfCu\u00e1l es la ventaja de los cables divisores MPO a LC?<\/strong><br data-start=\"2941\" data-end=\"2944\" \/>Permiten que los cables troncales MPO de alta densidad se conecten directamente a los puertos LC est\u00e1ndar de los conmutadores y servidores sin necesidad de hardware de conversi\u00f3n adicional.<\/p>\n<p data-start=\"3091\" data-end=\"3266\"><strong data-start=\"3091\" data-end=\"3158\">P3: \u00bfEste cable es compatible con los transceptores QSFP y QSFP28?<\/strong><br data-start=\"3158\" data-end=\"3161\" \/>S\u00ed. MPO-LC-OM4-12Core se utiliza habitualmente con m\u00f3dulos QSFP+ y QSFP28 en redes multimodo de 40G y 100G.<\/p>\n<p data-start=\"3268\" data-end=\"3466\"><strong data-start=\"3268\" data-end=\"3323\">P4: \u00bfSe puede utilizar este cable en sistemas OM3 existentes?<\/strong><br data-start=\"3323\" data-end=\"3326\" \/>S\u00ed. OM4 es totalmente compatible con OM3, por lo que funcionar\u00e1 en redes basadas en OM3 y ofrecer\u00e1 un mayor rendimiento para futuras actualizaciones.<\/p>","protected":false},"excerpt":{"rendered":"<p data-start=\"66\" data-end=\"447\">En <strong data-start=\"70\" data-end=\"91\">MPO-LC-OM4-12 n\u00facleos<\/strong> es un producto de alto rendimiento <strong data-start=\"114\" data-end=\"159\">Cable de conexi\u00f3n de fibra \u00f3ptica MPO a LC<\/strong> Dise\u00f1ado para centros de datos modernos, redes en la nube y redes troncales empresariales de alta velocidad. Construido con <strong data-start=\"258\" data-end=\"307\">Fibra multimodo optimizada para l\u00e1ser OM4 50\/125 \u00b5m<\/strong>, proporciona un mayor ancho de banda y una mayor distancia de transmisi\u00f3n que el OM3, lo que lo hace ideal para <strong data-start=\"401\" data-end=\"433\">Ethernet de 40G, 100G y 400G<\/strong> conectividad.<\/p>\n<p data-start=\"449\" data-end=\"741\">Con un extremo terminado por un <strong data-start=\"478\" data-end=\"508\">Conector MPO\/MTP de 12 fibras<\/strong> y el otro extremo se abr\u00eda en abanico hacia <strong data-start=\"543\" data-end=\"563\">12 conectores LC<\/strong>, este cable permite una integraci\u00f3n perfecta entre <strong data-start=\"613\" data-end=\"647\">sistemas troncales MPO de alta densidad<\/strong> y <strong data-start=\"652\" data-end=\"686\">transceptores est\u00e1ndar basados en LC<\/strong>, simplificando el cableado y mejorando la eficiencia de la red.<\/p>","protected":false},"featured_media":559,"comment_status":"open","ping_status":"closed","template":"","meta":[],"product_brand":[],"product_cat":[42],"product_tag":[],"class_list":{"0":"post-558","1":"product","2":"type-product","3":"status-publish","4":"has-post-thumbnail","6":"product_cat-mpo-mtp-fiber-optic-patch-cord","8":"first","9":"instock","10":"shipping-taxable","11":"product-type-simple"},"_links":{"self":[{"href":"https:\/\/www.fenxifiber.com\/es\/wp-json\/wp\/v2\/product\/558","targetHints":{"allow":["GET"]}}],"collection":[{"href":"https:\/\/www.fenxifiber.com\/es\/wp-json\/wp\/v2\/product"}],"about":[{"href":"https:\/\/www.fenxifiber.com\/es\/wp-json\/wp\/v2\/types\/product"}],"replies":[{"embeddable":true,"href":"https:\/\/www.fenxifiber.com\/es\/wp-json\/wp\/v2\/comments?post=558"}],"wp:featuredmedia":[{"embeddable":true,"href":"https:\/\/www.fenxifiber.com\/es\/wp-json\/wp\/v2\/media\/559"}],"wp:attachment":[{"href":"https:\/\/www.fenxifiber.com\/es\/wp-json\/wp\/v2\/media?parent=558"}],"wp:term":[{"taxonomy":"product_brand","embeddable":true,"href":"https:\/\/www.fenxifiber.com\/es\/wp-json\/wp\/v2\/product_brand?post=558"},{"taxonomy":"product_cat","embeddable":true,"href":"https:\/\/www.fenxifiber.com\/es\/wp-json\/wp\/v2\/product_cat?post=558"},{"taxonomy":"product_tag","embeddable":true,"href":"https:\/\/www.fenxifiber.com\/es\/wp-json\/wp\/v2\/product_tag?post=558"}],"curies":[{"name":"wp","href":"https:\/\/api.w.org\/{rel}","templated":true}]}}