{"id":560,"date":"2026-02-03T01:56:53","date_gmt":"2026-02-03T01:56:53","guid":{"rendered":"https:\/\/www.fenxifiber.com\/?post_type=product&#038;p=560"},"modified":"2026-02-04T01:11:20","modified_gmt":"2026-02-04T01:11:20","slug":"mpo-sc-om4-12-nucleos","status":"publish","type":"product","link":"https:\/\/www.fenxifiber.com\/es\/product\/mpo-sc-om4-12core\/","title":{"rendered":"MPO-SC-OM4-12Core - Cable multiconector de fibra \u00f3ptica MPO a SC de alta densidad"},"content":{"rendered":"<h3 data-start=\"771\" data-end=\"806\"><strong data-start=\"775\" data-end=\"806\">Por qu\u00e9 este cable es diferente<\/strong><\/h3>\n<p data-start=\"808\" data-end=\"915\">El MPO-SC-OM4-12Core est\u00e1 dise\u00f1ado para entornos en los que <strong data-start=\"865\" data-end=\"903\">espacio, flujo de aire y calidad de la se\u00f1al<\/strong> toda la materia:<\/p>\n<ul data-start=\"917\" data-end=\"1500\">\n<li data-start=\"917\" data-end=\"1066\">\n<p data-start=\"919\" data-end=\"1066\"><strong data-start=\"919\" data-end=\"955\">M\u00e1s ancho de banda con menos fibras<\/strong><br data-start=\"955\" data-end=\"958\" \/>La fibra OM4 admite un ancho de banda modal mucho mayor que la OM3, lo que permite enlaces de alta velocidad m\u00e1s largos y estables.<\/p>\n<\/li>\n<li data-start=\"1068\" data-end=\"1225\">\n<p data-start=\"1070\" data-end=\"1225\"><strong data-start=\"1070\" data-end=\"1098\">Ruta de migraci\u00f3n eficiente<\/strong><br data-start=\"1098\" data-end=\"1101\" \/>Le permite implementar cableado troncal MPO sin dejar de conectarse a equipos con puerto SC, lo que evita costosos reemplazos de hardware.<\/p>\n<\/li>\n<li data-start=\"1227\" data-end=\"1361\">\n<p data-start=\"1229\" data-end=\"1361\"><strong data-start=\"1229\" data-end=\"1255\">Disposici\u00f3n m\u00e1s limpia del cableado<\/strong><br data-start=\"1255\" data-end=\"1258\" \/>Un tronco MPO sustituye a doce fibras sueltas, lo que mejora el flujo de aire y facilita considerablemente la gesti\u00f3n de los bastidores.<\/p>\n<\/li>\n<li data-start=\"1363\" data-end=\"1500\">\n<p data-start=\"1365\" data-end=\"1500\"><strong data-start=\"1365\" data-end=\"1397\">Rendimiento verificado en f\u00e1brica<\/strong><br data-start=\"1397\" data-end=\"1400\" \/>Cada conjunto se somete a pruebas de p\u00e9rdida de inserci\u00f3n y continuidad, lo que garantiza un rendimiento predecible en el campo.<\/p>\n<\/li>\n<\/ul>\n<hr data-start=\"1502\" data-end=\"1505\" \/>\n<h3 data-start=\"1507\" data-end=\"1549\"><strong data-start=\"1511\" data-end=\"1549\">Caracter\u00edsticas \u00f3pticas y f\u00edsicas<\/strong><\/h3>\n<div class=\"TyagGW_tableContainer\">\n<div class=\"group TyagGW_tableWrapper flex flex-col-reverse w-fit\" tabindex=\"-1\">\n<table class=\"w-fit min-w-(--thread-content-width)\" data-start=\"1551\" data-end=\"1932\">\n<thead data-start=\"1551\" data-end=\"1575\">\n<tr data-start=\"1551\" data-end=\"1575\">\n<th class=\"\" data-start=\"1551\" data-end=\"1558\" data-col-size=\"sm\">Art\u00edculo<\/th>\n<th class=\"\" data-start=\"1558\" data-end=\"1575\" data-col-size=\"sm\">Especificaci\u00f3n<\/th>\n<\/tr>\n<\/thead>\n<tbody data-start=\"1602\" data-end=\"1932\">\n<tr data-start=\"1602\" data-end=\"1638\">\n<td data-start=\"1602\" data-end=\"1610\" data-col-size=\"sm\">Fibra<\/td>\n<td data-start=\"1610\" data-end=\"1638\" data-col-size=\"sm\">OM4 multimodo, 50\/125 \u00b5m<\/td>\n<\/tr>\n<tr data-start=\"1639\" data-end=\"1670\">\n<td data-start=\"1639\" data-end=\"1651\" data-col-size=\"sm\">Estructura<\/td>\n<td data-start=\"1651\" data-end=\"1670\" data-col-size=\"sm\">Cinta de 12 fibras<\/td>\n<\/tr>\n<tr data-start=\"1671\" data-end=\"1709\">\n<td data-start=\"1671\" data-end=\"1685\" data-col-size=\"sm\">Conector A<\/td>\n<td data-start=\"1685\" data-end=\"1709\" data-col-size=\"sm\">MPO\/MTP (12 fibras)<\/td>\n<\/tr>\n<tr data-start=\"1710\" data-end=\"1746\">\n<td data-start=\"1710\" data-end=\"1724\" data-col-size=\"sm\">Conector B<\/td>\n<td data-start=\"1724\" data-end=\"1746\" data-col-size=\"sm\">12 conectores SC<\/td>\n<\/tr>\n<tr data-start=\"1747\" data-end=\"1803\">\n<td data-start=\"1747\" data-end=\"1772\" data-col-size=\"sm\">P\u00e9rdida de inserci\u00f3n t\u00edpica<\/td>\n<td data-start=\"1772\" data-end=\"1803\" data-col-size=\"sm\">MPO \u2264 0,35 dB, SC \u2264 0,30 dB<\/td>\n<\/tr>\n<tr data-start=\"1804\" data-end=\"1827\">\n<td data-start=\"1804\" data-end=\"1817\" data-col-size=\"sm\">Longitud de onda<\/td>\n<td data-col-size=\"sm\" data-start=\"1817\" data-end=\"1827\">850 nm<\/td>\n<\/tr>\n<tr data-start=\"1828\" data-end=\"1852\">\n<td data-start=\"1828\" data-end=\"1837\" data-col-size=\"sm\">Chamarra<\/td>\n<td data-col-size=\"sm\" data-start=\"1837\" data-end=\"1852\">LSZH o PVC<\/td>\n<\/tr>\n<tr data-start=\"1853\" data-end=\"1893\">\n<td data-start=\"1853\" data-end=\"1873\" data-col-size=\"sm\">Rango de temperatura<\/td>\n<td data-col-size=\"sm\" data-start=\"1873\" data-end=\"1893\">De -10 \u00b0C a +70 \u00b0C<\/td>\n<\/tr>\n<tr data-start=\"1894\" data-end=\"1932\">\n<td data-start=\"1894\" data-end=\"1907\" data-col-size=\"sm\">Conformidad<\/td>\n<td data-col-size=\"sm\" data-start=\"1907\" data-end=\"1932\">IEC, TIA, RoHS, REACH<\/td>\n<\/tr>\n<\/tbody>\n<\/table>\n<\/div>\n<\/div>\n<hr data-start=\"1934\" data-end=\"1937\" \/>\n<h3 data-start=\"1939\" data-end=\"1962\"><strong data-start=\"1943\" data-end=\"1962\">D\u00f3nde se utiliza<\/strong><\/h3>\n<p data-start=\"1964\" data-end=\"2015\">Normalmente encontrar\u00e1s el <strong data-start=\"1990\" data-end=\"2011\">MPO-SC-OM4-12 n\u00facleos<\/strong> en:<\/p>\n<ul data-start=\"2017\" data-end=\"2261\">\n<li data-start=\"2017\" data-end=\"2059\">\n<p data-start=\"2019\" data-end=\"2059\">Alta densidad <strong data-start=\"2032\" data-end=\"2057\">redes troncales de centros de datos<\/strong><\/p>\n<\/li>\n<li data-start=\"2060\" data-end=\"2111\">\n<p data-start=\"2062\" data-end=\"2111\"><strong data-start=\"2062\" data-end=\"2089\">Oficinas centrales de telecomunicaciones<\/strong> y redes de acceso<\/p>\n<\/li>\n<li data-start=\"2112\" data-end=\"2164\">\n<p data-start=\"2114\" data-end=\"2164\"><strong data-start=\"2114\" data-end=\"2142\">Conmutadores centrales empresariales<\/strong> utilizando interfaces SC<\/p>\n<\/li>\n<li data-start=\"2165\" data-end=\"2207\">\n<p data-start=\"2167\" data-end=\"2207\"><strong data-start=\"2167\" data-end=\"2192\">SAN y canal de fibra<\/strong> entornos<\/p>\n<\/li>\n<li data-start=\"2208\" data-end=\"2261\">\n<p data-start=\"2210\" data-end=\"2261\">Sistemas de cableado estructurado que migran de SC a MPO<\/p>\n<\/li>\n<\/ul>\n<hr data-start=\"2263\" data-end=\"2266\" \/>\n<h3 data-start=\"2268\" data-end=\"2291\"><strong data-start=\"2272\" data-end=\"2291\">Por qu\u00e9 es importante OM4<\/strong><\/h3>\n<p data-start=\"2293\" data-end=\"2576\">La fibra OM4 no es solo una mejora, es una <strong data-start=\"2332\" data-end=\"2358\">multiplicador de rendimiento<\/strong>. En comparaci\u00f3n con OM3, OM4 ofrece un ancho de banda significativamente mayor y distancias compatibles m\u00e1s largas para enlaces de 100G y 400G. Eso significa una mejor calidad de se\u00f1al hoy y m\u00e1s margen para las actualizaciones del futuro sin necesidad de recablear.<\/p>\n<hr data-start=\"2578\" data-end=\"2581\" \/>\n<h2 data-start=\"2583\" data-end=\"2600\"><strong data-start=\"2586\" data-end=\"2600\">Preguntas y respuestas de expertos<\/strong><\/h2>\n<p data-start=\"2602\" data-end=\"2805\"><strong data-start=\"2602\" data-end=\"2667\">P1: \u00bfSe puede utilizar MPO-SC-OM4-12Core en redes SC m\u00e1s antiguas?<\/strong><br data-start=\"2667\" data-end=\"2670\" \/>S\u00ed. Est\u00e1 dise\u00f1ado espec\u00edficamente para conectar redes troncales MPO modernas a puertos SC existentes, lo que lo hace ideal para escenarios h\u00edbridos y de actualizaci\u00f3n.<\/p>\n<p data-start=\"2807\" data-end=\"2980\"><strong data-start=\"2807\" data-end=\"2850\">P2: \u00bfEl OM4 es compatible con los sistemas OM3?<\/strong><br data-start=\"2850\" data-end=\"2853\" \/>Por supuesto. OM4 es compatible con versiones anteriores y funcionar\u00e1 con transceptores OM3, al tiempo que ofrece un mejor rendimiento para los sistemas \u00f3pticos m\u00e1s nuevos.<\/p>\n<p data-start=\"2982\" data-end=\"3149\"><strong data-start=\"2982\" data-end=\"3028\">P3: \u00bfEste cable es compatible con 100G y 400G?<\/strong><br data-start=\"3028\" data-end=\"3031\" \/>S\u00ed. Cuando se utiliza con transceptores multimodo de \u00f3ptica paralela, OM4 admite conexiones de alta velocidad de 100G y las emergentes de 400G.<\/p>\n<p data-start=\"3151\" data-end=\"3330\"><strong data-start=\"3151\" data-end=\"3197\">P4: \u00bfSe pueden personalizar la polaridad y la longitud?<\/strong><br data-start=\"3197\" data-end=\"3200\" \/>S\u00ed. La polaridad MPO (tipo A\/B\/C), la longitud del cable, el tipo de revestimiento y el g\u00e9nero del conector se pueden especificar para que se adapten al dise\u00f1o de su red.<\/p>","protected":false},"excerpt":{"rendered":"<p data-start=\"73\" data-end=\"508\">Dise\u00f1ado para redes de alta velocidad que exigen tanto rendimiento como flexibilidad, el <strong data-start=\"153\" data-end=\"174\">MPO-SC-OM4-12 n\u00facleos<\/strong> es de calidad profesional <strong data-start=\"199\" data-end=\"233\">Cable de fibra multimodo<\/strong> que une lo moderno <strong data-start=\"254\" data-end=\"282\">Infraestructura troncal MPO<\/strong> con tradicional <strong data-start=\"300\" data-end=\"330\">Equipos de red basados en SC<\/strong>. Utiliza <strong data-start=\"340\" data-end=\"389\">Fibra multimodo de 50\/125 \u00b5m optimizada para l\u00e1ser OM4<\/strong>, lo que le proporciona el ancho de banda y la distancia necesarios para las necesidades actuales. <strong data-start=\"450\" data-end=\"482\">40G, 100G y los emergentes 400G<\/strong> aplicaciones para centros de datos.<\/p>\n<p data-start=\"510\" data-end=\"764\">En lugar de utilizar doce cables individuales, un conector MPO compacto proporciona las doce fibras en una \u00fanica interfaz de alta densidad, que luego se distribuye de forma ordenada en <strong data-start=\"677\" data-end=\"709\">12 conectores SC independientes<\/strong>\u2014perfecto para conmutadores, paneles de conexi\u00f3n y bastidores de telecomunicaciones.<\/p>","protected":false},"featured_media":561,"comment_status":"open","ping_status":"closed","template":"","meta":[],"product_brand":[],"product_cat":[42],"product_tag":[],"class_list":{"0":"post-560","1":"product","2":"type-product","3":"status-publish","4":"has-post-thumbnail","6":"product_cat-mpo-mtp-fiber-optic-patch-cord","8":"first","9":"instock","10":"shipping-taxable","11":"product-type-simple"},"_links":{"self":[{"href":"https:\/\/www.fenxifiber.com\/es\/wp-json\/wp\/v2\/product\/560","targetHints":{"allow":["GET"]}}],"collection":[{"href":"https:\/\/www.fenxifiber.com\/es\/wp-json\/wp\/v2\/product"}],"about":[{"href":"https:\/\/www.fenxifiber.com\/es\/wp-json\/wp\/v2\/types\/product"}],"replies":[{"embeddable":true,"href":"https:\/\/www.fenxifiber.com\/es\/wp-json\/wp\/v2\/comments?post=560"}],"wp:featuredmedia":[{"embeddable":true,"href":"https:\/\/www.fenxifiber.com\/es\/wp-json\/wp\/v2\/media\/561"}],"wp:attachment":[{"href":"https:\/\/www.fenxifiber.com\/es\/wp-json\/wp\/v2\/media?parent=560"}],"wp:term":[{"taxonomy":"product_brand","embeddable":true,"href":"https:\/\/www.fenxifiber.com\/es\/wp-json\/wp\/v2\/product_brand?post=560"},{"taxonomy":"product_cat","embeddable":true,"href":"https:\/\/www.fenxifiber.com\/es\/wp-json\/wp\/v2\/product_cat?post=560"},{"taxonomy":"product_tag","embeddable":true,"href":"https:\/\/www.fenxifiber.com\/es\/wp-json\/wp\/v2\/product_tag?post=560"}],"curies":[{"name":"wp","href":"https:\/\/api.w.org\/{rel}","templated":true}]}}