{"id":564,"date":"2026-02-03T02:01:27","date_gmt":"2026-02-03T02:01:27","guid":{"rendered":"https:\/\/www.fenxifiber.com\/?post_type=product&#038;p=564"},"modified":"2026-02-04T01:17:22","modified_gmt":"2026-02-04T01:17:22","slug":"mpo-sc-sm-8-nucleos","status":"publish","type":"product","link":"https:\/\/www.fenxifiber.com\/es\/product\/mpo-sc-sm-8core\/","title":{"rendered":"MPO-SC-SM-8Core - Cable de fibra monomodo MPO a SC Fan-Out"},"content":{"rendered":"<h3 data-start=\"704\" data-end=\"743\"><strong data-start=\"708\" data-end=\"743\">Por qu\u00e9 los ingenieros eligen este cable<\/strong><\/h3>\n<p data-start=\"745\" data-end=\"854\">Este cable est\u00e1 dise\u00f1ado para entornos en los que <strong data-start=\"787\" data-end=\"840\">Distancia, confiabilidad y gesti\u00f3n limpia de la fibra.<\/strong> son fundamentales:<\/p>\n<ul data-start=\"856\" data-end=\"1361\">\n<li data-start=\"856\" data-end=\"1021\">\n<p data-start=\"858\" data-end=\"1021\"><strong data-start=\"858\" data-end=\"890\">Verdadero rendimiento monomodo<\/strong><br data-start=\"890\" data-end=\"893\" \/>Dise\u00f1ado para <strong data-start=\"908\" data-end=\"931\">1310 nm y 1550 nm<\/strong> longitudes de onda, admitiendo enlaces desde cortas distancias en salas de datos hasta tramos de telecomunicaciones de varios kil\u00f3metros.<\/p>\n<\/li>\n<li data-start=\"1023\" data-end=\"1122\">\n<p data-start=\"1025\" data-end=\"1122\"><strong data-start=\"1025\" data-end=\"1051\">Entrada MPO de alta densidad<\/strong><br data-start=\"1051\" data-end=\"1054\" \/>Reduce la congesti\u00f3n de fibra y permite m\u00e1s enlaces en menos espacio de rack.<\/p>\n<\/li>\n<li data-start=\"1124\" data-end=\"1242\">\n<p data-start=\"1126\" data-end=\"1242\"><strong data-start=\"1126\" data-end=\"1152\">Conectividad SC directa<\/strong><br data-start=\"1152\" data-end=\"1155\" \/>Ideal para bastidores de telecomunicaciones, ODF y equipos antiguos que a\u00fan dependen de interfaces SC.<\/p>\n<\/li>\n<li data-start=\"1244\" data-end=\"1361\">\n<p data-start=\"1246\" data-end=\"1361\"><strong data-start=\"1246\" data-end=\"1286\">Terminaci\u00f3n de baja p\u00e9rdida probada en f\u00e1brica<\/strong><br data-start=\"1286\" data-end=\"1289\" \/>Garantiza presupuestos \u00f3pticos estables para transceptores monomodo exigentes.<\/p>\n<\/li>\n<\/ul>\n<hr data-start=\"1363\" data-end=\"1366\" \/>\n<h3 data-start=\"1368\" data-end=\"1394\"><strong data-start=\"1372\" data-end=\"1394\">Descripci\u00f3n t\u00e9cnica general<\/strong><\/h3>\n<div class=\"TyagGW_tableContainer\">\n<div class=\"group TyagGW_tableWrapper flex flex-col-reverse w-fit\" tabindex=\"-1\">\n<table class=\"w-fit min-w-(--thread-content-width)\" data-start=\"1396\" data-end=\"1830\">\n<thead data-start=\"1396\" data-end=\"1427\">\n<tr data-start=\"1396\" data-end=\"1427\">\n<th class=\"\" data-start=\"1396\" data-end=\"1408\" data-col-size=\"sm\">Par\u00e1metro<\/th>\n<th class=\"\" data-start=\"1408\" data-end=\"1427\" data-col-size=\"sm\">MPO-SC-SM-8 n\u00facleos<\/th>\n<\/tr>\n<\/thead>\n<tbody data-start=\"1456\" data-end=\"1830\">\n<tr data-start=\"1456\" data-end=\"1499\">\n<td data-start=\"1456\" data-end=\"1469\" data-col-size=\"sm\">Tipo de fibra<\/td>\n<td data-start=\"1469\" data-end=\"1499\" data-col-size=\"sm\">OS2 monomodo (9\/125 \u00b5m)<\/td>\n<\/tr>\n<tr data-start=\"1500\" data-end=\"1519\">\n<td data-start=\"1500\" data-end=\"1514\" data-col-size=\"sm\">Recuento de fibras<\/td>\n<td data-col-size=\"sm\" data-start=\"1514\" data-end=\"1519\">8<\/td>\n<\/tr>\n<tr data-start=\"1520\" data-end=\"1557\">\n<td data-start=\"1520\" data-end=\"1534\" data-col-size=\"sm\">Conector A<\/td>\n<td data-start=\"1534\" data-end=\"1557\" data-col-size=\"sm\">MPO\/MTP (8 fibras)<\/td>\n<\/tr>\n<tr data-start=\"1558\" data-end=\"1593\">\n<td data-start=\"1558\" data-end=\"1572\" data-col-size=\"sm\">Conector B<\/td>\n<td data-start=\"1572\" data-end=\"1593\" data-col-size=\"sm\">8 conectores SC<\/td>\n<\/tr>\n<tr data-start=\"1594\" data-end=\"1638\">\n<td data-start=\"1594\" data-end=\"1617\" data-col-size=\"sm\">Longitud de onda operativa<\/td>\n<td data-col-size=\"sm\" data-start=\"1617\" data-end=\"1638\">1310 nm \/ 1550 nm<\/td>\n<\/tr>\n<tr data-start=\"1639\" data-end=\"1695\">\n<td data-start=\"1639\" data-end=\"1664\" data-col-size=\"sm\">P\u00e9rdida de inserci\u00f3n t\u00edpica<\/td>\n<td data-col-size=\"sm\" data-start=\"1664\" data-end=\"1695\">MPO \u2264 0,35 dB, SC \u2264 0,30 dB<\/td>\n<\/tr>\n<tr data-start=\"1696\" data-end=\"1721\">\n<td data-start=\"1696\" data-end=\"1710\" data-col-size=\"sm\">P\u00e9rdida de retorno<\/td>\n<td data-col-size=\"sm\" data-start=\"1710\" data-end=\"1721\">\u2265 50 dB<\/td>\n<\/tr>\n<tr data-start=\"1722\" data-end=\"1746\">\n<td data-start=\"1722\" data-end=\"1731\" data-col-size=\"sm\">Chamarra<\/td>\n<td data-col-size=\"sm\" data-start=\"1731\" data-end=\"1746\">LSZH o PVC<\/td>\n<\/tr>\n<tr data-start=\"1747\" data-end=\"1791\">\n<td data-start=\"1747\" data-end=\"1771\" data-col-size=\"sm\">Temperatura de funcionamiento<\/td>\n<td data-col-size=\"sm\" data-start=\"1771\" data-end=\"1791\">De -10 \u00b0C a +70 \u00b0C<\/td>\n<\/tr>\n<tr data-start=\"1792\" data-end=\"1830\">\n<td data-start=\"1792\" data-end=\"1805\" data-col-size=\"sm\">Conformidad<\/td>\n<td data-col-size=\"sm\" data-start=\"1805\" data-end=\"1830\">IEC, TIA, RoHS, REACH<\/td>\n<\/tr>\n<\/tbody>\n<\/table>\n<\/div>\n<\/div>\n<hr data-start=\"1832\" data-end=\"1835\" \/>\n<h3 data-start=\"1837\" data-end=\"1869\"><strong data-start=\"1841\" data-end=\"1869\">D\u00f3nde se usa com\u00fanmente<\/strong><\/h3>\n<ul data-start=\"1871\" data-end=\"2083\">\n<li data-start=\"1871\" data-end=\"1922\">\n<p data-start=\"1873\" data-end=\"1922\"><strong data-start=\"1873\" data-end=\"1920\">Centrales telef\u00f3nicas y redes de acceso<\/strong><\/p>\n<\/li>\n<li data-start=\"1923\" data-end=\"1961\">\n<p data-start=\"1925\" data-end=\"1961\"><strong data-start=\"1925\" data-end=\"1959\">Interconexi\u00f3n de centros de datos (DCI)<\/strong><\/p>\n<\/li>\n<li data-start=\"1962\" data-end=\"2013\">\n<p data-start=\"1964\" data-end=\"2013\"><strong data-start=\"1964\" data-end=\"2011\">Red troncal MPO monomodo a paneles de conexi\u00f3n SC<\/strong><\/p>\n<\/li>\n<li data-start=\"2014\" data-end=\"2051\">\n<p data-start=\"2016\" data-end=\"2051\"><strong data-start=\"2016\" data-end=\"2049\">Sistemas Fibre Channel y SAN<\/strong><\/p>\n<\/li>\n<li data-start=\"2052\" data-end=\"2083\">\n<p data-start=\"2054\" data-end=\"2083\"><strong data-start=\"2054\" data-end=\"2083\">Redes de campus y metro<\/strong><\/p>\n<\/li>\n<\/ul>\n<hr data-start=\"2085\" data-end=\"2088\" \/>\n<h3 data-start=\"2090\" data-end=\"2139\"><strong data-start=\"2094\" data-end=\"2139\">Por qu\u00e9 MPO-SC-SM-8Core es una inversi\u00f3n inteligente<\/strong><\/h3>\n<p data-start=\"2141\" data-end=\"2461\">A medida que las redes migran a velocidades m\u00e1s altas y distancias m\u00e1s largas, <strong data-start=\"2200\" data-end=\"2267\">La fibra monomodo se convierte en la columna vertebral de la infraestructura moderna.<\/strong>. El <strong data-start=\"2273\" data-end=\"2292\">MPO-SC-SM-8 n\u00facleos<\/strong> te permite aprovechar <strong data-start=\"2320\" data-end=\"2348\">cableado MPO de alta densidad<\/strong> manteniendo la compatibilidad con <strong data-start=\"2386\" data-end=\"2410\">puertos SC ampliamente utilizados<\/strong>, lo que lo hace ideal tanto para nuevas construcciones como para renovaciones.<\/p>\n<hr data-start=\"2463\" data-end=\"2466\" \/>\n<h2 data-start=\"2468\" data-end=\"2485\"><strong data-start=\"2471\" data-end=\"2485\">Preguntas y respuestas de expertos<\/strong><\/h2>\n<p data-start=\"2487\" data-end=\"2670\"><strong data-start=\"2487\" data-end=\"2542\">P1: \u00bfEste cable es adecuado para enlaces de larga distancia?<\/strong><br data-start=\"2542\" data-end=\"2545\" \/>S\u00ed. Al ser un cable monomodo OS2, admite distancias de varios kil\u00f3metros y m\u00e1s, dependiendo de los transceptores utilizados.<\/p>\n<p data-start=\"2672\" data-end=\"2816\"><strong data-start=\"2672\" data-end=\"2705\">P2: \u00bfPor qu\u00e9 utilizar SC en lugar de LC?<\/strong><br data-start=\"2705\" data-end=\"2708\" \/>Los conectores SC se utilizan ampliamente en redes de telecomunicaciones y redes heredadas, y proporcionan una interfaz robusta y f\u00e1cil de manejar.<\/p>\n<p data-start=\"2818\" data-end=\"2979\"><strong data-start=\"2818\" data-end=\"2874\">P3: \u00bfSe puede utilizar este cable con \u00f3pticas de 100G o 400G?<\/strong><br data-start=\"2874\" data-end=\"2877\" \/>S\u00ed. Cuando se utiliza con \u00f3pticas monomodo paralelas, como <strong data-start=\"2933\" data-end=\"2948\">PSM4 o DR4<\/strong>, admite enlaces de alta velocidad.<\/p>\n<p data-start=\"2981\" data-end=\"3143\"><strong data-start=\"2981\" data-end=\"3037\">P4: \u00bfSe pueden personalizar la polaridad y el acabado del conector?<\/strong><br data-start=\"3037\" data-end=\"3040\" \/>S\u00ed. Se puede seleccionar la polaridad MPO (tipo A\/B\/C) y el pulido SC (UPC o APC) para que se adapten al dise\u00f1o de su red.<\/p>","protected":false},"excerpt":{"rendered":"<p data-start=\"69\" data-end=\"451\">En <strong data-start=\"73\" data-end=\"92\">MPO-SC-SM-8 n\u00facleos<\/strong> es un dispositivo compacto y de alta precisi\u00f3n. <strong data-start=\"122\" data-end=\"158\">Cable de fibra \u00f3ptica monomodo<\/strong> dise\u00f1ado para conectar lo moderno <strong data-start=\"186\" data-end=\"210\">Sistemas troncales MPO<\/strong> con equipos y paneles de conexi\u00f3n que utilizan <strong data-start=\"252\" data-end=\"269\">Conectores SC<\/strong>. Construido con <strong data-start=\"282\" data-end=\"316\">Fibra monomodo OS2 9\/125 \u00b5m<\/strong>, es compatible con <strong data-start=\"330\" data-end=\"370\">transmisi\u00f3n de larga distancia y baja p\u00e9rdida<\/strong> para telecomunicaciones, interconexi\u00f3n de centros de datos (DCI) y redes empresariales de alta velocidad.<\/p>\n<p data-start=\"453\" data-end=\"697\">En lugar de utilizar ocho fibras separadas, una sola <strong data-start=\"499\" data-end=\"524\">Interfaz MPO de 8 fibras<\/strong> transporta todos los canales a trav\u00e9s de una \u00fanica conexi\u00f3n de alta densidad y los distribuye de forma clara en <strong data-start=\"618\" data-end=\"643\">8 puertos SC individuales<\/strong>, simplificando el cableado y mejorando la organizaci\u00f3n del rack.<\/p>","protected":false},"featured_media":565,"comment_status":"open","ping_status":"closed","template":"","meta":[],"product_brand":[],"product_cat":[42],"product_tag":[],"class_list":{"0":"post-564","1":"product","2":"type-product","3":"status-publish","4":"has-post-thumbnail","6":"product_cat-mpo-mtp-fiber-optic-patch-cord","8":"first","9":"instock","10":"shipping-taxable","11":"product-type-simple"},"_links":{"self":[{"href":"https:\/\/www.fenxifiber.com\/es\/wp-json\/wp\/v2\/product\/564","targetHints":{"allow":["GET"]}}],"collection":[{"href":"https:\/\/www.fenxifiber.com\/es\/wp-json\/wp\/v2\/product"}],"about":[{"href":"https:\/\/www.fenxifiber.com\/es\/wp-json\/wp\/v2\/types\/product"}],"replies":[{"embeddable":true,"href":"https:\/\/www.fenxifiber.com\/es\/wp-json\/wp\/v2\/comments?post=564"}],"wp:featuredmedia":[{"embeddable":true,"href":"https:\/\/www.fenxifiber.com\/es\/wp-json\/wp\/v2\/media\/565"}],"wp:attachment":[{"href":"https:\/\/www.fenxifiber.com\/es\/wp-json\/wp\/v2\/media?parent=564"}],"wp:term":[{"taxonomy":"product_brand","embeddable":true,"href":"https:\/\/www.fenxifiber.com\/es\/wp-json\/wp\/v2\/product_brand?post=564"},{"taxonomy":"product_cat","embeddable":true,"href":"https:\/\/www.fenxifiber.com\/es\/wp-json\/wp\/v2\/product_cat?post=564"},{"taxonomy":"product_tag","embeddable":true,"href":"https:\/\/www.fenxifiber.com\/es\/wp-json\/wp\/v2\/product_tag?post=564"}],"curies":[{"name":"wp","href":"https:\/\/api.w.org\/{rel}","templated":true}]}}