{"id":566,"date":"2026-02-03T02:02:50","date_gmt":"2026-02-03T02:02:50","guid":{"rendered":"https:\/\/www.fenxifiber.com\/?post_type=product&#038;p=566"},"modified":"2026-02-04T01:18:10","modified_gmt":"2026-02-04T01:18:10","slug":"mpo-lc-sm-8-nucleos","status":"publish","type":"product","link":"https:\/\/www.fenxifiber.com\/es\/product\/mpo-lc-sm-8core\/","title":{"rendered":"MPO-LC-SM-8Core - Cable de conexi\u00f3n compacto monomodo MPO a LC"},"content":{"rendered":"<h3 data-start=\"632\" data-end=\"678\"><strong data-start=\"636\" data-end=\"678\">Lo que este cable aporta a su red<\/strong><\/h3>\n<ul data-start=\"680\" data-end=\"1307\">\n<li data-start=\"680\" data-end=\"858\">\n<p data-start=\"682\" data-end=\"858\"><strong data-start=\"682\" data-end=\"720\">Rendimiento monomodo de largo alcance<\/strong><br data-start=\"720\" data-end=\"723\" \/>Optimizado para <strong data-start=\"739\" data-end=\"762\">1310 nm y 1550 nm<\/strong> longitudes de onda, lo que permite conexiones desde enlaces cortos hasta <strong data-start=\"826\" data-end=\"857\">conexiones a escala kilom\u00e9trica<\/strong>.<\/p>\n<\/li>\n<li data-start=\"860\" data-end=\"1002\">\n<p data-start=\"862\" data-end=\"1002\"><strong data-start=\"862\" data-end=\"898\">Dise\u00f1o de alta densidad y bajo desorden<\/strong><br data-start=\"898\" data-end=\"901\" \/>La tecnolog\u00eda MPO reduce dr\u00e1sticamente el volumen de los cables en comparaci\u00f3n con el uso de ocho cables de conexi\u00f3n LC independientes.<\/p>\n<\/li>\n<li data-start=\"1004\" data-end=\"1162\">\n<p data-start=\"1006\" data-end=\"1162\"><strong data-start=\"1006\" data-end=\"1040\">Perfecto para \u00f3ptica de 100G y 400G<\/strong><br data-start=\"1040\" data-end=\"1043\" \/>Totalmente compatible con <strong data-start=\"1067\" data-end=\"1107\">PSM4, DR4 y transceptores de conexi\u00f3n<\/strong>, lo que lo hace ideal para arquitecturas de hoja-espina y DCI.<\/p>\n<\/li>\n<li data-start=\"1164\" data-end=\"1307\">\n<p data-start=\"1166\" data-end=\"1307\"><strong data-start=\"1166\" data-end=\"1198\">Precisi\u00f3n terminada en f\u00e1brica<\/strong><br data-start=\"1198\" data-end=\"1201\" \/>Cada conector se pule, alinea y prueba para garantizar presupuestos \u00f3pticos estables y una baja p\u00e9rdida de inserci\u00f3n.<\/p>\n<\/li>\n<\/ul>\n<hr data-start=\"1309\" data-end=\"1312\" \/>\n<h3 data-start=\"1314\" data-end=\"1340\"><strong data-start=\"1318\" data-end=\"1340\">Datos t\u00e9cnicos clave<\/strong><\/h3>\n<div class=\"TyagGW_tableContainer\">\n<div class=\"group TyagGW_tableWrapper flex flex-col-reverse w-fit\" tabindex=\"-1\">\n<table class=\"w-fit min-w-(--thread-content-width)\" data-start=\"1342\" data-end=\"1757\">\n<thead data-start=\"1342\" data-end=\"1366\">\n<tr data-start=\"1342\" data-end=\"1366\">\n<th class=\"\" data-start=\"1342\" data-end=\"1349\" data-col-size=\"sm\">Art\u00edculo<\/th>\n<th class=\"\" data-start=\"1349\" data-end=\"1366\" data-col-size=\"sm\">Especificaci\u00f3n<\/th>\n<\/tr>\n<\/thead>\n<tbody data-start=\"1393\" data-end=\"1757\">\n<tr data-start=\"1393\" data-end=\"1436\">\n<td data-start=\"1393\" data-end=\"1406\" data-col-size=\"sm\">Tipo de fibra<\/td>\n<td data-start=\"1406\" data-end=\"1436\" data-col-size=\"sm\">OS2 monomodo (9\/125 \u00b5m)<\/td>\n<\/tr>\n<tr data-start=\"1437\" data-end=\"1456\">\n<td data-start=\"1437\" data-end=\"1451\" data-col-size=\"sm\">Recuento de fibras<\/td>\n<td data-start=\"1451\" data-end=\"1456\" data-col-size=\"sm\">8<\/td>\n<\/tr>\n<tr data-start=\"1457\" data-end=\"1494\">\n<td data-start=\"1457\" data-end=\"1473\" data-col-size=\"sm\">Conector MPO<\/td>\n<td data-start=\"1473\" data-end=\"1494\" data-col-size=\"sm\">MPO\/MTP de 8 fibras<\/td>\n<\/tr>\n<tr data-start=\"1495\" data-end=\"1521\">\n<td data-start=\"1495\" data-end=\"1511\" data-col-size=\"sm\">Conectores LC<\/td>\n<td data-start=\"1511\" data-end=\"1521\" data-col-size=\"sm\">8 \u00d7 LC<\/td>\n<\/tr>\n<tr data-start=\"1522\" data-end=\"1567\">\n<td data-start=\"1522\" data-end=\"1546\" data-col-size=\"sm\">Longitudes de onda operativas<\/td>\n<td data-start=\"1546\" data-end=\"1567\" data-col-size=\"sm\">1310 nm \/ 1550 nm<\/td>\n<\/tr>\n<tr data-start=\"1568\" data-end=\"1616\">\n<td data-start=\"1568\" data-end=\"1585\" data-col-size=\"sm\">P\u00e9rdida de inserci\u00f3n<\/td>\n<td data-start=\"1585\" data-end=\"1616\" data-col-size=\"sm\">MPO \u2264 0,35 dB, LC \u2264 0,30 dB<\/td>\n<\/tr>\n<tr data-start=\"1617\" data-end=\"1642\">\n<td data-start=\"1617\" data-end=\"1631\" data-col-size=\"sm\">P\u00e9rdida de retorno<\/td>\n<td data-start=\"1631\" data-end=\"1642\" data-col-size=\"sm\">\u2265 50 dB<\/td>\n<\/tr>\n<tr data-start=\"1643\" data-end=\"1673\">\n<td data-start=\"1643\" data-end=\"1658\" data-col-size=\"sm\">Cubierta del cable<\/td>\n<td data-start=\"1658\" data-end=\"1673\" data-col-size=\"sm\">LSZH o PVC<\/td>\n<\/tr>\n<tr data-start=\"1674\" data-end=\"1718\">\n<td data-start=\"1674\" data-end=\"1698\" data-col-size=\"sm\">Temperatura de funcionamiento<\/td>\n<td data-start=\"1698\" data-end=\"1718\" data-col-size=\"sm\">De -10 \u00b0C a +70 \u00b0C<\/td>\n<\/tr>\n<tr data-start=\"1719\" data-end=\"1757\">\n<td data-start=\"1719\" data-end=\"1732\" data-col-size=\"sm\">Conformidad<\/td>\n<td data-start=\"1732\" data-end=\"1757\" data-col-size=\"sm\">IEC, TIA, RoHS, REACH<\/td>\n<\/tr>\n<\/tbody>\n<\/table>\n<\/div>\n<\/div>\n<hr data-start=\"1759\" data-end=\"1762\" \/>\n<h3 data-start=\"1764\" data-end=\"1801\"><strong data-start=\"1768\" data-end=\"1801\">D\u00f3nde se utiliza MPO-LC-SM-8Core<\/strong><\/h3>\n<p data-start=\"1803\" data-end=\"1836\">Este cable se utiliza ampliamente en:<\/p>\n<ul data-start=\"1838\" data-end=\"2047\">\n<li data-start=\"1838\" data-end=\"1882\">\n<p data-start=\"1840\" data-end=\"1882\"><strong data-start=\"1840\" data-end=\"1880\">Arquitecturas de centros de datos Leaf-spine<\/strong><\/p>\n<\/li>\n<li data-start=\"1883\" data-end=\"1921\">\n<p data-start=\"1885\" data-end=\"1921\"><strong data-start=\"1885\" data-end=\"1919\">Interconexi\u00f3n de centros de datos (DCI)<\/strong><\/p>\n<\/li>\n<li data-start=\"1922\" data-end=\"1956\">\n<p data-start=\"1924\" data-end=\"1956\"><strong data-start=\"1924\" data-end=\"1954\">Redes de telecomunicaciones y metro<\/strong><\/p>\n<\/li>\n<li data-start=\"1957\" data-end=\"2000\">\n<p data-start=\"1959\" data-end=\"2000\"><strong data-start=\"1959\" data-end=\"1998\">Implementaciones de conmutadores monomodo de 400G<\/strong><\/p>\n<\/li>\n<li data-start=\"2001\" data-end=\"2047\">\n<p data-start=\"2003\" data-end=\"2047\"><strong data-start=\"2003\" data-end=\"2047\">Cuadros de distribuci\u00f3n \u00f3ptica de alta densidad<\/strong><\/p>\n<\/li>\n<\/ul>\n<hr data-start=\"2456\" data-end=\"2459\" \/>\n<h2 data-start=\"2461\" data-end=\"2484\"><strong data-start=\"2464\" data-end=\"2484\">Preguntas y respuestas profesionales<\/strong><\/h2>\n<p data-start=\"2486\" data-end=\"2653\"><strong data-start=\"2486\" data-end=\"2548\">P1: \u00bfEste cable es adecuado para transmisiones de larga distancia?<\/strong><br data-start=\"2548\" data-end=\"2551\" \/>S\u00ed. La fibra monomodo OS2 admite distancias de <strong data-start=\"2600\" data-end=\"2622\">varios kil\u00f3metros<\/strong>, dependiendo del transceptor.<\/p>\n<p data-start=\"2655\" data-end=\"2777\"><strong data-start=\"2655\" data-end=\"2696\">P2: \u00bfSe puede utilizar con m\u00f3dulos de 400G?<\/strong><br data-start=\"2696\" data-end=\"2699\" \/>S\u00ed. Funciona con <strong data-start=\"2718\" data-end=\"2739\">400G DR4 y PSM4<\/strong> \u00d3ptica con conexiones LC breakout.<\/p>\n<p data-start=\"2779\" data-end=\"2966\"><strong data-start=\"2779\" data-end=\"2844\">P3: \u00bfCu\u00e1l es la ventaja de MPO a LC en lugar de MPO a MPO?<\/strong><br data-start=\"2844\" data-end=\"2847\" \/>MPO-LC le permite conectarse directamente a <strong data-start=\"2888\" data-end=\"2933\">Transceptores y paneles est\u00e1ndar basados en LC.<\/strong> sin cables de conversi\u00f3n adicionales.<\/p>\n<p data-start=\"2968\" data-end=\"3089\"><strong data-start=\"2968\" data-end=\"3003\">P4: \u00bfSe puede personalizar la polaridad?<\/strong><br data-start=\"3003\" data-end=\"3006\" \/>S\u00ed. Se pueden especificar los tipos de polaridad MPO (A, B o C) para que se adapten al dise\u00f1o de su red.<\/p>","protected":false},"excerpt":{"rendered":"<p data-start=\"72\" data-end=\"389\">En <strong data-start=\"76\" data-end=\"95\">MPO-LC-SM-8 n\u00facleos<\/strong> es de alta densidad <strong data-start=\"114\" data-end=\"153\">Soluci\u00f3n de conexi\u00f3n de fibra monomodo<\/strong> Dise\u00f1ado para centros de datos modernos, redes troncales de telecomunicaciones e interconexiones en la nube. Construido con <strong data-start=\"245\" data-end=\"267\">Fibra OS2 9\/125 \u00b5m<\/strong>, proporciona una atenuaci\u00f3n ultrabaja y transmisi\u00f3n a larga distancia, al tiempo que mantiene un formato compacto y f\u00e1cil de instalar en bastidores.<\/p>\n<p data-start=\"391\" data-end=\"625\">Uno <strong data-start=\"395\" data-end=\"420\">Conector MPO de 8 fibras<\/strong> en el lado del maletero se abre en abanico hacia <strong data-start=\"453\" data-end=\"487\">ocho conectores LC individuales<\/strong>, lo que le proporciona compatibilidad directa con <strong data-start=\"526\" data-end=\"574\">\u00d3ptica monomodo QSFP-DD, QSFP28 y SFP+.<\/strong> sin necesidad de hardware adicional.<\/p>","protected":false},"featured_media":567,"comment_status":"open","ping_status":"closed","template":"","meta":[],"product_brand":[],"product_cat":[42],"product_tag":[],"class_list":{"0":"post-566","1":"product","2":"type-product","3":"status-publish","4":"has-post-thumbnail","6":"product_cat-mpo-mtp-fiber-optic-patch-cord","8":"first","9":"instock","10":"shipping-taxable","11":"product-type-simple"},"_links":{"self":[{"href":"https:\/\/www.fenxifiber.com\/es\/wp-json\/wp\/v2\/product\/566","targetHints":{"allow":["GET"]}}],"collection":[{"href":"https:\/\/www.fenxifiber.com\/es\/wp-json\/wp\/v2\/product"}],"about":[{"href":"https:\/\/www.fenxifiber.com\/es\/wp-json\/wp\/v2\/types\/product"}],"replies":[{"embeddable":true,"href":"https:\/\/www.fenxifiber.com\/es\/wp-json\/wp\/v2\/comments?post=566"}],"wp:featuredmedia":[{"embeddable":true,"href":"https:\/\/www.fenxifiber.com\/es\/wp-json\/wp\/v2\/media\/567"}],"wp:attachment":[{"href":"https:\/\/www.fenxifiber.com\/es\/wp-json\/wp\/v2\/media?parent=566"}],"wp:term":[{"taxonomy":"product_brand","embeddable":true,"href":"https:\/\/www.fenxifiber.com\/es\/wp-json\/wp\/v2\/product_brand?post=566"},{"taxonomy":"product_cat","embeddable":true,"href":"https:\/\/www.fenxifiber.com\/es\/wp-json\/wp\/v2\/product_cat?post=566"},{"taxonomy":"product_tag","embeddable":true,"href":"https:\/\/www.fenxifiber.com\/es\/wp-json\/wp\/v2\/product_tag?post=566"}],"curies":[{"name":"wp","href":"https:\/\/api.w.org\/{rel}","templated":true}]}}