{"id":568,"date":"2026-02-03T02:04:37","date_gmt":"2026-02-03T02:04:37","guid":{"rendered":"https:\/\/www.fenxifiber.com\/?post_type=product&#038;p=568"},"modified":"2026-02-04T01:18:57","modified_gmt":"2026-02-04T01:18:57","slug":"mpo-lc-3-m-12-nucleos","status":"publish","type":"product","link":"https:\/\/www.fenxifiber.com\/es\/product\/mpo-lc-3m-12core\/","title":{"rendered":"MPO-LC-3M-12Core - Cable de corto alcance MPO a LC Fan-Out"},"content":{"rendered":"<h3 data-start=\"620\" data-end=\"656\"><strong data-start=\"624\" data-end=\"656\">Para qu\u00e9 est\u00e1 dise\u00f1ado este cable<\/strong><\/h3>\n<p data-start=\"658\" data-end=\"776\">El MPO-LC-3M-12Core no solo se trata del n\u00famero de fibras, sino tambi\u00e9n de <strong data-start=\"722\" data-end=\"751\">enrutamiento \u00f3ptico eficiente<\/strong> en lugares concurridos:<\/p>\n<ul data-start=\"778\" data-end=\"1262\">\n<li data-start=\"778\" data-end=\"929\">\n<p data-start=\"780\" data-end=\"929\"><strong data-start=\"780\" data-end=\"808\">Longitud optimizada de 3 metros<\/strong><br data-start=\"808\" data-end=\"811\" \/>Lo suficientemente largo para conexiones de rack a rack o de estante a conmutador, lo suficientemente corto para evitar la holgura del cable y el bloqueo del flujo de aire.<\/p>\n<\/li>\n<li data-start=\"931\" data-end=\"1053\">\n<p data-start=\"933\" data-end=\"1053\"><strong data-start=\"933\" data-end=\"982\">Transici\u00f3n de la red troncal de alta densidad al equipo<\/strong><br data-start=\"982\" data-end=\"985\" \/>Un troncal MPO alimenta doce puertos LC, lo que reduce el desorden en el panel de conexiones.<\/p>\n<\/li>\n<li data-start=\"1055\" data-end=\"1156\">\n<p data-start=\"1057\" data-end=\"1156\"><strong data-start=\"1057\" data-end=\"1076\">R\u00e1pida implementaci\u00f3n<\/strong><br data-start=\"1076\" data-end=\"1079\" \/>Terminado y probado en f\u00e1brica, por lo que no es necesario pulir ni empalmar en el campo.<\/p>\n<\/li>\n<li data-start=\"1158\" data-end=\"1262\">\n<p data-start=\"1160\" data-end=\"1262\"><strong data-start=\"1160\" data-end=\"1190\">Rendimiento \u00f3ptico estable<\/strong><br data-start=\"1190\" data-end=\"1193\" \/>Dise\u00f1ado para mantener una baja p\u00e9rdida de inserci\u00f3n en los doce canales.<\/p>\n<\/li>\n<\/ul>\n<hr data-start=\"1264\" data-end=\"1267\" \/>\n<h3 data-start=\"1269\" data-end=\"1299\"><strong data-start=\"1273\" data-end=\"1299\">Detalles t\u00e9cnicos principales<\/strong><\/h3>\n<div class=\"TyagGW_tableContainer\">\n<div class=\"group TyagGW_tableWrapper flex flex-col-reverse w-fit\" tabindex=\"-1\">\n<table class=\"w-fit min-w-(--thread-content-width)\" data-start=\"1301\" data-end=\"1687\">\n<thead data-start=\"1301\" data-end=\"1328\">\n<tr data-start=\"1301\" data-end=\"1328\">\n<th class=\"\" data-start=\"1301\" data-end=\"1308\" data-col-size=\"sm\">Art\u00edculo<\/th>\n<th class=\"\" data-start=\"1308\" data-end=\"1328\" data-col-size=\"md\">MPO-LC-3M-12 n\u00facleos<\/th>\n<\/tr>\n<\/thead>\n<tbody data-start=\"1355\" data-end=\"1687\">\n<tr data-start=\"1355\" data-end=\"1382\">\n<td data-start=\"1355\" data-end=\"1370\" data-col-size=\"sm\">Longitud del cable<\/td>\n<td data-start=\"1370\" data-end=\"1382\" data-col-size=\"md\">3 metros<\/td>\n<\/tr>\n<tr data-start=\"1383\" data-end=\"1403\">\n<td data-start=\"1383\" data-end=\"1397\" data-col-size=\"sm\">Recuento de fibras<\/td>\n<td data-start=\"1397\" data-end=\"1403\" data-col-size=\"md\">12<\/td>\n<\/tr>\n<tr data-start=\"1404\" data-end=\"1442\">\n<td data-start=\"1404\" data-end=\"1418\" data-col-size=\"sm\">Conector A<\/td>\n<td data-start=\"1418\" data-end=\"1442\" data-col-size=\"md\">MPO\/MTP (12 fibras)<\/td>\n<\/tr>\n<tr data-start=\"1443\" data-end=\"1468\">\n<td data-start=\"1443\" data-end=\"1457\" data-col-size=\"sm\">Conector B<\/td>\n<td data-start=\"1457\" data-end=\"1468\" data-col-size=\"md\">12 \u00d7 LC<\/td>\n<\/tr>\n<tr data-start=\"1469\" data-end=\"1535\">\n<td data-start=\"1469\" data-end=\"1482\" data-col-size=\"sm\">Tipo de fibra<\/td>\n<td data-start=\"1482\" data-end=\"1535\" data-col-size=\"md\">Multimodo OM3\/OM4 o monomodo OS2 (opcional)<\/td>\n<\/tr>\n<tr data-start=\"1536\" data-end=\"1584\">\n<td data-start=\"1536\" data-end=\"1553\" data-col-size=\"sm\">P\u00e9rdida de inserci\u00f3n<\/td>\n<td data-start=\"1553\" data-end=\"1584\" data-col-size=\"md\">MPO \u2264 0,35 dB, LC \u2264 0,30 dB<\/td>\n<\/tr>\n<tr data-start=\"1585\" data-end=\"1609\">\n<td data-start=\"1585\" data-end=\"1594\" data-col-size=\"sm\">Chamarra<\/td>\n<td data-start=\"1594\" data-end=\"1609\" data-col-size=\"md\">LSZH o PVC<\/td>\n<\/tr>\n<tr data-start=\"1610\" data-end=\"1648\">\n<td data-start=\"1610\" data-end=\"1628\" data-col-size=\"sm\">Temperatura de funcionamiento.<\/td>\n<td data-col-size=\"md\" data-start=\"1628\" data-end=\"1648\">De -10 \u00b0C a +70 \u00b0C<\/td>\n<\/tr>\n<tr data-start=\"1649\" data-end=\"1687\">\n<td data-start=\"1649\" data-end=\"1662\" data-col-size=\"sm\">Conformidad<\/td>\n<td data-col-size=\"md\" data-start=\"1662\" data-end=\"1687\">IEC, TIA, RoHS, REACH<\/td>\n<\/tr>\n<\/tbody>\n<\/table>\n<\/div>\n<\/div>\n<hr data-start=\"1689\" data-end=\"1692\" \/>\n<h3 data-start=\"1694\" data-end=\"1720\"><strong data-start=\"1698\" data-end=\"1720\">D\u00f3nde encaja mejor<\/strong><\/h3>\n<p data-start=\"1722\" data-end=\"1751\">Este cable se utiliza ampliamente en:<\/p>\n<ul data-start=\"1753\" data-end=\"1949\">\n<li data-start=\"1753\" data-end=\"1791\">\n<p data-start=\"1755\" data-end=\"1791\"><strong data-start=\"1755\" data-end=\"1789\">Racks y gabinetes para centros de datos<\/strong><\/p>\n<\/li>\n<li data-start=\"1792\" data-end=\"1828\">\n<p data-start=\"1794\" data-end=\"1828\"><strong data-start=\"1794\" data-end=\"1826\">Rango de puertos de conmutaci\u00f3n MPO<\/strong><\/p>\n<\/li>\n<li data-start=\"1829\" data-end=\"1869\">\n<p data-start=\"1831\" data-end=\"1869\"><strong data-start=\"1831\" data-end=\"1867\">Enlaces de conexi\u00f3n 40G \/ 100G \/ 400G<\/strong><\/p>\n<\/li>\n<li data-start=\"1870\" data-end=\"1915\">\n<p data-start=\"1872\" data-end=\"1915\"><strong data-start=\"1872\" data-end=\"1913\">Sistemas de interconexi\u00f3n y paneles de conexi\u00f3n<\/strong><\/p>\n<\/li>\n<li data-start=\"1916\" data-end=\"1949\">\n<p data-start=\"1918\" data-end=\"1949\"><strong data-start=\"1918\" data-end=\"1949\">Infraestructura de nube e inteligencia artificial<\/strong><\/p>\n<\/li>\n<\/ul>\n<hr data-start=\"1951\" data-end=\"1954\" \/>\n<h3 data-start=\"1956\" data-end=\"1998\"><strong data-start=\"1960\" data-end=\"1998\">Dise\u00f1ado para redes de alta densidad<\/strong><\/h3>\n<p data-start=\"2000\" data-end=\"2272\">Las redes de alta velocidad no solo necesitan \u00f3pticas r\u00e1pidas, sino que tambi\u00e9n necesitan <strong data-start=\"2060\" data-end=\"2085\">enrutamiento ordenado de la fibra<\/strong>. El <strong data-start=\"2091\" data-end=\"2111\">MPO-LC-3M-12 n\u00facleos<\/strong> mantiene las instalaciones compactas, minimiza la congesti\u00f3n y permite a los t\u00e9cnicos identificar y reparar r\u00e1pidamente canales individuales sin tocar la red troncal MPO.<\/p>\n<hr data-start=\"2274\" data-end=\"2277\" \/>\n<h2 data-start=\"2279\" data-end=\"2302\"><strong data-start=\"2282\" data-end=\"2302\">Preguntas y respuestas profesionales<\/strong><\/h2>\n<p data-start=\"2304\" data-end=\"2467\"><strong data-start=\"2304\" data-end=\"2353\">P1: \u00bfSon adecuados los 3 metros para su uso en centros de datos?<\/strong><br data-start=\"2353\" data-end=\"2356\" \/>S\u00ed. 3 m es una de las longitudes de conexi\u00f3n m\u00e1s comunes, ideal para conexiones entre bastidores y entre gabinetes.<\/p>\n<p data-start=\"2469\" data-end=\"2642\"><strong data-start=\"2469\" data-end=\"2520\">P2: \u00bfEste cable es compatible con enlaces de 100G y 400G?<\/strong><br data-start=\"2520\" data-end=\"2523\" \/>S\u00ed. Cuando se combina con los transceptores MPO y LC adecuados, es compatible con <strong data-start=\"2600\" data-end=\"2641\">Redes \u00f3pticas paralelas de 100G y 400G<\/strong>.<\/p>\n<p data-start=\"2644\" data-end=\"2813\"><strong data-start=\"2644\" data-end=\"2701\">P3: \u00bfFunciona tanto con fibra OM4 como con fibra monomodo?<\/strong><br data-start=\"2701\" data-end=\"2704\" \/>S\u00ed. El MPO-LC-3M-12Core se puede suministrar en <strong data-start=\"2749\" data-end=\"2781\">OM3, OM4 u OS2 monomodo<\/strong>, dependiendo de su aplicaci\u00f3n.<\/p>\n<p data-start=\"2815\" data-end=\"2971\"><strong data-start=\"2815\" data-end=\"2861\">P4: \u00bfDebo preocuparme por la polaridad del MPO?<\/strong><br data-start=\"2861\" data-end=\"2864\" \/>S\u00ed. Se debe seleccionar la polaridad (tipo A, B o C) para garantizar que las fibras de transmisi\u00f3n y recepci\u00f3n est\u00e9n correctamente alineadas.<\/p>","protected":false},"excerpt":{"rendered":"<p data-start=\"64\" data-end=\"472\">Dise\u00f1ado para conexiones limpias y eficientes entre bastidores y entre bandejas y dispositivos, el <strong data-start=\"143\" data-end=\"163\">MPO-LC-3M-12 n\u00facleos<\/strong> es un <strong data-start=\"169\" data-end=\"211\">Cable de fibra \u00f3ptica MPO a LC de 3 metros<\/strong> dise\u00f1ado para centros de datos de alta densidad y redes empresariales. Con un solo <strong data-start=\"287\" data-end=\"313\">Conector MPO de 12 fibras<\/strong> en un extremo y <strong data-start=\"329\" data-end=\"353\">doce conectores LC<\/strong> Por otro lado, convierte el cableado compacto de la red troncal en puertos LC f\u00e1ciles de usar sin sacrificar el rendimiento ni el espacio.<\/p>\n<p data-start=\"474\" data-end=\"613\">Esta longitud es ideal para <strong data-start=\"499\" data-end=\"553\">conexiones dentro del gabinete, entre filas y conexiones cruzadas<\/strong>, manteniendo los cables ordenados y preservando la integridad de la se\u00f1al.<\/p>","protected":false},"featured_media":569,"comment_status":"open","ping_status":"closed","template":"","meta":[],"product_brand":[],"product_cat":[42],"product_tag":[],"class_list":{"0":"post-568","1":"product","2":"type-product","3":"status-publish","4":"has-post-thumbnail","6":"product_cat-mpo-mtp-fiber-optic-patch-cord","8":"first","9":"instock","10":"shipping-taxable","11":"product-type-simple"},"_links":{"self":[{"href":"https:\/\/www.fenxifiber.com\/es\/wp-json\/wp\/v2\/product\/568","targetHints":{"allow":["GET"]}}],"collection":[{"href":"https:\/\/www.fenxifiber.com\/es\/wp-json\/wp\/v2\/product"}],"about":[{"href":"https:\/\/www.fenxifiber.com\/es\/wp-json\/wp\/v2\/types\/product"}],"replies":[{"embeddable":true,"href":"https:\/\/www.fenxifiber.com\/es\/wp-json\/wp\/v2\/comments?post=568"}],"wp:featuredmedia":[{"embeddable":true,"href":"https:\/\/www.fenxifiber.com\/es\/wp-json\/wp\/v2\/media\/569"}],"wp:attachment":[{"href":"https:\/\/www.fenxifiber.com\/es\/wp-json\/wp\/v2\/media?parent=568"}],"wp:term":[{"taxonomy":"product_brand","embeddable":true,"href":"https:\/\/www.fenxifiber.com\/es\/wp-json\/wp\/v2\/product_brand?post=568"},{"taxonomy":"product_cat","embeddable":true,"href":"https:\/\/www.fenxifiber.com\/es\/wp-json\/wp\/v2\/product_cat?post=568"},{"taxonomy":"product_tag","embeddable":true,"href":"https:\/\/www.fenxifiber.com\/es\/wp-json\/wp\/v2\/product_tag?post=568"}],"curies":[{"name":"wp","href":"https:\/\/api.w.org\/{rel}","templated":true}]}}