{"id":570,"date":"2026-02-03T02:14:20","date_gmt":"2026-02-03T02:14:20","guid":{"rendered":"https:\/\/www.fenxifiber.com\/?post_type=product&#038;p=570"},"modified":"2026-02-04T00:10:03","modified_gmt":"2026-02-04T00:10:03","slug":"fc-apc-pigtail-de-fibra-monomodo-de-12-nucleos","status":"publish","type":"product","link":"https:\/\/www.fenxifiber.com\/es\/product\/fc-apc-12-core-single-mode-fiber-pigtail\/","title":{"rendered":"Pigtail de fibra monomodo FC\/APC de 12 hilos"},"content":{"rendered":"<h2>Caracter\u00edsticas principales<\/h2>\n<h3>1. Excelente repetibilidad y alta estabilidad<\/h3>\n<ul>\n<li>\n<p class=\"ds-markdown-paragraph\">Fabricado con nuevos materiales resistentes a altas temperaturas y respetuosos con el medio ambiente, que son duraderos, no se deforman, no se rompen y no se desprenden.<\/p>\n<\/li>\n<li>\n<p class=\"ds-markdown-paragraph\">Producido mediante procesos estandarizados totalmente automatizados para minimizar la intervenci\u00f3n manual, lo que garantiza una calidad y fiabilidad constantes.<\/p>\n<\/li>\n<\/ul>\n<h3>2. Baja p\u00e9rdida de inserci\u00f3n y estabilidad superior<\/h3>\n<ul>\n<li>\n<p class=\"ds-markdown-paragraph\">Equipado con casquillos de alta calidad que ofrecen una excelente fiabilidad, estabilidad, concentricidad y precisi\u00f3n dimensional.<\/p>\n<\/li>\n<li>\n<p class=\"ds-markdown-paragraph\">Garantiza un rendimiento \u00f3ptico estable y la integridad de la conexi\u00f3n a largo plazo.<\/p>\n<\/li>\n<\/ul>\n<h3>3. N\u00facleo de fibra monomodo de alto rendimiento<\/h3>\n<ul>\n<li>\n<p class=\"ds-markdown-paragraph\">Utiliza n\u00facleos de fibra monomodo importados de alta calidad.<\/p>\n<\/li>\n<li>\n<p class=\"ds-markdown-paragraph\">Cada unidad se somete a rigurosas pruebas 100% antes de su entrega.<\/p>\n<\/li>\n<li>\n<p class=\"ds-markdown-paragraph\">Ampliamente reconocido y elogiado por los profesionales de la ingenier\u00eda y las redes.<\/p>\n<\/li>\n<li>\n<p class=\"ds-markdown-paragraph\">La opci\u00f3n ideal para FTTH y conectividad de enlace de datos.<\/p>\n<\/li>\n<\/ul>\n<h2>Especificaciones t\u00e9cnicas<\/h2>\n<div class=\"ds-scroll-area _1210dd7 c03cafe9\">\n<table>\n<thead>\n<tr>\n<th>Par\u00e1metro<\/th>\n<th>Especificaci\u00f3n<\/th>\n<\/tr>\n<\/thead>\n<tbody>\n<tr>\n<td>Nombre del producto<\/td>\n<td>Pigtail de fibra de 12 hilos<\/td>\n<\/tr>\n<tr>\n<td>Tipo de conector<\/td>\n<td>FC\/APC (tambi\u00e9n disponible en SC\/UPC, SC\/APC, FC\/UPC, LC\/UPC, LC\/APC, ST\/UPC)<\/td>\n<\/tr>\n<tr>\n<td>Tipo de fibra<\/td>\n<td>Modo \u00fanico (SM)<\/td>\n<\/tr>\n<tr>\n<td>Color<\/td>\n<td>Amarillo<\/td>\n<\/tr>\n<tr>\n<td>Longitud de onda operativa<\/td>\n<td>1310 nm, 1490 nm, 1550 nm<\/td>\n<\/tr>\n<tr>\n<td>P\u00e9rdida de inserci\u00f3n<\/td>\n<td>&lt; 0,3 dB<\/td>\n<\/tr>\n<tr>\n<td>P\u00e9rdida de retorno<\/td>\n<td>&gt; 40 dB (APC)<\/td>\n<\/tr>\n<tr>\n<td>Durabilidad<\/td>\n<td>\u2265 1000 ciclos de apareamiento<\/td>\n<\/tr>\n<tr>\n<td>Material del cable<\/td>\n<td>LSZH (bajo nivel de humo y sin hal\u00f3genos)<\/td>\n<\/tr>\n<tr>\n<td>Resistencia a la tracci\u00f3n<\/td>\n<td>Cumple con los requisitos est\u00e1ndar de la industria.<\/td>\n<\/tr>\n<tr>\n<td>Ancho de banda<\/td>\n<td>\u00b1 40 nm<\/td>\n<\/tr>\n<\/tbody>\n<\/table>\n<\/div>\n<h2>Solicitudes<\/h2>\n<ul>\n<li>\n<p class=\"ds-markdown-paragraph\">Cuadros de distribuci\u00f3n de fibra \u00f3ptica<\/p>\n<\/li>\n<li>\n<p class=\"ds-markdown-paragraph\">Terminales de l\u00ednea \u00f3ptica (OLT) y unidades de red \u00f3ptica (ONU)<\/p>\n<\/li>\n<li>\n<p class=\"ds-markdown-paragraph\">Interconexiones de centros de datos<\/p>\n<\/li>\n<li>\n<p class=\"ds-markdown-paragraph\">Redes troncales de telecomunicaciones<\/p>\n<\/li>\n<li>\n<p class=\"ds-markdown-paragraph\">Sistemas de CATV y radiodifusi\u00f3n<\/p>\n<\/li>\n<li>\n<p class=\"ds-markdown-paragraph\">Configuraciones de prueba y medici\u00f3n<\/p>\n<\/li>\n<\/ul>\n<hr \/>\n<h2>Preguntas y respuestas profesionales<\/h2>\n<p class=\"ds-markdown-paragraph\"><strong>P1: \u00bfPara qu\u00e9 aplicaciones es m\u00e1s adecuado el pigtail de fibra monomodo de 12 n\u00facleos FC\/APC?<\/strong><br \/>\n<strong>A:<\/strong>\u00a0Se utiliza idealmente en implementaciones FTTH, terminaciones de oficinas centrales y paneles de conexi\u00f3n de alta densidad, donde es fundamental una baja p\u00e9rdida de inserci\u00f3n y una alta p\u00e9rdida de retorno. El conector APC (contacto f\u00edsico en \u00e1ngulo) es especialmente beneficioso en la transmisi\u00f3n de video anal\u00f3gico y en los sistemas RF sobre fibra debido a su reducida reflexi\u00f3n trasera.<\/p>\n<p class=\"ds-markdown-paragraph\"><strong>Pregunta 2: \u00bfPor qu\u00e9 elegir FC\/APC en lugar de FC\/UPC para aplicaciones monomodo?<\/strong><br \/>\n<strong>A:<\/strong>\u00a0Los conectores FC\/APC cuentan con un extremo con un \u00e1ngulo de 8 grados, lo que reduce la reflexi\u00f3n trasera a &gt;40 dB en comparaci\u00f3n con los &gt;30 dB de los conectores UPC. Esto hace que los conectores APC sean preferibles para sistemas de alta precisi\u00f3n como GPON, CATV y multiplexaci\u00f3n por divisi\u00f3n de longitud de onda (WDM), en los que la reflectancia puede afectar a la calidad de la se\u00f1al.<\/p>\n<p class=\"ds-markdown-paragraph\"><strong>P3: \u00bfC\u00f3mo se garantiza la fiabilidad a largo plazo de estos pigtails?<\/strong><br \/>\n<strong>A:<\/strong>\u00a0Gracias a una producci\u00f3n totalmente automatizada, un revestimiento LSZH de alta calidad y pruebas previas a la entrega 100% \u2014que incluyen comprobaciones de p\u00e9rdida de inserci\u00f3n, p\u00e9rdida de retorno y resistencia\u2014, cada unidad garantiza un rendimiento constante durante \u22651000 ciclos de acoplamiento y en condiciones ambientales variables.<\/p>\n<p class=\"ds-markdown-paragraph\"><strong>P4: \u00bfCumplen estas coletas con las normas actuales del sector?<\/strong><br \/>\n<strong>A:<\/strong>\u00a0S\u00ed, cumplen con las normas IEC 61754-13, Telcordia GR-326 e ISO\/IEC 11801, lo que garantiza la interoperabilidad y la consistencia del rendimiento en las redes \u00f3pticas modernas.<\/p>\n<p class=\"ds-markdown-paragraph\"><strong>P5: \u00bfQu\u00e9 se debe tener en cuenta durante la instalaci\u00f3n para mantener el rendimiento?<\/strong><br \/>\n<strong>A:<\/strong>\u00a0Mantenga siempre limpias las terminales de los conectores APC utilizando limpiadores de fibra \u00f3ptica homologados, evite doblarlas m\u00e1s all\u00e1 del radio de curvatura m\u00ednimo (normalmente 30 mm) y aseg\u00farese de que la tensi\u00f3n se distribuya adecuadamente durante la gesti\u00f3n de los cables para evitar tensiones en las fibras.<\/p>","protected":false},"excerpt":{"rendered":"<h2>Resumen general<\/h2>\n<p class=\"ds-markdown-paragraph\">El pigtail de fibra monomodo de 12 n\u00facleos FC\/APC es una soluci\u00f3n de conectividad fiable y de alto rendimiento dise\u00f1ada para fibra hasta el hogar (FTTH), centros de datos, redes de telecomunicaciones y sistemas de cableado empresarial. Pertenece a la\u00a0<strong>Cable de conexi\u00f3n de fibra \u00f3ptica<\/strong>\u00a0categor\u00eda, espec\u00edficamente bajo el\u00a0<strong>Pigtail de fibra de 12 hilos<\/strong>\u00a0subcategor\u00eda. Este producto garantiza una transmisi\u00f3n de se\u00f1al estable con baja p\u00e9rdida de inserci\u00f3n y alta p\u00e9rdida de retorno, lo que lo hace ideal para aplicaciones de datos de alta velocidad y redes \u00f3pticas.<\/p>","protected":false},"featured_media":632,"comment_status":"open","ping_status":"closed","template":"","meta":[],"product_brand":[],"product_cat":[43],"product_tag":[],"class_list":{"0":"post-570","1":"product","2":"type-product","3":"status-publish","4":"has-post-thumbnail","6":"product_cat-12-core-fiber-pigtail","8":"first","9":"instock","10":"shipping-taxable","11":"product-type-simple"},"_links":{"self":[{"href":"https:\/\/www.fenxifiber.com\/es\/wp-json\/wp\/v2\/product\/570","targetHints":{"allow":["GET"]}}],"collection":[{"href":"https:\/\/www.fenxifiber.com\/es\/wp-json\/wp\/v2\/product"}],"about":[{"href":"https:\/\/www.fenxifiber.com\/es\/wp-json\/wp\/v2\/types\/product"}],"replies":[{"embeddable":true,"href":"https:\/\/www.fenxifiber.com\/es\/wp-json\/wp\/v2\/comments?post=570"}],"wp:featuredmedia":[{"embeddable":true,"href":"https:\/\/www.fenxifiber.com\/es\/wp-json\/wp\/v2\/media\/632"}],"wp:attachment":[{"href":"https:\/\/www.fenxifiber.com\/es\/wp-json\/wp\/v2\/media?parent=570"}],"wp:term":[{"taxonomy":"product_brand","embeddable":true,"href":"https:\/\/www.fenxifiber.com\/es\/wp-json\/wp\/v2\/product_brand?post=570"},{"taxonomy":"product_cat","embeddable":true,"href":"https:\/\/www.fenxifiber.com\/es\/wp-json\/wp\/v2\/product_cat?post=570"},{"taxonomy":"product_tag","embeddable":true,"href":"https:\/\/www.fenxifiber.com\/es\/wp-json\/wp\/v2\/product_tag?post=570"}],"curies":[{"name":"wp","href":"https:\/\/api.w.org\/{rel}","templated":true}]}}