{"id":578,"date":"2026-02-03T02:27:56","date_gmt":"2026-02-03T02:27:56","guid":{"rendered":"https:\/\/www.fenxifiber.com\/?post_type=product&#038;p=578"},"modified":"2026-02-04T00:23:28","modified_gmt":"2026-02-04T00:23:28","slug":"lc-upc-12-nucleos-sm","status":"publish","type":"product","link":"https:\/\/www.fenxifiber.com\/es\/product\/lc-upc-12core-sm\/","title":{"rendered":"Pigtail de fibra monomodo de 12 n\u00facleos LC\/UPC"},"content":{"rendered":"<h2>Ventajas principales del pigtail de fibra SM de 12 n\u00facleos LC\/UPC<\/h2>\n<h3>1. Repetibilidad y estabilidad sin igual<\/h3>\n<div>Elaborado a partir de <strong>Nuevos materiales resistentes a altas temperaturas y respetuosos con el medio ambiente.<\/strong>, Nuestro pigtail de fibra de 12 n\u00facleos est\u00e1 dise\u00f1ado para resistir la deformaci\u00f3n, la rotura y el desprendimiento. El proceso de producci\u00f3n especializado, totalmente autom\u00e1tico y estandarizado, minimiza la intervenci\u00f3n manual, lo que garantiza una calidad constante en todas las unidades. Esta estabilidad garantiza un rendimiento uniforme incluso en condiciones ambientales adversas, lo que lo hace ideal para implementaciones de red a largo plazo.<\/div>\n<h3>2. Baja p\u00e9rdida de inserci\u00f3n y estabilidad mec\u00e1nica<\/h3>\n<div>Con un <strong>casquillo de alta calidad<\/strong>, el conector LC\/UPC ofrece una fiabilidad, concentricidad y precisi\u00f3n dimensional excepcionales. Estas caracter\u00edsticas reducen directamente la p\u00e9rdida de inserci\u00f3n (\u22640,3 dB) y mantienen la integridad de la se\u00f1al, lo que garantiza una degradaci\u00f3n m\u00ednima de la se\u00f1al con el paso del tiempo. Su dise\u00f1o mec\u00e1nico estable tambi\u00e9n resiste el desgaste provocado por los acoplamientos repetidos, lo que lo hace adecuado para entornos de red con mucho tr\u00e1fico.<\/div>\n<h3>3. N\u00facleo de fibra monomodo de alto rendimiento<\/h3>\n<div>En el coraz\u00f3n de este pigtail se encuentra un <strong>n\u00facleo de fibra monomodo importado de alta calidad<\/strong>. Cada unidad se somete a rigurosas pruebas 100% antes de su entrega, lo que garantiza el cumplimiento de los est\u00e1ndares de rendimiento del sector. Reconocido por ingenieros de redes e integradores de todo el mundo, este n\u00facleo de fibra ofrece una transmisi\u00f3n de se\u00f1al superior para la conectividad de fibra hasta el hogar (FTTH) y de centros de datos, lo que lo convierte en la opci\u00f3n preferida para aplicaciones de misi\u00f3n cr\u00edtica.<\/div>\n<h2>Especificaciones t\u00e9cnicas<\/h2>\n<div>\n<div>\n<table>\n<thead>\n<tr>\n<th>Par\u00e1metro<\/th>\n<th>Detalles<\/th>\n<\/tr>\n<\/thead>\n<tbody>\n<tr>\n<td><strong>Nombre del producto<\/strong><\/td>\n<td>Pigtail de fibra de 12 n\u00facleos (LC\/UPC-12n\u00facleos-SM)<\/td>\n<\/tr>\n<tr>\n<td><strong>Tipo de conector<\/strong><\/td>\n<td>LC\/UPC (compatible con SC\/UPC, SC\/APC, FC\/UPC, FC\/APC, LC\/APC, ST\/UPC)<\/td>\n<\/tr>\n<tr>\n<td><strong>Tipo de fibra<\/strong><\/td>\n<td>Modo \u00fanico (SM)<\/td>\n<\/tr>\n<tr>\n<td><strong>Codificaci\u00f3n por colores<\/strong><\/td>\n<td>SM: Amarillo; MM-OM3: Aguamarina; MM-OM4: Magenta<\/td>\n<\/tr>\n<tr>\n<td><strong>Resistencia a la tensi\u00f3n<\/strong><\/td>\n<td>\u2265 1000 N<\/td>\n<\/tr>\n<tr>\n<td><strong>Durabilidad<\/strong><\/td>\n<td>\u2265 1000 veces de apareamiento<\/td>\n<\/tr>\n<tr>\n<td><strong>P\u00e9rdida de inserci\u00f3n<\/strong><\/td>\n<td>\u2264 0,3 dB<\/td>\n<\/tr>\n<tr>\n<td><strong>P\u00e9rdida de retorno<\/strong><\/td>\n<td>UPC \u2265 30 dB; APC \u2265 40 dB<\/td>\n<\/tr>\n<tr>\n<td><strong>Ancho de banda<\/strong><\/td>\n<td>\u00b140 nm<\/td>\n<\/tr>\n<tr>\n<td><strong>Longitud de onda operativa<\/strong><\/td>\n<td>1310 nm-1490 nm, 1550 nm-850 nm<\/td>\n<\/tr>\n<tr>\n<td><strong>Material<\/strong><\/td>\n<td>LSZH (bajo nivel de humo y sin hal\u00f3genos)<\/td>\n<\/tr>\n<\/tbody>\n<\/table>\n<\/div>\n<\/div>\n<h2>Aplicaciones ideales<\/h2>\n<div>El pigtail de fibra monomodo de 12 n\u00facleos LC\/UPC est\u00e1 dise\u00f1ado para diversos escenarios de alta demanda:<\/div>\n<div><\/div>\n<ul>\n<li><strong>Fibra hasta el hogar (FTTH)<\/strong>: Permite una conectividad fiable de \u00faltima milla para usuarios residenciales y empresariales.<\/li>\n<li><strong>Centros de datos<\/strong>: Admite interconexiones de alta densidad entre servidores, conmutadores y sistemas de almacenamiento.<\/li>\n<li><strong>Redes empresariales<\/strong>: Facilita la transmisi\u00f3n segura y de alta velocidad de datos para campus de oficinas y organizaciones con m\u00faltiples sedes.<\/li>\n<li><strong>Infraestructura de telecomunicaciones<\/strong>: Respalda implementaciones de redes metropolitanas y de larga distancia para proveedores de servicios.<\/li>\n<\/ul>\n<h2>Preguntas frecuentes (FAQ)<\/h2>\n<h3>P1: \u00bfCu\u00e1l es la diferencia clave entre los conectores UPC y APC?<\/h3>\n<div>R: Los conectores UPC (Ultra Physical Contact) cuentan con una superficie pulida que minimiza la reflexi\u00f3n de la se\u00f1al (p\u00e9rdida de retorno \u226530 dB), lo que los hace ideales para redes de datos de alta velocidad. Los conectores APC (Angled Physical Contact) tienen un pulido en \u00e1ngulo de 8 grados, lo que reduce la p\u00e9rdida de retorno a \u226540dB, lo cual es fundamental para aplicaciones anal\u00f3gicas y de alta frecuencia como CATV. Nuestros pigtails LC\/UPC est\u00e1n optimizados para la transmisi\u00f3n de datos digitales en centros de datos y FTTH.<\/div>\n<h3>P2: \u00bfC\u00f3mo beneficia el dise\u00f1o de 12 n\u00facleos a mi red de fibra \u00f3ptica?<\/h3>\n<div>R: El dise\u00f1o de 12 n\u00facleos consolida 12 hilos de fibra individuales en un solo pigtail compacto, lo que reduce el desorden de cables y simplifica la instalaci\u00f3n en entornos de alta densidad, como los centros de datos. Este dise\u00f1o tambi\u00e9n reduce el tiempo de implementaci\u00f3n y los costos de mano de obra al permitir conexiones multifibra en un solo paso.<\/div>\n<h3>P3: \u00bfQu\u00e9 protocolos de prueba garantizan la fiabilidad de sus pigtails de fibra?<\/h3>\n<div>R: Cada pigtail SM de 12 n\u00facleos LC\/UPC se somete a pruebas de f\u00e1brica 100%, que incluyen la verificaci\u00f3n de la p\u00e9rdida de inserci\u00f3n, la p\u00e9rdida de retorno y la resistencia a la tracci\u00f3n. Cumplimos con las normas IEC 61753-1 y Telcordia GR-326, lo que garantiza el cumplimiento de los est\u00e1ndares mundiales de rendimiento y durabilidad.<\/div>\n<h3>P4: \u00bfPor qu\u00e9 se utiliza material LSZH en sus pigtails de fibra?<\/h3>\n<div>R: El material LSZH (bajo humo y sin hal\u00f3genos) emite una cantidad m\u00ednima de humo y gases t\u00f3xicos cuando se expone al fuego, lo que mejora la seguridad en espacios cerrados como centros de datos y edificios de oficinas. Esto hace que nuestros pigtails cumplan con las estrictas normas de seguridad contra incendios de todo el mundo, incluida la directiva RoHS de la UE.<\/div>\n<h3>P5: \u00bfC\u00f3mo puedo mantener un rendimiento \u00f3ptimo de mis pigtails de fibra LC\/UPC?<\/h3>\n<div>R: Para garantizar un rendimiento a largo plazo:<\/div>\n<ul>\n<li>Evite doblar el cable m\u00e1s all\u00e1 de su radio de curvatura m\u00ednimo (normalmente \u226530 mm para fibras monomodo).<\/li>\n<li>Mantenga limpios los extremos de los conectores utilizando toallitas sin pelusa y alcohol isoprop\u00edlico.<\/li>\n<li>Guarde los pigtails en entornos libres de polvo cuando no los utilice.<\/li>\n<li>Utilice herramientas adecuadas para fibra \u00f3ptica para acoplar y desacoplar, a fin de evitar da\u00f1os en los casquillos.<\/li>\n<\/ul>","protected":false},"excerpt":{"rendered":"<h2>Fiable, duradero y dise\u00f1ado con precisi\u00f3n para FTTH, centros de datos e infraestructura de telecomunicaciones.<\/h2>\n<div>En el panorama en r\u00e1pida evoluci\u00f3n de las comunicaciones por fibra \u00f3ptica, el <strong>Pigtail de fibra monomodo de 12 n\u00facleos LC\/UPC<\/strong> es la piedra angular de la conectividad de alto rendimiento. Como parte de la <em>Cable de conexi\u00f3n de fibra \u00f3ptica<\/em> familia de productos y clasificado como <em>Pigtail de fibra de 12 hilos<\/em>, este componente ofrece una repetibilidad excepcional, una baja p\u00e9rdida de inserci\u00f3n y una gran durabilidad para soportar operaciones de red cr\u00edticas. Ya sea para implementaciones de fibra hasta el hogar (FTTH), interconexiones de centros de datos o expansiones de redes empresariales, garantiza una transmisi\u00f3n de se\u00f1al sin interrupciones y una fiabilidad a largo plazo.<\/div>","protected":false},"featured_media":635,"comment_status":"open","ping_status":"closed","template":"","meta":[],"product_brand":[],"product_cat":[43],"product_tag":[],"class_list":{"0":"post-578","1":"product","2":"type-product","3":"status-publish","4":"has-post-thumbnail","6":"product_cat-12-core-fiber-pigtail","8":"first","9":"instock","10":"shipping-taxable","11":"product-type-simple"},"_links":{"self":[{"href":"https:\/\/www.fenxifiber.com\/es\/wp-json\/wp\/v2\/product\/578","targetHints":{"allow":["GET"]}}],"collection":[{"href":"https:\/\/www.fenxifiber.com\/es\/wp-json\/wp\/v2\/product"}],"about":[{"href":"https:\/\/www.fenxifiber.com\/es\/wp-json\/wp\/v2\/types\/product"}],"replies":[{"embeddable":true,"href":"https:\/\/www.fenxifiber.com\/es\/wp-json\/wp\/v2\/comments?post=578"}],"wp:featuredmedia":[{"embeddable":true,"href":"https:\/\/www.fenxifiber.com\/es\/wp-json\/wp\/v2\/media\/635"}],"wp:attachment":[{"href":"https:\/\/www.fenxifiber.com\/es\/wp-json\/wp\/v2\/media?parent=578"}],"wp:term":[{"taxonomy":"product_brand","embeddable":true,"href":"https:\/\/www.fenxifiber.com\/es\/wp-json\/wp\/v2\/product_brand?post=578"},{"taxonomy":"product_cat","embeddable":true,"href":"https:\/\/www.fenxifiber.com\/es\/wp-json\/wp\/v2\/product_cat?post=578"},{"taxonomy":"product_tag","embeddable":true,"href":"https:\/\/www.fenxifiber.com\/es\/wp-json\/wp\/v2\/product_tag?post=578"}],"curies":[{"name":"wp","href":"https:\/\/api.w.org\/{rel}","templated":true}]}}